{"id":98721,"date":"2025-01-13T19:55:44","date_gmt":"2025-01-13T18:55:44","guid":{"rendered":"https:\/\/newshop.aquacity.sk\/?post_type=product&#038;p=98721"},"modified":"2026-02-25T05:34:31","modified_gmt":"2026-02-25T04:34:31","slug":"wstep-3-godziny-aquapark-packet","status":"publish","type":"product","link":"https:\/\/shop.aquacity.sk\/pl\/produkt\/wstep-3-godziny-aquapark-packet\/","title":{"rendered":"AQUACITY POPRAD &#8211; wst\u0119p 3 godziny AQUAPARK PACKET"},"content":{"rendered":"<h2>Opis produktu<\/h2>\n<p><strong>Aquapark packet<\/strong>\u00a0&#8211;<strong> bilet na 3 godziny\u00a0<\/strong><br \/>\nWst\u0119p do wszystkich krytych i zewn\u0119trznych basen\u00f3w w aquaparku:<br \/>\n<strong>Strefa relaksacyjna<\/strong> &#8211; 3 odkryte baseny termalne z atrakcjami wodnymi, 2 kryte baseny termalne Blue Diamond z barami wodnymi, 50 m basen p\u0142ywacki, sauna parowa<br \/>\n<strong>Strefa rozrywki\u00a0<\/strong>&#8211; kryte baseny relaksacyjne Blue Sapphire, kryty basen dla dzieci Treasure Island &#8211; Wyspa Skarb\u00f3w, place zabaw i boiska dla dzieci<br \/>\nKompleks letni &#8211; Piramida Maj\u00f3w, zewn\u0119trzny basen dla dzieci, strefa zabawy &#8211; nadmuchiwany park wodny pirat\u00f3w<\/p>\n<h2>Wa\u017cno\u015b\u0107<\/h2>\n<p>Voucher jest <strong>wa\u017cny na konkretn\u0105 dat\u0119<\/strong> albo <strong>przez 6 miesi\u0119cy od zakupu<\/strong> \u2014 w zale\u017cno\u015bci od wybranej opcji <strong>(wa\u017cno\u015b\u0107 jest podana na voucherze; voucher z okre\u015blon\u0105 dat\u0105 mo\u017cna wykorzysta\u0107 wy\u0142\u0105cznie w danym dniu).<\/strong> Swoje zam\u00f3wienie za\u0142atwisz na kasie na 2 pi\u0119trze w Aquaparku AquaCity Poprad.<\/p>\n","protected":false},"excerpt":{"rendered":"<p><strong data-start=\"496\" data-end=\"527\">Aquapark (wst\u0119p 3 godziny )<\/strong>\u00a0dzie\u0144 relaksu i zabawy w jednym miejscu. W <strong data-start=\"579\" data-end=\"598\">strefie relaksu<\/strong> znajduj\u0105 si\u0119 trzy zewn\u0119trzne baseny termalne z atrakcjami wodnymi, dwa kryte baseny termalne <strong data-start=\"692\" data-end=\"708\">Blue Diamond<\/strong> z barami, <strong data-start=\"719\" data-end=\"748\">50-metrowy basen p\u0142ywacki<\/strong> oraz <strong data-start=\"754\" data-end=\"771\">\u0142a\u017ania parowa<\/strong>. <strong data-start=\"773\" data-end=\"790\">Strefa zabawy<\/strong> obejmuje kryte baseny relaksacyjne <strong data-start=\"826\" data-end=\"843\">Blue Sapphire<\/strong> oraz wewn\u0119trzny dzieci\u0119cy \u015bwiat <strong data-start=\"876\" data-end=\"913\">Treasure Island \u2013 Ostrov pokladov<\/strong>, uzupe\u0142niony o k\u0105ciki i place zabaw.<\/p>\n<ul>\n<li data-start=\"1701\" data-end=\"2086\"><strong><span style=\"color: #ff0000;\">Bilety do Aquaparku i Centrum Wellness nale\u017cy kupi\u0107 co najmniej 1 dzie\u0144 wcze\u015bniej i nie s\u0105 wa\u017cne w dniu zakupu.<\/span><\/strong><\/li>\n<li data-start=\"1701\" data-end=\"2086\"><span style=\"color: #ff0000;\">Mo\u017cna wybra\u0107 <strong>voucher wa\u017cny 6 miesi\u0119cy<\/strong> od zakupu albo <strong>voucher na konkretn\u0105 dat\u0119 w korzystniejszej cenie<\/strong>; <strong>voucher z okre\u015blon\u0105 dat\u0105 mo\u017cna wykorzysta\u0107 wy\u0142\u0105cznie w danym dniu.<\/strong><\/span><\/li>\n<\/ul>\n","protected":false},"featured_media":234453,"template":"","meta":{"_acf_changed":false,"site-sidebar-layout":"default","site-content-layout":"default","ast-global-header-display":"","ast-main-header-display":"","ast-hfb-above-header-display":"","ast-hfb-below-header-display":"","ast-hfb-mobile-header-display":"","site-post-title":"","ast-breadcrumbs-content":"","ast-featured-img":"","footer-sml-layout":"","theme-transparent-header-meta":"default","adv-header-id-meta":"","stick-header-meta":"","header-above-stick-meta":"","header-main-stick-meta":"","header-below-stick-meta":""},"product_brand":[],"product_cat":[73],"product_tag":[],"class_list":{"0":"post-98721","1":"product","2":"type-product","3":"status-publish","4":"has-post-thumbnail","6":"product_cat-aquapark-wellness-pl","7":"apc-product-has-components","8":"desktop-align-left","9":"tablet-align-left","10":"mobile-align-left","12":"first","13":"instock","14":"downloadable","15":"virtual","16":"taxable","17":"purchasable","18":"product-type-simple"},"acf":[],"yoast_head":"<!-- This site is optimized with the Yoast SEO plugin v26.2 - https:\/\/yoast.com\/wordpress\/plugins\/seo\/ -->\n<title>AQUACITY POPRAD - wst\u0119p 3 godziny AQUAPARK PACKET - ONLINE SHOP AquaCity Poprad<\/title>\n<meta name=\"robots\" content=\"index, follow, max-snippet:-1, max-image-preview:large, max-video-preview:-1\" \/>\n<link rel=\"canonical\" href=\"https:\/\/shop.aquacity.sk\/pl\/produkt\/wstep-3-godziny-aquapark-packet\/\" \/>\n<meta property=\"og:locale\" content=\"pl_PL\" \/>\n<meta property=\"og:type\" content=\"article\" \/>\n<meta property=\"og:title\" content=\"AQUACITY POPRAD - wst\u0119p 3 godziny AQUAPARK PACKET - ONLINE SHOP AquaCity Poprad\" \/>\n<meta property=\"og:description\" content=\"Aquapark (wst\u0119p 3 godziny )\u00a0dzie\u0144 relaksu i zabawy w jednym miejscu. W strefie relaksu znajduj\u0105 si\u0119 trzy zewn\u0119trzne baseny termalne z atrakcjami wodnymi, dwa kryte baseny termalne Blue Diamond z barami, 50-metrowy basen p\u0142ywacki oraz \u0142a\u017ania parowa. Strefa zabawy obejmuje kryte baseny relaksacyjne Blue Sapphire oraz wewn\u0119trzny dzieci\u0119cy \u015bwiat Treasure Island \u2013 Ostrov pokladov, uzupe\u0142niony o k\u0105ciki i place zabaw.   Bilety do Aquaparku i Centrum Wellness nale\u017cy kupi\u0107 co najmniej 1 dzie\u0144 wcze\u015bniej i nie s\u0105 wa\u017cne w dniu zakupu.  Mo\u017cna wybra\u0107 voucher wa\u017cny 6 miesi\u0119cy od zakupu albo voucher na konkretn\u0105 dat\u0119 w korzystniejszej cenie; voucher z okre\u015blon\u0105 dat\u0105 mo\u017cna wykorzysta\u0107 wy\u0142\u0105cznie w danym dniu.\" \/>\n<meta property=\"og:url\" content=\"https:\/\/shop.aquacity.sk\/pl\/produkt\/wstep-3-godziny-aquapark-packet\/\" \/>\n<meta property=\"og:site_name\" content=\"ONLINE SHOP AquaCity Poprad\" \/>\n<meta property=\"article:modified_time\" content=\"2026-02-25T04:34:31+00:00\" \/>\n<meta property=\"og:image\" content=\"https:\/\/shop.aquacity.sk\/wp-content\/uploads\/2024\/03\/AquaCity_Poprad_Leto_MH_web_045.jpg\" \/>\n\t<meta property=\"og:image:width\" content=\"1920\" \/>\n\t<meta property=\"og:image:height\" content=\"1421\" \/>\n\t<meta property=\"og:image:type\" content=\"image\/jpeg\" \/>\n<meta name=\"twitter:card\" content=\"summary_large_image\" \/>\n<meta name=\"twitter:label1\" content=\"Szacowany czas czytania\" \/>\n\t<meta name=\"twitter:data1\" content=\"1 minuta\" \/>\n<script type=\"application\/ld+json\" class=\"yoast-schema-graph\">{\"@context\":\"https:\/\/schema.org\",\"@graph\":[{\"@type\":\"WebPage\",\"@id\":\"https:\/\/shop.aquacity.sk\/pl\/produkt\/wstep-3-godziny-aquapark-packet\/\",\"url\":\"https:\/\/shop.aquacity.sk\/pl\/produkt\/wstep-3-godziny-aquapark-packet\/\",\"name\":\"AQUACITY POPRAD - wst\u0119p 3 godziny AQUAPARK PACKET - ONLINE SHOP AquaCity Poprad\",\"isPartOf\":{\"@id\":\"https:\/\/shop.aquacity.sk\/#website\"},\"primaryImageOfPage\":{\"@id\":\"https:\/\/shop.aquacity.sk\/pl\/produkt\/wstep-3-godziny-aquapark-packet\/#primaryimage\"},\"image\":{\"@id\":\"https:\/\/shop.aquacity.sk\/pl\/produkt\/wstep-3-godziny-aquapark-packet\/#primaryimage\"},\"thumbnailUrl\":\"https:\/\/shop.aquacity.sk\/wp-content\/uploads\/2024\/03\/AquaCity_Poprad_Leto_MH_web_045.jpg\",\"datePublished\":\"2025-01-13T18:55:44+00:00\",\"dateModified\":\"2026-02-25T04:34:31+00:00\",\"breadcrumb\":{\"@id\":\"https:\/\/shop.aquacity.sk\/pl\/produkt\/wstep-3-godziny-aquapark-packet\/#breadcrumb\"},\"inLanguage\":\"pl-PL\",\"potentialAction\":[{\"@type\":\"ReadAction\",\"target\":[\"https:\/\/shop.aquacity.sk\/pl\/produkt\/wstep-3-godziny-aquapark-packet\/\"]}]},{\"@type\":\"ImageObject\",\"inLanguage\":\"pl-PL\",\"@id\":\"https:\/\/shop.aquacity.sk\/pl\/produkt\/wstep-3-godziny-aquapark-packet\/#primaryimage\",\"url\":\"https:\/\/shop.aquacity.sk\/wp-content\/uploads\/2024\/03\/AquaCity_Poprad_Leto_MH_web_045.jpg\",\"contentUrl\":\"https:\/\/shop.aquacity.sk\/wp-content\/uploads\/2024\/03\/AquaCity_Poprad_Leto_MH_web_045.jpg\",\"width\":1920,\"height\":1421},{\"@type\":\"BreadcrumbList\",\"@id\":\"https:\/\/shop.aquacity.sk\/pl\/produkt\/wstep-3-godziny-aquapark-packet\/#breadcrumb\",\"itemListElement\":[{\"@type\":\"ListItem\",\"position\":1,\"name\":\"Home\",\"item\":\"https:\/\/shop.aquacity.sk\/\"},{\"@type\":\"ListItem\",\"position\":2,\"name\":\"Sklep\",\"item\":\"https:\/\/shop.aquacity.sk\/pl\/sklep\/\"},{\"@type\":\"ListItem\",\"position\":3,\"name\":\"AQUACITY POPRAD &#8211; wst\u0119p 3 godziny AQUAPARK PACKET\"}]},{\"@type\":\"WebSite\",\"@id\":\"https:\/\/shop.aquacity.sk\/#website\",\"url\":\"https:\/\/shop.aquacity.sk\/\",\"name\":\"ONLINE SHOP AquaCity Poprad\",\"description\":\"Ten prav\u00fd oddych pod Tatrami\",\"publisher\":{\"@id\":\"https:\/\/shop.aquacity.sk\/#organization\"},\"potentialAction\":[{\"@type\":\"SearchAction\",\"target\":{\"@type\":\"EntryPoint\",\"urlTemplate\":\"https:\/\/shop.aquacity.sk\/?s={search_term_string}\"},\"query-input\":{\"@type\":\"PropertyValueSpecification\",\"valueRequired\":true,\"valueName\":\"search_term_string\"}}],\"inLanguage\":\"pl-PL\"},{\"@type\":\"Organization\",\"@id\":\"https:\/\/shop.aquacity.sk\/#organization\",\"name\":\"ONLINE SHOP AquaCity Poprad\",\"url\":\"https:\/\/shop.aquacity.sk\/\",\"logo\":{\"@type\":\"ImageObject\",\"inLanguage\":\"pl-PL\",\"@id\":\"https:\/\/shop.aquacity.sk\/#\/schema\/logo\/image\/\",\"url\":\"https:\/\/shop.aquacity.sk\/wp-content\/uploads\/2020\/03\/logo-aquacity.svg\",\"contentUrl\":\"https:\/\/shop.aquacity.sk\/wp-content\/uploads\/2020\/03\/logo-aquacity.svg\",\"width\":209,\"height\":99,\"caption\":\"ONLINE SHOP AquaCity Poprad\"},\"image\":{\"@id\":\"https:\/\/shop.aquacity.sk\/#\/schema\/logo\/image\/\"}}]}<\/script>\n<!-- \/ Yoast SEO plugin. -->","yoast_head_json":{"title":"AQUACITY POPRAD - wst\u0119p 3 godziny AQUAPARK PACKET - ONLINE SHOP AquaCity Poprad","robots":{"index":"index","follow":"follow","max-snippet":"max-snippet:-1","max-image-preview":"max-image-preview:large","max-video-preview":"max-video-preview:-1"},"canonical":"https:\/\/shop.aquacity.sk\/pl\/produkt\/wstep-3-godziny-aquapark-packet\/","og_locale":"pl_PL","og_type":"article","og_title":"AQUACITY POPRAD - wst\u0119p 3 godziny AQUAPARK PACKET - ONLINE SHOP AquaCity Poprad","og_description":"Aquapark (wst\u0119p 3 godziny )\u00a0dzie\u0144 relaksu i zabawy w jednym miejscu. W strefie relaksu znajduj\u0105 si\u0119 trzy zewn\u0119trzne baseny termalne z atrakcjami wodnymi, dwa kryte baseny termalne Blue Diamond z barami, 50-metrowy basen p\u0142ywacki oraz \u0142a\u017ania parowa. Strefa zabawy obejmuje kryte baseny relaksacyjne Blue Sapphire oraz wewn\u0119trzny dzieci\u0119cy \u015bwiat Treasure Island \u2013 Ostrov pokladov, uzupe\u0142niony o k\u0105ciki i place zabaw.   Bilety do Aquaparku i Centrum Wellness nale\u017cy kupi\u0107 co najmniej 1 dzie\u0144 wcze\u015bniej i nie s\u0105 wa\u017cne w dniu zakupu.  Mo\u017cna wybra\u0107 voucher wa\u017cny 6 miesi\u0119cy od zakupu albo voucher na konkretn\u0105 dat\u0119 w korzystniejszej cenie; voucher z okre\u015blon\u0105 dat\u0105 mo\u017cna wykorzysta\u0107 wy\u0142\u0105cznie w danym dniu.","og_url":"https:\/\/shop.aquacity.sk\/pl\/produkt\/wstep-3-godziny-aquapark-packet\/","og_site_name":"ONLINE SHOP AquaCity Poprad","article_modified_time":"2026-02-25T04:34:31+00:00","og_image":[{"width":1920,"height":1421,"url":"https:\/\/shop.aquacity.sk\/wp-content\/uploads\/2024\/03\/AquaCity_Poprad_Leto_MH_web_045.jpg","type":"image\/jpeg"}],"twitter_card":"summary_large_image","twitter_misc":{"Szacowany czas czytania":"1 minuta"},"schema":{"@context":"https:\/\/schema.org","@graph":[{"@type":"WebPage","@id":"https:\/\/shop.aquacity.sk\/pl\/produkt\/wstep-3-godziny-aquapark-packet\/","url":"https:\/\/shop.aquacity.sk\/pl\/produkt\/wstep-3-godziny-aquapark-packet\/","name":"AQUACITY POPRAD - wst\u0119p 3 godziny AQUAPARK PACKET - ONLINE SHOP AquaCity Poprad","isPartOf":{"@id":"https:\/\/shop.aquacity.sk\/#website"},"primaryImageOfPage":{"@id":"https:\/\/shop.aquacity.sk\/pl\/produkt\/wstep-3-godziny-aquapark-packet\/#primaryimage"},"image":{"@id":"https:\/\/shop.aquacity.sk\/pl\/produkt\/wstep-3-godziny-aquapark-packet\/#primaryimage"},"thumbnailUrl":"https:\/\/shop.aquacity.sk\/wp-content\/uploads\/2024\/03\/AquaCity_Poprad_Leto_MH_web_045.jpg","datePublished":"2025-01-13T18:55:44+00:00","dateModified":"2026-02-25T04:34:31+00:00","breadcrumb":{"@id":"https:\/\/shop.aquacity.sk\/pl\/produkt\/wstep-3-godziny-aquapark-packet\/#breadcrumb"},"inLanguage":"pl-PL","potentialAction":[{"@type":"ReadAction","target":["https:\/\/shop.aquacity.sk\/pl\/produkt\/wstep-3-godziny-aquapark-packet\/"]}]},{"@type":"ImageObject","inLanguage":"pl-PL","@id":"https:\/\/shop.aquacity.sk\/pl\/produkt\/wstep-3-godziny-aquapark-packet\/#primaryimage","url":"https:\/\/shop.aquacity.sk\/wp-content\/uploads\/2024\/03\/AquaCity_Poprad_Leto_MH_web_045.jpg","contentUrl":"https:\/\/shop.aquacity.sk\/wp-content\/uploads\/2024\/03\/AquaCity_Poprad_Leto_MH_web_045.jpg","width":1920,"height":1421},{"@type":"BreadcrumbList","@id":"https:\/\/shop.aquacity.sk\/pl\/produkt\/wstep-3-godziny-aquapark-packet\/#breadcrumb","itemListElement":[{"@type":"ListItem","position":1,"name":"Home","item":"https:\/\/shop.aquacity.sk\/"},{"@type":"ListItem","position":2,"name":"Sklep","item":"https:\/\/shop.aquacity.sk\/pl\/sklep\/"},{"@type":"ListItem","position":3,"name":"AQUACITY POPRAD &#8211; wst\u0119p 3 godziny AQUAPARK PACKET"}]},{"@type":"WebSite","@id":"https:\/\/shop.aquacity.sk\/#website","url":"https:\/\/shop.aquacity.sk\/","name":"ONLINE SHOP AquaCity Poprad","description":"Ten prav\u00fd oddych pod Tatrami","publisher":{"@id":"https:\/\/shop.aquacity.sk\/#organization"},"potentialAction":[{"@type":"SearchAction","target":{"@type":"EntryPoint","urlTemplate":"https:\/\/shop.aquacity.sk\/?s={search_term_string}"},"query-input":{"@type":"PropertyValueSpecification","valueRequired":true,"valueName":"search_term_string"}}],"inLanguage":"pl-PL"},{"@type":"Organization","@id":"https:\/\/shop.aquacity.sk\/#organization","name":"ONLINE SHOP AquaCity Poprad","url":"https:\/\/shop.aquacity.sk\/","logo":{"@type":"ImageObject","inLanguage":"pl-PL","@id":"https:\/\/shop.aquacity.sk\/#\/schema\/logo\/image\/","url":"https:\/\/shop.aquacity.sk\/wp-content\/uploads\/2020\/03\/logo-aquacity.svg","contentUrl":"https:\/\/shop.aquacity.sk\/wp-content\/uploads\/2020\/03\/logo-aquacity.svg","width":209,"height":99,"caption":"ONLINE SHOP AquaCity Poprad"},"image":{"@id":"https:\/\/shop.aquacity.sk\/#\/schema\/logo\/image\/"}}]}},"_links":{"self":[{"href":"https:\/\/shop.aquacity.sk\/pl\/wp-json\/wp\/v2\/product\/98721","targetHints":{"allow":["GET"]}}],"collection":[{"href":"https:\/\/shop.aquacity.sk\/pl\/wp-json\/wp\/v2\/product"}],"about":[{"href":"https:\/\/shop.aquacity.sk\/pl\/wp-json\/wp\/v2\/types\/product"}],"wp:featuredmedia":[{"embeddable":true,"href":"https:\/\/shop.aquacity.sk\/pl\/wp-json\/wp\/v2\/media\/234453"}],"wp:attachment":[{"href":"https:\/\/shop.aquacity.sk\/pl\/wp-json\/wp\/v2\/media?parent=98721"}],"wp:term":[{"taxonomy":"product_brand","embeddable":true,"href":"https:\/\/shop.aquacity.sk\/pl\/wp-json\/wp\/v2\/product_brand?post=98721"},{"taxonomy":"product_cat","embeddable":true,"href":"https:\/\/shop.aquacity.sk\/pl\/wp-json\/wp\/v2\/product_cat?post=98721"},{"taxonomy":"product_tag","embeddable":true,"href":"https:\/\/shop.aquacity.sk\/pl\/wp-json\/wp\/v2\/product_tag?post=98721"}],"curies":[{"name":"wp","href":"https:\/\/api.w.org\/{rel}","templated":true}]}}