{"id":97645,"date":"2025-10-26T08:25:22","date_gmt":"2025-10-26T07:25:22","guid":{"rendered":"https:\/\/newshop.aquacity.sk\/produkt\/karta\/"},"modified":"2024-11-01T06:08:57","modified_gmt":"2024-11-01T05:08:57","slug":"karta-upominkowa","status":"publish","type":"product","link":"https:\/\/shop.aquacity.sk\/pl\/produkt\/karta-upominkowa\/","title":{"rendered":"KARTA UPOMINKOWA"},"content":{"rendered":"<p>Z\u0142ota karta upominkowa to odpowiedni prezent dla Twoich bliskich, przyjaci\u00f3\u0142 i znajomych, je\u015bli nie mo\u017cesz si\u0119 zdecydowa\u0107, co im wybra\u0107. Przeznaczona jest na zakup us\u0142ug i bilet\u00f3w wst\u0119pu do Aquaparku i obowi\u0105zuje przez 1 rok od dnia aktywacji.<\/p>\n<p><strong>WARUNKI KORZYSTANIA<\/strong><br \/>\nZa pomoc\u0105 karty podarunkowej mo\u017cna p\u0142aci\u0107 za zakupione us\u0142ugi w kasie w Aquaparku AquaCity Poprad.\u00a0Kwota do\u0142adowana na karcie nie podlega wyp\u0142aceniu w got\u00f3wce. Karta obowi\u0105zuje przez 1 rok od jej aktywacji. Karta jest aktywowana przez jednorazowy zakup i\u00a0do\u0142adowanie okre\u015blon\u0105 kwot\u0105. Z praw zwi\u0105zanych z kart\u0105 podarunkow\u0105 mo\u017ce korzysta\u0107 wy\u0142\u0105cznie posiadacz karty podarunkowej. W przypadku zgubienia karty, posiadacz karty traci mo\u017cliwo\u015b\u0107 korzystania z\u00a0do\u0142adowania, kt\u00f3re zosta\u0142o na karcie.<\/p>\n","protected":false},"excerpt":{"rendered":"<p><strong>KARTA UPOMINKOWA<\/strong><br \/>\nZ\u0142ota karta podarunkowa to odpowiedni prezent dla bliskich, przyjaci\u00f3\u0142 i znajomych, je\u015bli nie mo\u017cesz si\u0119 zdecydowa\u0107, co im wybra\u0107. Przeznaczona jest na zakup us\u0142ug i bilet\u00f3w wst\u0119pu do Aquaparku, a obowi\u0105zuje przez 1 rok od dnia aktywacji.<\/p>\n","protected":false},"featured_media":164465,"template":"","meta":{"_acf_changed":false,"site-sidebar-layout":"default","site-content-layout":"default","ast-global-header-display":"","ast-main-header-display":"","ast-hfb-above-header-display":"","ast-hfb-below-header-display":"","ast-hfb-mobile-header-display":"","site-post-title":"","ast-breadcrumbs-content":"","ast-featured-img":"","footer-sml-layout":"","theme-transparent-header-meta":"default","adv-header-id-meta":"","stick-header-meta":"","header-above-stick-meta":"","header-main-stick-meta":"","header-below-stick-meta":""},"product_brand":[],"product_cat":[72],"product_tag":[],"class_list":{"0":"post-97645","1":"product","2":"type-product","3":"status-publish","4":"has-post-thumbnail","6":"product_cat-sprzedaz","7":"desktop-align-left","8":"tablet-align-left","9":"mobile-align-left","11":"first","12":"instock","13":"taxable","14":"shipping-taxable","15":"purchasable","16":"product-type-variable","17":"has-default-attributes"},"acf":[],"yoast_head":"<!-- This site is optimized with the Yoast SEO plugin v26.2 - https:\/\/yoast.com\/wordpress\/plugins\/seo\/ -->\n<title>KARTA UPOMINKOWA - ONLINE SHOP AquaCity Poprad<\/title>\n<meta name=\"robots\" content=\"index, follow, max-snippet:-1, max-image-preview:large, max-video-preview:-1\" \/>\n<link rel=\"canonical\" href=\"https:\/\/shop.aquacity.sk\/pl\/produkt\/karta-upominkowa\/\" \/>\n<meta property=\"og:locale\" content=\"pl_PL\" \/>\n<meta property=\"og:type\" content=\"article\" \/>\n<meta property=\"og:title\" content=\"KARTA UPOMINKOWA - ONLINE SHOP AquaCity Poprad\" \/>\n<meta property=\"og:description\" content=\"KARTA UPOMINKOWA Z\u0142ota karta podarunkowa to odpowiedni prezent dla bliskich, przyjaci\u00f3\u0142 i znajomych, je\u015bli nie mo\u017cesz si\u0119 zdecydowa\u0107, co im wybra\u0107. Przeznaczona jest na zakup us\u0142ug i bilet\u00f3w wst\u0119pu do Aquaparku, a obowi\u0105zuje przez 1 rok od dnia aktywacji.\" \/>\n<meta property=\"og:url\" content=\"https:\/\/shop.aquacity.sk\/pl\/produkt\/karta-upominkowa\/\" \/>\n<meta property=\"og:site_name\" content=\"ONLINE SHOP AquaCity Poprad\" \/>\n<meta property=\"og:image\" content=\"https:\/\/shop.aquacity.sk\/wp-content\/uploads\/0202\/10\/AquaCity_Darcekova_karta_web.jpg\" \/>\n\t<meta property=\"og:image:width\" content=\"600\" \/>\n\t<meta property=\"og:image:height\" content=\"600\" \/>\n\t<meta property=\"og:image:type\" content=\"image\/jpeg\" \/>\n<meta name=\"twitter:card\" content=\"summary_large_image\" \/>\n<meta name=\"twitter:label1\" content=\"Szacowany czas czytania\" \/>\n\t<meta name=\"twitter:data1\" content=\"1 minuta\" \/>\n<script type=\"application\/ld+json\" class=\"yoast-schema-graph\">{\"@context\":\"https:\/\/schema.org\",\"@graph\":[{\"@type\":\"WebPage\",\"@id\":\"https:\/\/shop.aquacity.sk\/pl\/produkt\/karta-upominkowa\/\",\"url\":\"https:\/\/shop.aquacity.sk\/pl\/produkt\/karta-upominkowa\/\",\"name\":\"KARTA UPOMINKOWA - ONLINE SHOP AquaCity Poprad\",\"isPartOf\":{\"@id\":\"https:\/\/shop.aquacity.sk\/#website\"},\"primaryImageOfPage\":{\"@id\":\"https:\/\/shop.aquacity.sk\/pl\/produkt\/karta-upominkowa\/#primaryimage\"},\"image\":{\"@id\":\"https:\/\/shop.aquacity.sk\/pl\/produkt\/karta-upominkowa\/#primaryimage\"},\"thumbnailUrl\":\"https:\/\/shop.aquacity.sk\/wp-content\/uploads\/0202\/10\/AquaCity_Darcekova_karta_web.jpg\",\"datePublished\":\"2025-10-26T07:25:22+00:00\",\"breadcrumb\":{\"@id\":\"https:\/\/shop.aquacity.sk\/pl\/produkt\/karta-upominkowa\/#breadcrumb\"},\"inLanguage\":\"pl-PL\",\"potentialAction\":[{\"@type\":\"ReadAction\",\"target\":[\"https:\/\/shop.aquacity.sk\/pl\/produkt\/karta-upominkowa\/\"]}]},{\"@type\":\"ImageObject\",\"inLanguage\":\"pl-PL\",\"@id\":\"https:\/\/shop.aquacity.sk\/pl\/produkt\/karta-upominkowa\/#primaryimage\",\"url\":\"https:\/\/shop.aquacity.sk\/wp-content\/uploads\/0202\/10\/AquaCity_Darcekova_karta_web.jpg\",\"contentUrl\":\"https:\/\/shop.aquacity.sk\/wp-content\/uploads\/0202\/10\/AquaCity_Darcekova_karta_web.jpg\",\"width\":600,\"height\":600},{\"@type\":\"BreadcrumbList\",\"@id\":\"https:\/\/shop.aquacity.sk\/pl\/produkt\/karta-upominkowa\/#breadcrumb\",\"itemListElement\":[{\"@type\":\"ListItem\",\"position\":1,\"name\":\"Home\",\"item\":\"https:\/\/shop.aquacity.sk\/\"},{\"@type\":\"ListItem\",\"position\":2,\"name\":\"Sklep\",\"item\":\"https:\/\/shop.aquacity.sk\/pl\/sklep\/\"},{\"@type\":\"ListItem\",\"position\":3,\"name\":\"KARTA UPOMINKOWA\"}]},{\"@type\":\"WebSite\",\"@id\":\"https:\/\/shop.aquacity.sk\/#website\",\"url\":\"https:\/\/shop.aquacity.sk\/\",\"name\":\"ONLINE SHOP AquaCity Poprad\",\"description\":\"Ten prav\u00fd oddych pod Tatrami\",\"publisher\":{\"@id\":\"https:\/\/shop.aquacity.sk\/#organization\"},\"potentialAction\":[{\"@type\":\"SearchAction\",\"target\":{\"@type\":\"EntryPoint\",\"urlTemplate\":\"https:\/\/shop.aquacity.sk\/?s={search_term_string}\"},\"query-input\":{\"@type\":\"PropertyValueSpecification\",\"valueRequired\":true,\"valueName\":\"search_term_string\"}}],\"inLanguage\":\"pl-PL\"},{\"@type\":\"Organization\",\"@id\":\"https:\/\/shop.aquacity.sk\/#organization\",\"name\":\"ONLINE SHOP AquaCity Poprad\",\"url\":\"https:\/\/shop.aquacity.sk\/\",\"logo\":{\"@type\":\"ImageObject\",\"inLanguage\":\"pl-PL\",\"@id\":\"https:\/\/shop.aquacity.sk\/#\/schema\/logo\/image\/\",\"url\":\"https:\/\/shop.aquacity.sk\/wp-content\/uploads\/2020\/03\/logo-aquacity.svg\",\"contentUrl\":\"https:\/\/shop.aquacity.sk\/wp-content\/uploads\/2020\/03\/logo-aquacity.svg\",\"width\":209,\"height\":99,\"caption\":\"ONLINE SHOP AquaCity Poprad\"},\"image\":{\"@id\":\"https:\/\/shop.aquacity.sk\/#\/schema\/logo\/image\/\"}}]}<\/script>\n<!-- \/ Yoast SEO plugin. -->","yoast_head_json":{"title":"KARTA UPOMINKOWA - ONLINE SHOP AquaCity Poprad","robots":{"index":"index","follow":"follow","max-snippet":"max-snippet:-1","max-image-preview":"max-image-preview:large","max-video-preview":"max-video-preview:-1"},"canonical":"https:\/\/shop.aquacity.sk\/pl\/produkt\/karta-upominkowa\/","og_locale":"pl_PL","og_type":"article","og_title":"KARTA UPOMINKOWA - ONLINE SHOP AquaCity Poprad","og_description":"KARTA UPOMINKOWA Z\u0142ota karta podarunkowa to odpowiedni prezent dla bliskich, przyjaci\u00f3\u0142 i znajomych, je\u015bli nie mo\u017cesz si\u0119 zdecydowa\u0107, co im wybra\u0107. Przeznaczona jest na zakup us\u0142ug i bilet\u00f3w wst\u0119pu do Aquaparku, a obowi\u0105zuje przez 1 rok od dnia aktywacji.","og_url":"https:\/\/shop.aquacity.sk\/pl\/produkt\/karta-upominkowa\/","og_site_name":"ONLINE SHOP AquaCity Poprad","og_image":[{"width":600,"height":600,"url":"https:\/\/shop.aquacity.sk\/wp-content\/uploads\/0202\/10\/AquaCity_Darcekova_karta_web.jpg","type":"image\/jpeg"}],"twitter_card":"summary_large_image","twitter_misc":{"Szacowany czas czytania":"1 minuta"},"schema":{"@context":"https:\/\/schema.org","@graph":[{"@type":"WebPage","@id":"https:\/\/shop.aquacity.sk\/pl\/produkt\/karta-upominkowa\/","url":"https:\/\/shop.aquacity.sk\/pl\/produkt\/karta-upominkowa\/","name":"KARTA UPOMINKOWA - ONLINE SHOP AquaCity Poprad","isPartOf":{"@id":"https:\/\/shop.aquacity.sk\/#website"},"primaryImageOfPage":{"@id":"https:\/\/shop.aquacity.sk\/pl\/produkt\/karta-upominkowa\/#primaryimage"},"image":{"@id":"https:\/\/shop.aquacity.sk\/pl\/produkt\/karta-upominkowa\/#primaryimage"},"thumbnailUrl":"https:\/\/shop.aquacity.sk\/wp-content\/uploads\/0202\/10\/AquaCity_Darcekova_karta_web.jpg","datePublished":"2025-10-26T07:25:22+00:00","breadcrumb":{"@id":"https:\/\/shop.aquacity.sk\/pl\/produkt\/karta-upominkowa\/#breadcrumb"},"inLanguage":"pl-PL","potentialAction":[{"@type":"ReadAction","target":["https:\/\/shop.aquacity.sk\/pl\/produkt\/karta-upominkowa\/"]}]},{"@type":"ImageObject","inLanguage":"pl-PL","@id":"https:\/\/shop.aquacity.sk\/pl\/produkt\/karta-upominkowa\/#primaryimage","url":"https:\/\/shop.aquacity.sk\/wp-content\/uploads\/0202\/10\/AquaCity_Darcekova_karta_web.jpg","contentUrl":"https:\/\/shop.aquacity.sk\/wp-content\/uploads\/0202\/10\/AquaCity_Darcekova_karta_web.jpg","width":600,"height":600},{"@type":"BreadcrumbList","@id":"https:\/\/shop.aquacity.sk\/pl\/produkt\/karta-upominkowa\/#breadcrumb","itemListElement":[{"@type":"ListItem","position":1,"name":"Home","item":"https:\/\/shop.aquacity.sk\/"},{"@type":"ListItem","position":2,"name":"Sklep","item":"https:\/\/shop.aquacity.sk\/pl\/sklep\/"},{"@type":"ListItem","position":3,"name":"KARTA UPOMINKOWA"}]},{"@type":"WebSite","@id":"https:\/\/shop.aquacity.sk\/#website","url":"https:\/\/shop.aquacity.sk\/","name":"ONLINE SHOP AquaCity Poprad","description":"Ten prav\u00fd oddych pod Tatrami","publisher":{"@id":"https:\/\/shop.aquacity.sk\/#organization"},"potentialAction":[{"@type":"SearchAction","target":{"@type":"EntryPoint","urlTemplate":"https:\/\/shop.aquacity.sk\/?s={search_term_string}"},"query-input":{"@type":"PropertyValueSpecification","valueRequired":true,"valueName":"search_term_string"}}],"inLanguage":"pl-PL"},{"@type":"Organization","@id":"https:\/\/shop.aquacity.sk\/#organization","name":"ONLINE SHOP AquaCity Poprad","url":"https:\/\/shop.aquacity.sk\/","logo":{"@type":"ImageObject","inLanguage":"pl-PL","@id":"https:\/\/shop.aquacity.sk\/#\/schema\/logo\/image\/","url":"https:\/\/shop.aquacity.sk\/wp-content\/uploads\/2020\/03\/logo-aquacity.svg","contentUrl":"https:\/\/shop.aquacity.sk\/wp-content\/uploads\/2020\/03\/logo-aquacity.svg","width":209,"height":99,"caption":"ONLINE SHOP AquaCity Poprad"},"image":{"@id":"https:\/\/shop.aquacity.sk\/#\/schema\/logo\/image\/"}}]}},"_links":{"self":[{"href":"https:\/\/shop.aquacity.sk\/pl\/wp-json\/wp\/v2\/product\/97645","targetHints":{"allow":["GET"]}}],"collection":[{"href":"https:\/\/shop.aquacity.sk\/pl\/wp-json\/wp\/v2\/product"}],"about":[{"href":"https:\/\/shop.aquacity.sk\/pl\/wp-json\/wp\/v2\/types\/product"}],"wp:featuredmedia":[{"embeddable":true,"href":"https:\/\/shop.aquacity.sk\/pl\/wp-json\/wp\/v2\/media\/164465"}],"wp:attachment":[{"href":"https:\/\/shop.aquacity.sk\/pl\/wp-json\/wp\/v2\/media?parent=97645"}],"wp:term":[{"taxonomy":"product_brand","embeddable":true,"href":"https:\/\/shop.aquacity.sk\/pl\/wp-json\/wp\/v2\/product_brand?post=97645"},{"taxonomy":"product_cat","embeddable":true,"href":"https:\/\/shop.aquacity.sk\/pl\/wp-json\/wp\/v2\/product_cat?post=97645"},{"taxonomy":"product_tag","embeddable":true,"href":"https:\/\/shop.aquacity.sk\/pl\/wp-json\/wp\/v2\/product_tag?post=97645"}],"curies":[{"name":"wp","href":"https:\/\/api.w.org\/{rel}","templated":true}]}}