{"id":97379,"date":"2025-10-13T17:55:45","date_gmt":"2025-10-13T15:55:45","guid":{"rendered":"https:\/\/newshop.aquacity.sk\/produkt\/3-godziny-lub-bilet-wieczorny-po-godz-1700\/"},"modified":"2026-02-25T05:36:40","modified_gmt":"2026-02-25T04:36:40","slug":"wstep-3-godziny-wellness-packet","status":"publish","type":"product","link":"https:\/\/shop.aquacity.sk\/pl\/produkt\/wstep-3-godziny-wellness-packet\/","title":{"rendered":"AQUACITY POPRAD &#8211; wst\u0119p 3 godziny WELLNESS PACKET"},"content":{"rendered":"<h2>Opis produktu<\/h2>\n<h4><strong>Fire &amp; Water Wellness &amp; Spa (wej\u015bcie jednorazowe)<\/strong><\/h4>\n<p>Jednorazowe wej\u015bcie do Centrum Wellness oraz wszystkich krytych i zewn\u0119trznych basen\u00f3w w aquaparku:<br \/>\n8 saun i inhalacji (ceremonialna, solna, mentolowa, parowa, sucha, infra sauna)<br \/>\nbasen relaksacyjny z jacuzzi, dyszami do masa\u017cu i zatok\u0105 mi\u0142o\u015bci, jacuzzi, pomieszczenia relaksacyjne, jaskinia \u015bnie\u017cna<\/p>\n<h4><strong>Aquapark (3 godziny)<\/strong><\/h4>\n<p><strong>Strefa relaksacyjna<\/strong> \u2013 3 odkryte baseny termalne z atrakcjami wodnymi, 2 kryte baseny termalne Blue Diamond z barami wodnymi, 50 m basen p\u0142ywacki, sauna parowa<br \/>\n<strong>Strefa rozrywki\u00a0<\/strong>\u2013 kryte baseny relaksacyjne Blue Sapphire, kryty basen dla dzieci Treasure Island \u2013 Wyspa Skarb\u00f3w, place zabaw i boiska dla dzieci<br \/>\nKompleks letni \u2013 Piramida Maj\u00f3w, zewn\u0119trzny basen dla dzieci, strefa zabawy<\/p>\n<h2>Wa\u017cno\u015b\u0107<\/h2>\n<p>Voucher jest <strong>wa\u017cny na konkretn\u0105 dat\u0119<\/strong> albo <strong>przez 6 miesi\u0119cy od zakupu<\/strong> \u2014 w zale\u017cno\u015bci od wybranej opcji <strong>(wa\u017cno\u015b\u0107 jest podana na voucherze; voucher z okre\u015blon\u0105 dat\u0105 mo\u017cna wykorzysta\u0107 wy\u0142\u0105cznie w danym dniu).<\/strong> Swoje zam\u00f3wienie za\u0142atwisz na kasie na 2 pi\u0119trze w Aquaparku AquaCity Poprad.<\/p>\n","protected":false},"excerpt":{"rendered":"<p data-start=\"1050\" data-end=\"1699\"><strong data-start=\"1050\" data-end=\"1111\">CENTRUM WELLNESS \u2013 FIRE &amp; WATER WELLNESS &amp; SPA + AQUAPARK<\/strong><br data-start=\"1111\" data-end=\"1114\" \/>Dwupoziomowe Fire &amp; Water Wellness &amp; Spa oferuje sauny suche i parowe, saun\u0119 ceremonialn\u0105 z pokazami, pokoje inhalacyjne, ciche strefy relaksu, lodow\u0105 jaskini\u0119, basen relaksacyjny, Zatok\u0119 Mi\u0142o\u015bci oraz jacuzzi. Od\u015bwie\u017cenie zapewnia 14-metrowy Wellness Bar ze zdrowymi napojami. Nowoczesny design, efektowne o\u015bwietlenie i z\u0142ote wyko\u0144czenia w saunach tworz\u0105 atmosfer\u0119 g\u0142\u0119bokiego resetu cia\u0142a i umys\u0142u. W Aquaparku AquaCity Poprad czeka na Pa\u0144stwa a\u017c 13 wewn\u0119trznych i zewn\u0119trznych basen\u00f3w termalnych o temperaturze 28\u201338 \u00b0C, zje\u017cd\u017calnie oraz wiele atrakcji wodnych dla dzieci i doros\u0142ych.<\/p>\n<ul>\n<li data-start=\"1701\" data-end=\"2086\"><strong><span style=\"color: #ff0000;\">Bilety do Aquaparku i Centrum Wellness nale\u017cy kupi\u0107 co najmniej 1 dzie\u0144 wcze\u015bniej i nie s\u0105 wa\u017cne w dniu zakupu.<\/span><\/strong><\/li>\n<li data-start=\"1701\" data-end=\"2086\"><span style=\"color: #ff0000;\">Mo\u017cna wybra\u0107 <strong>voucher wa\u017cny 6 miesi\u0119cy<\/strong> od zakupu albo <strong>voucher na konkretn\u0105 dat\u0119 w korzystniejszej cenie<\/strong>; <strong>voucher z okre\u015blon\u0105 dat\u0105 mo\u017cna wykorzysta\u0107 wy\u0142\u0105cznie w danym dniu.<\/strong><\/span><\/li>\n<li data-start=\"1701\" data-end=\"2086\"><strong><span style=\"color: #ff0000;\">Wst\u0119p do Centrum Wellness jest dozwolony od 12. roku \u017cycia; dzieci poni\u017cej 12 lat nie maj\u0105 wst\u0119pu.<\/span><\/strong><\/li>\n<\/ul>\n","protected":false},"featured_media":180121,"template":"","meta":{"_acf_changed":false,"site-sidebar-layout":"default","site-content-layout":"default","ast-global-header-display":"","ast-main-header-display":"","ast-hfb-above-header-display":"","ast-hfb-below-header-display":"","ast-hfb-mobile-header-display":"","site-post-title":"","ast-breadcrumbs-content":"","ast-featured-img":"","footer-sml-layout":"","theme-transparent-header-meta":"default","adv-header-id-meta":"","stick-header-meta":"","header-above-stick-meta":"","header-main-stick-meta":"","header-below-stick-meta":""},"product_brand":[],"product_cat":[73,74],"product_tag":[],"class_list":{"0":"post-97379","1":"product","2":"type-product","3":"status-publish","4":"has-post-thumbnail","6":"product_cat-aquapark-wellness-pl","7":"product_cat-centrum-wellness","8":"apc-product-has-components","9":"desktop-align-left","10":"tablet-align-left","11":"mobile-align-left","13":"first","14":"instock","15":"downloadable","16":"virtual","17":"taxable","18":"purchasable","19":"product-type-simple"},"acf":[],"yoast_head":"<!-- This site is optimized with the Yoast SEO plugin v26.2 - https:\/\/yoast.com\/wordpress\/plugins\/seo\/ -->\n<title>AQUACITY POPRAD - wst\u0119p 3 godziny WELLNESS PACKET - ONLINE SHOP AquaCity Poprad<\/title>\n<meta name=\"robots\" content=\"index, follow, max-snippet:-1, max-image-preview:large, max-video-preview:-1\" \/>\n<link rel=\"canonical\" href=\"https:\/\/shop.aquacity.sk\/pl\/produkt\/wstep-3-godziny-wellness-packet\/\" \/>\n<meta property=\"og:locale\" content=\"pl_PL\" \/>\n<meta property=\"og:type\" content=\"article\" \/>\n<meta property=\"og:title\" content=\"AQUACITY POPRAD - wst\u0119p 3 godziny WELLNESS PACKET - ONLINE SHOP AquaCity Poprad\" \/>\n<meta property=\"og:description\" content=\"CENTRUM WELLNESS \u2013 FIRE &amp; WATER WELLNESS &amp; SPA + AQUAPARKDwupoziomowe Fire &amp; Water Wellness &amp; Spa oferuje sauny suche i parowe, saun\u0119 ceremonialn\u0105 z pokazami, pokoje inhalacyjne, ciche strefy relaksu, lodow\u0105 jaskini\u0119, basen relaksacyjny, Zatok\u0119 Mi\u0142o\u015bci oraz jacuzzi. Od\u015bwie\u017cenie zapewnia 14-metrowy Wellness Bar ze zdrowymi napojami. Nowoczesny design, efektowne o\u015bwietlenie i z\u0142ote wyko\u0144czenia w saunach tworz\u0105 atmosfer\u0119 g\u0142\u0119bokiego resetu cia\u0142a i umys\u0142u. W Aquaparku AquaCity Poprad czeka na Pa\u0144stwa a\u017c 13 wewn\u0119trznych i zewn\u0119trznych basen\u00f3w termalnych o temperaturze 28\u201338 \u00b0C, zje\u017cd\u017calnie oraz wiele atrakcji wodnych dla dzieci i doros\u0142ych.    Bilety do Aquaparku i Centrum Wellness nale\u017cy kupi\u0107 co najmniej 1 dzie\u0144 wcze\u015bniej i nie s\u0105 wa\u017cne w dniu zakupu.  Mo\u017cna wybra\u0107 voucher wa\u017cny 6 miesi\u0119cy od zakupu albo voucher na konkretn\u0105 dat\u0119 w korzystniejszej cenie; voucher z okre\u015blon\u0105 dat\u0105 mo\u017cna wykorzysta\u0107 wy\u0142\u0105cznie w danym dniu.  Wst\u0119p do Centrum Wellness jest dozwolony od 12. roku \u017cycia; dzieci poni\u017cej 12 lat nie maj\u0105 wst\u0119pu.\" \/>\n<meta property=\"og:url\" content=\"https:\/\/shop.aquacity.sk\/pl\/produkt\/wstep-3-godziny-wellness-packet\/\" \/>\n<meta property=\"og:site_name\" content=\"ONLINE SHOP AquaCity Poprad\" \/>\n<meta property=\"article:modified_time\" content=\"2026-02-25T04:36:40+00:00\" \/>\n<meta property=\"og:image\" content=\"https:\/\/shop.aquacity.sk\/wp-content\/uploads\/2023\/03\/c-Marek-Hajkovsky-foto-AQUACITY-2022_119.jpg\" \/>\n\t<meta property=\"og:image:width\" content=\"1920\" \/>\n\t<meta property=\"og:image:height\" content=\"1080\" \/>\n\t<meta property=\"og:image:type\" content=\"image\/jpeg\" \/>\n<meta name=\"twitter:card\" content=\"summary_large_image\" \/>\n<meta name=\"twitter:label1\" content=\"Szacowany czas czytania\" \/>\n\t<meta name=\"twitter:data1\" content=\"2 minuty\" \/>\n<script type=\"application\/ld+json\" class=\"yoast-schema-graph\">{\"@context\":\"https:\/\/schema.org\",\"@graph\":[{\"@type\":\"WebPage\",\"@id\":\"https:\/\/shop.aquacity.sk\/pl\/produkt\/wstep-3-godziny-wellness-packet\/\",\"url\":\"https:\/\/shop.aquacity.sk\/pl\/produkt\/wstep-3-godziny-wellness-packet\/\",\"name\":\"AQUACITY POPRAD - wst\u0119p 3 godziny WELLNESS PACKET - ONLINE SHOP AquaCity Poprad\",\"isPartOf\":{\"@id\":\"https:\/\/shop.aquacity.sk\/#website\"},\"primaryImageOfPage\":{\"@id\":\"https:\/\/shop.aquacity.sk\/pl\/produkt\/wstep-3-godziny-wellness-packet\/#primaryimage\"},\"image\":{\"@id\":\"https:\/\/shop.aquacity.sk\/pl\/produkt\/wstep-3-godziny-wellness-packet\/#primaryimage\"},\"thumbnailUrl\":\"https:\/\/shop.aquacity.sk\/wp-content\/uploads\/2023\/03\/c-Marek-Hajkovsky-foto-AQUACITY-2022_119.jpg\",\"datePublished\":\"2025-10-13T15:55:45+00:00\",\"dateModified\":\"2026-02-25T04:36:40+00:00\",\"breadcrumb\":{\"@id\":\"https:\/\/shop.aquacity.sk\/pl\/produkt\/wstep-3-godziny-wellness-packet\/#breadcrumb\"},\"inLanguage\":\"pl-PL\",\"potentialAction\":[{\"@type\":\"ReadAction\",\"target\":[\"https:\/\/shop.aquacity.sk\/pl\/produkt\/wstep-3-godziny-wellness-packet\/\"]}]},{\"@type\":\"ImageObject\",\"inLanguage\":\"pl-PL\",\"@id\":\"https:\/\/shop.aquacity.sk\/pl\/produkt\/wstep-3-godziny-wellness-packet\/#primaryimage\",\"url\":\"https:\/\/shop.aquacity.sk\/wp-content\/uploads\/2023\/03\/c-Marek-Hajkovsky-foto-AQUACITY-2022_119.jpg\",\"contentUrl\":\"https:\/\/shop.aquacity.sk\/wp-content\/uploads\/2023\/03\/c-Marek-Hajkovsky-foto-AQUACITY-2022_119.jpg\",\"width\":1920,\"height\":1080},{\"@type\":\"BreadcrumbList\",\"@id\":\"https:\/\/shop.aquacity.sk\/pl\/produkt\/wstep-3-godziny-wellness-packet\/#breadcrumb\",\"itemListElement\":[{\"@type\":\"ListItem\",\"position\":1,\"name\":\"Home\",\"item\":\"https:\/\/shop.aquacity.sk\/\"},{\"@type\":\"ListItem\",\"position\":2,\"name\":\"Sklep\",\"item\":\"https:\/\/shop.aquacity.sk\/pl\/sklep\/\"},{\"@type\":\"ListItem\",\"position\":3,\"name\":\"AQUACITY POPRAD &#8211; wst\u0119p 3 godziny WELLNESS PACKET\"}]},{\"@type\":\"WebSite\",\"@id\":\"https:\/\/shop.aquacity.sk\/#website\",\"url\":\"https:\/\/shop.aquacity.sk\/\",\"name\":\"ONLINE SHOP AquaCity Poprad\",\"description\":\"Ten prav\u00fd oddych pod Tatrami\",\"publisher\":{\"@id\":\"https:\/\/shop.aquacity.sk\/#organization\"},\"potentialAction\":[{\"@type\":\"SearchAction\",\"target\":{\"@type\":\"EntryPoint\",\"urlTemplate\":\"https:\/\/shop.aquacity.sk\/?s={search_term_string}\"},\"query-input\":{\"@type\":\"PropertyValueSpecification\",\"valueRequired\":true,\"valueName\":\"search_term_string\"}}],\"inLanguage\":\"pl-PL\"},{\"@type\":\"Organization\",\"@id\":\"https:\/\/shop.aquacity.sk\/#organization\",\"name\":\"ONLINE SHOP AquaCity Poprad\",\"url\":\"https:\/\/shop.aquacity.sk\/\",\"logo\":{\"@type\":\"ImageObject\",\"inLanguage\":\"pl-PL\",\"@id\":\"https:\/\/shop.aquacity.sk\/#\/schema\/logo\/image\/\",\"url\":\"https:\/\/shop.aquacity.sk\/wp-content\/uploads\/2020\/03\/logo-aquacity.svg\",\"contentUrl\":\"https:\/\/shop.aquacity.sk\/wp-content\/uploads\/2020\/03\/logo-aquacity.svg\",\"width\":209,\"height\":99,\"caption\":\"ONLINE SHOP AquaCity Poprad\"},\"image\":{\"@id\":\"https:\/\/shop.aquacity.sk\/#\/schema\/logo\/image\/\"}}]}<\/script>\n<!-- \/ Yoast SEO plugin. -->","yoast_head_json":{"title":"AQUACITY POPRAD - wst\u0119p 3 godziny WELLNESS PACKET - ONLINE SHOP AquaCity Poprad","robots":{"index":"index","follow":"follow","max-snippet":"max-snippet:-1","max-image-preview":"max-image-preview:large","max-video-preview":"max-video-preview:-1"},"canonical":"https:\/\/shop.aquacity.sk\/pl\/produkt\/wstep-3-godziny-wellness-packet\/","og_locale":"pl_PL","og_type":"article","og_title":"AQUACITY POPRAD - wst\u0119p 3 godziny WELLNESS PACKET - ONLINE SHOP AquaCity Poprad","og_description":"CENTRUM WELLNESS \u2013 FIRE &amp; WATER WELLNESS &amp; SPA + AQUAPARKDwupoziomowe Fire &amp; Water Wellness &amp; Spa oferuje sauny suche i parowe, saun\u0119 ceremonialn\u0105 z pokazami, pokoje inhalacyjne, ciche strefy relaksu, lodow\u0105 jaskini\u0119, basen relaksacyjny, Zatok\u0119 Mi\u0142o\u015bci oraz jacuzzi. Od\u015bwie\u017cenie zapewnia 14-metrowy Wellness Bar ze zdrowymi napojami. Nowoczesny design, efektowne o\u015bwietlenie i z\u0142ote wyko\u0144czenia w saunach tworz\u0105 atmosfer\u0119 g\u0142\u0119bokiego resetu cia\u0142a i umys\u0142u. W Aquaparku AquaCity Poprad czeka na Pa\u0144stwa a\u017c 13 wewn\u0119trznych i zewn\u0119trznych basen\u00f3w termalnych o temperaturze 28\u201338 \u00b0C, zje\u017cd\u017calnie oraz wiele atrakcji wodnych dla dzieci i doros\u0142ych.    Bilety do Aquaparku i Centrum Wellness nale\u017cy kupi\u0107 co najmniej 1 dzie\u0144 wcze\u015bniej i nie s\u0105 wa\u017cne w dniu zakupu.  Mo\u017cna wybra\u0107 voucher wa\u017cny 6 miesi\u0119cy od zakupu albo voucher na konkretn\u0105 dat\u0119 w korzystniejszej cenie; voucher z okre\u015blon\u0105 dat\u0105 mo\u017cna wykorzysta\u0107 wy\u0142\u0105cznie w danym dniu.  Wst\u0119p do Centrum Wellness jest dozwolony od 12. roku \u017cycia; dzieci poni\u017cej 12 lat nie maj\u0105 wst\u0119pu.","og_url":"https:\/\/shop.aquacity.sk\/pl\/produkt\/wstep-3-godziny-wellness-packet\/","og_site_name":"ONLINE SHOP AquaCity Poprad","article_modified_time":"2026-02-25T04:36:40+00:00","og_image":[{"width":1920,"height":1080,"url":"https:\/\/shop.aquacity.sk\/wp-content\/uploads\/2023\/03\/c-Marek-Hajkovsky-foto-AQUACITY-2022_119.jpg","type":"image\/jpeg"}],"twitter_card":"summary_large_image","twitter_misc":{"Szacowany czas czytania":"2 minuty"},"schema":{"@context":"https:\/\/schema.org","@graph":[{"@type":"WebPage","@id":"https:\/\/shop.aquacity.sk\/pl\/produkt\/wstep-3-godziny-wellness-packet\/","url":"https:\/\/shop.aquacity.sk\/pl\/produkt\/wstep-3-godziny-wellness-packet\/","name":"AQUACITY POPRAD - wst\u0119p 3 godziny WELLNESS PACKET - ONLINE SHOP AquaCity Poprad","isPartOf":{"@id":"https:\/\/shop.aquacity.sk\/#website"},"primaryImageOfPage":{"@id":"https:\/\/shop.aquacity.sk\/pl\/produkt\/wstep-3-godziny-wellness-packet\/#primaryimage"},"image":{"@id":"https:\/\/shop.aquacity.sk\/pl\/produkt\/wstep-3-godziny-wellness-packet\/#primaryimage"},"thumbnailUrl":"https:\/\/shop.aquacity.sk\/wp-content\/uploads\/2023\/03\/c-Marek-Hajkovsky-foto-AQUACITY-2022_119.jpg","datePublished":"2025-10-13T15:55:45+00:00","dateModified":"2026-02-25T04:36:40+00:00","breadcrumb":{"@id":"https:\/\/shop.aquacity.sk\/pl\/produkt\/wstep-3-godziny-wellness-packet\/#breadcrumb"},"inLanguage":"pl-PL","potentialAction":[{"@type":"ReadAction","target":["https:\/\/shop.aquacity.sk\/pl\/produkt\/wstep-3-godziny-wellness-packet\/"]}]},{"@type":"ImageObject","inLanguage":"pl-PL","@id":"https:\/\/shop.aquacity.sk\/pl\/produkt\/wstep-3-godziny-wellness-packet\/#primaryimage","url":"https:\/\/shop.aquacity.sk\/wp-content\/uploads\/2023\/03\/c-Marek-Hajkovsky-foto-AQUACITY-2022_119.jpg","contentUrl":"https:\/\/shop.aquacity.sk\/wp-content\/uploads\/2023\/03\/c-Marek-Hajkovsky-foto-AQUACITY-2022_119.jpg","width":1920,"height":1080},{"@type":"BreadcrumbList","@id":"https:\/\/shop.aquacity.sk\/pl\/produkt\/wstep-3-godziny-wellness-packet\/#breadcrumb","itemListElement":[{"@type":"ListItem","position":1,"name":"Home","item":"https:\/\/shop.aquacity.sk\/"},{"@type":"ListItem","position":2,"name":"Sklep","item":"https:\/\/shop.aquacity.sk\/pl\/sklep\/"},{"@type":"ListItem","position":3,"name":"AQUACITY POPRAD &#8211; wst\u0119p 3 godziny WELLNESS PACKET"}]},{"@type":"WebSite","@id":"https:\/\/shop.aquacity.sk\/#website","url":"https:\/\/shop.aquacity.sk\/","name":"ONLINE SHOP AquaCity Poprad","description":"Ten prav\u00fd oddych pod Tatrami","publisher":{"@id":"https:\/\/shop.aquacity.sk\/#organization"},"potentialAction":[{"@type":"SearchAction","target":{"@type":"EntryPoint","urlTemplate":"https:\/\/shop.aquacity.sk\/?s={search_term_string}"},"query-input":{"@type":"PropertyValueSpecification","valueRequired":true,"valueName":"search_term_string"}}],"inLanguage":"pl-PL"},{"@type":"Organization","@id":"https:\/\/shop.aquacity.sk\/#organization","name":"ONLINE SHOP AquaCity Poprad","url":"https:\/\/shop.aquacity.sk\/","logo":{"@type":"ImageObject","inLanguage":"pl-PL","@id":"https:\/\/shop.aquacity.sk\/#\/schema\/logo\/image\/","url":"https:\/\/shop.aquacity.sk\/wp-content\/uploads\/2020\/03\/logo-aquacity.svg","contentUrl":"https:\/\/shop.aquacity.sk\/wp-content\/uploads\/2020\/03\/logo-aquacity.svg","width":209,"height":99,"caption":"ONLINE SHOP AquaCity Poprad"},"image":{"@id":"https:\/\/shop.aquacity.sk\/#\/schema\/logo\/image\/"}}]}},"_links":{"self":[{"href":"https:\/\/shop.aquacity.sk\/pl\/wp-json\/wp\/v2\/product\/97379","targetHints":{"allow":["GET"]}}],"collection":[{"href":"https:\/\/shop.aquacity.sk\/pl\/wp-json\/wp\/v2\/product"}],"about":[{"href":"https:\/\/shop.aquacity.sk\/pl\/wp-json\/wp\/v2\/types\/product"}],"wp:featuredmedia":[{"embeddable":true,"href":"https:\/\/shop.aquacity.sk\/pl\/wp-json\/wp\/v2\/media\/180121"}],"wp:attachment":[{"href":"https:\/\/shop.aquacity.sk\/pl\/wp-json\/wp\/v2\/media?parent=97379"}],"wp:term":[{"taxonomy":"product_brand","embeddable":true,"href":"https:\/\/shop.aquacity.sk\/pl\/wp-json\/wp\/v2\/product_brand?post=97379"},{"taxonomy":"product_cat","embeddable":true,"href":"https:\/\/shop.aquacity.sk\/pl\/wp-json\/wp\/v2\/product_cat?post=97379"},{"taxonomy":"product_tag","embeddable":true,"href":"https:\/\/shop.aquacity.sk\/pl\/wp-json\/wp\/v2\/product_tag?post=97379"}],"curies":[{"name":"wp","href":"https:\/\/api.w.org\/{rel}","templated":true}]}}