{"id":96850,"date":"2020-05-14T19:45:36","date_gmt":"2020-03-12T14:30:43","guid":{"rendered":"https:\/\/newshop.aquacity.sk\/produkt\/pobyt-hotel_riverside\/"},"modified":"2023-02-15T13:16:54","modified_gmt":"2023-02-15T12:16:54","slug":"pobyt-hotel_riverside","status":"publish","type":"product","link":"https:\/\/shop.aquacity.sk\/pl\/produkt\/pobyt-hotel_riverside\/","title":{"rendered":"POBYT W HOTELU RIVERSIDE ***"},"content":{"rendered":"<h2>Cena zakwaterowania obejmuje:<\/h2>\n<p><strong>Zakwaterowanie<\/strong><\/p>\n<p><strong>\u015aniadania kontynentalne i kolacje w formie szwedzkich sto\u0142\u00f3w<\/strong> (kolacja nie zawiera napoj\u00f3w)<\/p>\n<p><strong>Bezp\u0142atny wst\u0119p do Aquaparku<\/strong> (wej\u015bcie do wszystkich basen\u00f3w wewn\u0119trznych i zewn\u0119trznych w aquaparku: zewn\u0119trzne baseny termalne, zje\u017cd\u017calnie, kryte baseny relaksacyjne Blue Sapphire z Laser show, kryte baseny Blue Diamond z barami wodnymi, kryty basen dzieci\u0119cy Treasure Island \u2013 Wyspa Skarb\u00f3w, 50 m basen p\u0142ywacki, Piramida Maj\u00f3w i zewn\u0119trzny basen dla dzieci (w sezonie letnim)<\/p>\n<p>Bezp\u0142atne \u0142\u0105cze Wi \u2013 Fi<br \/>\nKawa i herbata w pokoju<br \/>\nParking strze\u017cony<\/p>\n<h2>Wa\u017cno\u015b\u0107<\/h2>\n<p>Pobyt wa\u017cny 1 rok od zakupu (z wyj\u0105tkiem 24.12. &#8211; 6.1. oraz Wielkanocy)<\/p>\n<h2>Rezerwacje<\/h2>\n<p>Hotel RIVERSIDE ***,\u00a0 Tel.: +421 52\u00a078 51 222, +421 910 802 309,\u00a0 E-mail: <a href=\"mailto:recepcia@aquacity.sk\">recepcia@aquacity.sk<\/a><\/p>\n","protected":false},"excerpt":{"rendered":"<p><strong>HOTEL RIVERSIDE ****<\/strong> Hotel oferuje nowoczesne i tanie zakwaterowanie w Tatrach Wysokich i jest cz\u0119\u015bci\u0105 narodowego centrum pi\u0142ki no\u017cnej w Popradzie. Usytuowany zaledwie kilka krok\u00f3w od Aquaparku AquaCity Poprad.<\/p>\n","protected":false},"featured_media":94024,"template":"","meta":{"_acf_changed":false,"site-sidebar-layout":"default","site-content-layout":"default","ast-global-header-display":"","ast-main-header-display":"","ast-hfb-above-header-display":"","ast-hfb-below-header-display":"","ast-hfb-mobile-header-display":"","site-post-title":"","ast-breadcrumbs-content":"","ast-featured-img":"","footer-sml-layout":"","theme-transparent-header-meta":"default","adv-header-id-meta":"","stick-header-meta":"","header-above-stick-meta":"","header-main-stick-meta":"","header-below-stick-meta":""},"product_brand":[],"product_cat":[76],"product_tag":[],"class_list":{"0":"post-96850","1":"product","2":"type-product","3":"status-publish","4":"has-post-thumbnail","6":"product_cat-hotel-akcie","7":"desktop-align-left","8":"tablet-align-left","9":"mobile-align-left","11":"first","12":"instock","13":"taxable","14":"shipping-taxable","15":"purchasable","16":"product-type-variable"},"acf":[],"yoast_head":"<!-- This site is optimized with the Yoast SEO plugin v26.2 - https:\/\/yoast.com\/wordpress\/plugins\/seo\/ -->\n<title>POBYT W HOTELU RIVERSIDE *** - ONLINE SHOP AquaCity Poprad<\/title>\n<meta name=\"robots\" content=\"index, follow, max-snippet:-1, max-image-preview:large, max-video-preview:-1\" \/>\n<link rel=\"canonical\" href=\"https:\/\/shop.aquacity.sk\/pl\/produkt\/pobyt-hotel_riverside\/\" \/>\n<meta property=\"og:locale\" content=\"pl_PL\" \/>\n<meta property=\"og:type\" content=\"article\" \/>\n<meta property=\"og:title\" content=\"POBYT W HOTELU RIVERSIDE *** - ONLINE SHOP AquaCity Poprad\" \/>\n<meta property=\"og:description\" content=\"HOTEL RIVERSIDE **** Hotel oferuje nowoczesne i tanie zakwaterowanie w Tatrach Wysokich i jest cz\u0119\u015bci\u0105 narodowego centrum pi\u0142ki no\u017cnej w Popradzie. Usytuowany zaledwie kilka krok\u00f3w od Aquaparku AquaCity Poprad.\" \/>\n<meta property=\"og:url\" content=\"https:\/\/shop.aquacity.sk\/pl\/produkt\/pobyt-hotel_riverside\/\" \/>\n<meta property=\"og:site_name\" content=\"ONLINE SHOP AquaCity Poprad\" \/>\n<meta property=\"article:modified_time\" content=\"2023-02-15T12:16:54+00:00\" \/>\n<meta property=\"og:image\" content=\"https:\/\/shop.aquacity.sk\/wp-content\/uploads\/2020\/03\/AquaCity_Riverside_14-2.jpg\" \/>\n\t<meta property=\"og:image:width\" content=\"1920\" \/>\n\t<meta property=\"og:image:height\" content=\"1080\" \/>\n\t<meta property=\"og:image:type\" content=\"image\/jpeg\" \/>\n<meta name=\"twitter:card\" content=\"summary_large_image\" \/>\n<meta name=\"twitter:label1\" content=\"Szacowany czas czytania\" \/>\n\t<meta name=\"twitter:data1\" content=\"1 minuta\" \/>\n<script type=\"application\/ld+json\" class=\"yoast-schema-graph\">{\"@context\":\"https:\/\/schema.org\",\"@graph\":[{\"@type\":\"WebPage\",\"@id\":\"https:\/\/shop.aquacity.sk\/pl\/produkt\/pobyt-hotel_riverside\/\",\"url\":\"https:\/\/shop.aquacity.sk\/pl\/produkt\/pobyt-hotel_riverside\/\",\"name\":\"POBYT W HOTELU RIVERSIDE *** - ONLINE SHOP AquaCity Poprad\",\"isPartOf\":{\"@id\":\"https:\/\/shop.aquacity.sk\/#website\"},\"primaryImageOfPage\":{\"@id\":\"https:\/\/shop.aquacity.sk\/pl\/produkt\/pobyt-hotel_riverside\/#primaryimage\"},\"image\":{\"@id\":\"https:\/\/shop.aquacity.sk\/pl\/produkt\/pobyt-hotel_riverside\/#primaryimage\"},\"thumbnailUrl\":\"https:\/\/shop.aquacity.sk\/wp-content\/uploads\/2020\/03\/AquaCity_Riverside_14-2.jpg\",\"datePublished\":\"2020-03-12T14:30:43+00:00\",\"dateModified\":\"2023-02-15T12:16:54+00:00\",\"breadcrumb\":{\"@id\":\"https:\/\/shop.aquacity.sk\/pl\/produkt\/pobyt-hotel_riverside\/#breadcrumb\"},\"inLanguage\":\"pl-PL\",\"potentialAction\":[{\"@type\":\"ReadAction\",\"target\":[\"https:\/\/shop.aquacity.sk\/pl\/produkt\/pobyt-hotel_riverside\/\"]}]},{\"@type\":\"ImageObject\",\"inLanguage\":\"pl-PL\",\"@id\":\"https:\/\/shop.aquacity.sk\/pl\/produkt\/pobyt-hotel_riverside\/#primaryimage\",\"url\":\"https:\/\/shop.aquacity.sk\/wp-content\/uploads\/2020\/03\/AquaCity_Riverside_14-2.jpg\",\"contentUrl\":\"https:\/\/shop.aquacity.sk\/wp-content\/uploads\/2020\/03\/AquaCity_Riverside_14-2.jpg\",\"width\":1920,\"height\":1080},{\"@type\":\"BreadcrumbList\",\"@id\":\"https:\/\/shop.aquacity.sk\/pl\/produkt\/pobyt-hotel_riverside\/#breadcrumb\",\"itemListElement\":[{\"@type\":\"ListItem\",\"position\":1,\"name\":\"Home\",\"item\":\"https:\/\/shop.aquacity.sk\/\"},{\"@type\":\"ListItem\",\"position\":2,\"name\":\"Sklep\",\"item\":\"https:\/\/shop.aquacity.sk\/pl\/sklep\/\"},{\"@type\":\"ListItem\",\"position\":3,\"name\":\"POBYT W HOTELU RIVERSIDE ***\"}]},{\"@type\":\"WebSite\",\"@id\":\"https:\/\/shop.aquacity.sk\/#website\",\"url\":\"https:\/\/shop.aquacity.sk\/\",\"name\":\"ONLINE SHOP AquaCity Poprad\",\"description\":\"Ten prav\u00fd oddych pod Tatrami\",\"publisher\":{\"@id\":\"https:\/\/shop.aquacity.sk\/#organization\"},\"potentialAction\":[{\"@type\":\"SearchAction\",\"target\":{\"@type\":\"EntryPoint\",\"urlTemplate\":\"https:\/\/shop.aquacity.sk\/?s={search_term_string}\"},\"query-input\":{\"@type\":\"PropertyValueSpecification\",\"valueRequired\":true,\"valueName\":\"search_term_string\"}}],\"inLanguage\":\"pl-PL\"},{\"@type\":\"Organization\",\"@id\":\"https:\/\/shop.aquacity.sk\/#organization\",\"name\":\"ONLINE SHOP AquaCity Poprad\",\"url\":\"https:\/\/shop.aquacity.sk\/\",\"logo\":{\"@type\":\"ImageObject\",\"inLanguage\":\"pl-PL\",\"@id\":\"https:\/\/shop.aquacity.sk\/#\/schema\/logo\/image\/\",\"url\":\"https:\/\/shop.aquacity.sk\/wp-content\/uploads\/2020\/03\/logo-aquacity.svg\",\"contentUrl\":\"https:\/\/shop.aquacity.sk\/wp-content\/uploads\/2020\/03\/logo-aquacity.svg\",\"width\":209,\"height\":99,\"caption\":\"ONLINE SHOP AquaCity Poprad\"},\"image\":{\"@id\":\"https:\/\/shop.aquacity.sk\/#\/schema\/logo\/image\/\"}}]}<\/script>\n<!-- \/ Yoast SEO plugin. -->","yoast_head_json":{"title":"POBYT W HOTELU RIVERSIDE *** - ONLINE SHOP AquaCity Poprad","robots":{"index":"index","follow":"follow","max-snippet":"max-snippet:-1","max-image-preview":"max-image-preview:large","max-video-preview":"max-video-preview:-1"},"canonical":"https:\/\/shop.aquacity.sk\/pl\/produkt\/pobyt-hotel_riverside\/","og_locale":"pl_PL","og_type":"article","og_title":"POBYT W HOTELU RIVERSIDE *** - ONLINE SHOP AquaCity Poprad","og_description":"HOTEL RIVERSIDE **** Hotel oferuje nowoczesne i tanie zakwaterowanie w Tatrach Wysokich i jest cz\u0119\u015bci\u0105 narodowego centrum pi\u0142ki no\u017cnej w Popradzie. Usytuowany zaledwie kilka krok\u00f3w od Aquaparku AquaCity Poprad.","og_url":"https:\/\/shop.aquacity.sk\/pl\/produkt\/pobyt-hotel_riverside\/","og_site_name":"ONLINE SHOP AquaCity Poprad","article_modified_time":"2023-02-15T12:16:54+00:00","og_image":[{"width":1920,"height":1080,"url":"https:\/\/shop.aquacity.sk\/wp-content\/uploads\/2020\/03\/AquaCity_Riverside_14-2.jpg","type":"image\/jpeg"}],"twitter_card":"summary_large_image","twitter_misc":{"Szacowany czas czytania":"1 minuta"},"schema":{"@context":"https:\/\/schema.org","@graph":[{"@type":"WebPage","@id":"https:\/\/shop.aquacity.sk\/pl\/produkt\/pobyt-hotel_riverside\/","url":"https:\/\/shop.aquacity.sk\/pl\/produkt\/pobyt-hotel_riverside\/","name":"POBYT W HOTELU RIVERSIDE *** - ONLINE SHOP AquaCity Poprad","isPartOf":{"@id":"https:\/\/shop.aquacity.sk\/#website"},"primaryImageOfPage":{"@id":"https:\/\/shop.aquacity.sk\/pl\/produkt\/pobyt-hotel_riverside\/#primaryimage"},"image":{"@id":"https:\/\/shop.aquacity.sk\/pl\/produkt\/pobyt-hotel_riverside\/#primaryimage"},"thumbnailUrl":"https:\/\/shop.aquacity.sk\/wp-content\/uploads\/2020\/03\/AquaCity_Riverside_14-2.jpg","datePublished":"2020-03-12T14:30:43+00:00","dateModified":"2023-02-15T12:16:54+00:00","breadcrumb":{"@id":"https:\/\/shop.aquacity.sk\/pl\/produkt\/pobyt-hotel_riverside\/#breadcrumb"},"inLanguage":"pl-PL","potentialAction":[{"@type":"ReadAction","target":["https:\/\/shop.aquacity.sk\/pl\/produkt\/pobyt-hotel_riverside\/"]}]},{"@type":"ImageObject","inLanguage":"pl-PL","@id":"https:\/\/shop.aquacity.sk\/pl\/produkt\/pobyt-hotel_riverside\/#primaryimage","url":"https:\/\/shop.aquacity.sk\/wp-content\/uploads\/2020\/03\/AquaCity_Riverside_14-2.jpg","contentUrl":"https:\/\/shop.aquacity.sk\/wp-content\/uploads\/2020\/03\/AquaCity_Riverside_14-2.jpg","width":1920,"height":1080},{"@type":"BreadcrumbList","@id":"https:\/\/shop.aquacity.sk\/pl\/produkt\/pobyt-hotel_riverside\/#breadcrumb","itemListElement":[{"@type":"ListItem","position":1,"name":"Home","item":"https:\/\/shop.aquacity.sk\/"},{"@type":"ListItem","position":2,"name":"Sklep","item":"https:\/\/shop.aquacity.sk\/pl\/sklep\/"},{"@type":"ListItem","position":3,"name":"POBYT W HOTELU RIVERSIDE ***"}]},{"@type":"WebSite","@id":"https:\/\/shop.aquacity.sk\/#website","url":"https:\/\/shop.aquacity.sk\/","name":"ONLINE SHOP AquaCity Poprad","description":"Ten prav\u00fd oddych pod Tatrami","publisher":{"@id":"https:\/\/shop.aquacity.sk\/#organization"},"potentialAction":[{"@type":"SearchAction","target":{"@type":"EntryPoint","urlTemplate":"https:\/\/shop.aquacity.sk\/?s={search_term_string}"},"query-input":{"@type":"PropertyValueSpecification","valueRequired":true,"valueName":"search_term_string"}}],"inLanguage":"pl-PL"},{"@type":"Organization","@id":"https:\/\/shop.aquacity.sk\/#organization","name":"ONLINE SHOP AquaCity Poprad","url":"https:\/\/shop.aquacity.sk\/","logo":{"@type":"ImageObject","inLanguage":"pl-PL","@id":"https:\/\/shop.aquacity.sk\/#\/schema\/logo\/image\/","url":"https:\/\/shop.aquacity.sk\/wp-content\/uploads\/2020\/03\/logo-aquacity.svg","contentUrl":"https:\/\/shop.aquacity.sk\/wp-content\/uploads\/2020\/03\/logo-aquacity.svg","width":209,"height":99,"caption":"ONLINE SHOP AquaCity Poprad"},"image":{"@id":"https:\/\/shop.aquacity.sk\/#\/schema\/logo\/image\/"}}]}},"_links":{"self":[{"href":"https:\/\/shop.aquacity.sk\/pl\/wp-json\/wp\/v2\/product\/96850","targetHints":{"allow":["GET"]}}],"collection":[{"href":"https:\/\/shop.aquacity.sk\/pl\/wp-json\/wp\/v2\/product"}],"about":[{"href":"https:\/\/shop.aquacity.sk\/pl\/wp-json\/wp\/v2\/types\/product"}],"wp:featuredmedia":[{"embeddable":true,"href":"https:\/\/shop.aquacity.sk\/pl\/wp-json\/wp\/v2\/media\/94024"}],"wp:attachment":[{"href":"https:\/\/shop.aquacity.sk\/pl\/wp-json\/wp\/v2\/media?parent=96850"}],"wp:term":[{"taxonomy":"product_brand","embeddable":true,"href":"https:\/\/shop.aquacity.sk\/pl\/wp-json\/wp\/v2\/product_brand?post=96850"},{"taxonomy":"product_cat","embeddable":true,"href":"https:\/\/shop.aquacity.sk\/pl\/wp-json\/wp\/v2\/product_cat?post=96850"},{"taxonomy":"product_tag","embeddable":true,"href":"https:\/\/shop.aquacity.sk\/pl\/wp-json\/wp\/v2\/product_tag?post=96850"}],"curies":[{"name":"wp","href":"https:\/\/api.w.org\/{rel}","templated":true}]}}