{"id":96745,"date":"2020-05-11T19:40:41","date_gmt":"2020-03-12T14:28:20","guid":{"rendered":"https:\/\/newshop.aquacity.sk\/produkt\/fish_therapy-garra_rufa\/"},"modified":"2023-03-20T14:59:57","modified_gmt":"2023-03-20T13:59:57","slug":"fish_therapy-garra_rufa","status":"publish","type":"product","link":"https:\/\/shop.aquacity.sk\/pl\/produkt\/fish_therapy-garra_rufa\/","title":{"rendered":"FISH THERAPY \u2013 GARRA RUFA"},"content":{"rendered":"<h2 style=\"text-align: center;\">Opis produktu<\/h2>\n<p style=\"text-align: center;\">Rybki Garra Rufa delikatnie usuwaj\u0105 chor\u0105, obumar\u0142\u0105 sk\u00f3r\u0119 i\u00a0stwardnia\u0142y nask\u00f3rek. Dodatkowo wydzielaj\u0105 enzym znany jako ditranol, kt\u00f3ry jest cz\u0119stym sk\u0142adnikiem krem\u00f3w leczniczych stosowanych w \u0142uszczycy. Enzym ma dzia\u0142anie koj\u0105ce i regeneruj\u0105ce.<\/p>\n<h2 style=\"text-align: center;\">Przebieg terapii<\/h2>\n<ul style=\"text-align: center;\">\n<li>podczas zabiegu na ko\u0144czynach nie mog\u0105 znajdowa\u0107 si\u0119 otwarte rany lub inne uszkodzenia sk\u00f3ry<\/li>\n<li>w czasie zabiegu nie wolno stosowa\u0107 ma\u015bci kortykosteroidowych (na bazie kortykosteroid\u00f3w, np. Imazol, Licoid, Lipocream, Dermovate, Diprosone, Advantan\u2026), a\u00a0od zako\u0144czenia leczenia ma\u015bciami musi up\u0142yn\u0105\u0107 co najmniej 7 dni (ryzyko wygini\u0119cia rybek)<\/li>\n<li>przed zabiegiem nale\u017cy obowi\u0105zkowo umy\u0107 ko\u0144czyny<\/li>\n<li>nast\u0119pnie zanurza si\u0119 ko\u0144czyny w ciep\u0142ej k\u0105pieli, w kt\u00f3rej p\u0142ywaj\u0105 rybki<\/li>\n<li>pocz\u0105tkowo mo\u017cna czu\u0107 \u0142askotanie, lecz po chwili odczucia staj\u0105 si\u0119 przyjemne, przypominaj\u0105 delikatny masa\u017c<br \/>\nczas zanurzenia w wodzie wynosi 20 minut<\/li>\n<\/ul>\n<h2 style=\"text-align: center;\">Wa\u017cno\u015b\u0107<\/h2>\n<p style=\"text-align: center;\">Bilet obowi\u0105zuje przez\u00a06 miesi\u0105cy od daty zakupu.<br \/>\nSwoje zam\u00f3wienie za\u0142atwisz na kasie na 2 pi\u0119trze w Aquaparku AquaCity Poprad.<\/p>\n","protected":false},"excerpt":{"rendered":"<p><strong>DR. FISH THERAPY \u2013 pi\u0119kna i zdrowa sk\u00f3ra st\u00f3p.\u00a0<\/strong>Wypr\u00f3buj naszych najlepszych pedicurzyst\u00f3w \u2013 \u00a0rybki Garra Ruffa w Fire &amp; Water Wellness &amp; Spa. Oferujemy BIO pedicure z\u00a0pomoc\u0105 rybek Garra Rufa pochodz\u0105cych z\u00a0tureckich rzek. Rybki Garra Rufa bezbole\u015bnie usuwaj\u0105 nask\u00f3rek za pomoc\u0105 bezz\u0119bnych szcz\u0119k. W ich jamie g\u0119bowej produkowany jest ditranol \u2013 enzym, kt\u00f3ry natychmiast dezynfekuje wszelkie ranki i\u00a0ma w\u0142a\u015bciwo\u015bci goj\u0105ce. Zabieg dzia\u0142a \u0142agodz\u0105co, leczy choroby sk\u00f3ry, takie jak atopowe zapalenie sk\u00f3ry, tr\u0105dzik, grzybica, \u0142uszczyca, a\u00a0jednocze\u015bnie zapewnia delikatny peeling i\u00a0doskona\u0142y pedicure.<\/p>\n","protected":false},"featured_media":96746,"template":"","meta":{"_acf_changed":false,"site-sidebar-layout":"default","site-content-layout":"default","ast-global-header-display":"","ast-main-header-display":"","ast-hfb-above-header-display":"","ast-hfb-below-header-display":"","ast-hfb-mobile-header-display":"","site-post-title":"","ast-breadcrumbs-content":"","ast-featured-img":"","footer-sml-layout":"","theme-transparent-header-meta":"default","adv-header-id-meta":"","stick-header-meta":"","header-above-stick-meta":"","header-main-stick-meta":"","header-below-stick-meta":""},"product_brand":[],"product_cat":[75],"product_tag":[],"class_list":{"0":"post-96745","1":"product","2":"type-product","3":"status-publish","4":"has-post-thumbnail","6":"product_cat-masaze-zabiegi","7":"desktop-align-left","8":"tablet-align-left","9":"mobile-align-left","11":"first","12":"instock","13":"taxable","14":"shipping-taxable","15":"purchasable","16":"product-type-variable"},"acf":[],"yoast_head":"<!-- This site is optimized with the Yoast SEO plugin v26.2 - https:\/\/yoast.com\/wordpress\/plugins\/seo\/ -->\n<title>FISH THERAPY \u2013 GARRA RUFA - ONLINE SHOP AquaCity Poprad<\/title>\n<meta name=\"robots\" content=\"index, follow, max-snippet:-1, max-image-preview:large, max-video-preview:-1\" \/>\n<link rel=\"canonical\" href=\"https:\/\/shop.aquacity.sk\/pl\/produkt\/fish_therapy-garra_rufa\/\" \/>\n<meta property=\"og:locale\" content=\"pl_PL\" \/>\n<meta property=\"og:type\" content=\"article\" \/>\n<meta property=\"og:title\" content=\"FISH THERAPY \u2013 GARRA RUFA - ONLINE SHOP AquaCity Poprad\" \/>\n<meta property=\"og:description\" content=\"DR. FISH THERAPY \u2013 pi\u0119kna i zdrowa sk\u00f3ra st\u00f3p.\u00a0Wypr\u00f3buj naszych najlepszych pedicurzyst\u00f3w \u2013 \u00a0rybki Garra Ruffa w Fire &amp; Water Wellness &amp; Spa. Oferujemy BIO pedicure z\u00a0pomoc\u0105 rybek Garra Rufa pochodz\u0105cych z\u00a0tureckich rzek. Rybki Garra Rufa bezbole\u015bnie usuwaj\u0105 nask\u00f3rek za pomoc\u0105 bezz\u0119bnych szcz\u0119k. W ich jamie g\u0119bowej produkowany jest ditranol \u2013 enzym, kt\u00f3ry natychmiast dezynfekuje wszelkie ranki i\u00a0ma w\u0142a\u015bciwo\u015bci goj\u0105ce. Zabieg dzia\u0142a \u0142agodz\u0105co, leczy choroby sk\u00f3ry, takie jak atopowe zapalenie sk\u00f3ry, tr\u0105dzik, grzybica, \u0142uszczyca, a\u00a0jednocze\u015bnie zapewnia delikatny peeling i\u00a0doskona\u0142y pedicure.\" \/>\n<meta property=\"og:url\" content=\"https:\/\/shop.aquacity.sk\/pl\/produkt\/fish_therapy-garra_rufa\/\" \/>\n<meta property=\"og:site_name\" content=\"ONLINE SHOP AquaCity Poprad\" \/>\n<meta property=\"article:modified_time\" content=\"2023-03-20T13:59:57+00:00\" \/>\n<meta property=\"og:image\" content=\"https:\/\/shop.aquacity.sk\/wp-content\/uploads\/2020\/03\/aquacity_poprad_gararuffa-1-4.jpg\" \/>\n\t<meta property=\"og:image:width\" content=\"1280\" \/>\n\t<meta property=\"og:image:height\" content=\"720\" \/>\n\t<meta property=\"og:image:type\" content=\"image\/jpeg\" \/>\n<meta name=\"twitter:card\" content=\"summary_large_image\" \/>\n<meta name=\"twitter:label1\" content=\"Szacowany czas czytania\" \/>\n\t<meta name=\"twitter:data1\" content=\"1 minuta\" \/>\n<script type=\"application\/ld+json\" class=\"yoast-schema-graph\">{\"@context\":\"https:\/\/schema.org\",\"@graph\":[{\"@type\":\"WebPage\",\"@id\":\"https:\/\/shop.aquacity.sk\/pl\/produkt\/fish_therapy-garra_rufa\/\",\"url\":\"https:\/\/shop.aquacity.sk\/pl\/produkt\/fish_therapy-garra_rufa\/\",\"name\":\"FISH THERAPY \u2013 GARRA RUFA - ONLINE SHOP AquaCity Poprad\",\"isPartOf\":{\"@id\":\"https:\/\/shop.aquacity.sk\/#website\"},\"primaryImageOfPage\":{\"@id\":\"https:\/\/shop.aquacity.sk\/pl\/produkt\/fish_therapy-garra_rufa\/#primaryimage\"},\"image\":{\"@id\":\"https:\/\/shop.aquacity.sk\/pl\/produkt\/fish_therapy-garra_rufa\/#primaryimage\"},\"thumbnailUrl\":\"https:\/\/shop.aquacity.sk\/wp-content\/uploads\/2020\/03\/aquacity_poprad_gararuffa-1-4.jpg\",\"datePublished\":\"2020-03-12T14:28:20+00:00\",\"dateModified\":\"2023-03-20T13:59:57+00:00\",\"breadcrumb\":{\"@id\":\"https:\/\/shop.aquacity.sk\/pl\/produkt\/fish_therapy-garra_rufa\/#breadcrumb\"},\"inLanguage\":\"pl-PL\",\"potentialAction\":[{\"@type\":\"ReadAction\",\"target\":[\"https:\/\/shop.aquacity.sk\/pl\/produkt\/fish_therapy-garra_rufa\/\"]}]},{\"@type\":\"ImageObject\",\"inLanguage\":\"pl-PL\",\"@id\":\"https:\/\/shop.aquacity.sk\/pl\/produkt\/fish_therapy-garra_rufa\/#primaryimage\",\"url\":\"https:\/\/shop.aquacity.sk\/wp-content\/uploads\/2020\/03\/aquacity_poprad_gararuffa-1-4.jpg\",\"contentUrl\":\"https:\/\/shop.aquacity.sk\/wp-content\/uploads\/2020\/03\/aquacity_poprad_gararuffa-1-4.jpg\",\"width\":1280,\"height\":720,\"caption\":\"FISH THERAPY \u2013 GARRA RUFA\"},{\"@type\":\"BreadcrumbList\",\"@id\":\"https:\/\/shop.aquacity.sk\/pl\/produkt\/fish_therapy-garra_rufa\/#breadcrumb\",\"itemListElement\":[{\"@type\":\"ListItem\",\"position\":1,\"name\":\"Home\",\"item\":\"https:\/\/shop.aquacity.sk\/\"},{\"@type\":\"ListItem\",\"position\":2,\"name\":\"Sklep\",\"item\":\"https:\/\/shop.aquacity.sk\/pl\/sklep\/\"},{\"@type\":\"ListItem\",\"position\":3,\"name\":\"FISH THERAPY \u2013 GARRA RUFA\"}]},{\"@type\":\"WebSite\",\"@id\":\"https:\/\/shop.aquacity.sk\/#website\",\"url\":\"https:\/\/shop.aquacity.sk\/\",\"name\":\"ONLINE SHOP AquaCity Poprad\",\"description\":\"Ten prav\u00fd oddych pod Tatrami\",\"publisher\":{\"@id\":\"https:\/\/shop.aquacity.sk\/#organization\"},\"potentialAction\":[{\"@type\":\"SearchAction\",\"target\":{\"@type\":\"EntryPoint\",\"urlTemplate\":\"https:\/\/shop.aquacity.sk\/?s={search_term_string}\"},\"query-input\":{\"@type\":\"PropertyValueSpecification\",\"valueRequired\":true,\"valueName\":\"search_term_string\"}}],\"inLanguage\":\"pl-PL\"},{\"@type\":\"Organization\",\"@id\":\"https:\/\/shop.aquacity.sk\/#organization\",\"name\":\"ONLINE SHOP AquaCity Poprad\",\"url\":\"https:\/\/shop.aquacity.sk\/\",\"logo\":{\"@type\":\"ImageObject\",\"inLanguage\":\"pl-PL\",\"@id\":\"https:\/\/shop.aquacity.sk\/#\/schema\/logo\/image\/\",\"url\":\"https:\/\/shop.aquacity.sk\/wp-content\/uploads\/2020\/03\/logo-aquacity.svg\",\"contentUrl\":\"https:\/\/shop.aquacity.sk\/wp-content\/uploads\/2020\/03\/logo-aquacity.svg\",\"width\":209,\"height\":99,\"caption\":\"ONLINE SHOP AquaCity Poprad\"},\"image\":{\"@id\":\"https:\/\/shop.aquacity.sk\/#\/schema\/logo\/image\/\"}}]}<\/script>\n<!-- \/ Yoast SEO plugin. -->","yoast_head_json":{"title":"FISH THERAPY \u2013 GARRA RUFA - ONLINE SHOP AquaCity Poprad","robots":{"index":"index","follow":"follow","max-snippet":"max-snippet:-1","max-image-preview":"max-image-preview:large","max-video-preview":"max-video-preview:-1"},"canonical":"https:\/\/shop.aquacity.sk\/pl\/produkt\/fish_therapy-garra_rufa\/","og_locale":"pl_PL","og_type":"article","og_title":"FISH THERAPY \u2013 GARRA RUFA - ONLINE SHOP AquaCity Poprad","og_description":"DR. FISH THERAPY \u2013 pi\u0119kna i zdrowa sk\u00f3ra st\u00f3p.\u00a0Wypr\u00f3buj naszych najlepszych pedicurzyst\u00f3w \u2013 \u00a0rybki Garra Ruffa w Fire &amp; Water Wellness &amp; Spa. Oferujemy BIO pedicure z\u00a0pomoc\u0105 rybek Garra Rufa pochodz\u0105cych z\u00a0tureckich rzek. Rybki Garra Rufa bezbole\u015bnie usuwaj\u0105 nask\u00f3rek za pomoc\u0105 bezz\u0119bnych szcz\u0119k. W ich jamie g\u0119bowej produkowany jest ditranol \u2013 enzym, kt\u00f3ry natychmiast dezynfekuje wszelkie ranki i\u00a0ma w\u0142a\u015bciwo\u015bci goj\u0105ce. Zabieg dzia\u0142a \u0142agodz\u0105co, leczy choroby sk\u00f3ry, takie jak atopowe zapalenie sk\u00f3ry, tr\u0105dzik, grzybica, \u0142uszczyca, a\u00a0jednocze\u015bnie zapewnia delikatny peeling i\u00a0doskona\u0142y pedicure.","og_url":"https:\/\/shop.aquacity.sk\/pl\/produkt\/fish_therapy-garra_rufa\/","og_site_name":"ONLINE SHOP AquaCity Poprad","article_modified_time":"2023-03-20T13:59:57+00:00","og_image":[{"width":1280,"height":720,"url":"https:\/\/shop.aquacity.sk\/wp-content\/uploads\/2020\/03\/aquacity_poprad_gararuffa-1-4.jpg","type":"image\/jpeg"}],"twitter_card":"summary_large_image","twitter_misc":{"Szacowany czas czytania":"1 minuta"},"schema":{"@context":"https:\/\/schema.org","@graph":[{"@type":"WebPage","@id":"https:\/\/shop.aquacity.sk\/pl\/produkt\/fish_therapy-garra_rufa\/","url":"https:\/\/shop.aquacity.sk\/pl\/produkt\/fish_therapy-garra_rufa\/","name":"FISH THERAPY \u2013 GARRA RUFA - ONLINE SHOP AquaCity Poprad","isPartOf":{"@id":"https:\/\/shop.aquacity.sk\/#website"},"primaryImageOfPage":{"@id":"https:\/\/shop.aquacity.sk\/pl\/produkt\/fish_therapy-garra_rufa\/#primaryimage"},"image":{"@id":"https:\/\/shop.aquacity.sk\/pl\/produkt\/fish_therapy-garra_rufa\/#primaryimage"},"thumbnailUrl":"https:\/\/shop.aquacity.sk\/wp-content\/uploads\/2020\/03\/aquacity_poprad_gararuffa-1-4.jpg","datePublished":"2020-03-12T14:28:20+00:00","dateModified":"2023-03-20T13:59:57+00:00","breadcrumb":{"@id":"https:\/\/shop.aquacity.sk\/pl\/produkt\/fish_therapy-garra_rufa\/#breadcrumb"},"inLanguage":"pl-PL","potentialAction":[{"@type":"ReadAction","target":["https:\/\/shop.aquacity.sk\/pl\/produkt\/fish_therapy-garra_rufa\/"]}]},{"@type":"ImageObject","inLanguage":"pl-PL","@id":"https:\/\/shop.aquacity.sk\/pl\/produkt\/fish_therapy-garra_rufa\/#primaryimage","url":"https:\/\/shop.aquacity.sk\/wp-content\/uploads\/2020\/03\/aquacity_poprad_gararuffa-1-4.jpg","contentUrl":"https:\/\/shop.aquacity.sk\/wp-content\/uploads\/2020\/03\/aquacity_poprad_gararuffa-1-4.jpg","width":1280,"height":720,"caption":"FISH THERAPY \u2013 GARRA RUFA"},{"@type":"BreadcrumbList","@id":"https:\/\/shop.aquacity.sk\/pl\/produkt\/fish_therapy-garra_rufa\/#breadcrumb","itemListElement":[{"@type":"ListItem","position":1,"name":"Home","item":"https:\/\/shop.aquacity.sk\/"},{"@type":"ListItem","position":2,"name":"Sklep","item":"https:\/\/shop.aquacity.sk\/pl\/sklep\/"},{"@type":"ListItem","position":3,"name":"FISH THERAPY \u2013 GARRA RUFA"}]},{"@type":"WebSite","@id":"https:\/\/shop.aquacity.sk\/#website","url":"https:\/\/shop.aquacity.sk\/","name":"ONLINE SHOP AquaCity Poprad","description":"Ten prav\u00fd oddych pod Tatrami","publisher":{"@id":"https:\/\/shop.aquacity.sk\/#organization"},"potentialAction":[{"@type":"SearchAction","target":{"@type":"EntryPoint","urlTemplate":"https:\/\/shop.aquacity.sk\/?s={search_term_string}"},"query-input":{"@type":"PropertyValueSpecification","valueRequired":true,"valueName":"search_term_string"}}],"inLanguage":"pl-PL"},{"@type":"Organization","@id":"https:\/\/shop.aquacity.sk\/#organization","name":"ONLINE SHOP AquaCity Poprad","url":"https:\/\/shop.aquacity.sk\/","logo":{"@type":"ImageObject","inLanguage":"pl-PL","@id":"https:\/\/shop.aquacity.sk\/#\/schema\/logo\/image\/","url":"https:\/\/shop.aquacity.sk\/wp-content\/uploads\/2020\/03\/logo-aquacity.svg","contentUrl":"https:\/\/shop.aquacity.sk\/wp-content\/uploads\/2020\/03\/logo-aquacity.svg","width":209,"height":99,"caption":"ONLINE SHOP AquaCity Poprad"},"image":{"@id":"https:\/\/shop.aquacity.sk\/#\/schema\/logo\/image\/"}}]}},"_links":{"self":[{"href":"https:\/\/shop.aquacity.sk\/pl\/wp-json\/wp\/v2\/product\/96745","targetHints":{"allow":["GET"]}}],"collection":[{"href":"https:\/\/shop.aquacity.sk\/pl\/wp-json\/wp\/v2\/product"}],"about":[{"href":"https:\/\/shop.aquacity.sk\/pl\/wp-json\/wp\/v2\/types\/product"}],"wp:featuredmedia":[{"embeddable":true,"href":"https:\/\/shop.aquacity.sk\/pl\/wp-json\/wp\/v2\/media\/96746"}],"wp:attachment":[{"href":"https:\/\/shop.aquacity.sk\/pl\/wp-json\/wp\/v2\/media?parent=96745"}],"wp:term":[{"taxonomy":"product_brand","embeddable":true,"href":"https:\/\/shop.aquacity.sk\/pl\/wp-json\/wp\/v2\/product_brand?post=96745"},{"taxonomy":"product_cat","embeddable":true,"href":"https:\/\/shop.aquacity.sk\/pl\/wp-json\/wp\/v2\/product_cat?post=96745"},{"taxonomy":"product_tag","embeddable":true,"href":"https:\/\/shop.aquacity.sk\/pl\/wp-json\/wp\/v2\/product_tag?post=96745"}],"curies":[{"name":"wp","href":"https:\/\/api.w.org\/{rel}","templated":true}]}}