{"id":373975,"date":"2026-04-20T10:20:17","date_gmt":"2026-04-20T08:20:17","guid":{"rendered":"https:\/\/shop.aquacity.sk\/?post_type=product&#038;p=373975"},"modified":"2026-04-20T15:19:33","modified_gmt":"2026-04-20T13:19:33","slug":"oldies-party-radia-vlna","status":"publish","type":"product","link":"https:\/\/shop.aquacity.sk\/pl\/produkt\/oldies-party-radia-vlna\/","title":{"rendered":"OLDIES PARTY RADIA VLNA 6.6.2026"},"content":{"rendered":"<h2>Opis produktu<\/h2>\n<p data-start=\"844\" data-end=\"904\">Wst\u0119p dla 1 osoby na Vlna Oldies Party<br \/>\nOldies Party Radia Vlna w strefie zewn\u0119trznej oraz w basenach Blue Sapphire w godzinach 18:00\u201323:00.<br data-start=\"1006\" data-end=\"1009\" \/>Wyst\u0119puj\u0105: g\u0142\u00f3wny go\u015b\u0107 <strong data-start=\"1032\" data-end=\"1073\"><span class=\"hover:entity-accent entity-underline inline cursor-pointer align-baseline\"><span class=\"whitespace-normal\">Sagvan Tofi<\/span><\/span><\/strong>, prowadz\u0105cy <strong data-start=\"1086\" data-end=\"1127\"><span class=\"hover:entity-accent entity-underline inline cursor-pointer align-baseline\"><span class=\"whitespace-normal\">Milan \u0160vikruha<\/span><\/span><\/strong> oraz DJ <strong data-start=\"1136\" data-end=\"1177\"><span class=\"hover:entity-accent entity-underline inline cursor-pointer align-baseline\"><span class=\"whitespace-normal\">Peter Hurajt<\/span><\/span><\/strong>.<\/p>\n<p data-start=\"1180\" data-end=\"1457\"><strong data-start=\"1180\" data-end=\"1220\">Aquapark (wej\u015bcie od 17:00 do 20:00)<\/strong><br data-start=\"1220\" data-end=\"1223\" \/>Strefa relaksu \u2013 3 zewn\u0119trzne baseny termalne z atrakcjami wodnymi, 2 wewn\u0119trzne baseny termalne Blue Diamond z barami,<br data-start=\"1342\" data-end=\"1345\" \/>basen p\u0142ywacki 50 m, sauna parowa, wewn\u0119trzny \u015bwiat dla dzieci Treasure Island, k\u0105ciki dzieci\u0119ce i place zabaw<\/p>\n<h2>Wa\u017cno\u015b\u0107<\/h2>\n<p><strong>Voucher jest wa\u017cny wy\u0142\u0105cznie w dniu 6.6.2026.<\/strong> Realizacja zam\u00f3wienia odbywa si\u0119 w kasie Aquaparku AquaCity Poprad.<\/p>\n","protected":false},"excerpt":{"rendered":"<p data-start=\"176\" data-end=\"235\"><strong data-start=\"176\" data-end=\"203\">OLDIES PARTY Radia Vlna<\/strong><br data-start=\"203\" data-end=\"206\" \/><strong data-start=\"206\" data-end=\"235\">Ponadczasowe hity wracaj\u0105<\/strong><\/p>\n<p data-start=\"237\" data-end=\"347\">Zapraszamy wszystkich fan\u00f3w dobrej muzyki i wyj\u0105tkowej atmosfery na niezapomniany wiecz\u00f3r w AquaCity Poprad.<\/p>\n<p data-start=\"349\" data-end=\"596\">W sobot\u0119 <strong data-start=\"358\" data-end=\"370\">6.6.2026<\/strong> strefa zewn\u0119trzna oraz baseny Blue Sapphire zamieni\u0105 si\u0119 w parkiet taneczny pe\u0142en najwi\u0119kszych hit\u00f3w lat 70., 80. i 90. Czeka na Was noc pe\u0142na muzyki, wspomnie\u0144 i energii, kt\u00f3ra przeniesie Was z powrotem do najlepszych lat.<\/p>\n<p data-start=\"598\" data-end=\"793\">O wyj\u0105tkow\u0105 atmosfer\u0119 zadba g\u0142\u00f3wny go\u015b\u0107 <strong data-start=\"638\" data-end=\"679\"><span class=\"hover:entity-accent entity-underline inline cursor-pointer align-baseline\"><span class=\"whitespace-normal\">Sagvan Tofi<\/span><\/span><\/strong>, prowadz\u0105cy wieczoru <strong data-start=\"701\" data-end=\"742\"><span class=\"hover:entity-accent entity-underline inline cursor-pointer align-baseline\"><span class=\"whitespace-normal\">Milan \u0160vikruha<\/span><\/span><\/strong> oraz DJ <strong data-start=\"751\" data-end=\"792\"><span class=\"hover:entity-accent entity-underline inline cursor-pointer align-baseline\"><span class=\"whitespace-normal\">Peter Hurajt<\/span><\/span><\/strong>.<\/p>\n<p data-start=\"795\" data-end=\"844\">\ud83c\udfa7 Start o 18:00<br data-start=\"811\" data-end=\"814\" \/>\ud83d\udeaa Wej\u015bcie na teren od 17:00<\/p>\n<p data-start=\"846\" data-end=\"1061\">W cenie biletu:<br data-start=\"861\" data-end=\"864\" \/>\u2013 wst\u0119p na <strong>Oldies Party Radia Vlna<\/strong><br data-start=\"898\" data-end=\"901\" \/>\u2013 wst\u0119p do <strong>wszystkich basen\u00f3w aquaparku do godziny 20:00<\/strong><br data-start=\"957\" data-end=\"960\" \/>\u2013 po 20:00 otwarte pozostaj\u0105 baseny Blue Sapphire oraz strefa zewn\u0119trzna (przy sprzyjaj\u0105cej pogodzie)<\/p>\n<p data-start=\"1063\" data-end=\"1195\">\ud83c\udf9f\ufe0f <strong data-start=\"1067\" data-end=\"1086\">CENNIK BILET\u00d3W:<\/strong><br data-start=\"1086\" data-end=\"1089\" \/>\u2013 Przedsprzeda\u017c do 15.5.2026: 15 \u20ac<br data-start=\"1123\" data-end=\"1126\" \/>\u2013 Od 16.5. do 5.6.2026: 20 \u20ac<br data-start=\"1154\" data-end=\"1157\" \/>\u2013 W dniu wydarzenia (6.6.2026): 25 \u20ac<\/p>\n<p data-start=\"1197\" data-end=\"1328\">Prze\u017cyj wyj\u0105tkowe po\u0142\u0105czenie muzyki, wody i letniej atmosfery. To nie b\u0119dzie zwyk\u0142a impreza \u2013 to b\u0119dzie powr\u00f3t do z\u0142otych czas\u00f3w.<\/p>\n<p data-start=\"1330\" data-end=\"1385\">Dzieci do 5,99 lat lub do 120 cm wzrostu \u2013 wst\u0119p za 1 \u20ac<\/p>\n","protected":false},"featured_media":374032,"template":"","meta":{"_acf_changed":false,"site-sidebar-layout":"default","site-content-layout":"default","ast-global-header-display":"","ast-main-header-display":"","ast-hfb-above-header-display":"","ast-hfb-below-header-display":"","ast-hfb-mobile-header-display":"","site-post-title":"","ast-breadcrumbs-content":"","ast-featured-img":"","footer-sml-layout":"","theme-transparent-header-meta":"default","adv-header-id-meta":"","stick-header-meta":"","header-above-stick-meta":"","header-main-stick-meta":"","header-below-stick-meta":""},"product_brand":[],"product_cat":[72],"product_tag":[],"class_list":{"0":"post-373975","1":"product","2":"type-product","3":"status-publish","4":"has-post-thumbnail","6":"product_cat-sprzedaz","7":"desktop-align-left","8":"tablet-align-left","9":"mobile-align-left","11":"first","12":"instock","13":"taxable","14":"shipping-taxable","15":"purchasable","16":"product-type-variable"},"acf":[],"yoast_head":"<!-- This site is optimized with the Yoast SEO plugin v26.2 - https:\/\/yoast.com\/wordpress\/plugins\/seo\/ -->\n<title>OLDIES PARTY RADIA VLNA 6.6.2026 - ONLINE SHOP AquaCity Poprad<\/title>\n<meta name=\"robots\" content=\"index, follow, max-snippet:-1, max-image-preview:large, max-video-preview:-1\" \/>\n<link rel=\"canonical\" href=\"https:\/\/shop.aquacity.sk\/pl\/produkt\/oldies-party-radia-vlna\/\" \/>\n<meta property=\"og:locale\" content=\"pl_PL\" \/>\n<meta property=\"og:type\" content=\"article\" \/>\n<meta property=\"og:title\" content=\"OLDIES PARTY RADIA VLNA 6.6.2026 - ONLINE SHOP AquaCity Poprad\" \/>\n<meta property=\"og:description\" content=\"OLDIES PARTY Radia VlnaPonadczasowe hity wracaj\u0105 Zapraszamy wszystkich fan\u00f3w dobrej muzyki i wyj\u0105tkowej atmosfery na niezapomniany wiecz\u00f3r w AquaCity Poprad. W sobot\u0119 6.6.2026 strefa zewn\u0119trzna oraz baseny Blue Sapphire zamieni\u0105 si\u0119 w parkiet taneczny pe\u0142en najwi\u0119kszych hit\u00f3w lat 70., 80. i 90. Czeka na Was noc pe\u0142na muzyki, wspomnie\u0144 i energii, kt\u00f3ra przeniesie Was z powrotem do najlepszych lat. O wyj\u0105tkow\u0105 atmosfer\u0119 zadba g\u0142\u00f3wny go\u015b\u0107 Sagvan Tofi, prowadz\u0105cy wieczoru Milan \u0160vikruha oraz DJ Peter Hurajt. \ud83c\udfa7 Start o 18:00\ud83d\udeaa Wej\u015bcie na teren od 17:00 W cenie biletu:\u2013 wst\u0119p na Oldies Party Radia Vlna\u2013 wst\u0119p do wszystkich basen\u00f3w aquaparku do godziny 20:00\u2013 po 20:00 otwarte pozostaj\u0105 baseny Blue Sapphire oraz strefa zewn\u0119trzna (przy sprzyjaj\u0105cej pogodzie) \ud83c\udf9f\ufe0f CENNIK BILET\u00d3W:\u2013 Przedsprzeda\u017c do 15.5.2026: 15 \u20ac\u2013 Od 16.5. do 5.6.2026: 20 \u20ac\u2013 W dniu wydarzenia (6.6.2026): 25 \u20ac Prze\u017cyj wyj\u0105tkowe po\u0142\u0105czenie muzyki, wody i letniej atmosfery. To nie b\u0119dzie zwyk\u0142a impreza \u2013 to b\u0119dzie powr\u00f3t do z\u0142otych czas\u00f3w. Dzieci do 5,99 lat lub do 120 cm wzrostu \u2013 wst\u0119p za 1 \u20ac\" \/>\n<meta property=\"og:url\" content=\"https:\/\/shop.aquacity.sk\/pl\/produkt\/oldies-party-radia-vlna\/\" \/>\n<meta property=\"og:site_name\" content=\"ONLINE SHOP AquaCity Poprad\" \/>\n<meta property=\"article:modified_time\" content=\"2026-04-20T13:19:33+00:00\" \/>\n<meta property=\"og:image\" content=\"https:\/\/shop.aquacity.sk\/wp-content\/uploads\/2026\/04\/Radio_Vlna_2026_KOCKA.jpg\" \/>\n\t<meta property=\"og:image:width\" content=\"2250\" \/>\n\t<meta property=\"og:image:height\" content=\"2250\" \/>\n\t<meta property=\"og:image:type\" content=\"image\/jpeg\" \/>\n<meta name=\"twitter:card\" content=\"summary_large_image\" \/>\n<meta name=\"twitter:label1\" content=\"Szacowany czas czytania\" \/>\n\t<meta name=\"twitter:data1\" content=\"1 minuta\" \/>\n<script type=\"application\/ld+json\" class=\"yoast-schema-graph\">{\"@context\":\"https:\/\/schema.org\",\"@graph\":[{\"@type\":\"WebPage\",\"@id\":\"https:\/\/shop.aquacity.sk\/pl\/produkt\/oldies-party-radia-vlna\/\",\"url\":\"https:\/\/shop.aquacity.sk\/pl\/produkt\/oldies-party-radia-vlna\/\",\"name\":\"OLDIES PARTY RADIA VLNA 6.6.2026 - ONLINE SHOP AquaCity Poprad\",\"isPartOf\":{\"@id\":\"https:\/\/shop.aquacity.sk\/#website\"},\"primaryImageOfPage\":{\"@id\":\"https:\/\/shop.aquacity.sk\/pl\/produkt\/oldies-party-radia-vlna\/#primaryimage\"},\"image\":{\"@id\":\"https:\/\/shop.aquacity.sk\/pl\/produkt\/oldies-party-radia-vlna\/#primaryimage\"},\"thumbnailUrl\":\"https:\/\/shop.aquacity.sk\/wp-content\/uploads\/2026\/04\/Radio_Vlna_2026_KOCKA.jpg\",\"datePublished\":\"2026-04-20T08:20:17+00:00\",\"dateModified\":\"2026-04-20T13:19:33+00:00\",\"breadcrumb\":{\"@id\":\"https:\/\/shop.aquacity.sk\/pl\/produkt\/oldies-party-radia-vlna\/#breadcrumb\"},\"inLanguage\":\"pl-PL\",\"potentialAction\":[{\"@type\":\"ReadAction\",\"target\":[\"https:\/\/shop.aquacity.sk\/pl\/produkt\/oldies-party-radia-vlna\/\"]}]},{\"@type\":\"ImageObject\",\"inLanguage\":\"pl-PL\",\"@id\":\"https:\/\/shop.aquacity.sk\/pl\/produkt\/oldies-party-radia-vlna\/#primaryimage\",\"url\":\"https:\/\/shop.aquacity.sk\/wp-content\/uploads\/2026\/04\/Radio_Vlna_2026_KOCKA.jpg\",\"contentUrl\":\"https:\/\/shop.aquacity.sk\/wp-content\/uploads\/2026\/04\/Radio_Vlna_2026_KOCKA.jpg\",\"width\":2250,\"height\":2250},{\"@type\":\"BreadcrumbList\",\"@id\":\"https:\/\/shop.aquacity.sk\/pl\/produkt\/oldies-party-radia-vlna\/#breadcrumb\",\"itemListElement\":[{\"@type\":\"ListItem\",\"position\":1,\"name\":\"Home\",\"item\":\"https:\/\/shop.aquacity.sk\/\"},{\"@type\":\"ListItem\",\"position\":2,\"name\":\"Sklep\",\"item\":\"https:\/\/shop.aquacity.sk\/pl\/sklep\/\"},{\"@type\":\"ListItem\",\"position\":3,\"name\":\"OLDIES PARTY RADIA VLNA 6.6.2026\"}]},{\"@type\":\"WebSite\",\"@id\":\"https:\/\/shop.aquacity.sk\/#website\",\"url\":\"https:\/\/shop.aquacity.sk\/\",\"name\":\"ONLINE SHOP AquaCity Poprad\",\"description\":\"Ten prav\u00fd oddych pod Tatrami\",\"publisher\":{\"@id\":\"https:\/\/shop.aquacity.sk\/#organization\"},\"potentialAction\":[{\"@type\":\"SearchAction\",\"target\":{\"@type\":\"EntryPoint\",\"urlTemplate\":\"https:\/\/shop.aquacity.sk\/?s={search_term_string}\"},\"query-input\":{\"@type\":\"PropertyValueSpecification\",\"valueRequired\":true,\"valueName\":\"search_term_string\"}}],\"inLanguage\":\"pl-PL\"},{\"@type\":\"Organization\",\"@id\":\"https:\/\/shop.aquacity.sk\/#organization\",\"name\":\"ONLINE SHOP AquaCity Poprad\",\"url\":\"https:\/\/shop.aquacity.sk\/\",\"logo\":{\"@type\":\"ImageObject\",\"inLanguage\":\"pl-PL\",\"@id\":\"https:\/\/shop.aquacity.sk\/#\/schema\/logo\/image\/\",\"url\":\"https:\/\/shop.aquacity.sk\/wp-content\/uploads\/2020\/03\/logo-aquacity.svg\",\"contentUrl\":\"https:\/\/shop.aquacity.sk\/wp-content\/uploads\/2020\/03\/logo-aquacity.svg\",\"width\":209,\"height\":99,\"caption\":\"ONLINE SHOP AquaCity Poprad\"},\"image\":{\"@id\":\"https:\/\/shop.aquacity.sk\/#\/schema\/logo\/image\/\"}}]}<\/script>\n<!-- \/ Yoast SEO plugin. -->","yoast_head_json":{"title":"OLDIES PARTY RADIA VLNA 6.6.2026 - ONLINE SHOP AquaCity Poprad","robots":{"index":"index","follow":"follow","max-snippet":"max-snippet:-1","max-image-preview":"max-image-preview:large","max-video-preview":"max-video-preview:-1"},"canonical":"https:\/\/shop.aquacity.sk\/pl\/produkt\/oldies-party-radia-vlna\/","og_locale":"pl_PL","og_type":"article","og_title":"OLDIES PARTY RADIA VLNA 6.6.2026 - ONLINE SHOP AquaCity Poprad","og_description":"OLDIES PARTY Radia VlnaPonadczasowe hity wracaj\u0105 Zapraszamy wszystkich fan\u00f3w dobrej muzyki i wyj\u0105tkowej atmosfery na niezapomniany wiecz\u00f3r w AquaCity Poprad. W sobot\u0119 6.6.2026 strefa zewn\u0119trzna oraz baseny Blue Sapphire zamieni\u0105 si\u0119 w parkiet taneczny pe\u0142en najwi\u0119kszych hit\u00f3w lat 70., 80. i 90. Czeka na Was noc pe\u0142na muzyki, wspomnie\u0144 i energii, kt\u00f3ra przeniesie Was z powrotem do najlepszych lat. O wyj\u0105tkow\u0105 atmosfer\u0119 zadba g\u0142\u00f3wny go\u015b\u0107 Sagvan Tofi, prowadz\u0105cy wieczoru Milan \u0160vikruha oraz DJ Peter Hurajt. \ud83c\udfa7 Start o 18:00\ud83d\udeaa Wej\u015bcie na teren od 17:00 W cenie biletu:\u2013 wst\u0119p na Oldies Party Radia Vlna\u2013 wst\u0119p do wszystkich basen\u00f3w aquaparku do godziny 20:00\u2013 po 20:00 otwarte pozostaj\u0105 baseny Blue Sapphire oraz strefa zewn\u0119trzna (przy sprzyjaj\u0105cej pogodzie) \ud83c\udf9f\ufe0f CENNIK BILET\u00d3W:\u2013 Przedsprzeda\u017c do 15.5.2026: 15 \u20ac\u2013 Od 16.5. do 5.6.2026: 20 \u20ac\u2013 W dniu wydarzenia (6.6.2026): 25 \u20ac Prze\u017cyj wyj\u0105tkowe po\u0142\u0105czenie muzyki, wody i letniej atmosfery. To nie b\u0119dzie zwyk\u0142a impreza \u2013 to b\u0119dzie powr\u00f3t do z\u0142otych czas\u00f3w. Dzieci do 5,99 lat lub do 120 cm wzrostu \u2013 wst\u0119p za 1 \u20ac","og_url":"https:\/\/shop.aquacity.sk\/pl\/produkt\/oldies-party-radia-vlna\/","og_site_name":"ONLINE SHOP AquaCity Poprad","article_modified_time":"2026-04-20T13:19:33+00:00","og_image":[{"width":2250,"height":2250,"url":"https:\/\/shop.aquacity.sk\/wp-content\/uploads\/2026\/04\/Radio_Vlna_2026_KOCKA.jpg","type":"image\/jpeg"}],"twitter_card":"summary_large_image","twitter_misc":{"Szacowany czas czytania":"1 minuta"},"schema":{"@context":"https:\/\/schema.org","@graph":[{"@type":"WebPage","@id":"https:\/\/shop.aquacity.sk\/pl\/produkt\/oldies-party-radia-vlna\/","url":"https:\/\/shop.aquacity.sk\/pl\/produkt\/oldies-party-radia-vlna\/","name":"OLDIES PARTY RADIA VLNA 6.6.2026 - ONLINE SHOP AquaCity Poprad","isPartOf":{"@id":"https:\/\/shop.aquacity.sk\/#website"},"primaryImageOfPage":{"@id":"https:\/\/shop.aquacity.sk\/pl\/produkt\/oldies-party-radia-vlna\/#primaryimage"},"image":{"@id":"https:\/\/shop.aquacity.sk\/pl\/produkt\/oldies-party-radia-vlna\/#primaryimage"},"thumbnailUrl":"https:\/\/shop.aquacity.sk\/wp-content\/uploads\/2026\/04\/Radio_Vlna_2026_KOCKA.jpg","datePublished":"2026-04-20T08:20:17+00:00","dateModified":"2026-04-20T13:19:33+00:00","breadcrumb":{"@id":"https:\/\/shop.aquacity.sk\/pl\/produkt\/oldies-party-radia-vlna\/#breadcrumb"},"inLanguage":"pl-PL","potentialAction":[{"@type":"ReadAction","target":["https:\/\/shop.aquacity.sk\/pl\/produkt\/oldies-party-radia-vlna\/"]}]},{"@type":"ImageObject","inLanguage":"pl-PL","@id":"https:\/\/shop.aquacity.sk\/pl\/produkt\/oldies-party-radia-vlna\/#primaryimage","url":"https:\/\/shop.aquacity.sk\/wp-content\/uploads\/2026\/04\/Radio_Vlna_2026_KOCKA.jpg","contentUrl":"https:\/\/shop.aquacity.sk\/wp-content\/uploads\/2026\/04\/Radio_Vlna_2026_KOCKA.jpg","width":2250,"height":2250},{"@type":"BreadcrumbList","@id":"https:\/\/shop.aquacity.sk\/pl\/produkt\/oldies-party-radia-vlna\/#breadcrumb","itemListElement":[{"@type":"ListItem","position":1,"name":"Home","item":"https:\/\/shop.aquacity.sk\/"},{"@type":"ListItem","position":2,"name":"Sklep","item":"https:\/\/shop.aquacity.sk\/pl\/sklep\/"},{"@type":"ListItem","position":3,"name":"OLDIES PARTY RADIA VLNA 6.6.2026"}]},{"@type":"WebSite","@id":"https:\/\/shop.aquacity.sk\/#website","url":"https:\/\/shop.aquacity.sk\/","name":"ONLINE SHOP AquaCity Poprad","description":"Ten prav\u00fd oddych pod Tatrami","publisher":{"@id":"https:\/\/shop.aquacity.sk\/#organization"},"potentialAction":[{"@type":"SearchAction","target":{"@type":"EntryPoint","urlTemplate":"https:\/\/shop.aquacity.sk\/?s={search_term_string}"},"query-input":{"@type":"PropertyValueSpecification","valueRequired":true,"valueName":"search_term_string"}}],"inLanguage":"pl-PL"},{"@type":"Organization","@id":"https:\/\/shop.aquacity.sk\/#organization","name":"ONLINE SHOP AquaCity Poprad","url":"https:\/\/shop.aquacity.sk\/","logo":{"@type":"ImageObject","inLanguage":"pl-PL","@id":"https:\/\/shop.aquacity.sk\/#\/schema\/logo\/image\/","url":"https:\/\/shop.aquacity.sk\/wp-content\/uploads\/2020\/03\/logo-aquacity.svg","contentUrl":"https:\/\/shop.aquacity.sk\/wp-content\/uploads\/2020\/03\/logo-aquacity.svg","width":209,"height":99,"caption":"ONLINE SHOP AquaCity Poprad"},"image":{"@id":"https:\/\/shop.aquacity.sk\/#\/schema\/logo\/image\/"}}]}},"_links":{"self":[{"href":"https:\/\/shop.aquacity.sk\/pl\/wp-json\/wp\/v2\/product\/373975","targetHints":{"allow":["GET"]}}],"collection":[{"href":"https:\/\/shop.aquacity.sk\/pl\/wp-json\/wp\/v2\/product"}],"about":[{"href":"https:\/\/shop.aquacity.sk\/pl\/wp-json\/wp\/v2\/types\/product"}],"wp:featuredmedia":[{"embeddable":true,"href":"https:\/\/shop.aquacity.sk\/pl\/wp-json\/wp\/v2\/media\/374032"}],"wp:attachment":[{"href":"https:\/\/shop.aquacity.sk\/pl\/wp-json\/wp\/v2\/media?parent=373975"}],"wp:term":[{"taxonomy":"product_brand","embeddable":true,"href":"https:\/\/shop.aquacity.sk\/pl\/wp-json\/wp\/v2\/product_brand?post=373975"},{"taxonomy":"product_cat","embeddable":true,"href":"https:\/\/shop.aquacity.sk\/pl\/wp-json\/wp\/v2\/product_cat?post=373975"},{"taxonomy":"product_tag","embeddable":true,"href":"https:\/\/shop.aquacity.sk\/pl\/wp-json\/wp\/v2\/product_tag?post=373975"}],"curies":[{"name":"wp","href":"https:\/\/api.w.org\/{rel}","templated":true}]}}