{"id":370366,"date":"2026-04-09T13:55:38","date_gmt":"2026-04-09T11:55:38","guid":{"rendered":"https:\/\/shop.aquacity.sk\/?post_type=product&#038;p=370366"},"modified":"2026-04-09T14:59:35","modified_gmt":"2026-04-09T12:59:35","slug":"kwietniowawyprzedazwellness","status":"publish","type":"product","link":"https:\/\/shop.aquacity.sk\/pl\/produkt\/kwietniowawyprzedazwellness\/","title":{"rendered":"KWIETNIOWA WYPRZEDA\u017b \u2013 PAKIET WELLNESS -35%"},"content":{"rendered":"<div class=\"woocommerce-tabs wc-tabs-wrapper\">\n<div id=\"tab-description\" class=\"woocommerce-Tabs-panel woocommerce-Tabs-panel--description panel entry-content wc-tab\" role=\"tabpanel\" aria-labelledby=\"tab-title-description\">\n<h2>Opis produktu<\/h2>\n<h3 data-start=\"0\" data-end=\"59\"><strong data-start=\"4\" data-end=\"57\">Wej\u015bcie dla 1 osoby do basen\u00f3w i centrum wellness<br \/>\n<\/strong><strong data-start=\"65\" data-end=\"118\">Fire &amp; Water Wellness &amp; Spa (Jednorazowe wej\u015bcie)<\/strong><\/h3>\n<p data-start=\"122\" data-end=\"271\">Jednorazowe wej\u015bcie do centrum wellness, maksymalnie na 3 godziny.<br data-start=\"188\" data-end=\"191\" \/>Ca\u0142odniowy dost\u0119p do wszystkich wewn\u0119trznych i zewn\u0119trznych basen\u00f3w aquaparku.<br \/>\n8 saun i inhalacji (ceremonialna, solna, mentolowa, parowa, sucha, infrared sauna).<br data-start=\"356\" data-end=\"359\" \/>Basen relaksacyjny z jacuzzi, dyszami masuj\u0105cymi i Zatok\u0105 Mi\u0142o\u015bci, Jacuzzi, pokoje relaksacyjne z biokominkami, \u015bnie\u017cna grota.<\/p>\n<h3 data-start=\"491\" data-end=\"530\"><strong data-start=\"495\" data-end=\"528\">Aquapark (Ca\u0142odniowe wej\u015bcie)<\/strong><\/h3>\n<p data-start=\"46\" data-end=\"279\"><strong data-start=\"116\" data-end=\"134\">Strefa relaksu<\/strong> \u2013 zewn\u0119trzne termalne baseny z atrakcjami wodnymi, 2 kryte termalne baseny Blue Diamond z barami,<br data-start=\"234\" data-end=\"237\" \/>50-metrowy basen p\u0142ywacki, sauna parowa.<br \/>\n<strong data-start=\"281\" data-end=\"298\">Strefa zabawy<\/strong> \u2013 kryte baseny relaksacyjne Blue Sapphire, wewn\u0119trzny dzieci\u0119cy \u015bwiat Treasure Island \u2013 Wyspa Skarb\u00f3w,<br data-start=\"401\" data-end=\"404\" \/>k\u0105ciki i place zabaw dla dzieci.<\/p>\n<h2>Wa\u017cno\u015b\u0107<\/h2>\n<p><strong>Voucher jest wa\u017cny do 30.6.2026 i nie mo\u017cna go wykorzysta\u0107 w dniu zakupu.<\/strong><br \/>\nSwoje zam\u00f3wienie za\u0142atwisz na kasie na 2 pi\u0119trze w Aquaparku AquaCity Poprad.<\/p>\n<\/div>\n<\/div>\n<section class=\"related products\"><\/section>\n","protected":false},"excerpt":{"rendered":"<p data-start=\"682\" data-end=\"843\">\ud83c\udf3f <strong>KWIETNIOWE ZNI\u017bKI W AQUACITY POPRAD<\/strong> \ud83d\udca6<br data-start=\"723\" data-end=\"726\" \/>Skorzystaj ze zni\u017cek do 35% na bilety do Aquaparku i Centrum Wellness i ciesz si\u0119 dniem pe\u0142nym relaksu i regeneracji. Korzystaj z basen\u00f3w wewn\u0119trznych i zewn\u0119trznych, zje\u017cd\u017calni oraz atrakcji wodnych dla dzieci i doros\u0142ych lub zrelaksuj si\u0119 w strefie wellness. Ciep\u0142a woda termalna, sauny i wiosenna atmosfera pod Tatrami tworz\u0105 idealne po\u0142\u0105czenie odpoczynku i zabawy.<br \/>\nNiezale\u017cnie od tego, czy przyjdziesz z rodzin\u0105, przyjaci\u00f3\u0142mi, czy po prostu chcesz na chwil\u0119 odpocz\u0105\u0107, AquaCity Poprad to miejsce, gdzie wiosenny relaks staje si\u0119 prawdziwym prze\u017cyciem.<\/p>\n<p><span style=\"color: #ff0000;\"><strong>Bilety do Aquaparku i centrum wellness nale\u017cy zakupi\u0107 co najmniej 1 dzie\u0144 wcze\u015bniej. Nie obowi\u0105zuj\u0105 w dniu zakupu. Dzieci poni\u017cej 12. roku \u017cycia nie maj\u0105 wst\u0119pu do centrum wellness.<\/strong><\/span><\/p>\n","protected":false},"featured_media":370379,"template":"","meta":{"_acf_changed":false,"site-sidebar-layout":"default","site-content-layout":"default","ast-global-header-display":"","ast-main-header-display":"","ast-hfb-above-header-display":"","ast-hfb-below-header-display":"","ast-hfb-mobile-header-display":"","site-post-title":"","ast-breadcrumbs-content":"","ast-featured-img":"","footer-sml-layout":"","theme-transparent-header-meta":"default","adv-header-id-meta":"","stick-header-meta":"","header-above-stick-meta":"","header-main-stick-meta":"","header-below-stick-meta":""},"product_brand":[],"product_cat":[72],"product_tag":[],"class_list":{"0":"post-370366","1":"product","2":"type-product","3":"status-publish","4":"has-post-thumbnail","6":"product_cat-sprzedaz","7":"desktop-align-left","8":"tablet-align-left","9":"mobile-align-left","11":"first","12":"instock","13":"sale","14":"taxable","15":"shipping-taxable","16":"purchasable","17":"product-type-variable"},"acf":[],"yoast_head":"<!-- This site is optimized with the Yoast SEO plugin v26.2 - https:\/\/yoast.com\/wordpress\/plugins\/seo\/ -->\n<title>KWIETNIOWA WYPRZEDA\u017b \u2013 PAKIET WELLNESS -35% - ONLINE SHOP AquaCity Poprad<\/title>\n<meta name=\"robots\" content=\"index, follow, max-snippet:-1, max-image-preview:large, max-video-preview:-1\" \/>\n<link rel=\"canonical\" href=\"https:\/\/shop.aquacity.sk\/pl\/produkt\/kwietniowawyprzedazwellness\/\" \/>\n<meta property=\"og:locale\" content=\"pl_PL\" \/>\n<meta property=\"og:type\" content=\"article\" \/>\n<meta property=\"og:title\" content=\"KWIETNIOWA WYPRZEDA\u017b \u2013 PAKIET WELLNESS -35% - ONLINE SHOP AquaCity Poprad\" \/>\n<meta property=\"og:description\" content=\"\ud83c\udf3f KWIETNIOWE ZNI\u017bKI W AQUACITY POPRAD \ud83d\udca6Skorzystaj ze zni\u017cek do 35% na bilety do Aquaparku i Centrum Wellness i ciesz si\u0119 dniem pe\u0142nym relaksu i regeneracji. Korzystaj z basen\u00f3w wewn\u0119trznych i zewn\u0119trznych, zje\u017cd\u017calni oraz atrakcji wodnych dla dzieci i doros\u0142ych lub zrelaksuj si\u0119 w strefie wellness. Ciep\u0142a woda termalna, sauny i wiosenna atmosfera pod Tatrami tworz\u0105 idealne po\u0142\u0105czenie odpoczynku i zabawy. Niezale\u017cnie od tego, czy przyjdziesz z rodzin\u0105, przyjaci\u00f3\u0142mi, czy po prostu chcesz na chwil\u0119 odpocz\u0105\u0107, AquaCity Poprad to miejsce, gdzie wiosenny relaks staje si\u0119 prawdziwym prze\u017cyciem. Bilety do Aquaparku i centrum wellness nale\u017cy zakupi\u0107 co najmniej 1 dzie\u0144 wcze\u015bniej. Nie obowi\u0105zuj\u0105 w dniu zakupu. Dzieci poni\u017cej 12. roku \u017cycia nie maj\u0105 wst\u0119pu do centrum wellness.\" \/>\n<meta property=\"og:url\" content=\"https:\/\/shop.aquacity.sk\/pl\/produkt\/kwietniowawyprzedazwellness\/\" \/>\n<meta property=\"og:site_name\" content=\"ONLINE SHOP AquaCity Poprad\" \/>\n<meta property=\"article:modified_time\" content=\"2026-04-09T12:59:35+00:00\" \/>\n<meta property=\"og:image\" content=\"https:\/\/shop.aquacity.sk\/wp-content\/uploads\/2026\/04\/Google_Aquapark_Wellness_Aprilova_Akcia_2026_1080x1080_WEB_AQUAPARK.jpg\" \/>\n\t<meta property=\"og:image:width\" content=\"1080\" \/>\n\t<meta property=\"og:image:height\" content=\"1080\" \/>\n\t<meta property=\"og:image:type\" content=\"image\/jpeg\" \/>\n<meta name=\"twitter:card\" content=\"summary_large_image\" \/>\n<meta name=\"twitter:label1\" content=\"Szacowany czas czytania\" \/>\n\t<meta name=\"twitter:data1\" content=\"1 minuta\" \/>\n<script type=\"application\/ld+json\" class=\"yoast-schema-graph\">{\"@context\":\"https:\/\/schema.org\",\"@graph\":[{\"@type\":\"WebPage\",\"@id\":\"https:\/\/shop.aquacity.sk\/pl\/produkt\/kwietniowawyprzedazwellness\/\",\"url\":\"https:\/\/shop.aquacity.sk\/pl\/produkt\/kwietniowawyprzedazwellness\/\",\"name\":\"KWIETNIOWA WYPRZEDA\u017b \u2013 PAKIET WELLNESS -35% - ONLINE SHOP AquaCity Poprad\",\"isPartOf\":{\"@id\":\"https:\/\/shop.aquacity.sk\/#website\"},\"primaryImageOfPage\":{\"@id\":\"https:\/\/shop.aquacity.sk\/pl\/produkt\/kwietniowawyprzedazwellness\/#primaryimage\"},\"image\":{\"@id\":\"https:\/\/shop.aquacity.sk\/pl\/produkt\/kwietniowawyprzedazwellness\/#primaryimage\"},\"thumbnailUrl\":\"https:\/\/shop.aquacity.sk\/wp-content\/uploads\/2026\/04\/Google_Aquapark_Wellness_Aprilova_Akcia_2026_1080x1080_WEB_AQUAPARK.jpg\",\"datePublished\":\"2026-04-09T11:55:38+00:00\",\"dateModified\":\"2026-04-09T12:59:35+00:00\",\"breadcrumb\":{\"@id\":\"https:\/\/shop.aquacity.sk\/pl\/produkt\/kwietniowawyprzedazwellness\/#breadcrumb\"},\"inLanguage\":\"pl-PL\",\"potentialAction\":[{\"@type\":\"ReadAction\",\"target\":[\"https:\/\/shop.aquacity.sk\/pl\/produkt\/kwietniowawyprzedazwellness\/\"]}]},{\"@type\":\"ImageObject\",\"inLanguage\":\"pl-PL\",\"@id\":\"https:\/\/shop.aquacity.sk\/pl\/produkt\/kwietniowawyprzedazwellness\/#primaryimage\",\"url\":\"https:\/\/shop.aquacity.sk\/wp-content\/uploads\/2026\/04\/Google_Aquapark_Wellness_Aprilova_Akcia_2026_1080x1080_WEB_AQUAPARK.jpg\",\"contentUrl\":\"https:\/\/shop.aquacity.sk\/wp-content\/uploads\/2026\/04\/Google_Aquapark_Wellness_Aprilova_Akcia_2026_1080x1080_WEB_AQUAPARK.jpg\",\"width\":1080,\"height\":1080},{\"@type\":\"BreadcrumbList\",\"@id\":\"https:\/\/shop.aquacity.sk\/pl\/produkt\/kwietniowawyprzedazwellness\/#breadcrumb\",\"itemListElement\":[{\"@type\":\"ListItem\",\"position\":1,\"name\":\"Home\",\"item\":\"https:\/\/shop.aquacity.sk\/\"},{\"@type\":\"ListItem\",\"position\":2,\"name\":\"Sklep\",\"item\":\"https:\/\/shop.aquacity.sk\/pl\/sklep\/\"},{\"@type\":\"ListItem\",\"position\":3,\"name\":\"KWIETNIOWA WYPRZEDA\u017b \u2013 PAKIET WELLNESS -35%\"}]},{\"@type\":\"WebSite\",\"@id\":\"https:\/\/shop.aquacity.sk\/#website\",\"url\":\"https:\/\/shop.aquacity.sk\/\",\"name\":\"ONLINE SHOP AquaCity Poprad\",\"description\":\"Ten prav\u00fd oddych pod Tatrami\",\"publisher\":{\"@id\":\"https:\/\/shop.aquacity.sk\/#organization\"},\"potentialAction\":[{\"@type\":\"SearchAction\",\"target\":{\"@type\":\"EntryPoint\",\"urlTemplate\":\"https:\/\/shop.aquacity.sk\/?s={search_term_string}\"},\"query-input\":{\"@type\":\"PropertyValueSpecification\",\"valueRequired\":true,\"valueName\":\"search_term_string\"}}],\"inLanguage\":\"pl-PL\"},{\"@type\":\"Organization\",\"@id\":\"https:\/\/shop.aquacity.sk\/#organization\",\"name\":\"ONLINE SHOP AquaCity Poprad\",\"url\":\"https:\/\/shop.aquacity.sk\/\",\"logo\":{\"@type\":\"ImageObject\",\"inLanguage\":\"pl-PL\",\"@id\":\"https:\/\/shop.aquacity.sk\/#\/schema\/logo\/image\/\",\"url\":\"https:\/\/shop.aquacity.sk\/wp-content\/uploads\/2020\/03\/logo-aquacity.svg\",\"contentUrl\":\"https:\/\/shop.aquacity.sk\/wp-content\/uploads\/2020\/03\/logo-aquacity.svg\",\"width\":209,\"height\":99,\"caption\":\"ONLINE SHOP AquaCity Poprad\"},\"image\":{\"@id\":\"https:\/\/shop.aquacity.sk\/#\/schema\/logo\/image\/\"}}]}<\/script>\n<!-- \/ Yoast SEO plugin. -->","yoast_head_json":{"title":"KWIETNIOWA WYPRZEDA\u017b \u2013 PAKIET WELLNESS -35% - ONLINE SHOP AquaCity Poprad","robots":{"index":"index","follow":"follow","max-snippet":"max-snippet:-1","max-image-preview":"max-image-preview:large","max-video-preview":"max-video-preview:-1"},"canonical":"https:\/\/shop.aquacity.sk\/pl\/produkt\/kwietniowawyprzedazwellness\/","og_locale":"pl_PL","og_type":"article","og_title":"KWIETNIOWA WYPRZEDA\u017b \u2013 PAKIET WELLNESS -35% - ONLINE SHOP AquaCity Poprad","og_description":"\ud83c\udf3f KWIETNIOWE ZNI\u017bKI W AQUACITY POPRAD \ud83d\udca6Skorzystaj ze zni\u017cek do 35% na bilety do Aquaparku i Centrum Wellness i ciesz si\u0119 dniem pe\u0142nym relaksu i regeneracji. Korzystaj z basen\u00f3w wewn\u0119trznych i zewn\u0119trznych, zje\u017cd\u017calni oraz atrakcji wodnych dla dzieci i doros\u0142ych lub zrelaksuj si\u0119 w strefie wellness. Ciep\u0142a woda termalna, sauny i wiosenna atmosfera pod Tatrami tworz\u0105 idealne po\u0142\u0105czenie odpoczynku i zabawy. Niezale\u017cnie od tego, czy przyjdziesz z rodzin\u0105, przyjaci\u00f3\u0142mi, czy po prostu chcesz na chwil\u0119 odpocz\u0105\u0107, AquaCity Poprad to miejsce, gdzie wiosenny relaks staje si\u0119 prawdziwym prze\u017cyciem. Bilety do Aquaparku i centrum wellness nale\u017cy zakupi\u0107 co najmniej 1 dzie\u0144 wcze\u015bniej. Nie obowi\u0105zuj\u0105 w dniu zakupu. Dzieci poni\u017cej 12. roku \u017cycia nie maj\u0105 wst\u0119pu do centrum wellness.","og_url":"https:\/\/shop.aquacity.sk\/pl\/produkt\/kwietniowawyprzedazwellness\/","og_site_name":"ONLINE SHOP AquaCity Poprad","article_modified_time":"2026-04-09T12:59:35+00:00","og_image":[{"width":1080,"height":1080,"url":"https:\/\/shop.aquacity.sk\/wp-content\/uploads\/2026\/04\/Google_Aquapark_Wellness_Aprilova_Akcia_2026_1080x1080_WEB_AQUAPARK.jpg","type":"image\/jpeg"}],"twitter_card":"summary_large_image","twitter_misc":{"Szacowany czas czytania":"1 minuta"},"schema":{"@context":"https:\/\/schema.org","@graph":[{"@type":"WebPage","@id":"https:\/\/shop.aquacity.sk\/pl\/produkt\/kwietniowawyprzedazwellness\/","url":"https:\/\/shop.aquacity.sk\/pl\/produkt\/kwietniowawyprzedazwellness\/","name":"KWIETNIOWA WYPRZEDA\u017b \u2013 PAKIET WELLNESS -35% - ONLINE SHOP AquaCity Poprad","isPartOf":{"@id":"https:\/\/shop.aquacity.sk\/#website"},"primaryImageOfPage":{"@id":"https:\/\/shop.aquacity.sk\/pl\/produkt\/kwietniowawyprzedazwellness\/#primaryimage"},"image":{"@id":"https:\/\/shop.aquacity.sk\/pl\/produkt\/kwietniowawyprzedazwellness\/#primaryimage"},"thumbnailUrl":"https:\/\/shop.aquacity.sk\/wp-content\/uploads\/2026\/04\/Google_Aquapark_Wellness_Aprilova_Akcia_2026_1080x1080_WEB_AQUAPARK.jpg","datePublished":"2026-04-09T11:55:38+00:00","dateModified":"2026-04-09T12:59:35+00:00","breadcrumb":{"@id":"https:\/\/shop.aquacity.sk\/pl\/produkt\/kwietniowawyprzedazwellness\/#breadcrumb"},"inLanguage":"pl-PL","potentialAction":[{"@type":"ReadAction","target":["https:\/\/shop.aquacity.sk\/pl\/produkt\/kwietniowawyprzedazwellness\/"]}]},{"@type":"ImageObject","inLanguage":"pl-PL","@id":"https:\/\/shop.aquacity.sk\/pl\/produkt\/kwietniowawyprzedazwellness\/#primaryimage","url":"https:\/\/shop.aquacity.sk\/wp-content\/uploads\/2026\/04\/Google_Aquapark_Wellness_Aprilova_Akcia_2026_1080x1080_WEB_AQUAPARK.jpg","contentUrl":"https:\/\/shop.aquacity.sk\/wp-content\/uploads\/2026\/04\/Google_Aquapark_Wellness_Aprilova_Akcia_2026_1080x1080_WEB_AQUAPARK.jpg","width":1080,"height":1080},{"@type":"BreadcrumbList","@id":"https:\/\/shop.aquacity.sk\/pl\/produkt\/kwietniowawyprzedazwellness\/#breadcrumb","itemListElement":[{"@type":"ListItem","position":1,"name":"Home","item":"https:\/\/shop.aquacity.sk\/"},{"@type":"ListItem","position":2,"name":"Sklep","item":"https:\/\/shop.aquacity.sk\/pl\/sklep\/"},{"@type":"ListItem","position":3,"name":"KWIETNIOWA WYPRZEDA\u017b \u2013 PAKIET WELLNESS -35%"}]},{"@type":"WebSite","@id":"https:\/\/shop.aquacity.sk\/#website","url":"https:\/\/shop.aquacity.sk\/","name":"ONLINE SHOP AquaCity Poprad","description":"Ten prav\u00fd oddych pod Tatrami","publisher":{"@id":"https:\/\/shop.aquacity.sk\/#organization"},"potentialAction":[{"@type":"SearchAction","target":{"@type":"EntryPoint","urlTemplate":"https:\/\/shop.aquacity.sk\/?s={search_term_string}"},"query-input":{"@type":"PropertyValueSpecification","valueRequired":true,"valueName":"search_term_string"}}],"inLanguage":"pl-PL"},{"@type":"Organization","@id":"https:\/\/shop.aquacity.sk\/#organization","name":"ONLINE SHOP AquaCity Poprad","url":"https:\/\/shop.aquacity.sk\/","logo":{"@type":"ImageObject","inLanguage":"pl-PL","@id":"https:\/\/shop.aquacity.sk\/#\/schema\/logo\/image\/","url":"https:\/\/shop.aquacity.sk\/wp-content\/uploads\/2020\/03\/logo-aquacity.svg","contentUrl":"https:\/\/shop.aquacity.sk\/wp-content\/uploads\/2020\/03\/logo-aquacity.svg","width":209,"height":99,"caption":"ONLINE SHOP AquaCity Poprad"},"image":{"@id":"https:\/\/shop.aquacity.sk\/#\/schema\/logo\/image\/"}}]}},"_links":{"self":[{"href":"https:\/\/shop.aquacity.sk\/pl\/wp-json\/wp\/v2\/product\/370366","targetHints":{"allow":["GET"]}}],"collection":[{"href":"https:\/\/shop.aquacity.sk\/pl\/wp-json\/wp\/v2\/product"}],"about":[{"href":"https:\/\/shop.aquacity.sk\/pl\/wp-json\/wp\/v2\/types\/product"}],"wp:featuredmedia":[{"embeddable":true,"href":"https:\/\/shop.aquacity.sk\/pl\/wp-json\/wp\/v2\/media\/370379"}],"wp:attachment":[{"href":"https:\/\/shop.aquacity.sk\/pl\/wp-json\/wp\/v2\/media?parent=370366"}],"wp:term":[{"taxonomy":"product_brand","embeddable":true,"href":"https:\/\/shop.aquacity.sk\/pl\/wp-json\/wp\/v2\/product_brand?post=370366"},{"taxonomy":"product_cat","embeddable":true,"href":"https:\/\/shop.aquacity.sk\/pl\/wp-json\/wp\/v2\/product_cat?post=370366"},{"taxonomy":"product_tag","embeddable":true,"href":"https:\/\/shop.aquacity.sk\/pl\/wp-json\/wp\/v2\/product_tag?post=370366"}],"curies":[{"name":"wp","href":"https:\/\/api.w.org\/{rel}","templated":true}]}}