{"id":365939,"date":"2026-03-19T06:02:47","date_gmt":"2026-03-19T05:02:47","guid":{"rendered":"https:\/\/shop.aquacity.sk\/?post_type=product&#038;p=365939"},"modified":"2026-04-13T14:06:06","modified_gmt":"2026-04-13T12:06:06","slug":"letna-sezonka-aquapass","status":"publish","type":"product","link":"https:\/\/shop.aquacity.sk\/pl\/produkt\/letna-sezonka-aquapass\/","title":{"rendered":"AKCIOV\u00c1 SEZ\u00d3NKA &#8211; AQUA PASS"},"content":{"rendered":"<h2>Popis produktu<\/h2>\n<ul>\n<li><strong>VSTUP AQUA PASS ZAH\u0154\u0147A: <\/strong><strong>AQUAPARK + SPORT + FITNES\u00a0 <\/strong>(Vstup je mo\u017en\u00e9 vyu\u017ei\u0165 Pondelok &#8211; Nede\u013ea)<\/li>\n<li><strong>AQUAPARK PACKET<\/strong> &#8211; vstup do v\u0161etk\u00fdch vn\u00fatorn\u00fdch a vonkaj\u0161\u00edch baz\u00e9nov Aquaparku v r\u00e1mci otv\u00e1rac\u00edch hod\u00edn Aquaparku<br \/>\nvonkaj\u0161ie term\u00e1lne baz\u00e9ny s vodn\u00fdmi atrakciami, kryt\u00e9 term\u00e1lne baz\u00e9ny Blue Diamond s vodn\u00fdmi barmi, kryt\u00e9 relaxa\u010dn\u00e9 baz\u00e9ny Blue Sapphire, vn\u00fatorn\u00fd detsk\u00fd svet Treasure Island \u2013 Ostrov pokladov s v\u00edrivkou pre dospel\u00fdch<br \/>\nLetn\u00e1 prev\u00e1dzka &#8211; Maysk\u00e1 pyram\u00edda, vonkaj\u0161\u00ed detsk\u00fd baz\u00e9n, Fun z\u00f3na<\/li>\n<li><strong>SPORT &amp; FITNES PACKET <\/strong>(50m plaveck\u00fd baz\u00e9n, parn\u00e1 sauna a fitnes centrum)<\/li>\n<\/ul>\n<h2>Platnos\u0165 a podmienky<\/h2>\n<p>Vstup AQUA PASS je platn\u00fd ka\u017ed\u00fd de\u0148 <strong>od 1.5.2026 &#8211; 31.8.2026.<\/strong> Elektronick\u00fd voucher je po zak\u00fapen\u00ed cez eshop pri prvej n\u00e1v\u0161teve na pokladni vymenen\u00fd za AQUA PASS. V pr\u00edpade ak nevlastn\u00edte klubov\u00fa kartu, vystav\u00edte si ju za poplatok 5 \u20ac a podp\u00ed\u0161ete <a href=\"http:\/\/PASS-KRYO-PASS-leto_-2026-1.pdf\" target=\"_blank\" rel=\"noopener\">zmluvn\u00e9 podmienky<\/a>. Prev\u00e1dzka jednotliv\u00fdch baz\u00e9nov, atrakci\u00ed a slu\u017eieb m\u00f4\u017ee by\u0165 po\u010das obdobia platnosti AQUA PASSU obmedzen\u00e1.<\/p>\n","protected":false},"excerpt":{"rendered":"<p><strong>AQUA PASS = AQUAPARK + SPORT + FITNES PACKET.<\/strong> Dovolenkuj, relaxuj, oddychuj, \u0161portuj a zab\u00e1vaj sa cel\u00e9 leto v AquaCity Poprad! Toto leto prich\u00e1dza s neodolate\u013enou ponukou pre v\u0161etk\u00fdch, ktor\u00ed miluj\u00fa vodu, z\u00e1bavu a relax. Predstavujeme v\u00e1m AQUA PASS \u2013 V\u00e1\u0161 celoletn\u00fd pass do sveta nekone\u010dn\u00e9ho dobrodru\u017estva v AquaCity Poprad. Nenechajte si ujs\u0165 pr\u00edle\u017eitos\u0165 str\u00e1vi\u0165 leto pln\u00e9 nezabudnute\u013en\u00fdch z\u00e1\u017eitkov v AquaCity Poprad.<br \/>\nZak\u00fapte si v\u00fdhodn\u00fd vstup <strong>platn\u00fd ka\u017ed\u00fd de\u0148<\/strong> <strong>od 1.5. \u2013 31.8.2026. Kapacita predan\u00fdch passov je limitovan\u00e1 pre 500 os\u00f4b.\u00a0<\/strong><\/p>\n<p><strong>PODMIENKY:<\/strong><\/p>\n<ul>\n<li><strong>AQUA PASS<\/strong> pre 1 osobu \u2013 199 \u20ac<\/li>\n<li><strong>AQUA PASS<\/strong> pre die\u0165a od 6 rokov alebo 120cm do 15 rokov \u2013 149 \u20ac (predaj je viazan\u00fd na dospel\u00fa osobu) <strong><span style=\"color: #ff0000;\">VYPREDAN\u00dd\u00a0<\/span><\/strong><\/li>\n<li>Predaj vstupeniek je viazan\u00fd na klubov\u00fa kartu AquaCity Klub. Cena klubovej karty je 5 \u20ac.<\/li>\n<li>Vstup <strong>AQUA PASS<\/strong> <strong>je neprenosn\u00fd<\/strong> a m\u00f4\u017ee ho vyu\u017ei\u0165 len 1 dospel\u00e1 osoba alebo die\u0165a 1x denne (v pr\u00edpade poru\u0161enia podmienok bude vstup trvalo zablokovan\u00fd)<\/li>\n<li><strong>Platnos\u0165 vstupenky je od 1.5. \u2013 31.8.2026<\/strong><\/li>\n<li>Kapacita predaja vstupeniek<strong> je limitovan\u00e1 pre 500 os\u00f4b<\/strong><\/li>\n<\/ul>\n","protected":false},"featured_media":366562,"template":"","meta":{"_acf_changed":false,"site-sidebar-layout":"default","site-content-layout":"default","ast-global-header-display":"","ast-main-header-display":"","ast-hfb-above-header-display":"","ast-hfb-below-header-display":"","ast-hfb-mobile-header-display":"","site-post-title":"","ast-breadcrumbs-content":"","ast-featured-img":"","footer-sml-layout":"","theme-transparent-header-meta":"default","adv-header-id-meta":"","stick-header-meta":"","header-above-stick-meta":"","header-main-stick-meta":"","header-below-stick-meta":""},"product_brand":[],"product_cat":[72],"product_tag":[],"class_list":{"0":"post-365939","1":"product","2":"type-product","3":"status-publish","4":"has-post-thumbnail","6":"product_cat-sprzedaz","7":"desktop-align-left","8":"tablet-align-left","9":"mobile-align-left","11":"first","12":"instock","13":"taxable","14":"shipping-taxable","15":"purchasable","16":"product-type-variable"},"acf":[],"yoast_head":"<!-- This site is optimized with the Yoast SEO plugin v26.2 - https:\/\/yoast.com\/wordpress\/plugins\/seo\/ -->\n<title>AKCIOV\u00c1 SEZ\u00d3NKA - AQUA PASS - ONLINE SHOP AquaCity Poprad<\/title>\n<meta name=\"robots\" content=\"index, follow, max-snippet:-1, max-image-preview:large, max-video-preview:-1\" \/>\n<link rel=\"canonical\" href=\"https:\/\/shop.aquacity.sk\/pl\/produkt\/letna-sezonka-aquapass\/\" \/>\n<meta property=\"og:locale\" content=\"pl_PL\" \/>\n<meta property=\"og:type\" content=\"article\" \/>\n<meta property=\"og:title\" content=\"AKCIOV\u00c1 SEZ\u00d3NKA - AQUA PASS - ONLINE SHOP AquaCity Poprad\" \/>\n<meta property=\"og:description\" content=\"AQUA PASS = AQUAPARK + SPORT + FITNES PACKET. Dovolenkuj, relaxuj, oddychuj, \u0161portuj a zab\u00e1vaj sa cel\u00e9 leto v AquaCity Poprad! Toto leto prich\u00e1dza s neodolate\u013enou ponukou pre v\u0161etk\u00fdch, ktor\u00ed miluj\u00fa vodu, z\u00e1bavu a relax. Predstavujeme v\u00e1m AQUA PASS \u2013 V\u00e1\u0161 celoletn\u00fd pass do sveta nekone\u010dn\u00e9ho dobrodru\u017estva v AquaCity Poprad. Nenechajte si ujs\u0165 pr\u00edle\u017eitos\u0165 str\u00e1vi\u0165 leto pln\u00e9 nezabudnute\u013en\u00fdch z\u00e1\u017eitkov v AquaCity Poprad. Zak\u00fapte si v\u00fdhodn\u00fd vstup platn\u00fd ka\u017ed\u00fd de\u0148 od 1.5. \u2013 31.8.2026. Kapacita predan\u00fdch passov je limitovan\u00e1 pre 500 os\u00f4b.\u00a0  PODMIENKY:   AQUA PASS pre 1 osobu \u2013 199 \u20ac  AQUA PASS pre die\u0165a od 6 rokov alebo 120cm do 15 rokov \u2013 149 \u20ac (predaj je viazan\u00fd na dospel\u00fa osobu) VYPREDAN\u00dd\u00a0  Predaj vstupeniek je viazan\u00fd na klubov\u00fa kartu AquaCity Klub. Cena klubovej karty je 5 \u20ac.  Vstup AQUA PASS je neprenosn\u00fd a m\u00f4\u017ee ho vyu\u017ei\u0165 len 1 dospel\u00e1 osoba alebo die\u0165a 1x denne (v pr\u00edpade poru\u0161enia podmienok bude vstup trvalo zablokovan\u00fd)  Platnos\u0165 vstupenky je od 1.5. \u2013 31.8.2026  Kapacita predaja vstupeniek je limitovan\u00e1 pre 500 os\u00f4b\" \/>\n<meta property=\"og:url\" content=\"https:\/\/shop.aquacity.sk\/pl\/produkt\/letna-sezonka-aquapass\/\" \/>\n<meta property=\"og:site_name\" content=\"ONLINE SHOP AquaCity Poprad\" \/>\n<meta property=\"article:modified_time\" content=\"2026-04-13T12:06:06+00:00\" \/>\n<meta property=\"og:image\" content=\"https:\/\/shop.aquacity.sk\/wp-content\/uploads\/2026\/03\/Aqua.jpg\" \/>\n\t<meta property=\"og:image:width\" content=\"1191\" \/>\n\t<meta property=\"og:image:height\" content=\"1191\" \/>\n\t<meta property=\"og:image:type\" content=\"image\/jpeg\" \/>\n<meta name=\"twitter:card\" content=\"summary_large_image\" \/>\n<meta name=\"twitter:label1\" content=\"Szacowany czas czytania\" \/>\n\t<meta name=\"twitter:data1\" content=\"1 minuta\" \/>\n<script type=\"application\/ld+json\" class=\"yoast-schema-graph\">{\"@context\":\"https:\/\/schema.org\",\"@graph\":[{\"@type\":\"WebPage\",\"@id\":\"https:\/\/shop.aquacity.sk\/pl\/produkt\/letna-sezonka-aquapass\/\",\"url\":\"https:\/\/shop.aquacity.sk\/pl\/produkt\/letna-sezonka-aquapass\/\",\"name\":\"AKCIOV\u00c1 SEZ\u00d3NKA - AQUA PASS - ONLINE SHOP AquaCity Poprad\",\"isPartOf\":{\"@id\":\"https:\/\/shop.aquacity.sk\/#website\"},\"primaryImageOfPage\":{\"@id\":\"https:\/\/shop.aquacity.sk\/pl\/produkt\/letna-sezonka-aquapass\/#primaryimage\"},\"image\":{\"@id\":\"https:\/\/shop.aquacity.sk\/pl\/produkt\/letna-sezonka-aquapass\/#primaryimage\"},\"thumbnailUrl\":\"https:\/\/shop.aquacity.sk\/wp-content\/uploads\/2026\/03\/Aqua.jpg\",\"datePublished\":\"2026-03-19T05:02:47+00:00\",\"dateModified\":\"2026-04-13T12:06:06+00:00\",\"breadcrumb\":{\"@id\":\"https:\/\/shop.aquacity.sk\/pl\/produkt\/letna-sezonka-aquapass\/#breadcrumb\"},\"inLanguage\":\"pl-PL\",\"potentialAction\":[{\"@type\":\"ReadAction\",\"target\":[\"https:\/\/shop.aquacity.sk\/pl\/produkt\/letna-sezonka-aquapass\/\"]}]},{\"@type\":\"ImageObject\",\"inLanguage\":\"pl-PL\",\"@id\":\"https:\/\/shop.aquacity.sk\/pl\/produkt\/letna-sezonka-aquapass\/#primaryimage\",\"url\":\"https:\/\/shop.aquacity.sk\/wp-content\/uploads\/2026\/03\/Aqua.jpg\",\"contentUrl\":\"https:\/\/shop.aquacity.sk\/wp-content\/uploads\/2026\/03\/Aqua.jpg\",\"width\":1191,\"height\":1191},{\"@type\":\"BreadcrumbList\",\"@id\":\"https:\/\/shop.aquacity.sk\/pl\/produkt\/letna-sezonka-aquapass\/#breadcrumb\",\"itemListElement\":[{\"@type\":\"ListItem\",\"position\":1,\"name\":\"Home\",\"item\":\"https:\/\/shop.aquacity.sk\/\"},{\"@type\":\"ListItem\",\"position\":2,\"name\":\"Sklep\",\"item\":\"https:\/\/shop.aquacity.sk\/pl\/sklep\/\"},{\"@type\":\"ListItem\",\"position\":3,\"name\":\"AKCIOV\u00c1 SEZ\u00d3NKA &#8211; AQUA PASS\"}]},{\"@type\":\"WebSite\",\"@id\":\"https:\/\/shop.aquacity.sk\/#website\",\"url\":\"https:\/\/shop.aquacity.sk\/\",\"name\":\"ONLINE SHOP AquaCity Poprad\",\"description\":\"Ten prav\u00fd oddych pod Tatrami\",\"publisher\":{\"@id\":\"https:\/\/shop.aquacity.sk\/#organization\"},\"potentialAction\":[{\"@type\":\"SearchAction\",\"target\":{\"@type\":\"EntryPoint\",\"urlTemplate\":\"https:\/\/shop.aquacity.sk\/?s={search_term_string}\"},\"query-input\":{\"@type\":\"PropertyValueSpecification\",\"valueRequired\":true,\"valueName\":\"search_term_string\"}}],\"inLanguage\":\"pl-PL\"},{\"@type\":\"Organization\",\"@id\":\"https:\/\/shop.aquacity.sk\/#organization\",\"name\":\"ONLINE SHOP AquaCity Poprad\",\"url\":\"https:\/\/shop.aquacity.sk\/\",\"logo\":{\"@type\":\"ImageObject\",\"inLanguage\":\"pl-PL\",\"@id\":\"https:\/\/shop.aquacity.sk\/#\/schema\/logo\/image\/\",\"url\":\"https:\/\/shop.aquacity.sk\/wp-content\/uploads\/2020\/03\/logo-aquacity.svg\",\"contentUrl\":\"https:\/\/shop.aquacity.sk\/wp-content\/uploads\/2020\/03\/logo-aquacity.svg\",\"width\":209,\"height\":99,\"caption\":\"ONLINE SHOP AquaCity Poprad\"},\"image\":{\"@id\":\"https:\/\/shop.aquacity.sk\/#\/schema\/logo\/image\/\"}}]}<\/script>\n<!-- \/ Yoast SEO plugin. -->","yoast_head_json":{"title":"AKCIOV\u00c1 SEZ\u00d3NKA - AQUA PASS - ONLINE SHOP AquaCity Poprad","robots":{"index":"index","follow":"follow","max-snippet":"max-snippet:-1","max-image-preview":"max-image-preview:large","max-video-preview":"max-video-preview:-1"},"canonical":"https:\/\/shop.aquacity.sk\/pl\/produkt\/letna-sezonka-aquapass\/","og_locale":"pl_PL","og_type":"article","og_title":"AKCIOV\u00c1 SEZ\u00d3NKA - AQUA PASS - ONLINE SHOP AquaCity Poprad","og_description":"AQUA PASS = AQUAPARK + SPORT + FITNES PACKET. Dovolenkuj, relaxuj, oddychuj, \u0161portuj a zab\u00e1vaj sa cel\u00e9 leto v AquaCity Poprad! Toto leto prich\u00e1dza s neodolate\u013enou ponukou pre v\u0161etk\u00fdch, ktor\u00ed miluj\u00fa vodu, z\u00e1bavu a relax. Predstavujeme v\u00e1m AQUA PASS \u2013 V\u00e1\u0161 celoletn\u00fd pass do sveta nekone\u010dn\u00e9ho dobrodru\u017estva v AquaCity Poprad. Nenechajte si ujs\u0165 pr\u00edle\u017eitos\u0165 str\u00e1vi\u0165 leto pln\u00e9 nezabudnute\u013en\u00fdch z\u00e1\u017eitkov v AquaCity Poprad. Zak\u00fapte si v\u00fdhodn\u00fd vstup platn\u00fd ka\u017ed\u00fd de\u0148 od 1.5. \u2013 31.8.2026. Kapacita predan\u00fdch passov je limitovan\u00e1 pre 500 os\u00f4b.\u00a0  PODMIENKY:   AQUA PASS pre 1 osobu \u2013 199 \u20ac  AQUA PASS pre die\u0165a od 6 rokov alebo 120cm do 15 rokov \u2013 149 \u20ac (predaj je viazan\u00fd na dospel\u00fa osobu) VYPREDAN\u00dd\u00a0  Predaj vstupeniek je viazan\u00fd na klubov\u00fa kartu AquaCity Klub. Cena klubovej karty je 5 \u20ac.  Vstup AQUA PASS je neprenosn\u00fd a m\u00f4\u017ee ho vyu\u017ei\u0165 len 1 dospel\u00e1 osoba alebo die\u0165a 1x denne (v pr\u00edpade poru\u0161enia podmienok bude vstup trvalo zablokovan\u00fd)  Platnos\u0165 vstupenky je od 1.5. \u2013 31.8.2026  Kapacita predaja vstupeniek je limitovan\u00e1 pre 500 os\u00f4b","og_url":"https:\/\/shop.aquacity.sk\/pl\/produkt\/letna-sezonka-aquapass\/","og_site_name":"ONLINE SHOP AquaCity Poprad","article_modified_time":"2026-04-13T12:06:06+00:00","og_image":[{"width":1191,"height":1191,"url":"https:\/\/shop.aquacity.sk\/wp-content\/uploads\/2026\/03\/Aqua.jpg","type":"image\/jpeg"}],"twitter_card":"summary_large_image","twitter_misc":{"Szacowany czas czytania":"1 minuta"},"schema":{"@context":"https:\/\/schema.org","@graph":[{"@type":"WebPage","@id":"https:\/\/shop.aquacity.sk\/pl\/produkt\/letna-sezonka-aquapass\/","url":"https:\/\/shop.aquacity.sk\/pl\/produkt\/letna-sezonka-aquapass\/","name":"AKCIOV\u00c1 SEZ\u00d3NKA - AQUA PASS - ONLINE SHOP AquaCity Poprad","isPartOf":{"@id":"https:\/\/shop.aquacity.sk\/#website"},"primaryImageOfPage":{"@id":"https:\/\/shop.aquacity.sk\/pl\/produkt\/letna-sezonka-aquapass\/#primaryimage"},"image":{"@id":"https:\/\/shop.aquacity.sk\/pl\/produkt\/letna-sezonka-aquapass\/#primaryimage"},"thumbnailUrl":"https:\/\/shop.aquacity.sk\/wp-content\/uploads\/2026\/03\/Aqua.jpg","datePublished":"2026-03-19T05:02:47+00:00","dateModified":"2026-04-13T12:06:06+00:00","breadcrumb":{"@id":"https:\/\/shop.aquacity.sk\/pl\/produkt\/letna-sezonka-aquapass\/#breadcrumb"},"inLanguage":"pl-PL","potentialAction":[{"@type":"ReadAction","target":["https:\/\/shop.aquacity.sk\/pl\/produkt\/letna-sezonka-aquapass\/"]}]},{"@type":"ImageObject","inLanguage":"pl-PL","@id":"https:\/\/shop.aquacity.sk\/pl\/produkt\/letna-sezonka-aquapass\/#primaryimage","url":"https:\/\/shop.aquacity.sk\/wp-content\/uploads\/2026\/03\/Aqua.jpg","contentUrl":"https:\/\/shop.aquacity.sk\/wp-content\/uploads\/2026\/03\/Aqua.jpg","width":1191,"height":1191},{"@type":"BreadcrumbList","@id":"https:\/\/shop.aquacity.sk\/pl\/produkt\/letna-sezonka-aquapass\/#breadcrumb","itemListElement":[{"@type":"ListItem","position":1,"name":"Home","item":"https:\/\/shop.aquacity.sk\/"},{"@type":"ListItem","position":2,"name":"Sklep","item":"https:\/\/shop.aquacity.sk\/pl\/sklep\/"},{"@type":"ListItem","position":3,"name":"AKCIOV\u00c1 SEZ\u00d3NKA &#8211; AQUA PASS"}]},{"@type":"WebSite","@id":"https:\/\/shop.aquacity.sk\/#website","url":"https:\/\/shop.aquacity.sk\/","name":"ONLINE SHOP AquaCity Poprad","description":"Ten prav\u00fd oddych pod Tatrami","publisher":{"@id":"https:\/\/shop.aquacity.sk\/#organization"},"potentialAction":[{"@type":"SearchAction","target":{"@type":"EntryPoint","urlTemplate":"https:\/\/shop.aquacity.sk\/?s={search_term_string}"},"query-input":{"@type":"PropertyValueSpecification","valueRequired":true,"valueName":"search_term_string"}}],"inLanguage":"pl-PL"},{"@type":"Organization","@id":"https:\/\/shop.aquacity.sk\/#organization","name":"ONLINE SHOP AquaCity Poprad","url":"https:\/\/shop.aquacity.sk\/","logo":{"@type":"ImageObject","inLanguage":"pl-PL","@id":"https:\/\/shop.aquacity.sk\/#\/schema\/logo\/image\/","url":"https:\/\/shop.aquacity.sk\/wp-content\/uploads\/2020\/03\/logo-aquacity.svg","contentUrl":"https:\/\/shop.aquacity.sk\/wp-content\/uploads\/2020\/03\/logo-aquacity.svg","width":209,"height":99,"caption":"ONLINE SHOP AquaCity Poprad"},"image":{"@id":"https:\/\/shop.aquacity.sk\/#\/schema\/logo\/image\/"}}]}},"_links":{"self":[{"href":"https:\/\/shop.aquacity.sk\/pl\/wp-json\/wp\/v2\/product\/365939","targetHints":{"allow":["GET"]}}],"collection":[{"href":"https:\/\/shop.aquacity.sk\/pl\/wp-json\/wp\/v2\/product"}],"about":[{"href":"https:\/\/shop.aquacity.sk\/pl\/wp-json\/wp\/v2\/types\/product"}],"wp:featuredmedia":[{"embeddable":true,"href":"https:\/\/shop.aquacity.sk\/pl\/wp-json\/wp\/v2\/media\/366562"}],"wp:attachment":[{"href":"https:\/\/shop.aquacity.sk\/pl\/wp-json\/wp\/v2\/media?parent=365939"}],"wp:term":[{"taxonomy":"product_brand","embeddable":true,"href":"https:\/\/shop.aquacity.sk\/pl\/wp-json\/wp\/v2\/product_brand?post=365939"},{"taxonomy":"product_cat","embeddable":true,"href":"https:\/\/shop.aquacity.sk\/pl\/wp-json\/wp\/v2\/product_cat?post=365939"},{"taxonomy":"product_tag","embeddable":true,"href":"https:\/\/shop.aquacity.sk\/pl\/wp-json\/wp\/v2\/product_tag?post=365939"}],"curies":[{"name":"wp","href":"https:\/\/api.w.org\/{rel}","templated":true}]}}