{"id":354329,"date":"2026-01-29T05:57:35","date_gmt":"2026-01-29T04:57:35","guid":{"rendered":"https:\/\/shop.aquacity.sk\/?post_type=product&#038;p=354329"},"modified":"2026-01-29T16:18:14","modified_gmt":"2026-01-29T15:18:14","slug":"zimowawyprzedazaquapark","status":"publish","type":"product","link":"https:\/\/shop.aquacity.sk\/pl\/produkt\/zimowawyprzedazaquapark\/","title":{"rendered":"ZIMOWA WYPRZEDA\u017b \u2013 PAKIET AQUAPARK"},"content":{"rendered":"<h2>Opis produktu<\/h2>\n<p><strong>Wej\u015bcie dla 1 osoby na baseny<br \/>\n<\/strong>Dost\u0119p do wszystkich wewn\u0119trznych i zewn\u0119trznych basen\u00f3w aquaparku:<br data-start=\"113\" data-end=\"116\" \/><strong data-start=\"116\" data-end=\"134\">Strefa relaksu<\/strong> \u2013 zewn\u0119trzne termalne baseny z atrakcjami wodnymi, 2 kryte termalne baseny Blue Diamond z barami,<br data-start=\"234\" data-end=\"237\" \/>50-metrowy basen p\u0142ywacki, sauna parowa.<br \/>\n<strong data-start=\"281\" data-end=\"298\">Strefa zabawy<\/strong> \u2013 kryte baseny relaksacyjne Blue Sapphire, wewn\u0119trzny dzieci\u0119cy \u015bwiat Treasure Island \u2013 Wyspa Skarb\u00f3w,<br data-start=\"401\" data-end=\"404\" \/>k\u0105ciki i place zabaw dla dzieci.<\/p>\n<h2>Wa\u017cno\u015b\u0107<\/h2>\n<p><strong>Voucher jest wa\u017cny do 30.4.2026 i nie mo\u017cna go wykorzysta\u0107 w dniu zakupu.<\/strong><br \/>\nSwoje zam\u00f3wienie za\u0142atwisz na kasie na 2 pi\u0119trze w Aquaparku AquaCity Poprad.<\/p>\n","protected":false},"excerpt":{"rendered":"<p data-start=\"0\" data-end=\"41\">\ud83c\udfbf <strong data-start=\"19\" data-end=\"57\" data-is-only-node=\"\">Zimowa wyprzeda\u017c w AquaCity Poprad<\/strong> \u2744\ufe0f<br data-start=\"60\" data-end=\"63\" \/>Skorzystaj z <strong data-start=\"76\" data-end=\"112\">30% zni\u017cki na bilet do Aquaparku<\/strong> \u2013 liczba pakiet\u00f3w jest <strong data-start=\"136\" data-end=\"151\">ograniczona<\/strong>. Sp\u0119d\u017a zimowy dzie\u0144 pe\u0142en relaksu w <strong data-start=\"188\" data-end=\"244\">wewn\u0119trznych i zewn\u0119trznych basenach z wod\u0105 termaln\u0105<\/strong>, korzystaj ze zje\u017cd\u017calni i wodnych atrakcji dla dzieci i doros\u0142ych. Ciep\u0142a woda, zimowa atmosfera i Tatry tworz\u0105 idealne po\u0142\u0105czenie zabawy i wypoczynku. Niezale\u017cnie od tego, czy przyjedziesz z rodzin\u0105, przyjaci\u00f3\u0142mi, czy tylko na chwil\u0119, AquaCity Poprad to miejsce, gdzie zimowy relaks zamienia si\u0119 w prawdziwe prze\u017cycie.<\/p>\n<p><span style=\"color: #ff0000;\"><strong>Bilety do Aquaparku i centrum wellness nale\u017cy zakupi\u0107 co najmniej 1 dzie\u0144 wcze\u015bniej. Nie obowi\u0105zuj\u0105 w dniu zakupu.\u00a0<\/strong><\/span><\/p>\n","protected":false},"featured_media":354336,"template":"","meta":{"_acf_changed":false,"site-sidebar-layout":"default","site-content-layout":"default","ast-global-header-display":"","ast-main-header-display":"","ast-hfb-above-header-display":"","ast-hfb-below-header-display":"","ast-hfb-mobile-header-display":"","site-post-title":"","ast-breadcrumbs-content":"","ast-featured-img":"","footer-sml-layout":"","theme-transparent-header-meta":"default","adv-header-id-meta":"","stick-header-meta":"","header-above-stick-meta":"","header-main-stick-meta":"","header-below-stick-meta":""},"product_brand":[],"product_cat":[72],"product_tag":[],"class_list":{"0":"post-354329","1":"product","2":"type-product","3":"status-publish","4":"has-post-thumbnail","6":"product_cat-sprzedaz","7":"desktop-align-left","8":"tablet-align-left","9":"mobile-align-left","11":"first","12":"instock","13":"sale","14":"taxable","15":"shipping-taxable","16":"purchasable","17":"product-type-variable"},"acf":[],"yoast_head":"<!-- This site is optimized with the Yoast SEO plugin v26.2 - https:\/\/yoast.com\/wordpress\/plugins\/seo\/ -->\n<title>ZIMOWA WYPRZEDA\u017b \u2013 PAKIET AQUAPARK - ONLINE SHOP AquaCity Poprad<\/title>\n<meta name=\"robots\" content=\"index, follow, max-snippet:-1, max-image-preview:large, max-video-preview:-1\" \/>\n<link rel=\"canonical\" href=\"https:\/\/shop.aquacity.sk\/produkt\/zimnyvypredajaquapark\/\" \/>\n<meta property=\"og:locale\" content=\"pl_PL\" \/>\n<meta property=\"og:type\" content=\"article\" \/>\n<meta property=\"og:title\" content=\"ZIMOWA WYPRZEDA\u017b \u2013 PAKIET AQUAPARK - ONLINE SHOP AquaCity Poprad\" \/>\n<meta property=\"og:description\" content=\"\ud83c\udfbf Zimowa wyprzeda\u017c w AquaCity Poprad \u2744\ufe0fSkorzystaj z 30% zni\u017cki na bilet do Aquaparku \u2013 liczba pakiet\u00f3w jest ograniczona. Sp\u0119d\u017a zimowy dzie\u0144 pe\u0142en relaksu w wewn\u0119trznych i zewn\u0119trznych basenach z wod\u0105 termaln\u0105, korzystaj ze zje\u017cd\u017calni i wodnych atrakcji dla dzieci i doros\u0142ych. Ciep\u0142a woda, zimowa atmosfera i Tatry tworz\u0105 idealne po\u0142\u0105czenie zabawy i wypoczynku. Niezale\u017cnie od tego, czy przyjedziesz z rodzin\u0105, przyjaci\u00f3\u0142mi, czy tylko na chwil\u0119, AquaCity Poprad to miejsce, gdzie zimowy relaks zamienia si\u0119 w prawdziwe prze\u017cycie. Bilety do Aquaparku i centrum wellness nale\u017cy zakupi\u0107 co najmniej 1 dzie\u0144 wcze\u015bniej. Nie obowi\u0105zuj\u0105 w dniu zakupu.\u00a0\" \/>\n<meta property=\"og:url\" content=\"https:\/\/shop.aquacity.sk\/produkt\/zimnyvypredajaquapark\/\" \/>\n<meta property=\"og:site_name\" content=\"ONLINE SHOP AquaCity Poprad\" \/>\n<meta property=\"article:modified_time\" content=\"2026-01-29T15:18:14+00:00\" \/>\n<meta property=\"og:image\" content=\"https:\/\/shop.aquacity.sk\/wp-content\/uploads\/2026\/01\/Google_VYPREDAJ_2026_1080x1080_WEB_WELLNESS.jpg\" \/>\n\t<meta property=\"og:image:width\" content=\"1080\" \/>\n\t<meta property=\"og:image:height\" content=\"1080\" \/>\n\t<meta property=\"og:image:type\" content=\"image\/jpeg\" \/>\n<meta name=\"twitter:card\" content=\"summary_large_image\" \/>\n<meta name=\"twitter:label1\" content=\"Szacowany czas czytania\" \/>\n\t<meta name=\"twitter:data1\" content=\"1 minuta\" \/>\n<script type=\"application\/ld+json\" class=\"yoast-schema-graph\">{\"@context\":\"https:\/\/schema.org\",\"@graph\":[{\"@type\":\"WebPage\",\"@id\":\"https:\/\/shop.aquacity.sk\/produkt\/zimnyvypredajaquapark\/\",\"url\":\"https:\/\/shop.aquacity.sk\/produkt\/zimnyvypredajaquapark\/\",\"name\":\"ZIMOWA WYPRZEDA\u017b \u2013 PAKIET AQUAPARK - ONLINE SHOP AquaCity Poprad\",\"isPartOf\":{\"@id\":\"https:\/\/shop.aquacity.sk\/#website\"},\"primaryImageOfPage\":{\"@id\":\"https:\/\/shop.aquacity.sk\/produkt\/zimnyvypredajaquapark\/#primaryimage\"},\"image\":{\"@id\":\"https:\/\/shop.aquacity.sk\/produkt\/zimnyvypredajaquapark\/#primaryimage\"},\"thumbnailUrl\":\"https:\/\/shop.aquacity.sk\/wp-content\/uploads\/2026\/01\/Google_VYPREDAJ_2026_1080x1080_WEB_WELLNESS.jpg\",\"datePublished\":\"2026-01-29T04:57:35+00:00\",\"dateModified\":\"2026-01-29T15:18:14+00:00\",\"breadcrumb\":{\"@id\":\"https:\/\/shop.aquacity.sk\/produkt\/zimnyvypredajaquapark\/#breadcrumb\"},\"inLanguage\":\"pl-PL\",\"potentialAction\":[{\"@type\":\"ReadAction\",\"target\":[\"https:\/\/shop.aquacity.sk\/produkt\/zimnyvypredajaquapark\/\"]}]},{\"@type\":\"ImageObject\",\"inLanguage\":\"pl-PL\",\"@id\":\"https:\/\/shop.aquacity.sk\/produkt\/zimnyvypredajaquapark\/#primaryimage\",\"url\":\"https:\/\/shop.aquacity.sk\/wp-content\/uploads\/2026\/01\/Google_VYPREDAJ_2026_1080x1080_WEB_WELLNESS.jpg\",\"contentUrl\":\"https:\/\/shop.aquacity.sk\/wp-content\/uploads\/2026\/01\/Google_VYPREDAJ_2026_1080x1080_WEB_WELLNESS.jpg\",\"width\":1080,\"height\":1080},{\"@type\":\"BreadcrumbList\",\"@id\":\"https:\/\/shop.aquacity.sk\/produkt\/zimnyvypredajaquapark\/#breadcrumb\",\"itemListElement\":[{\"@type\":\"ListItem\",\"position\":1,\"name\":\"Home\",\"item\":\"https:\/\/shop.aquacity.sk\/\"},{\"@type\":\"ListItem\",\"position\":2,\"name\":\"Sklep\",\"item\":\"https:\/\/shop.aquacity.sk\/pl\/sklep\/\"},{\"@type\":\"ListItem\",\"position\":3,\"name\":\"ZIMOWA WYPRZEDA\u017b \u2013 PAKIET AQUAPARK\"}]},{\"@type\":\"WebSite\",\"@id\":\"https:\/\/shop.aquacity.sk\/#website\",\"url\":\"https:\/\/shop.aquacity.sk\/\",\"name\":\"ONLINE SHOP AquaCity Poprad\",\"description\":\"Ten prav\u00fd oddych pod Tatrami\",\"publisher\":{\"@id\":\"https:\/\/shop.aquacity.sk\/#organization\"},\"potentialAction\":[{\"@type\":\"SearchAction\",\"target\":{\"@type\":\"EntryPoint\",\"urlTemplate\":\"https:\/\/shop.aquacity.sk\/?s={search_term_string}\"},\"query-input\":{\"@type\":\"PropertyValueSpecification\",\"valueRequired\":true,\"valueName\":\"search_term_string\"}}],\"inLanguage\":\"pl-PL\"},{\"@type\":\"Organization\",\"@id\":\"https:\/\/shop.aquacity.sk\/#organization\",\"name\":\"ONLINE SHOP AquaCity Poprad\",\"url\":\"https:\/\/shop.aquacity.sk\/\",\"logo\":{\"@type\":\"ImageObject\",\"inLanguage\":\"pl-PL\",\"@id\":\"https:\/\/shop.aquacity.sk\/#\/schema\/logo\/image\/\",\"url\":\"https:\/\/shop.aquacity.sk\/wp-content\/uploads\/2020\/03\/logo-aquacity.svg\",\"contentUrl\":\"https:\/\/shop.aquacity.sk\/wp-content\/uploads\/2020\/03\/logo-aquacity.svg\",\"width\":209,\"height\":99,\"caption\":\"ONLINE SHOP AquaCity Poprad\"},\"image\":{\"@id\":\"https:\/\/shop.aquacity.sk\/#\/schema\/logo\/image\/\"}}]}<\/script>\n<!-- \/ Yoast SEO plugin. -->","yoast_head_json":{"title":"ZIMOWA WYPRZEDA\u017b \u2013 PAKIET AQUAPARK - ONLINE SHOP AquaCity Poprad","robots":{"index":"index","follow":"follow","max-snippet":"max-snippet:-1","max-image-preview":"max-image-preview:large","max-video-preview":"max-video-preview:-1"},"canonical":"https:\/\/shop.aquacity.sk\/produkt\/zimnyvypredajaquapark\/","og_locale":"pl_PL","og_type":"article","og_title":"ZIMOWA WYPRZEDA\u017b \u2013 PAKIET AQUAPARK - ONLINE SHOP AquaCity Poprad","og_description":"\ud83c\udfbf Zimowa wyprzeda\u017c w AquaCity Poprad \u2744\ufe0fSkorzystaj z 30% zni\u017cki na bilet do Aquaparku \u2013 liczba pakiet\u00f3w jest ograniczona. Sp\u0119d\u017a zimowy dzie\u0144 pe\u0142en relaksu w wewn\u0119trznych i zewn\u0119trznych basenach z wod\u0105 termaln\u0105, korzystaj ze zje\u017cd\u017calni i wodnych atrakcji dla dzieci i doros\u0142ych. Ciep\u0142a woda, zimowa atmosfera i Tatry tworz\u0105 idealne po\u0142\u0105czenie zabawy i wypoczynku. Niezale\u017cnie od tego, czy przyjedziesz z rodzin\u0105, przyjaci\u00f3\u0142mi, czy tylko na chwil\u0119, AquaCity Poprad to miejsce, gdzie zimowy relaks zamienia si\u0119 w prawdziwe prze\u017cycie. Bilety do Aquaparku i centrum wellness nale\u017cy zakupi\u0107 co najmniej 1 dzie\u0144 wcze\u015bniej. Nie obowi\u0105zuj\u0105 w dniu zakupu.\u00a0","og_url":"https:\/\/shop.aquacity.sk\/produkt\/zimnyvypredajaquapark\/","og_site_name":"ONLINE SHOP AquaCity Poprad","article_modified_time":"2026-01-29T15:18:14+00:00","og_image":[{"width":1080,"height":1080,"url":"https:\/\/shop.aquacity.sk\/wp-content\/uploads\/2026\/01\/Google_VYPREDAJ_2026_1080x1080_WEB_WELLNESS.jpg","type":"image\/jpeg"}],"twitter_card":"summary_large_image","twitter_misc":{"Szacowany czas czytania":"1 minuta"},"schema":{"@context":"https:\/\/schema.org","@graph":[{"@type":"WebPage","@id":"https:\/\/shop.aquacity.sk\/produkt\/zimnyvypredajaquapark\/","url":"https:\/\/shop.aquacity.sk\/produkt\/zimnyvypredajaquapark\/","name":"ZIMOWA WYPRZEDA\u017b \u2013 PAKIET AQUAPARK - ONLINE SHOP AquaCity Poprad","isPartOf":{"@id":"https:\/\/shop.aquacity.sk\/#website"},"primaryImageOfPage":{"@id":"https:\/\/shop.aquacity.sk\/produkt\/zimnyvypredajaquapark\/#primaryimage"},"image":{"@id":"https:\/\/shop.aquacity.sk\/produkt\/zimnyvypredajaquapark\/#primaryimage"},"thumbnailUrl":"https:\/\/shop.aquacity.sk\/wp-content\/uploads\/2026\/01\/Google_VYPREDAJ_2026_1080x1080_WEB_WELLNESS.jpg","datePublished":"2026-01-29T04:57:35+00:00","dateModified":"2026-01-29T15:18:14+00:00","breadcrumb":{"@id":"https:\/\/shop.aquacity.sk\/produkt\/zimnyvypredajaquapark\/#breadcrumb"},"inLanguage":"pl-PL","potentialAction":[{"@type":"ReadAction","target":["https:\/\/shop.aquacity.sk\/produkt\/zimnyvypredajaquapark\/"]}]},{"@type":"ImageObject","inLanguage":"pl-PL","@id":"https:\/\/shop.aquacity.sk\/produkt\/zimnyvypredajaquapark\/#primaryimage","url":"https:\/\/shop.aquacity.sk\/wp-content\/uploads\/2026\/01\/Google_VYPREDAJ_2026_1080x1080_WEB_WELLNESS.jpg","contentUrl":"https:\/\/shop.aquacity.sk\/wp-content\/uploads\/2026\/01\/Google_VYPREDAJ_2026_1080x1080_WEB_WELLNESS.jpg","width":1080,"height":1080},{"@type":"BreadcrumbList","@id":"https:\/\/shop.aquacity.sk\/produkt\/zimnyvypredajaquapark\/#breadcrumb","itemListElement":[{"@type":"ListItem","position":1,"name":"Home","item":"https:\/\/shop.aquacity.sk\/"},{"@type":"ListItem","position":2,"name":"Sklep","item":"https:\/\/shop.aquacity.sk\/pl\/sklep\/"},{"@type":"ListItem","position":3,"name":"ZIMOWA WYPRZEDA\u017b \u2013 PAKIET AQUAPARK"}]},{"@type":"WebSite","@id":"https:\/\/shop.aquacity.sk\/#website","url":"https:\/\/shop.aquacity.sk\/","name":"ONLINE SHOP AquaCity Poprad","description":"Ten prav\u00fd oddych pod Tatrami","publisher":{"@id":"https:\/\/shop.aquacity.sk\/#organization"},"potentialAction":[{"@type":"SearchAction","target":{"@type":"EntryPoint","urlTemplate":"https:\/\/shop.aquacity.sk\/?s={search_term_string}"},"query-input":{"@type":"PropertyValueSpecification","valueRequired":true,"valueName":"search_term_string"}}],"inLanguage":"pl-PL"},{"@type":"Organization","@id":"https:\/\/shop.aquacity.sk\/#organization","name":"ONLINE SHOP AquaCity Poprad","url":"https:\/\/shop.aquacity.sk\/","logo":{"@type":"ImageObject","inLanguage":"pl-PL","@id":"https:\/\/shop.aquacity.sk\/#\/schema\/logo\/image\/","url":"https:\/\/shop.aquacity.sk\/wp-content\/uploads\/2020\/03\/logo-aquacity.svg","contentUrl":"https:\/\/shop.aquacity.sk\/wp-content\/uploads\/2020\/03\/logo-aquacity.svg","width":209,"height":99,"caption":"ONLINE SHOP AquaCity Poprad"},"image":{"@id":"https:\/\/shop.aquacity.sk\/#\/schema\/logo\/image\/"}}]}},"_links":{"self":[{"href":"https:\/\/shop.aquacity.sk\/pl\/wp-json\/wp\/v2\/product\/354329","targetHints":{"allow":["GET"]}}],"collection":[{"href":"https:\/\/shop.aquacity.sk\/pl\/wp-json\/wp\/v2\/product"}],"about":[{"href":"https:\/\/shop.aquacity.sk\/pl\/wp-json\/wp\/v2\/types\/product"}],"wp:featuredmedia":[{"embeddable":true,"href":"https:\/\/shop.aquacity.sk\/pl\/wp-json\/wp\/v2\/media\/354336"}],"wp:attachment":[{"href":"https:\/\/shop.aquacity.sk\/pl\/wp-json\/wp\/v2\/media?parent=354329"}],"wp:term":[{"taxonomy":"product_brand","embeddable":true,"href":"https:\/\/shop.aquacity.sk\/pl\/wp-json\/wp\/v2\/product_brand?post=354329"},{"taxonomy":"product_cat","embeddable":true,"href":"https:\/\/shop.aquacity.sk\/pl\/wp-json\/wp\/v2\/product_cat?post=354329"},{"taxonomy":"product_tag","embeddable":true,"href":"https:\/\/shop.aquacity.sk\/pl\/wp-json\/wp\/v2\/product_tag?post=354329"}],"curies":[{"name":"wp","href":"https:\/\/api.w.org\/{rel}","templated":true}]}}