{"id":352320,"date":"2026-01-14T14:44:09","date_gmt":"2026-01-14T13:44:09","guid":{"rendered":"https:\/\/shop.aquacity.sk\/?post_type=product&#038;p=352320"},"modified":"2026-01-14T15:00:53","modified_gmt":"2026-01-14T14:00:53","slug":"krioterapia-miejscowa","status":"publish","type":"product","link":"https:\/\/shop.aquacity.sk\/pl\/produkt\/krioterapia-miejscowa\/","title":{"rendered":"KRIOTERAPIA MIEJSCOWA"},"content":{"rendered":"<h3 class=\"\" data-start=\"103\" data-end=\"124\"><strong data-start=\"107\" data-end=\"124\">Opis produktu<\/strong><\/h3>\n<p class=\"\" data-start=\"126\" data-end=\"327\"><strong data-start=\"126\" data-end=\"146\">Voucher obejmuje<\/strong> \u2013 wej\u015bcie do Kryocentrum na jeden zabieg krioterapii w specjalistycznej kriokomorze o temperaturze \u2013120\u00b0C.<\/p>\n<h3 class=\"\" data-start=\"334\" data-end=\"362\"><strong data-start=\"338\" data-end=\"362\">Informacje o zabiegu<\/strong><\/h3>\n<p class=\"\" data-start=\"364\" data-end=\"625\"><strong data-start=\"364\" data-end=\"381\">Czas trwania:<\/strong> Czas trwania zabiegu: 2\u20135 min. Krioterapia miejscowa to ukierunkowane ch\u0142odzenie wybranej cz\u0119\u015bci cia\u0142a za pomoc\u0105 zimnego powietrza z urz\u0105dzenia do krioterapii miejscowej. Przed zabiegiem personel okre\u015bla obszar poddawany terapii i sprawdza stan sk\u00f3ry, kt\u00f3ra musi by\u0107 czysta, sucha i bez uszkodze\u0144. Aplikacja trwa zazwyczaj 2\u20135 minut i odbywa si\u0119 z ustalonej odleg\u0142o\u015bci. Po zako\u0144czeniu nast\u0119puje szybkie przekrwienie leczonego obszaru, co sprzyja zmniejszeniu b\u00f3lu i regeneracji. Po zabiegu zalecany jest umiarkowany ruch lub lekkie \u0107wiczenia.<\/p>\n<h3 class=\"\" data-start=\"1402\" data-end=\"1426\"><strong data-start=\"1406\" data-end=\"1426\">Wa\u017cno\u015b\u0107 vouchera i <\/strong><strong data-start=\"1569\" data-end=\"1589\">Godziny otwarcia<\/strong><\/h3>\n<p class=\"\" data-start=\"1428\" data-end=\"1558\">Voucher jest wa\u017cny przez <strong data-start=\"107\" data-end=\"136\">3 miesi\u0105ce od daty zakupu<\/strong>. Rezerwacja nie jest wymagana. Voucher nie mo\u017ce by\u0107 wykorzystany w dniu zakupu.<br \/>\nKrioterapia krioterapia ca\u0142ego cia\u0142a\u00a0 Czwartek \u2013 Sobota \/ 16:00 \u2013 18:30, krioterapia miejscowa Czwartek \u2013 Sobota \/ 18:30 \u2013 19:00<\/p>\n<p class=\"\" data-start=\"1771\" data-end=\"1931\">\n","protected":false},"excerpt":{"rendered":"<p class=\"\" data-start=\"83\" data-end=\"495\"><strong data-start=\"83\" data-end=\"160\">Krioterapia to po\u0142\u0105czenie nowoczesnej medycyny z leczeniem alternatywnym.<\/strong><br data-start=\"160\" data-end=\"163\" \/>Zar\u00f3wno krioterapia og\u00f3lnoustrojowa, jak i miejscowa znalaz\u0142y zastosowanie nie tylko w rehabilitacji, \u0142agodzeniu czy eliminowaniu skutk\u00f3w chor\u00f3b, ale obecnie s\u0105 tak\u017ce ch\u0119tnie wybierane przez aktywnych sportowc\u00f3w oraz osoby dbaj\u0105ce o kondycj\u0119 i zdrowie.<br data-start=\"415\" data-end=\"418\" \/>Pozytywne efekty krioterapii oferujemy w naszej specjalistycznej kriokomorze.<\/p>\n","protected":false},"featured_media":300248,"template":"","meta":{"_acf_changed":false,"site-sidebar-layout":"default","site-content-layout":"default","ast-global-header-display":"","ast-main-header-display":"","ast-hfb-above-header-display":"","ast-hfb-below-header-display":"","ast-hfb-mobile-header-display":"","site-post-title":"","ast-breadcrumbs-content":"","ast-featured-img":"","footer-sml-layout":"","theme-transparent-header-meta":"default","adv-header-id-meta":"","stick-header-meta":"","header-above-stick-meta":"","header-main-stick-meta":"","header-below-stick-meta":""},"product_brand":[],"product_cat":[129],"product_tag":[],"class_list":{"0":"post-352320","1":"product","2":"type-product","3":"status-publish","4":"has-post-thumbnail","6":"product_cat-krioterapia","7":"desktop-align-left","8":"tablet-align-left","9":"mobile-align-left","11":"first","12":"instock","13":"taxable","14":"shipping-taxable","15":"purchasable","16":"product-type-variable"},"acf":[],"yoast_head":"<!-- This site is optimized with the Yoast SEO plugin v26.2 - https:\/\/yoast.com\/wordpress\/plugins\/seo\/ -->\n<title>KRIOTERAPIA MIEJSCOWA - ONLINE SHOP AquaCity Poprad<\/title>\n<meta name=\"robots\" content=\"index, follow, max-snippet:-1, max-image-preview:large, max-video-preview:-1\" \/>\n<link rel=\"canonical\" href=\"https:\/\/shop.aquacity.sk\/pl\/produkt\/krioterapia-miejscowa\/\" \/>\n<meta property=\"og:locale\" content=\"pl_PL\" \/>\n<meta property=\"og:type\" content=\"article\" \/>\n<meta property=\"og:title\" content=\"KRIOTERAPIA MIEJSCOWA - ONLINE SHOP AquaCity Poprad\" \/>\n<meta property=\"og:description\" content=\"Krioterapia to po\u0142\u0105czenie nowoczesnej medycyny z leczeniem alternatywnym.Zar\u00f3wno krioterapia og\u00f3lnoustrojowa, jak i miejscowa znalaz\u0142y zastosowanie nie tylko w rehabilitacji, \u0142agodzeniu czy eliminowaniu skutk\u00f3w chor\u00f3b, ale obecnie s\u0105 tak\u017ce ch\u0119tnie wybierane przez aktywnych sportowc\u00f3w oraz osoby dbaj\u0105ce o kondycj\u0119 i zdrowie.Pozytywne efekty krioterapii oferujemy w naszej specjalistycznej kriokomorze.\" \/>\n<meta property=\"og:url\" content=\"https:\/\/shop.aquacity.sk\/pl\/produkt\/krioterapia-miejscowa\/\" \/>\n<meta property=\"og:site_name\" content=\"ONLINE SHOP AquaCity Poprad\" \/>\n<meta property=\"article:modified_time\" content=\"2026-01-14T14:00:53+00:00\" \/>\n<meta property=\"og:image\" content=\"https:\/\/shop.aquacity.sk\/wp-content\/uploads\/2025\/04\/Interklinik_Kryo_HQ.jpg\" \/>\n\t<meta property=\"og:image:width\" content=\"792\" \/>\n\t<meta property=\"og:image:height\" content=\"761\" \/>\n\t<meta property=\"og:image:type\" content=\"image\/jpeg\" \/>\n<meta name=\"twitter:card\" content=\"summary_large_image\" \/>\n<meta name=\"twitter:label1\" content=\"Szacowany czas czytania\" \/>\n\t<meta name=\"twitter:data1\" content=\"1 minuta\" \/>\n<script type=\"application\/ld+json\" class=\"yoast-schema-graph\">{\"@context\":\"https:\/\/schema.org\",\"@graph\":[{\"@type\":\"WebPage\",\"@id\":\"https:\/\/shop.aquacity.sk\/pl\/produkt\/krioterapia-miejscowa\/\",\"url\":\"https:\/\/shop.aquacity.sk\/pl\/produkt\/krioterapia-miejscowa\/\",\"name\":\"KRIOTERAPIA MIEJSCOWA - ONLINE SHOP AquaCity Poprad\",\"isPartOf\":{\"@id\":\"https:\/\/shop.aquacity.sk\/#website\"},\"primaryImageOfPage\":{\"@id\":\"https:\/\/shop.aquacity.sk\/pl\/produkt\/krioterapia-miejscowa\/#primaryimage\"},\"image\":{\"@id\":\"https:\/\/shop.aquacity.sk\/pl\/produkt\/krioterapia-miejscowa\/#primaryimage\"},\"thumbnailUrl\":\"https:\/\/shop.aquacity.sk\/wp-content\/uploads\/2025\/04\/Interklinik_Kryo_HQ.jpg\",\"datePublished\":\"2026-01-14T13:44:09+00:00\",\"dateModified\":\"2026-01-14T14:00:53+00:00\",\"breadcrumb\":{\"@id\":\"https:\/\/shop.aquacity.sk\/pl\/produkt\/krioterapia-miejscowa\/#breadcrumb\"},\"inLanguage\":\"pl-PL\",\"potentialAction\":[{\"@type\":\"ReadAction\",\"target\":[\"https:\/\/shop.aquacity.sk\/pl\/produkt\/krioterapia-miejscowa\/\"]}]},{\"@type\":\"ImageObject\",\"inLanguage\":\"pl-PL\",\"@id\":\"https:\/\/shop.aquacity.sk\/pl\/produkt\/krioterapia-miejscowa\/#primaryimage\",\"url\":\"https:\/\/shop.aquacity.sk\/wp-content\/uploads\/2025\/04\/Interklinik_Kryo_HQ.jpg\",\"contentUrl\":\"https:\/\/shop.aquacity.sk\/wp-content\/uploads\/2025\/04\/Interklinik_Kryo_HQ.jpg\",\"width\":792,\"height\":761},{\"@type\":\"BreadcrumbList\",\"@id\":\"https:\/\/shop.aquacity.sk\/pl\/produkt\/krioterapia-miejscowa\/#breadcrumb\",\"itemListElement\":[{\"@type\":\"ListItem\",\"position\":1,\"name\":\"Home\",\"item\":\"https:\/\/shop.aquacity.sk\/\"},{\"@type\":\"ListItem\",\"position\":2,\"name\":\"Sklep\",\"item\":\"https:\/\/shop.aquacity.sk\/pl\/sklep\/\"},{\"@type\":\"ListItem\",\"position\":3,\"name\":\"KRIOTERAPIA MIEJSCOWA\"}]},{\"@type\":\"WebSite\",\"@id\":\"https:\/\/shop.aquacity.sk\/#website\",\"url\":\"https:\/\/shop.aquacity.sk\/\",\"name\":\"ONLINE SHOP AquaCity Poprad\",\"description\":\"Ten prav\u00fd oddych pod Tatrami\",\"publisher\":{\"@id\":\"https:\/\/shop.aquacity.sk\/#organization\"},\"potentialAction\":[{\"@type\":\"SearchAction\",\"target\":{\"@type\":\"EntryPoint\",\"urlTemplate\":\"https:\/\/shop.aquacity.sk\/?s={search_term_string}\"},\"query-input\":{\"@type\":\"PropertyValueSpecification\",\"valueRequired\":true,\"valueName\":\"search_term_string\"}}],\"inLanguage\":\"pl-PL\"},{\"@type\":\"Organization\",\"@id\":\"https:\/\/shop.aquacity.sk\/#organization\",\"name\":\"ONLINE SHOP AquaCity Poprad\",\"url\":\"https:\/\/shop.aquacity.sk\/\",\"logo\":{\"@type\":\"ImageObject\",\"inLanguage\":\"pl-PL\",\"@id\":\"https:\/\/shop.aquacity.sk\/#\/schema\/logo\/image\/\",\"url\":\"https:\/\/shop.aquacity.sk\/wp-content\/uploads\/2020\/03\/logo-aquacity.svg\",\"contentUrl\":\"https:\/\/shop.aquacity.sk\/wp-content\/uploads\/2020\/03\/logo-aquacity.svg\",\"width\":209,\"height\":99,\"caption\":\"ONLINE SHOP AquaCity Poprad\"},\"image\":{\"@id\":\"https:\/\/shop.aquacity.sk\/#\/schema\/logo\/image\/\"}}]}<\/script>\n<!-- \/ Yoast SEO plugin. -->","yoast_head_json":{"title":"KRIOTERAPIA MIEJSCOWA - ONLINE SHOP AquaCity Poprad","robots":{"index":"index","follow":"follow","max-snippet":"max-snippet:-1","max-image-preview":"max-image-preview:large","max-video-preview":"max-video-preview:-1"},"canonical":"https:\/\/shop.aquacity.sk\/pl\/produkt\/krioterapia-miejscowa\/","og_locale":"pl_PL","og_type":"article","og_title":"KRIOTERAPIA MIEJSCOWA - ONLINE SHOP AquaCity Poprad","og_description":"Krioterapia to po\u0142\u0105czenie nowoczesnej medycyny z leczeniem alternatywnym.Zar\u00f3wno krioterapia og\u00f3lnoustrojowa, jak i miejscowa znalaz\u0142y zastosowanie nie tylko w rehabilitacji, \u0142agodzeniu czy eliminowaniu skutk\u00f3w chor\u00f3b, ale obecnie s\u0105 tak\u017ce ch\u0119tnie wybierane przez aktywnych sportowc\u00f3w oraz osoby dbaj\u0105ce o kondycj\u0119 i zdrowie.Pozytywne efekty krioterapii oferujemy w naszej specjalistycznej kriokomorze.","og_url":"https:\/\/shop.aquacity.sk\/pl\/produkt\/krioterapia-miejscowa\/","og_site_name":"ONLINE SHOP AquaCity Poprad","article_modified_time":"2026-01-14T14:00:53+00:00","og_image":[{"width":792,"height":761,"url":"https:\/\/shop.aquacity.sk\/wp-content\/uploads\/2025\/04\/Interklinik_Kryo_HQ.jpg","type":"image\/jpeg"}],"twitter_card":"summary_large_image","twitter_misc":{"Szacowany czas czytania":"1 minuta"},"schema":{"@context":"https:\/\/schema.org","@graph":[{"@type":"WebPage","@id":"https:\/\/shop.aquacity.sk\/pl\/produkt\/krioterapia-miejscowa\/","url":"https:\/\/shop.aquacity.sk\/pl\/produkt\/krioterapia-miejscowa\/","name":"KRIOTERAPIA MIEJSCOWA - ONLINE SHOP AquaCity Poprad","isPartOf":{"@id":"https:\/\/shop.aquacity.sk\/#website"},"primaryImageOfPage":{"@id":"https:\/\/shop.aquacity.sk\/pl\/produkt\/krioterapia-miejscowa\/#primaryimage"},"image":{"@id":"https:\/\/shop.aquacity.sk\/pl\/produkt\/krioterapia-miejscowa\/#primaryimage"},"thumbnailUrl":"https:\/\/shop.aquacity.sk\/wp-content\/uploads\/2025\/04\/Interklinik_Kryo_HQ.jpg","datePublished":"2026-01-14T13:44:09+00:00","dateModified":"2026-01-14T14:00:53+00:00","breadcrumb":{"@id":"https:\/\/shop.aquacity.sk\/pl\/produkt\/krioterapia-miejscowa\/#breadcrumb"},"inLanguage":"pl-PL","potentialAction":[{"@type":"ReadAction","target":["https:\/\/shop.aquacity.sk\/pl\/produkt\/krioterapia-miejscowa\/"]}]},{"@type":"ImageObject","inLanguage":"pl-PL","@id":"https:\/\/shop.aquacity.sk\/pl\/produkt\/krioterapia-miejscowa\/#primaryimage","url":"https:\/\/shop.aquacity.sk\/wp-content\/uploads\/2025\/04\/Interklinik_Kryo_HQ.jpg","contentUrl":"https:\/\/shop.aquacity.sk\/wp-content\/uploads\/2025\/04\/Interklinik_Kryo_HQ.jpg","width":792,"height":761},{"@type":"BreadcrumbList","@id":"https:\/\/shop.aquacity.sk\/pl\/produkt\/krioterapia-miejscowa\/#breadcrumb","itemListElement":[{"@type":"ListItem","position":1,"name":"Home","item":"https:\/\/shop.aquacity.sk\/"},{"@type":"ListItem","position":2,"name":"Sklep","item":"https:\/\/shop.aquacity.sk\/pl\/sklep\/"},{"@type":"ListItem","position":3,"name":"KRIOTERAPIA MIEJSCOWA"}]},{"@type":"WebSite","@id":"https:\/\/shop.aquacity.sk\/#website","url":"https:\/\/shop.aquacity.sk\/","name":"ONLINE SHOP AquaCity Poprad","description":"Ten prav\u00fd oddych pod Tatrami","publisher":{"@id":"https:\/\/shop.aquacity.sk\/#organization"},"potentialAction":[{"@type":"SearchAction","target":{"@type":"EntryPoint","urlTemplate":"https:\/\/shop.aquacity.sk\/?s={search_term_string}"},"query-input":{"@type":"PropertyValueSpecification","valueRequired":true,"valueName":"search_term_string"}}],"inLanguage":"pl-PL"},{"@type":"Organization","@id":"https:\/\/shop.aquacity.sk\/#organization","name":"ONLINE SHOP AquaCity Poprad","url":"https:\/\/shop.aquacity.sk\/","logo":{"@type":"ImageObject","inLanguage":"pl-PL","@id":"https:\/\/shop.aquacity.sk\/#\/schema\/logo\/image\/","url":"https:\/\/shop.aquacity.sk\/wp-content\/uploads\/2020\/03\/logo-aquacity.svg","contentUrl":"https:\/\/shop.aquacity.sk\/wp-content\/uploads\/2020\/03\/logo-aquacity.svg","width":209,"height":99,"caption":"ONLINE SHOP AquaCity Poprad"},"image":{"@id":"https:\/\/shop.aquacity.sk\/#\/schema\/logo\/image\/"}}]}},"_links":{"self":[{"href":"https:\/\/shop.aquacity.sk\/pl\/wp-json\/wp\/v2\/product\/352320","targetHints":{"allow":["GET"]}}],"collection":[{"href":"https:\/\/shop.aquacity.sk\/pl\/wp-json\/wp\/v2\/product"}],"about":[{"href":"https:\/\/shop.aquacity.sk\/pl\/wp-json\/wp\/v2\/types\/product"}],"wp:featuredmedia":[{"embeddable":true,"href":"https:\/\/shop.aquacity.sk\/pl\/wp-json\/wp\/v2\/media\/300248"}],"wp:attachment":[{"href":"https:\/\/shop.aquacity.sk\/pl\/wp-json\/wp\/v2\/media?parent=352320"}],"wp:term":[{"taxonomy":"product_brand","embeddable":true,"href":"https:\/\/shop.aquacity.sk\/pl\/wp-json\/wp\/v2\/product_brand?post=352320"},{"taxonomy":"product_cat","embeddable":true,"href":"https:\/\/shop.aquacity.sk\/pl\/wp-json\/wp\/v2\/product_cat?post=352320"},{"taxonomy":"product_tag","embeddable":true,"href":"https:\/\/shop.aquacity.sk\/pl\/wp-json\/wp\/v2\/product_tag?post=352320"}],"curies":[{"name":"wp","href":"https:\/\/api.w.org\/{rel}","templated":true}]}}