{"id":337661,"date":"2025-10-14T13:50:35","date_gmt":"2025-10-14T11:50:35","guid":{"rendered":"https:\/\/shop.aquacity.sk\/?post_type=product&#038;p=337661"},"modified":"2026-02-26T16:04:01","modified_gmt":"2026-02-26T15:04:01","slug":"calodzienny-wstep-family-packet","status":"publish","type":"product","link":"https:\/\/shop.aquacity.sk\/pl\/produkt\/calodzienny-wstep-family-packet\/","title":{"rendered":"AQUACITY POPRAD &#8211; ca\u0142odzienny wst\u0119p FAMILY PACKET"},"content":{"rendered":"<h2>Opis produktu<\/h2>\n<p><strong>Family packet<\/strong> &#8211; Ca\u0142odniowy bilet wst\u0119pu do Aquaparku dla rodzin z dzie\u0107mi poni\u017cej 18 lat.<br \/>\nBilet dla 3 os\u00f3b, w tym co najmniej dla 1 dziecka poni\u017cej 18 roku \u017cycia.<br \/>\nBilet dla 4 os\u00f3b, w tym co najmniej 2 dzieci poni\u017cej 18 roku \u017cycia.<br \/>\nFamily packet mo\u017cna zakupi\u0107 online bez karty\u00a0klubowej.<br \/>\n<strong>Wst\u0119p do wszystkich krytych i zewn\u0119trznych basen\u00f3w w aquaparku:<br \/>\n<\/strong><strong>Strefa relaksacyjna <\/strong>-3 odkryte baseny termalne z atrakcjami wodnymi, 2 kryte baseny termalne Blue Diamond z barami wodnymi, 50 m basen p\u0142ywacki, sauna parowa<br \/>\n<strong>Strefa rozrywki\u00a0<\/strong>&#8211; kryte baseny relaksacyjne Blue Sapphire, kryty basen dla dzieci Treasure Island &#8211; Wyspa Skarb\u00f3w, place zabaw i boiska dla dzieci<br \/>\n<strong>Kompleks letni<\/strong> &#8211; Piramida Maj\u00f3w, zewn\u0119trzny basen dla dzieci, strefa zabawy &#8211; nadmuchiwany park wodny pirat\u00f3w<\/p>\n<h2>Wa\u017cno\u015b\u0107<\/h2>\n<p>Voucher jest <strong>wa\u017cny na konkretn\u0105 dat\u0119<\/strong> albo <strong>przez 6 miesi\u0119cy od zakupu<\/strong> \u2014 w zale\u017cno\u015bci od wybranej opcji <strong>(wa\u017cno\u015b\u0107 jest podana na voucherze; voucher z okre\u015blon\u0105 dat\u0105 mo\u017cna wykorzysta\u0107 wy\u0142\u0105cznie w danym dniu).<\/strong> Swoje zam\u00f3wienie za\u0142atwisz na kasie na 2 pi\u0119trze w Aquaparku AquaCity Poprad.<\/p>\n","protected":false},"excerpt":{"rendered":"<p><strong>FAMILY PACKET &#8211;\u00a0Ca\u0142odniowy bilet wst\u0119pu do Aquaparku dla rodzin z dzie\u0107mi poni\u017cej 18 lat.\u00a0<\/strong>Bilet dla 3 os\u00f3b, w tym co najmniej dla 1 dziecka poni\u017cej 18 roku \u017cycia. Bilet dla 4 os\u00f3b, w tym co najmniej 2 dzieci poni\u017cej 18 roku \u017cycia. Dla pozosta\u0142ych dzieci poni\u017cej 18 roku \u017cycia (powy\u017cej 3 lub 4 os\u00f3b) cena pakietu AQUAPARK packet wynosi 15 EUR. Z pakietu rodzinnego mo\u017ce skorzysta\u0107 jednorazowo maksymalnie 6 os\u00f3b.<\/p>\n<ul>\n<li data-start=\"1701\" data-end=\"2086\"><strong><span style=\"color: #ff0000;\">Bilety do Aquaparku i Centrum Wellness nale\u017cy kupi\u0107 co najmniej 1 dzie\u0144 wcze\u015bniej i nie s\u0105 wa\u017cne w dniu zakupu.<\/span><\/strong><\/li>\n<li data-start=\"1701\" data-end=\"2086\"><span style=\"color: #ff0000;\">Mo\u017cna wybra\u0107 <strong>voucher wa\u017cny 6 miesi\u0119cy<\/strong> od zakupu albo <strong>voucher na konkretn\u0105 dat\u0119 w korzystniejszej cenie<\/strong>; <strong>voucher z okre\u015blon\u0105 dat\u0105 mo\u017cna wykorzysta\u0107 wy\u0142\u0105cznie w danym dniu.<\/strong><\/span><\/li>\n<\/ul>\n","protected":false},"featured_media":234393,"template":"","meta":{"_acf_changed":false,"site-sidebar-layout":"default","site-content-layout":"default","ast-global-header-display":"","ast-main-header-display":"","ast-hfb-above-header-display":"","ast-hfb-below-header-display":"","ast-hfb-mobile-header-display":"","site-post-title":"","ast-breadcrumbs-content":"","ast-featured-img":"","footer-sml-layout":"","theme-transparent-header-meta":"default","adv-header-id-meta":"","stick-header-meta":"","header-above-stick-meta":"","header-main-stick-meta":"","header-below-stick-meta":""},"product_brand":[],"product_cat":[73],"product_tag":[],"class_list":{"0":"post-337661","1":"product","2":"type-product","3":"status-publish","4":"has-post-thumbnail","6":"product_cat-aquapark-wellness-pl","7":"apc-product-has-components","8":"desktop-align-left","9":"tablet-align-left","10":"mobile-align-left","12":"first","13":"instock","14":"taxable","15":"shipping-taxable","16":"purchasable","17":"product-type-variable"},"acf":[],"yoast_head":"<!-- This site is optimized with the Yoast SEO plugin v26.2 - https:\/\/yoast.com\/wordpress\/plugins\/seo\/ -->\n<title>AQUACITY POPRAD - ca\u0142odzienny wst\u0119p FAMILY PACKET - ONLINE SHOP AquaCity Poprad<\/title>\n<meta name=\"robots\" content=\"index, follow, max-snippet:-1, max-image-preview:large, max-video-preview:-1\" \/>\n<link rel=\"canonical\" href=\"https:\/\/shop.aquacity.sk\/pl\/produkt\/calodzienny-wstep-family-packet\/\" \/>\n<meta property=\"og:locale\" content=\"pl_PL\" \/>\n<meta property=\"og:type\" content=\"article\" \/>\n<meta property=\"og:title\" content=\"AQUACITY POPRAD - ca\u0142odzienny wst\u0119p FAMILY PACKET - ONLINE SHOP AquaCity Poprad\" \/>\n<meta property=\"og:description\" content=\"FAMILY PACKET -\u00a0Ca\u0142odniowy bilet wst\u0119pu do Aquaparku dla rodzin z dzie\u0107mi poni\u017cej 18 lat.\u00a0Bilet dla 3 os\u00f3b, w tym co najmniej dla 1 dziecka poni\u017cej 18 roku \u017cycia. Bilet dla 4 os\u00f3b, w tym co najmniej 2 dzieci poni\u017cej 18 roku \u017cycia. Dla pozosta\u0142ych dzieci poni\u017cej 18 roku \u017cycia (powy\u017cej 3 lub 4 os\u00f3b) cena pakietu AQUAPARK packet wynosi 15 EUR. Z pakietu rodzinnego mo\u017ce skorzysta\u0107 jednorazowo maksymalnie 6 os\u00f3b.   Bilety do Aquaparku i Centrum Wellness nale\u017cy kupi\u0107 co najmniej 1 dzie\u0144 wcze\u015bniej i nie s\u0105 wa\u017cne w dniu zakupu.  Mo\u017cna wybra\u0107 voucher wa\u017cny 6 miesi\u0119cy od zakupu albo voucher na konkretn\u0105 dat\u0119 w korzystniejszej cenie; voucher z okre\u015blon\u0105 dat\u0105 mo\u017cna wykorzysta\u0107 wy\u0142\u0105cznie w danym dniu.\" \/>\n<meta property=\"og:url\" content=\"https:\/\/shop.aquacity.sk\/pl\/produkt\/calodzienny-wstep-family-packet\/\" \/>\n<meta property=\"og:site_name\" content=\"ONLINE SHOP AquaCity Poprad\" \/>\n<meta property=\"article:modified_time\" content=\"2026-02-26T15:04:01+00:00\" \/>\n<meta property=\"og:image\" content=\"https:\/\/shop.aquacity.sk\/wp-content\/uploads\/2024\/03\/AquaCity_Poprad_Leto_MH_web_065.jpg\" \/>\n\t<meta property=\"og:image:width\" content=\"1920\" \/>\n\t<meta property=\"og:image:height\" content=\"1142\" \/>\n\t<meta property=\"og:image:type\" content=\"image\/jpeg\" \/>\n<meta name=\"twitter:card\" content=\"summary_large_image\" \/>\n<meta name=\"twitter:label1\" content=\"Szacowany czas czytania\" \/>\n\t<meta name=\"twitter:data1\" content=\"2 minuty\" \/>\n<script type=\"application\/ld+json\" class=\"yoast-schema-graph\">{\"@context\":\"https:\/\/schema.org\",\"@graph\":[{\"@type\":\"WebPage\",\"@id\":\"https:\/\/shop.aquacity.sk\/pl\/produkt\/calodzienny-wstep-family-packet\/\",\"url\":\"https:\/\/shop.aquacity.sk\/pl\/produkt\/calodzienny-wstep-family-packet\/\",\"name\":\"AQUACITY POPRAD - ca\u0142odzienny wst\u0119p FAMILY PACKET - ONLINE SHOP AquaCity Poprad\",\"isPartOf\":{\"@id\":\"https:\/\/shop.aquacity.sk\/#website\"},\"primaryImageOfPage\":{\"@id\":\"https:\/\/shop.aquacity.sk\/pl\/produkt\/calodzienny-wstep-family-packet\/#primaryimage\"},\"image\":{\"@id\":\"https:\/\/shop.aquacity.sk\/pl\/produkt\/calodzienny-wstep-family-packet\/#primaryimage\"},\"thumbnailUrl\":\"https:\/\/shop.aquacity.sk\/wp-content\/uploads\/2024\/03\/AquaCity_Poprad_Leto_MH_web_065.jpg\",\"datePublished\":\"2025-10-14T11:50:35+00:00\",\"dateModified\":\"2026-02-26T15:04:01+00:00\",\"breadcrumb\":{\"@id\":\"https:\/\/shop.aquacity.sk\/pl\/produkt\/calodzienny-wstep-family-packet\/#breadcrumb\"},\"inLanguage\":\"pl-PL\",\"potentialAction\":[{\"@type\":\"ReadAction\",\"target\":[\"https:\/\/shop.aquacity.sk\/pl\/produkt\/calodzienny-wstep-family-packet\/\"]}]},{\"@type\":\"ImageObject\",\"inLanguage\":\"pl-PL\",\"@id\":\"https:\/\/shop.aquacity.sk\/pl\/produkt\/calodzienny-wstep-family-packet\/#primaryimage\",\"url\":\"https:\/\/shop.aquacity.sk\/wp-content\/uploads\/2024\/03\/AquaCity_Poprad_Leto_MH_web_065.jpg\",\"contentUrl\":\"https:\/\/shop.aquacity.sk\/wp-content\/uploads\/2024\/03\/AquaCity_Poprad_Leto_MH_web_065.jpg\",\"width\":1920,\"height\":1142},{\"@type\":\"BreadcrumbList\",\"@id\":\"https:\/\/shop.aquacity.sk\/pl\/produkt\/calodzienny-wstep-family-packet\/#breadcrumb\",\"itemListElement\":[{\"@type\":\"ListItem\",\"position\":1,\"name\":\"Home\",\"item\":\"https:\/\/shop.aquacity.sk\/\"},{\"@type\":\"ListItem\",\"position\":2,\"name\":\"Sklep\",\"item\":\"https:\/\/shop.aquacity.sk\/pl\/sklep\/\"},{\"@type\":\"ListItem\",\"position\":3,\"name\":\"AQUACITY POPRAD &#8211; ca\u0142odzienny wst\u0119p FAMILY PACKET\"}]},{\"@type\":\"WebSite\",\"@id\":\"https:\/\/shop.aquacity.sk\/#website\",\"url\":\"https:\/\/shop.aquacity.sk\/\",\"name\":\"ONLINE SHOP AquaCity Poprad\",\"description\":\"Ten prav\u00fd oddych pod Tatrami\",\"publisher\":{\"@id\":\"https:\/\/shop.aquacity.sk\/#organization\"},\"potentialAction\":[{\"@type\":\"SearchAction\",\"target\":{\"@type\":\"EntryPoint\",\"urlTemplate\":\"https:\/\/shop.aquacity.sk\/?s={search_term_string}\"},\"query-input\":{\"@type\":\"PropertyValueSpecification\",\"valueRequired\":true,\"valueName\":\"search_term_string\"}}],\"inLanguage\":\"pl-PL\"},{\"@type\":\"Organization\",\"@id\":\"https:\/\/shop.aquacity.sk\/#organization\",\"name\":\"ONLINE SHOP AquaCity Poprad\",\"url\":\"https:\/\/shop.aquacity.sk\/\",\"logo\":{\"@type\":\"ImageObject\",\"inLanguage\":\"pl-PL\",\"@id\":\"https:\/\/shop.aquacity.sk\/#\/schema\/logo\/image\/\",\"url\":\"https:\/\/shop.aquacity.sk\/wp-content\/uploads\/2020\/03\/logo-aquacity.svg\",\"contentUrl\":\"https:\/\/shop.aquacity.sk\/wp-content\/uploads\/2020\/03\/logo-aquacity.svg\",\"width\":209,\"height\":99,\"caption\":\"ONLINE SHOP AquaCity Poprad\"},\"image\":{\"@id\":\"https:\/\/shop.aquacity.sk\/#\/schema\/logo\/image\/\"}}]}<\/script>\n<!-- \/ Yoast SEO plugin. -->","yoast_head_json":{"title":"AQUACITY POPRAD - ca\u0142odzienny wst\u0119p FAMILY PACKET - ONLINE SHOP AquaCity Poprad","robots":{"index":"index","follow":"follow","max-snippet":"max-snippet:-1","max-image-preview":"max-image-preview:large","max-video-preview":"max-video-preview:-1"},"canonical":"https:\/\/shop.aquacity.sk\/pl\/produkt\/calodzienny-wstep-family-packet\/","og_locale":"pl_PL","og_type":"article","og_title":"AQUACITY POPRAD - ca\u0142odzienny wst\u0119p FAMILY PACKET - ONLINE SHOP AquaCity Poprad","og_description":"FAMILY PACKET -\u00a0Ca\u0142odniowy bilet wst\u0119pu do Aquaparku dla rodzin z dzie\u0107mi poni\u017cej 18 lat.\u00a0Bilet dla 3 os\u00f3b, w tym co najmniej dla 1 dziecka poni\u017cej 18 roku \u017cycia. Bilet dla 4 os\u00f3b, w tym co najmniej 2 dzieci poni\u017cej 18 roku \u017cycia. Dla pozosta\u0142ych dzieci poni\u017cej 18 roku \u017cycia (powy\u017cej 3 lub 4 os\u00f3b) cena pakietu AQUAPARK packet wynosi 15 EUR. Z pakietu rodzinnego mo\u017ce skorzysta\u0107 jednorazowo maksymalnie 6 os\u00f3b.   Bilety do Aquaparku i Centrum Wellness nale\u017cy kupi\u0107 co najmniej 1 dzie\u0144 wcze\u015bniej i nie s\u0105 wa\u017cne w dniu zakupu.  Mo\u017cna wybra\u0107 voucher wa\u017cny 6 miesi\u0119cy od zakupu albo voucher na konkretn\u0105 dat\u0119 w korzystniejszej cenie; voucher z okre\u015blon\u0105 dat\u0105 mo\u017cna wykorzysta\u0107 wy\u0142\u0105cznie w danym dniu.","og_url":"https:\/\/shop.aquacity.sk\/pl\/produkt\/calodzienny-wstep-family-packet\/","og_site_name":"ONLINE SHOP AquaCity Poprad","article_modified_time":"2026-02-26T15:04:01+00:00","og_image":[{"width":1920,"height":1142,"url":"https:\/\/shop.aquacity.sk\/wp-content\/uploads\/2024\/03\/AquaCity_Poprad_Leto_MH_web_065.jpg","type":"image\/jpeg"}],"twitter_card":"summary_large_image","twitter_misc":{"Szacowany czas czytania":"2 minuty"},"schema":{"@context":"https:\/\/schema.org","@graph":[{"@type":"WebPage","@id":"https:\/\/shop.aquacity.sk\/pl\/produkt\/calodzienny-wstep-family-packet\/","url":"https:\/\/shop.aquacity.sk\/pl\/produkt\/calodzienny-wstep-family-packet\/","name":"AQUACITY POPRAD - ca\u0142odzienny wst\u0119p FAMILY PACKET - ONLINE SHOP AquaCity Poprad","isPartOf":{"@id":"https:\/\/shop.aquacity.sk\/#website"},"primaryImageOfPage":{"@id":"https:\/\/shop.aquacity.sk\/pl\/produkt\/calodzienny-wstep-family-packet\/#primaryimage"},"image":{"@id":"https:\/\/shop.aquacity.sk\/pl\/produkt\/calodzienny-wstep-family-packet\/#primaryimage"},"thumbnailUrl":"https:\/\/shop.aquacity.sk\/wp-content\/uploads\/2024\/03\/AquaCity_Poprad_Leto_MH_web_065.jpg","datePublished":"2025-10-14T11:50:35+00:00","dateModified":"2026-02-26T15:04:01+00:00","breadcrumb":{"@id":"https:\/\/shop.aquacity.sk\/pl\/produkt\/calodzienny-wstep-family-packet\/#breadcrumb"},"inLanguage":"pl-PL","potentialAction":[{"@type":"ReadAction","target":["https:\/\/shop.aquacity.sk\/pl\/produkt\/calodzienny-wstep-family-packet\/"]}]},{"@type":"ImageObject","inLanguage":"pl-PL","@id":"https:\/\/shop.aquacity.sk\/pl\/produkt\/calodzienny-wstep-family-packet\/#primaryimage","url":"https:\/\/shop.aquacity.sk\/wp-content\/uploads\/2024\/03\/AquaCity_Poprad_Leto_MH_web_065.jpg","contentUrl":"https:\/\/shop.aquacity.sk\/wp-content\/uploads\/2024\/03\/AquaCity_Poprad_Leto_MH_web_065.jpg","width":1920,"height":1142},{"@type":"BreadcrumbList","@id":"https:\/\/shop.aquacity.sk\/pl\/produkt\/calodzienny-wstep-family-packet\/#breadcrumb","itemListElement":[{"@type":"ListItem","position":1,"name":"Home","item":"https:\/\/shop.aquacity.sk\/"},{"@type":"ListItem","position":2,"name":"Sklep","item":"https:\/\/shop.aquacity.sk\/pl\/sklep\/"},{"@type":"ListItem","position":3,"name":"AQUACITY POPRAD &#8211; ca\u0142odzienny wst\u0119p FAMILY PACKET"}]},{"@type":"WebSite","@id":"https:\/\/shop.aquacity.sk\/#website","url":"https:\/\/shop.aquacity.sk\/","name":"ONLINE SHOP AquaCity Poprad","description":"Ten prav\u00fd oddych pod Tatrami","publisher":{"@id":"https:\/\/shop.aquacity.sk\/#organization"},"potentialAction":[{"@type":"SearchAction","target":{"@type":"EntryPoint","urlTemplate":"https:\/\/shop.aquacity.sk\/?s={search_term_string}"},"query-input":{"@type":"PropertyValueSpecification","valueRequired":true,"valueName":"search_term_string"}}],"inLanguage":"pl-PL"},{"@type":"Organization","@id":"https:\/\/shop.aquacity.sk\/#organization","name":"ONLINE SHOP AquaCity Poprad","url":"https:\/\/shop.aquacity.sk\/","logo":{"@type":"ImageObject","inLanguage":"pl-PL","@id":"https:\/\/shop.aquacity.sk\/#\/schema\/logo\/image\/","url":"https:\/\/shop.aquacity.sk\/wp-content\/uploads\/2020\/03\/logo-aquacity.svg","contentUrl":"https:\/\/shop.aquacity.sk\/wp-content\/uploads\/2020\/03\/logo-aquacity.svg","width":209,"height":99,"caption":"ONLINE SHOP AquaCity Poprad"},"image":{"@id":"https:\/\/shop.aquacity.sk\/#\/schema\/logo\/image\/"}}]}},"_links":{"self":[{"href":"https:\/\/shop.aquacity.sk\/pl\/wp-json\/wp\/v2\/product\/337661","targetHints":{"allow":["GET"]}}],"collection":[{"href":"https:\/\/shop.aquacity.sk\/pl\/wp-json\/wp\/v2\/product"}],"about":[{"href":"https:\/\/shop.aquacity.sk\/pl\/wp-json\/wp\/v2\/types\/product"}],"wp:featuredmedia":[{"embeddable":true,"href":"https:\/\/shop.aquacity.sk\/pl\/wp-json\/wp\/v2\/media\/234393"}],"wp:attachment":[{"href":"https:\/\/shop.aquacity.sk\/pl\/wp-json\/wp\/v2\/media?parent=337661"}],"wp:term":[{"taxonomy":"product_brand","embeddable":true,"href":"https:\/\/shop.aquacity.sk\/pl\/wp-json\/wp\/v2\/product_brand?post=337661"},{"taxonomy":"product_cat","embeddable":true,"href":"https:\/\/shop.aquacity.sk\/pl\/wp-json\/wp\/v2\/product_cat?post=337661"},{"taxonomy":"product_tag","embeddable":true,"href":"https:\/\/shop.aquacity.sk\/pl\/wp-json\/wp\/v2\/product_tag?post=337661"}],"curies":[{"name":"wp","href":"https:\/\/api.w.org\/{rel}","templated":true}]}}