{"id":319003,"date":"2025-07-30T09:16:34","date_gmt":"2025-07-30T07:16:34","guid":{"rendered":"https:\/\/shop.aquacity.sk\/?post_type=product&#038;p=319003"},"modified":"2026-03-19T10:20:36","modified_gmt":"2026-03-19T09:20:36","slug":"wycieczki-dla-seniorow-2025","status":"publish","type":"product","link":"https:\/\/shop.aquacity.sk\/pl\/produkt\/wycieczki-dla-seniorow-2025\/","title":{"rendered":"Wycieczki dla senior\u00f3w"},"content":{"rendered":"<h2><b>Opis produktu:<\/b><\/h2>\n<h5>AQUAPARK PACKET zawiera:<\/h5>\n<p>Wst\u0119p do wszystkich krytych i zewn\u0119trznych basen\u00f3w w aquaparku:<br \/>\n<strong>STREFA RELAKSACYJNA\u00a0<\/strong>\u2013 3 odkryte baseny termalne z atrakcjami wodnymi, 2 kryte baseny termalne Blue Diamond z barami wodnymi 50 m basen p\u0142ywacki, sauna parowa<br \/>\n<strong>STREFA ROZRYWKI\u00a0<\/strong>\u2013 kryte baseny relaksacyjne Blue Sapphire, kryty basen dla dzieci Treasure Island \u2013 Wyspa Skarb\u00f3w, place zabaw i boiska dla dzieci<br \/>\nKompleks letni \u2013 Piramida Maj\u00f3w, zewn\u0119trzny basen dla dzieci, strefa zabawy \u2013 nadmuchiwany park pirat\u00f3w<\/p>\n<h2><b>Opis produktu:<\/b><\/h2>\n<h5>WELLNESS PACKET\u00a0zawiera:<\/h5>\n<p><strong>FIRE &amp; WATER WELLNESS &amp; SPA<\/strong>\u00a0\u2013 wst\u0119p do \u015bwiata saun oraz wszystkich krytych i\u00a0zewn\u0119trznych basen\u00f3w w aquaparku: 8 saun i\u00a0inhalacji (ceremonialna, solna, mentolowa, parowa, sucha, infra sauna), basen relaksacyjny z jacuzzi, dyszami do masa\u017cu i zatok\u0105 mi\u0142o\u015bci, jacuzzi, pomieszczenia relaksacyjne z bio kominkami, jaskinia \u015bnie\u017cna<br \/>\n<b>+ AQUAPARK PACKET<\/b><br \/>\n<strong>WEJ\u015aCIE TYLKO OD PONIEDZIA\u0141KU DO PI\u0104TKU<\/strong><\/p>\n<h2>Wa\u017cno\u015b\u0107<b>:<\/b><\/h2>\n<p>Bilety do Aquaparku i centrum wellness nale\u017cy zakupi\u0107 co najmniej 1 dzie\u0144 wcze\u015bniej. Nie obowi\u0105zuj\u0105 w dniu zakupu. Swoje zam\u00f3wienie za\u0142atwisz na kasie na 2 pi\u0119trze w Aquaparku AquaCity Poprad.<\/p>\n","protected":false},"excerpt":{"rendered":"<p>Cena dla senior\u00f3w 10 \u20ac \/ ca\u0142odzienny wst\u0119p Aqua packet \/ osoba. Niezapomniana wycieczka i wyj\u0105tkowe prze\u017cycia w aquaparku z 13 basenami i ponad 350 atrakcjami wodnymi.\u00a0 Prze\u017cyjcie doskona\u0142y relaks i odpoczynek w basenach termalnych, gdzie temperatura wody wynosi a\u017c 38\u00b0C.<\/p>\n<p><strong>Promocja dotyczy zorganizowanych grup senior\u00f3w, minimalna liczba w grupie to 10 senior\u00f3w powy\u017cej 55. roku \u017cycia<\/strong><\/p>\n<p>Pakiety dla senior\u00f3w:<\/p>\n<p>Wej\u015bcie <strong>do Aquaparku<\/strong> \u2013 10 \u20ac (ca\u0142odniowy pakiet wst\u0119pu do Aquaparku)<br \/>\nWej\u015bcie <strong>do Aquaparku + Centrum Wellness<\/strong> &#8211; 18\u00a0\u20ac (ca\u0142odniowy pakiet Wellness) <span style=\"color: #ff0000;\"><strong>Wej\u015bcie tylko w dni robocze Poniedzia\u0142ek &#8211; Pi\u0105tek<\/strong><\/span><br \/>\nWycieczka senior\u00f3w do Aquaparku \u2014 <strong data-start=\"154\" data-end=\"175\">Menu obiadowe od 8 \u20ac<\/strong> (w restauracji Lighthouse). <a href=\"https:\/\/shop.aquacity.sk\/pl\/produkt\/wycieczki-dla-seniorow-menu-obiadowe-2025\/\" target=\"_blank\" rel=\"noopener\"><strong data-start=\"204\" data-end=\"218\" data-is-last-node=\"\">Kup tutaj.<\/strong><\/a><\/p>\n","protected":false},"featured_media":180907,"template":"","meta":{"_acf_changed":false,"site-sidebar-layout":"default","site-content-layout":"default","ast-global-header-display":"","ast-main-header-display":"","ast-hfb-above-header-display":"","ast-hfb-below-header-display":"","ast-hfb-mobile-header-display":"","site-post-title":"","ast-breadcrumbs-content":"","ast-featured-img":"","footer-sml-layout":"","theme-transparent-header-meta":"default","adv-header-id-meta":"","stick-header-meta":"","header-above-stick-meta":"","header-main-stick-meta":"","header-below-stick-meta":""},"product_brand":[],"product_cat":[72],"product_tag":[],"class_list":{"0":"post-319003","1":"product","2":"type-product","3":"status-publish","4":"has-post-thumbnail","6":"product_cat-sprzedaz","7":"apc-product-has-components","8":"desktop-align-left","9":"tablet-align-left","10":"mobile-align-left","12":"first","13":"instock","14":"taxable","15":"shipping-taxable","16":"purchasable","17":"product-type-variable"},"acf":[],"yoast_head":"<!-- This site is optimized with the Yoast SEO plugin v26.2 - https:\/\/yoast.com\/wordpress\/plugins\/seo\/ -->\n<title>Wycieczki dla senior\u00f3w - ONLINE SHOP AquaCity Poprad<\/title>\n<meta name=\"robots\" content=\"index, follow, max-snippet:-1, max-image-preview:large, max-video-preview:-1\" \/>\n<link rel=\"canonical\" href=\"https:\/\/shop.aquacity.sk\/pl\/produkt\/wycieczki-dla-seniorow-2025\/\" \/>\n<meta property=\"og:locale\" content=\"pl_PL\" \/>\n<meta property=\"og:type\" content=\"article\" \/>\n<meta property=\"og:title\" content=\"Wycieczki dla senior\u00f3w - ONLINE SHOP AquaCity Poprad\" \/>\n<meta property=\"og:description\" content=\"Cena dla senior\u00f3w 10 \u20ac \/ ca\u0142odzienny wst\u0119p Aqua packet \/ osoba. Niezapomniana wycieczka i wyj\u0105tkowe prze\u017cycia w aquaparku z 13 basenami i ponad 350 atrakcjami wodnymi.\u00a0 Prze\u017cyjcie doskona\u0142y relaks i odpoczynek w basenach termalnych, gdzie temperatura wody wynosi a\u017c 38\u00b0C.  Promocja dotyczy zorganizowanych grup senior\u00f3w, minimalna liczba w grupie to 10 senior\u00f3w powy\u017cej 55. roku \u017cycia  Pakiety dla senior\u00f3w:  Wej\u015bcie do Aquaparku \u2013 10 \u20ac (ca\u0142odniowy pakiet wst\u0119pu do Aquaparku) Wej\u015bcie do Aquaparku + Centrum Wellness - 18\u00a0\u20ac (ca\u0142odniowy pakiet Wellness) Wej\u015bcie tylko w dni robocze Poniedzia\u0142ek - Pi\u0105tek Wycieczka senior\u00f3w do Aquaparku \u2014 Menu obiadowe od 8 \u20ac (w restauracji Lighthouse). Kup tutaj.\" \/>\n<meta property=\"og:url\" content=\"https:\/\/shop.aquacity.sk\/pl\/produkt\/wycieczki-dla-seniorow-2025\/\" \/>\n<meta property=\"og:site_name\" content=\"ONLINE SHOP AquaCity Poprad\" \/>\n<meta property=\"article:modified_time\" content=\"2026-03-19T09:20:36+00:00\" \/>\n<meta property=\"og:image\" content=\"https:\/\/shop.aquacity.sk\/wp-content\/uploads\/2020\/07\/iStock-154057326.jpg\" \/>\n\t<meta property=\"og:image:width\" content=\"1920\" \/>\n\t<meta property=\"og:image:height\" content=\"1081\" \/>\n\t<meta property=\"og:image:type\" content=\"image\/jpeg\" \/>\n<meta name=\"twitter:card\" content=\"summary_large_image\" \/>\n<meta name=\"twitter:label1\" content=\"Szacowany czas czytania\" \/>\n\t<meta name=\"twitter:data1\" content=\"2 minuty\" \/>\n<script type=\"application\/ld+json\" class=\"yoast-schema-graph\">{\"@context\":\"https:\/\/schema.org\",\"@graph\":[{\"@type\":\"WebPage\",\"@id\":\"https:\/\/shop.aquacity.sk\/pl\/produkt\/wycieczki-dla-seniorow-2025\/\",\"url\":\"https:\/\/shop.aquacity.sk\/pl\/produkt\/wycieczki-dla-seniorow-2025\/\",\"name\":\"Wycieczki dla senior\u00f3w - ONLINE SHOP AquaCity Poprad\",\"isPartOf\":{\"@id\":\"https:\/\/shop.aquacity.sk\/#website\"},\"primaryImageOfPage\":{\"@id\":\"https:\/\/shop.aquacity.sk\/pl\/produkt\/wycieczki-dla-seniorow-2025\/#primaryimage\"},\"image\":{\"@id\":\"https:\/\/shop.aquacity.sk\/pl\/produkt\/wycieczki-dla-seniorow-2025\/#primaryimage\"},\"thumbnailUrl\":\"https:\/\/shop.aquacity.sk\/wp-content\/uploads\/2020\/07\/iStock-154057326.jpg\",\"datePublished\":\"2025-07-30T07:16:34+00:00\",\"dateModified\":\"2026-03-19T09:20:36+00:00\",\"breadcrumb\":{\"@id\":\"https:\/\/shop.aquacity.sk\/pl\/produkt\/wycieczki-dla-seniorow-2025\/#breadcrumb\"},\"inLanguage\":\"pl-PL\",\"potentialAction\":[{\"@type\":\"ReadAction\",\"target\":[\"https:\/\/shop.aquacity.sk\/pl\/produkt\/wycieczki-dla-seniorow-2025\/\"]}]},{\"@type\":\"ImageObject\",\"inLanguage\":\"pl-PL\",\"@id\":\"https:\/\/shop.aquacity.sk\/pl\/produkt\/wycieczki-dla-seniorow-2025\/#primaryimage\",\"url\":\"https:\/\/shop.aquacity.sk\/wp-content\/uploads\/2020\/07\/iStock-154057326.jpg\",\"contentUrl\":\"https:\/\/shop.aquacity.sk\/wp-content\/uploads\/2020\/07\/iStock-154057326.jpg\",\"width\":1920,\"height\":1081,\"caption\":\"Senior couple having fun in swimming pool smiling at camera\"},{\"@type\":\"BreadcrumbList\",\"@id\":\"https:\/\/shop.aquacity.sk\/pl\/produkt\/wycieczki-dla-seniorow-2025\/#breadcrumb\",\"itemListElement\":[{\"@type\":\"ListItem\",\"position\":1,\"name\":\"Home\",\"item\":\"https:\/\/shop.aquacity.sk\/\"},{\"@type\":\"ListItem\",\"position\":2,\"name\":\"Sklep\",\"item\":\"https:\/\/shop.aquacity.sk\/pl\/sklep\/\"},{\"@type\":\"ListItem\",\"position\":3,\"name\":\"Wycieczki dla senior\u00f3w\"}]},{\"@type\":\"WebSite\",\"@id\":\"https:\/\/shop.aquacity.sk\/#website\",\"url\":\"https:\/\/shop.aquacity.sk\/\",\"name\":\"ONLINE SHOP AquaCity Poprad\",\"description\":\"Ten prav\u00fd oddych pod Tatrami\",\"publisher\":{\"@id\":\"https:\/\/shop.aquacity.sk\/#organization\"},\"potentialAction\":[{\"@type\":\"SearchAction\",\"target\":{\"@type\":\"EntryPoint\",\"urlTemplate\":\"https:\/\/shop.aquacity.sk\/?s={search_term_string}\"},\"query-input\":{\"@type\":\"PropertyValueSpecification\",\"valueRequired\":true,\"valueName\":\"search_term_string\"}}],\"inLanguage\":\"pl-PL\"},{\"@type\":\"Organization\",\"@id\":\"https:\/\/shop.aquacity.sk\/#organization\",\"name\":\"ONLINE SHOP AquaCity Poprad\",\"url\":\"https:\/\/shop.aquacity.sk\/\",\"logo\":{\"@type\":\"ImageObject\",\"inLanguage\":\"pl-PL\",\"@id\":\"https:\/\/shop.aquacity.sk\/#\/schema\/logo\/image\/\",\"url\":\"https:\/\/shop.aquacity.sk\/wp-content\/uploads\/2020\/03\/logo-aquacity.svg\",\"contentUrl\":\"https:\/\/shop.aquacity.sk\/wp-content\/uploads\/2020\/03\/logo-aquacity.svg\",\"width\":209,\"height\":99,\"caption\":\"ONLINE SHOP AquaCity Poprad\"},\"image\":{\"@id\":\"https:\/\/shop.aquacity.sk\/#\/schema\/logo\/image\/\"}}]}<\/script>\n<!-- \/ Yoast SEO plugin. -->","yoast_head_json":{"title":"Wycieczki dla senior\u00f3w - ONLINE SHOP AquaCity Poprad","robots":{"index":"index","follow":"follow","max-snippet":"max-snippet:-1","max-image-preview":"max-image-preview:large","max-video-preview":"max-video-preview:-1"},"canonical":"https:\/\/shop.aquacity.sk\/pl\/produkt\/wycieczki-dla-seniorow-2025\/","og_locale":"pl_PL","og_type":"article","og_title":"Wycieczki dla senior\u00f3w - ONLINE SHOP AquaCity Poprad","og_description":"Cena dla senior\u00f3w 10 \u20ac \/ ca\u0142odzienny wst\u0119p Aqua packet \/ osoba. Niezapomniana wycieczka i wyj\u0105tkowe prze\u017cycia w aquaparku z 13 basenami i ponad 350 atrakcjami wodnymi.\u00a0 Prze\u017cyjcie doskona\u0142y relaks i odpoczynek w basenach termalnych, gdzie temperatura wody wynosi a\u017c 38\u00b0C.  Promocja dotyczy zorganizowanych grup senior\u00f3w, minimalna liczba w grupie to 10 senior\u00f3w powy\u017cej 55. roku \u017cycia  Pakiety dla senior\u00f3w:  Wej\u015bcie do Aquaparku \u2013 10 \u20ac (ca\u0142odniowy pakiet wst\u0119pu do Aquaparku) Wej\u015bcie do Aquaparku + Centrum Wellness - 18\u00a0\u20ac (ca\u0142odniowy pakiet Wellness) Wej\u015bcie tylko w dni robocze Poniedzia\u0142ek - Pi\u0105tek Wycieczka senior\u00f3w do Aquaparku \u2014 Menu obiadowe od 8 \u20ac (w restauracji Lighthouse). Kup tutaj.","og_url":"https:\/\/shop.aquacity.sk\/pl\/produkt\/wycieczki-dla-seniorow-2025\/","og_site_name":"ONLINE SHOP AquaCity Poprad","article_modified_time":"2026-03-19T09:20:36+00:00","og_image":[{"width":1920,"height":1081,"url":"https:\/\/shop.aquacity.sk\/wp-content\/uploads\/2020\/07\/iStock-154057326.jpg","type":"image\/jpeg"}],"twitter_card":"summary_large_image","twitter_misc":{"Szacowany czas czytania":"2 minuty"},"schema":{"@context":"https:\/\/schema.org","@graph":[{"@type":"WebPage","@id":"https:\/\/shop.aquacity.sk\/pl\/produkt\/wycieczki-dla-seniorow-2025\/","url":"https:\/\/shop.aquacity.sk\/pl\/produkt\/wycieczki-dla-seniorow-2025\/","name":"Wycieczki dla senior\u00f3w - ONLINE SHOP AquaCity Poprad","isPartOf":{"@id":"https:\/\/shop.aquacity.sk\/#website"},"primaryImageOfPage":{"@id":"https:\/\/shop.aquacity.sk\/pl\/produkt\/wycieczki-dla-seniorow-2025\/#primaryimage"},"image":{"@id":"https:\/\/shop.aquacity.sk\/pl\/produkt\/wycieczki-dla-seniorow-2025\/#primaryimage"},"thumbnailUrl":"https:\/\/shop.aquacity.sk\/wp-content\/uploads\/2020\/07\/iStock-154057326.jpg","datePublished":"2025-07-30T07:16:34+00:00","dateModified":"2026-03-19T09:20:36+00:00","breadcrumb":{"@id":"https:\/\/shop.aquacity.sk\/pl\/produkt\/wycieczki-dla-seniorow-2025\/#breadcrumb"},"inLanguage":"pl-PL","potentialAction":[{"@type":"ReadAction","target":["https:\/\/shop.aquacity.sk\/pl\/produkt\/wycieczki-dla-seniorow-2025\/"]}]},{"@type":"ImageObject","inLanguage":"pl-PL","@id":"https:\/\/shop.aquacity.sk\/pl\/produkt\/wycieczki-dla-seniorow-2025\/#primaryimage","url":"https:\/\/shop.aquacity.sk\/wp-content\/uploads\/2020\/07\/iStock-154057326.jpg","contentUrl":"https:\/\/shop.aquacity.sk\/wp-content\/uploads\/2020\/07\/iStock-154057326.jpg","width":1920,"height":1081,"caption":"Senior couple having fun in swimming pool smiling at camera"},{"@type":"BreadcrumbList","@id":"https:\/\/shop.aquacity.sk\/pl\/produkt\/wycieczki-dla-seniorow-2025\/#breadcrumb","itemListElement":[{"@type":"ListItem","position":1,"name":"Home","item":"https:\/\/shop.aquacity.sk\/"},{"@type":"ListItem","position":2,"name":"Sklep","item":"https:\/\/shop.aquacity.sk\/pl\/sklep\/"},{"@type":"ListItem","position":3,"name":"Wycieczki dla senior\u00f3w"}]},{"@type":"WebSite","@id":"https:\/\/shop.aquacity.sk\/#website","url":"https:\/\/shop.aquacity.sk\/","name":"ONLINE SHOP AquaCity Poprad","description":"Ten prav\u00fd oddych pod Tatrami","publisher":{"@id":"https:\/\/shop.aquacity.sk\/#organization"},"potentialAction":[{"@type":"SearchAction","target":{"@type":"EntryPoint","urlTemplate":"https:\/\/shop.aquacity.sk\/?s={search_term_string}"},"query-input":{"@type":"PropertyValueSpecification","valueRequired":true,"valueName":"search_term_string"}}],"inLanguage":"pl-PL"},{"@type":"Organization","@id":"https:\/\/shop.aquacity.sk\/#organization","name":"ONLINE SHOP AquaCity Poprad","url":"https:\/\/shop.aquacity.sk\/","logo":{"@type":"ImageObject","inLanguage":"pl-PL","@id":"https:\/\/shop.aquacity.sk\/#\/schema\/logo\/image\/","url":"https:\/\/shop.aquacity.sk\/wp-content\/uploads\/2020\/03\/logo-aquacity.svg","contentUrl":"https:\/\/shop.aquacity.sk\/wp-content\/uploads\/2020\/03\/logo-aquacity.svg","width":209,"height":99,"caption":"ONLINE SHOP AquaCity Poprad"},"image":{"@id":"https:\/\/shop.aquacity.sk\/#\/schema\/logo\/image\/"}}]}},"_links":{"self":[{"href":"https:\/\/shop.aquacity.sk\/pl\/wp-json\/wp\/v2\/product\/319003","targetHints":{"allow":["GET"]}}],"collection":[{"href":"https:\/\/shop.aquacity.sk\/pl\/wp-json\/wp\/v2\/product"}],"about":[{"href":"https:\/\/shop.aquacity.sk\/pl\/wp-json\/wp\/v2\/types\/product"}],"wp:featuredmedia":[{"embeddable":true,"href":"https:\/\/shop.aquacity.sk\/pl\/wp-json\/wp\/v2\/media\/180907"}],"wp:attachment":[{"href":"https:\/\/shop.aquacity.sk\/pl\/wp-json\/wp\/v2\/media?parent=319003"}],"wp:term":[{"taxonomy":"product_brand","embeddable":true,"href":"https:\/\/shop.aquacity.sk\/pl\/wp-json\/wp\/v2\/product_brand?post=319003"},{"taxonomy":"product_cat","embeddable":true,"href":"https:\/\/shop.aquacity.sk\/pl\/wp-json\/wp\/v2\/product_cat?post=319003"},{"taxonomy":"product_tag","embeddable":true,"href":"https:\/\/shop.aquacity.sk\/pl\/wp-json\/wp\/v2\/product_tag?post=319003"}],"curies":[{"name":"wp","href":"https:\/\/api.w.org\/{rel}","templated":true}]}}