{"id":318928,"date":"2025-07-30T06:52:41","date_gmt":"2025-07-30T04:52:41","guid":{"rendered":"https:\/\/shop.aquacity.sk\/?post_type=product&#038;p=318928"},"modified":"2026-03-19T10:22:52","modified_gmt":"2026-03-19T09:22:52","slug":"wycieczka-szkolna-do-aquaparku-2025","status":"publish","type":"product","link":"https:\/\/shop.aquacity.sk\/pl\/produkt\/wycieczka-szkolna-do-aquaparku-2025\/","title":{"rendered":"Wycieczka szkolna do Aquaparku"},"content":{"rendered":"<h2><b>Opis produktu:<\/b><\/h2>\n<h5>AQUAPARK PACKET zawiera:<\/h5>\n<p>Wst\u0119p do wszystkich krytych i zewn\u0119trznych basen\u00f3w w aquaparku:<br \/>\n<strong>STREFA RELAKSACYJNA\u00a0<\/strong>\u2013 3 odkryte baseny termalne z atrakcjami wodnymi, 2 kryte baseny termalne Blue Diamond z barami wodnymi 50 m basen p\u0142ywacki, sauna parowa<br \/>\n<strong>STREFA ROZRYWKI\u00a0<\/strong>\u2013 kryte baseny relaksacyjne Blue Sapphire, kryty basen dla dzieci Treasure Island \u2013 Wyspa Skarb\u00f3w, place zabaw i boiska dla dzieci<br \/>\nKompleks letni \u2013 Piramida Maj\u00f3w, zewn\u0119trzny basen dla dzieci, strefa zabawy \u2013 nadmuchiwany park pirat\u00f3w<\/p>\n<h2>Wa\u017cno\u015b\u0107<b>:<\/b><\/h2>\n<p>Bilety do Aquaparku i centrum wellness nale\u017cy zakupi\u0107 co najmniej 1 dzie\u0144 wcze\u015bniej. Nie obowi\u0105zuj\u0105 w dniu zakupu. Swoje zam\u00f3wienie za\u0142atwisz na kasie na 2 pi\u0119trze w Aquaparku AquaCity Poprad.<\/p>\n","protected":false},"excerpt":{"rendered":"<p>Wycieczka szkolna do Aquaparku \u2013 bilet Aquapark pakiet tylko od 10 \u20ac \/ osoba. Sp\u0119d\u017acie wspania\u0142y dzie\u0144 pe\u0142en niezwyk\u0142ych wra\u017ce\u0144 w Aquaparku z 13 basenami i ponad 350 atrakcjami wodnymi.<\/p>\n<ul>\n<li><strong>Promocja dotyczy grup zorganizowanych min. 10 uczni\u00f3w szk\u00f3\u0142 podstawowych lub \u015brednich<\/strong>\u00a0(oboz\u00f3w dla dzieci, zielonych szk\u00f3\u0142, dom\u00f3w dziecka, \u015bwietlic itp.)<\/li>\n<li><strong>Opiekun<\/strong> (1 osoba doros\u0142a) sprawuj\u0105cy nadz\u00f3r nad grup\u0105 10 uczni\u00f3w \u2013 bilet za 1 \u20ac (dop\u0142ata za menu od 7 \u20ac). Dodatkowe osoby nadzoruj\u0105ce (maks. 5 os\u00f3b na grup\u0119)<\/li>\n<\/ul>\n<p><strong>Pakiety szkolne:<\/strong><\/p>\n<ul>\n<li>Wycieczka szkolna do <strong>Aquaparku &#8211; 10 \u20ac <\/strong>(ca\u0142odniowy pakiet wst\u0119pu do Aquaparku)<\/li>\n<li>Wycieczka szkolna do <strong>Aquaparku Menu obiadowe &#8211; od 7 \u20ac <\/strong>(menu w restauracji Lighthouse) <strong><a href=\"https:\/\/shop.aquacity.sk\/pl\/produkt\/wycieczka-szkolna-do-aquaparku-menu-obiadowe-2025\/\" target=\"_blank\" rel=\"noopener\">kupisz tutaj<\/a><\/strong><\/li>\n<\/ul>\n","protected":false},"featured_media":234288,"template":"","meta":{"_acf_changed":false,"site-sidebar-layout":"default","site-content-layout":"default","ast-global-header-display":"","ast-main-header-display":"","ast-hfb-above-header-display":"","ast-hfb-below-header-display":"","ast-hfb-mobile-header-display":"","site-post-title":"","ast-breadcrumbs-content":"","ast-featured-img":"","footer-sml-layout":"","theme-transparent-header-meta":"default","adv-header-id-meta":"","stick-header-meta":"","header-above-stick-meta":"","header-main-stick-meta":"","header-below-stick-meta":""},"product_brand":[],"product_cat":[72],"product_tag":[],"class_list":{"0":"post-318928","1":"product","2":"type-product","3":"status-publish","4":"has-post-thumbnail","6":"product_cat-sprzedaz","7":"apc-product-has-components","8":"desktop-align-left","9":"tablet-align-left","10":"mobile-align-left","12":"first","13":"instock","14":"taxable","15":"shipping-taxable","16":"purchasable","17":"product-type-variable"},"acf":[],"yoast_head":"<!-- This site is optimized with the Yoast SEO plugin v26.2 - https:\/\/yoast.com\/wordpress\/plugins\/seo\/ -->\n<title>Wycieczka szkolna do Aquaparku - ONLINE SHOP AquaCity Poprad<\/title>\n<meta name=\"robots\" content=\"index, follow, max-snippet:-1, max-image-preview:large, max-video-preview:-1\" \/>\n<link rel=\"canonical\" href=\"https:\/\/shop.aquacity.sk\/pl\/produkt\/wycieczka-szkolna-do-aquaparku-2025\/\" \/>\n<meta property=\"og:locale\" content=\"pl_PL\" \/>\n<meta property=\"og:type\" content=\"article\" \/>\n<meta property=\"og:title\" content=\"Wycieczka szkolna do Aquaparku - ONLINE SHOP AquaCity Poprad\" \/>\n<meta property=\"og:description\" content=\"Wycieczka szkolna do Aquaparku \u2013 bilet Aquapark pakiet tylko od 10 \u20ac \/ osoba. Sp\u0119d\u017acie wspania\u0142y dzie\u0144 pe\u0142en niezwyk\u0142ych wra\u017ce\u0144 w Aquaparku z 13 basenami i ponad 350 atrakcjami wodnymi.   Promocja dotyczy grup zorganizowanych min. 10 uczni\u00f3w szk\u00f3\u0142 podstawowych lub \u015brednich\u00a0(oboz\u00f3w dla dzieci, zielonych szk\u00f3\u0142, dom\u00f3w dziecka, \u015bwietlic itp.)  Opiekun (1 osoba doros\u0142a) sprawuj\u0105cy nadz\u00f3r nad grup\u0105 10 uczni\u00f3w \u2013 bilet za 1 \u20ac (dop\u0142ata za menu od 7 \u20ac). Dodatkowe osoby nadzoruj\u0105ce (maks. 5 os\u00f3b na grup\u0119)  Pakiety szkolne:   Wycieczka szkolna do Aquaparku - 10 \u20ac (ca\u0142odniowy pakiet wst\u0119pu do Aquaparku)  Wycieczka szkolna do Aquaparku Menu obiadowe - od 7 \u20ac (menu w restauracji Lighthouse) kupisz tutaj\" \/>\n<meta property=\"og:url\" content=\"https:\/\/shop.aquacity.sk\/pl\/produkt\/wycieczka-szkolna-do-aquaparku-2025\/\" \/>\n<meta property=\"og:site_name\" content=\"ONLINE SHOP AquaCity Poprad\" \/>\n<meta property=\"article:modified_time\" content=\"2026-03-19T09:22:52+00:00\" \/>\n<meta property=\"og:image\" content=\"https:\/\/shop.aquacity.sk\/wp-content\/uploads\/2024\/03\/AquaCity_Poprad_Leto_MH_web_100.jpg\" \/>\n\t<meta property=\"og:image:width\" content=\"1920\" \/>\n\t<meta property=\"og:image:height\" content=\"954\" \/>\n\t<meta property=\"og:image:type\" content=\"image\/jpeg\" \/>\n<meta name=\"twitter:card\" content=\"summary_large_image\" \/>\n<meta name=\"twitter:label1\" content=\"Szacowany czas czytania\" \/>\n\t<meta name=\"twitter:data1\" content=\"1 minuta\" \/>\n<script type=\"application\/ld+json\" class=\"yoast-schema-graph\">{\"@context\":\"https:\/\/schema.org\",\"@graph\":[{\"@type\":\"WebPage\",\"@id\":\"https:\/\/shop.aquacity.sk\/pl\/produkt\/wycieczka-szkolna-do-aquaparku-2025\/\",\"url\":\"https:\/\/shop.aquacity.sk\/pl\/produkt\/wycieczka-szkolna-do-aquaparku-2025\/\",\"name\":\"Wycieczka szkolna do Aquaparku - ONLINE SHOP AquaCity Poprad\",\"isPartOf\":{\"@id\":\"https:\/\/shop.aquacity.sk\/#website\"},\"primaryImageOfPage\":{\"@id\":\"https:\/\/shop.aquacity.sk\/pl\/produkt\/wycieczka-szkolna-do-aquaparku-2025\/#primaryimage\"},\"image\":{\"@id\":\"https:\/\/shop.aquacity.sk\/pl\/produkt\/wycieczka-szkolna-do-aquaparku-2025\/#primaryimage\"},\"thumbnailUrl\":\"https:\/\/shop.aquacity.sk\/wp-content\/uploads\/2024\/03\/AquaCity_Poprad_Leto_MH_web_100.jpg\",\"datePublished\":\"2025-07-30T04:52:41+00:00\",\"dateModified\":\"2026-03-19T09:22:52+00:00\",\"breadcrumb\":{\"@id\":\"https:\/\/shop.aquacity.sk\/pl\/produkt\/wycieczka-szkolna-do-aquaparku-2025\/#breadcrumb\"},\"inLanguage\":\"pl-PL\",\"potentialAction\":[{\"@type\":\"ReadAction\",\"target\":[\"https:\/\/shop.aquacity.sk\/pl\/produkt\/wycieczka-szkolna-do-aquaparku-2025\/\"]}]},{\"@type\":\"ImageObject\",\"inLanguage\":\"pl-PL\",\"@id\":\"https:\/\/shop.aquacity.sk\/pl\/produkt\/wycieczka-szkolna-do-aquaparku-2025\/#primaryimage\",\"url\":\"https:\/\/shop.aquacity.sk\/wp-content\/uploads\/2024\/03\/AquaCity_Poprad_Leto_MH_web_100.jpg\",\"contentUrl\":\"https:\/\/shop.aquacity.sk\/wp-content\/uploads\/2024\/03\/AquaCity_Poprad_Leto_MH_web_100.jpg\",\"width\":1920,\"height\":954},{\"@type\":\"BreadcrumbList\",\"@id\":\"https:\/\/shop.aquacity.sk\/pl\/produkt\/wycieczka-szkolna-do-aquaparku-2025\/#breadcrumb\",\"itemListElement\":[{\"@type\":\"ListItem\",\"position\":1,\"name\":\"Home\",\"item\":\"https:\/\/shop.aquacity.sk\/\"},{\"@type\":\"ListItem\",\"position\":2,\"name\":\"Sklep\",\"item\":\"https:\/\/shop.aquacity.sk\/pl\/sklep\/\"},{\"@type\":\"ListItem\",\"position\":3,\"name\":\"Wycieczka szkolna do Aquaparku\"}]},{\"@type\":\"WebSite\",\"@id\":\"https:\/\/shop.aquacity.sk\/#website\",\"url\":\"https:\/\/shop.aquacity.sk\/\",\"name\":\"ONLINE SHOP AquaCity Poprad\",\"description\":\"Ten prav\u00fd oddych pod Tatrami\",\"publisher\":{\"@id\":\"https:\/\/shop.aquacity.sk\/#organization\"},\"potentialAction\":[{\"@type\":\"SearchAction\",\"target\":{\"@type\":\"EntryPoint\",\"urlTemplate\":\"https:\/\/shop.aquacity.sk\/?s={search_term_string}\"},\"query-input\":{\"@type\":\"PropertyValueSpecification\",\"valueRequired\":true,\"valueName\":\"search_term_string\"}}],\"inLanguage\":\"pl-PL\"},{\"@type\":\"Organization\",\"@id\":\"https:\/\/shop.aquacity.sk\/#organization\",\"name\":\"ONLINE SHOP AquaCity Poprad\",\"url\":\"https:\/\/shop.aquacity.sk\/\",\"logo\":{\"@type\":\"ImageObject\",\"inLanguage\":\"pl-PL\",\"@id\":\"https:\/\/shop.aquacity.sk\/#\/schema\/logo\/image\/\",\"url\":\"https:\/\/shop.aquacity.sk\/wp-content\/uploads\/2020\/03\/logo-aquacity.svg\",\"contentUrl\":\"https:\/\/shop.aquacity.sk\/wp-content\/uploads\/2020\/03\/logo-aquacity.svg\",\"width\":209,\"height\":99,\"caption\":\"ONLINE SHOP AquaCity Poprad\"},\"image\":{\"@id\":\"https:\/\/shop.aquacity.sk\/#\/schema\/logo\/image\/\"}}]}<\/script>\n<!-- \/ Yoast SEO plugin. -->","yoast_head_json":{"title":"Wycieczka szkolna do Aquaparku - ONLINE SHOP AquaCity Poprad","robots":{"index":"index","follow":"follow","max-snippet":"max-snippet:-1","max-image-preview":"max-image-preview:large","max-video-preview":"max-video-preview:-1"},"canonical":"https:\/\/shop.aquacity.sk\/pl\/produkt\/wycieczka-szkolna-do-aquaparku-2025\/","og_locale":"pl_PL","og_type":"article","og_title":"Wycieczka szkolna do Aquaparku - ONLINE SHOP AquaCity Poprad","og_description":"Wycieczka szkolna do Aquaparku \u2013 bilet Aquapark pakiet tylko od 10 \u20ac \/ osoba. Sp\u0119d\u017acie wspania\u0142y dzie\u0144 pe\u0142en niezwyk\u0142ych wra\u017ce\u0144 w Aquaparku z 13 basenami i ponad 350 atrakcjami wodnymi.   Promocja dotyczy grup zorganizowanych min. 10 uczni\u00f3w szk\u00f3\u0142 podstawowych lub \u015brednich\u00a0(oboz\u00f3w dla dzieci, zielonych szk\u00f3\u0142, dom\u00f3w dziecka, \u015bwietlic itp.)  Opiekun (1 osoba doros\u0142a) sprawuj\u0105cy nadz\u00f3r nad grup\u0105 10 uczni\u00f3w \u2013 bilet za 1 \u20ac (dop\u0142ata za menu od 7 \u20ac). Dodatkowe osoby nadzoruj\u0105ce (maks. 5 os\u00f3b na grup\u0119)  Pakiety szkolne:   Wycieczka szkolna do Aquaparku - 10 \u20ac (ca\u0142odniowy pakiet wst\u0119pu do Aquaparku)  Wycieczka szkolna do Aquaparku Menu obiadowe - od 7 \u20ac (menu w restauracji Lighthouse) kupisz tutaj","og_url":"https:\/\/shop.aquacity.sk\/pl\/produkt\/wycieczka-szkolna-do-aquaparku-2025\/","og_site_name":"ONLINE SHOP AquaCity Poprad","article_modified_time":"2026-03-19T09:22:52+00:00","og_image":[{"width":1920,"height":954,"url":"https:\/\/shop.aquacity.sk\/wp-content\/uploads\/2024\/03\/AquaCity_Poprad_Leto_MH_web_100.jpg","type":"image\/jpeg"}],"twitter_card":"summary_large_image","twitter_misc":{"Szacowany czas czytania":"1 minuta"},"schema":{"@context":"https:\/\/schema.org","@graph":[{"@type":"WebPage","@id":"https:\/\/shop.aquacity.sk\/pl\/produkt\/wycieczka-szkolna-do-aquaparku-2025\/","url":"https:\/\/shop.aquacity.sk\/pl\/produkt\/wycieczka-szkolna-do-aquaparku-2025\/","name":"Wycieczka szkolna do Aquaparku - ONLINE SHOP AquaCity Poprad","isPartOf":{"@id":"https:\/\/shop.aquacity.sk\/#website"},"primaryImageOfPage":{"@id":"https:\/\/shop.aquacity.sk\/pl\/produkt\/wycieczka-szkolna-do-aquaparku-2025\/#primaryimage"},"image":{"@id":"https:\/\/shop.aquacity.sk\/pl\/produkt\/wycieczka-szkolna-do-aquaparku-2025\/#primaryimage"},"thumbnailUrl":"https:\/\/shop.aquacity.sk\/wp-content\/uploads\/2024\/03\/AquaCity_Poprad_Leto_MH_web_100.jpg","datePublished":"2025-07-30T04:52:41+00:00","dateModified":"2026-03-19T09:22:52+00:00","breadcrumb":{"@id":"https:\/\/shop.aquacity.sk\/pl\/produkt\/wycieczka-szkolna-do-aquaparku-2025\/#breadcrumb"},"inLanguage":"pl-PL","potentialAction":[{"@type":"ReadAction","target":["https:\/\/shop.aquacity.sk\/pl\/produkt\/wycieczka-szkolna-do-aquaparku-2025\/"]}]},{"@type":"ImageObject","inLanguage":"pl-PL","@id":"https:\/\/shop.aquacity.sk\/pl\/produkt\/wycieczka-szkolna-do-aquaparku-2025\/#primaryimage","url":"https:\/\/shop.aquacity.sk\/wp-content\/uploads\/2024\/03\/AquaCity_Poprad_Leto_MH_web_100.jpg","contentUrl":"https:\/\/shop.aquacity.sk\/wp-content\/uploads\/2024\/03\/AquaCity_Poprad_Leto_MH_web_100.jpg","width":1920,"height":954},{"@type":"BreadcrumbList","@id":"https:\/\/shop.aquacity.sk\/pl\/produkt\/wycieczka-szkolna-do-aquaparku-2025\/#breadcrumb","itemListElement":[{"@type":"ListItem","position":1,"name":"Home","item":"https:\/\/shop.aquacity.sk\/"},{"@type":"ListItem","position":2,"name":"Sklep","item":"https:\/\/shop.aquacity.sk\/pl\/sklep\/"},{"@type":"ListItem","position":3,"name":"Wycieczka szkolna do Aquaparku"}]},{"@type":"WebSite","@id":"https:\/\/shop.aquacity.sk\/#website","url":"https:\/\/shop.aquacity.sk\/","name":"ONLINE SHOP AquaCity Poprad","description":"Ten prav\u00fd oddych pod Tatrami","publisher":{"@id":"https:\/\/shop.aquacity.sk\/#organization"},"potentialAction":[{"@type":"SearchAction","target":{"@type":"EntryPoint","urlTemplate":"https:\/\/shop.aquacity.sk\/?s={search_term_string}"},"query-input":{"@type":"PropertyValueSpecification","valueRequired":true,"valueName":"search_term_string"}}],"inLanguage":"pl-PL"},{"@type":"Organization","@id":"https:\/\/shop.aquacity.sk\/#organization","name":"ONLINE SHOP AquaCity Poprad","url":"https:\/\/shop.aquacity.sk\/","logo":{"@type":"ImageObject","inLanguage":"pl-PL","@id":"https:\/\/shop.aquacity.sk\/#\/schema\/logo\/image\/","url":"https:\/\/shop.aquacity.sk\/wp-content\/uploads\/2020\/03\/logo-aquacity.svg","contentUrl":"https:\/\/shop.aquacity.sk\/wp-content\/uploads\/2020\/03\/logo-aquacity.svg","width":209,"height":99,"caption":"ONLINE SHOP AquaCity Poprad"},"image":{"@id":"https:\/\/shop.aquacity.sk\/#\/schema\/logo\/image\/"}}]}},"_links":{"self":[{"href":"https:\/\/shop.aquacity.sk\/pl\/wp-json\/wp\/v2\/product\/318928","targetHints":{"allow":["GET"]}}],"collection":[{"href":"https:\/\/shop.aquacity.sk\/pl\/wp-json\/wp\/v2\/product"}],"about":[{"href":"https:\/\/shop.aquacity.sk\/pl\/wp-json\/wp\/v2\/types\/product"}],"wp:featuredmedia":[{"embeddable":true,"href":"https:\/\/shop.aquacity.sk\/pl\/wp-json\/wp\/v2\/media\/234288"}],"wp:attachment":[{"href":"https:\/\/shop.aquacity.sk\/pl\/wp-json\/wp\/v2\/media?parent=318928"}],"wp:term":[{"taxonomy":"product_brand","embeddable":true,"href":"https:\/\/shop.aquacity.sk\/pl\/wp-json\/wp\/v2\/product_brand?post=318928"},{"taxonomy":"product_cat","embeddable":true,"href":"https:\/\/shop.aquacity.sk\/pl\/wp-json\/wp\/v2\/product_cat?post=318928"},{"taxonomy":"product_tag","embeddable":true,"href":"https:\/\/shop.aquacity.sk\/pl\/wp-json\/wp\/v2\/product_tag?post=318928"}],"curies":[{"name":"wp","href":"https:\/\/api.w.org\/{rel}","templated":true}]}}