{"id":318918,"date":"2025-07-30T06:45:41","date_gmt":"2025-07-30T04:45:41","guid":{"rendered":"https:\/\/shop.aquacity.sk\/?post_type=product&#038;p=318918"},"modified":"2026-03-19T09:32:16","modified_gmt":"2026-03-19T08:32:16","slug":"wycieczka-szkolna-do-aquaparku-menu-obiadowe-2025","status":"publish","type":"product","link":"https:\/\/shop.aquacity.sk\/pl\/produkt\/wycieczka-szkolna-do-aquaparku-menu-obiadowe-2025\/","title":{"rendered":"Wycieczka szkolna do Aquaparku Menu Obiadowe"},"content":{"rendered":"<h2><b>Opis produktu:<\/b><\/h2>\n<p>Menu obiadowe w restauracji Aquaparku w Restauracji Lighthouse<\/p>\n<h2>Wa\u017cno\u015b\u0107<b>:<\/b><\/h2>\n<p>Bilety do Aquaparku i centrum wellness nale\u017cy zakupi\u0107 co najmniej 1 dzie\u0144 wcze\u015bniej. Nie obowi\u0105zuj\u0105 w dniu zakupu. Swoje zam\u00f3wienie za\u0142atwisz na kasie na 2 pi\u0119trze w Aquaparku AquaCity Poprad.<\/p>\n","protected":false},"excerpt":{"rendered":"<p>Sp\u0119d\u017acie wspania\u0142y dzie\u0144 pe\u0142en niezwyk\u0142ych wra\u017ce\u0144 w Aquaparku z 13 basenami i ponad 350 atrakcjami wodnymi.<\/p>\n<ul>\n<li>Menu obiadowe w cenie od 7 \u20ac obowi\u0105zuje dla grup zorganizowanych licz\u0105cych minimum 10 uczni\u00f3w szk\u00f3\u0142 podstawowych lub \u015brednich (obozy dzieci\u0119ce, szko\u0142y plenerowe, domy dziecka, o\u015brodki wypoczynkowe itp.)<\/li>\n<li>Opieka osoby doros\u0142ej (1 osoba) na grup\u0119 10 uczni\u00f3w lub student\u00f3w. Menu od 7 \u20ac. Pozostali cz\u0142onkowie opieki (maks. 5 os\u00f3b w grupie) menu obiadowe w cenie od 7 \u20ac.<br \/>\n<span style=\"color: #ff0000;\"><strong>Menu obiadowe mo\u017cna dokupi\u0107 wy\u0142\u0105cznie w ramach pakietu wycieczki szkolnej.<\/strong><\/span><\/li>\n<\/ul>\n","protected":false},"featured_media":234291,"template":"","meta":{"_acf_changed":false,"site-sidebar-layout":"default","site-content-layout":"default","ast-global-header-display":"","ast-main-header-display":"","ast-hfb-above-header-display":"","ast-hfb-below-header-display":"","ast-hfb-mobile-header-display":"","site-post-title":"","ast-breadcrumbs-content":"","ast-featured-img":"","footer-sml-layout":"","theme-transparent-header-meta":"default","adv-header-id-meta":"","stick-header-meta":"","header-above-stick-meta":"","header-main-stick-meta":"","header-below-stick-meta":""},"product_brand":[],"product_cat":[72],"product_tag":[],"class_list":{"0":"post-318918","1":"product","2":"type-product","3":"status-publish","4":"has-post-thumbnail","6":"product_cat-sprzedaz","7":"apc-product-has-components","8":"desktop-align-left","9":"tablet-align-left","10":"mobile-align-left","12":"first","13":"instock","14":"downloadable","15":"virtual","16":"taxable","17":"purchasable","18":"product-type-simple"},"acf":[],"yoast_head":"<!-- This site is optimized with the Yoast SEO plugin v26.2 - https:\/\/yoast.com\/wordpress\/plugins\/seo\/ -->\n<title>Wycieczka szkolna do Aquaparku Menu Obiadowe - ONLINE SHOP AquaCity Poprad<\/title>\n<meta name=\"robots\" content=\"index, follow, max-snippet:-1, max-image-preview:large, max-video-preview:-1\" \/>\n<link rel=\"canonical\" href=\"https:\/\/shop.aquacity.sk\/pl\/produkt\/wycieczka-szkolna-do-aquaparku-menu-obiadowe-2025\/\" \/>\n<meta property=\"og:locale\" content=\"pl_PL\" \/>\n<meta property=\"og:type\" content=\"article\" \/>\n<meta property=\"og:title\" content=\"Wycieczka szkolna do Aquaparku Menu Obiadowe - ONLINE SHOP AquaCity Poprad\" \/>\n<meta property=\"og:description\" content=\"Sp\u0119d\u017acie wspania\u0142y dzie\u0144 pe\u0142en niezwyk\u0142ych wra\u017ce\u0144 w Aquaparku z 13 basenami i ponad 350 atrakcjami wodnymi.   Menu obiadowe w cenie od 7 \u20ac obowi\u0105zuje dla grup zorganizowanych licz\u0105cych minimum 10 uczni\u00f3w szk\u00f3\u0142 podstawowych lub \u015brednich (obozy dzieci\u0119ce, szko\u0142y plenerowe, domy dziecka, o\u015brodki wypoczynkowe itp.)  Opieka osoby doros\u0142ej (1 osoba) na grup\u0119 10 uczni\u00f3w lub student\u00f3w. Menu od 7 \u20ac. Pozostali cz\u0142onkowie opieki (maks. 5 os\u00f3b w grupie) menu obiadowe w cenie od 7 \u20ac. Menu obiadowe mo\u017cna dokupi\u0107 wy\u0142\u0105cznie w ramach pakietu wycieczki szkolnej.\" \/>\n<meta property=\"og:url\" content=\"https:\/\/shop.aquacity.sk\/pl\/produkt\/wycieczka-szkolna-do-aquaparku-menu-obiadowe-2025\/\" \/>\n<meta property=\"og:site_name\" content=\"ONLINE SHOP AquaCity Poprad\" \/>\n<meta property=\"article:modified_time\" content=\"2026-03-19T08:32:16+00:00\" \/>\n<meta property=\"og:image\" content=\"https:\/\/shop.aquacity.sk\/wp-content\/uploads\/2024\/03\/AquaCity_Poprad_Leto_MH_web_099.jpg\" \/>\n\t<meta property=\"og:image:width\" content=\"1920\" \/>\n\t<meta property=\"og:image:height\" content=\"1139\" \/>\n\t<meta property=\"og:image:type\" content=\"image\/jpeg\" \/>\n<meta name=\"twitter:card\" content=\"summary_large_image\" \/>\n<meta name=\"twitter:label1\" content=\"Szacowany czas czytania\" \/>\n\t<meta name=\"twitter:data1\" content=\"1 minuta\" \/>\n<script type=\"application\/ld+json\" class=\"yoast-schema-graph\">{\"@context\":\"https:\/\/schema.org\",\"@graph\":[{\"@type\":\"WebPage\",\"@id\":\"https:\/\/shop.aquacity.sk\/pl\/produkt\/wycieczka-szkolna-do-aquaparku-menu-obiadowe-2025\/\",\"url\":\"https:\/\/shop.aquacity.sk\/pl\/produkt\/wycieczka-szkolna-do-aquaparku-menu-obiadowe-2025\/\",\"name\":\"Wycieczka szkolna do Aquaparku Menu Obiadowe - ONLINE SHOP AquaCity Poprad\",\"isPartOf\":{\"@id\":\"https:\/\/shop.aquacity.sk\/#website\"},\"primaryImageOfPage\":{\"@id\":\"https:\/\/shop.aquacity.sk\/pl\/produkt\/wycieczka-szkolna-do-aquaparku-menu-obiadowe-2025\/#primaryimage\"},\"image\":{\"@id\":\"https:\/\/shop.aquacity.sk\/pl\/produkt\/wycieczka-szkolna-do-aquaparku-menu-obiadowe-2025\/#primaryimage\"},\"thumbnailUrl\":\"https:\/\/shop.aquacity.sk\/wp-content\/uploads\/2024\/03\/AquaCity_Poprad_Leto_MH_web_099.jpg\",\"datePublished\":\"2025-07-30T04:45:41+00:00\",\"dateModified\":\"2026-03-19T08:32:16+00:00\",\"breadcrumb\":{\"@id\":\"https:\/\/shop.aquacity.sk\/pl\/produkt\/wycieczka-szkolna-do-aquaparku-menu-obiadowe-2025\/#breadcrumb\"},\"inLanguage\":\"pl-PL\",\"potentialAction\":[{\"@type\":\"ReadAction\",\"target\":[\"https:\/\/shop.aquacity.sk\/pl\/produkt\/wycieczka-szkolna-do-aquaparku-menu-obiadowe-2025\/\"]}]},{\"@type\":\"ImageObject\",\"inLanguage\":\"pl-PL\",\"@id\":\"https:\/\/shop.aquacity.sk\/pl\/produkt\/wycieczka-szkolna-do-aquaparku-menu-obiadowe-2025\/#primaryimage\",\"url\":\"https:\/\/shop.aquacity.sk\/wp-content\/uploads\/2024\/03\/AquaCity_Poprad_Leto_MH_web_099.jpg\",\"contentUrl\":\"https:\/\/shop.aquacity.sk\/wp-content\/uploads\/2024\/03\/AquaCity_Poprad_Leto_MH_web_099.jpg\",\"width\":1920,\"height\":1139},{\"@type\":\"BreadcrumbList\",\"@id\":\"https:\/\/shop.aquacity.sk\/pl\/produkt\/wycieczka-szkolna-do-aquaparku-menu-obiadowe-2025\/#breadcrumb\",\"itemListElement\":[{\"@type\":\"ListItem\",\"position\":1,\"name\":\"Home\",\"item\":\"https:\/\/shop.aquacity.sk\/\"},{\"@type\":\"ListItem\",\"position\":2,\"name\":\"Sklep\",\"item\":\"https:\/\/shop.aquacity.sk\/pl\/sklep\/\"},{\"@type\":\"ListItem\",\"position\":3,\"name\":\"Wycieczka szkolna do Aquaparku Menu Obiadowe\"}]},{\"@type\":\"WebSite\",\"@id\":\"https:\/\/shop.aquacity.sk\/#website\",\"url\":\"https:\/\/shop.aquacity.sk\/\",\"name\":\"ONLINE SHOP AquaCity Poprad\",\"description\":\"Ten prav\u00fd oddych pod Tatrami\",\"publisher\":{\"@id\":\"https:\/\/shop.aquacity.sk\/#organization\"},\"potentialAction\":[{\"@type\":\"SearchAction\",\"target\":{\"@type\":\"EntryPoint\",\"urlTemplate\":\"https:\/\/shop.aquacity.sk\/?s={search_term_string}\"},\"query-input\":{\"@type\":\"PropertyValueSpecification\",\"valueRequired\":true,\"valueName\":\"search_term_string\"}}],\"inLanguage\":\"pl-PL\"},{\"@type\":\"Organization\",\"@id\":\"https:\/\/shop.aquacity.sk\/#organization\",\"name\":\"ONLINE SHOP AquaCity Poprad\",\"url\":\"https:\/\/shop.aquacity.sk\/\",\"logo\":{\"@type\":\"ImageObject\",\"inLanguage\":\"pl-PL\",\"@id\":\"https:\/\/shop.aquacity.sk\/#\/schema\/logo\/image\/\",\"url\":\"https:\/\/shop.aquacity.sk\/wp-content\/uploads\/2020\/03\/logo-aquacity.svg\",\"contentUrl\":\"https:\/\/shop.aquacity.sk\/wp-content\/uploads\/2020\/03\/logo-aquacity.svg\",\"width\":209,\"height\":99,\"caption\":\"ONLINE SHOP AquaCity Poprad\"},\"image\":{\"@id\":\"https:\/\/shop.aquacity.sk\/#\/schema\/logo\/image\/\"}}]}<\/script>\n<!-- \/ Yoast SEO plugin. -->","yoast_head_json":{"title":"Wycieczka szkolna do Aquaparku Menu Obiadowe - ONLINE SHOP AquaCity Poprad","robots":{"index":"index","follow":"follow","max-snippet":"max-snippet:-1","max-image-preview":"max-image-preview:large","max-video-preview":"max-video-preview:-1"},"canonical":"https:\/\/shop.aquacity.sk\/pl\/produkt\/wycieczka-szkolna-do-aquaparku-menu-obiadowe-2025\/","og_locale":"pl_PL","og_type":"article","og_title":"Wycieczka szkolna do Aquaparku Menu Obiadowe - ONLINE SHOP AquaCity Poprad","og_description":"Sp\u0119d\u017acie wspania\u0142y dzie\u0144 pe\u0142en niezwyk\u0142ych wra\u017ce\u0144 w Aquaparku z 13 basenami i ponad 350 atrakcjami wodnymi.   Menu obiadowe w cenie od 7 \u20ac obowi\u0105zuje dla grup zorganizowanych licz\u0105cych minimum 10 uczni\u00f3w szk\u00f3\u0142 podstawowych lub \u015brednich (obozy dzieci\u0119ce, szko\u0142y plenerowe, domy dziecka, o\u015brodki wypoczynkowe itp.)  Opieka osoby doros\u0142ej (1 osoba) na grup\u0119 10 uczni\u00f3w lub student\u00f3w. Menu od 7 \u20ac. Pozostali cz\u0142onkowie opieki (maks. 5 os\u00f3b w grupie) menu obiadowe w cenie od 7 \u20ac. Menu obiadowe mo\u017cna dokupi\u0107 wy\u0142\u0105cznie w ramach pakietu wycieczki szkolnej.","og_url":"https:\/\/shop.aquacity.sk\/pl\/produkt\/wycieczka-szkolna-do-aquaparku-menu-obiadowe-2025\/","og_site_name":"ONLINE SHOP AquaCity Poprad","article_modified_time":"2026-03-19T08:32:16+00:00","og_image":[{"width":1920,"height":1139,"url":"https:\/\/shop.aquacity.sk\/wp-content\/uploads\/2024\/03\/AquaCity_Poprad_Leto_MH_web_099.jpg","type":"image\/jpeg"}],"twitter_card":"summary_large_image","twitter_misc":{"Szacowany czas czytania":"1 minuta"},"schema":{"@context":"https:\/\/schema.org","@graph":[{"@type":"WebPage","@id":"https:\/\/shop.aquacity.sk\/pl\/produkt\/wycieczka-szkolna-do-aquaparku-menu-obiadowe-2025\/","url":"https:\/\/shop.aquacity.sk\/pl\/produkt\/wycieczka-szkolna-do-aquaparku-menu-obiadowe-2025\/","name":"Wycieczka szkolna do Aquaparku Menu Obiadowe - ONLINE SHOP AquaCity Poprad","isPartOf":{"@id":"https:\/\/shop.aquacity.sk\/#website"},"primaryImageOfPage":{"@id":"https:\/\/shop.aquacity.sk\/pl\/produkt\/wycieczka-szkolna-do-aquaparku-menu-obiadowe-2025\/#primaryimage"},"image":{"@id":"https:\/\/shop.aquacity.sk\/pl\/produkt\/wycieczka-szkolna-do-aquaparku-menu-obiadowe-2025\/#primaryimage"},"thumbnailUrl":"https:\/\/shop.aquacity.sk\/wp-content\/uploads\/2024\/03\/AquaCity_Poprad_Leto_MH_web_099.jpg","datePublished":"2025-07-30T04:45:41+00:00","dateModified":"2026-03-19T08:32:16+00:00","breadcrumb":{"@id":"https:\/\/shop.aquacity.sk\/pl\/produkt\/wycieczka-szkolna-do-aquaparku-menu-obiadowe-2025\/#breadcrumb"},"inLanguage":"pl-PL","potentialAction":[{"@type":"ReadAction","target":["https:\/\/shop.aquacity.sk\/pl\/produkt\/wycieczka-szkolna-do-aquaparku-menu-obiadowe-2025\/"]}]},{"@type":"ImageObject","inLanguage":"pl-PL","@id":"https:\/\/shop.aquacity.sk\/pl\/produkt\/wycieczka-szkolna-do-aquaparku-menu-obiadowe-2025\/#primaryimage","url":"https:\/\/shop.aquacity.sk\/wp-content\/uploads\/2024\/03\/AquaCity_Poprad_Leto_MH_web_099.jpg","contentUrl":"https:\/\/shop.aquacity.sk\/wp-content\/uploads\/2024\/03\/AquaCity_Poprad_Leto_MH_web_099.jpg","width":1920,"height":1139},{"@type":"BreadcrumbList","@id":"https:\/\/shop.aquacity.sk\/pl\/produkt\/wycieczka-szkolna-do-aquaparku-menu-obiadowe-2025\/#breadcrumb","itemListElement":[{"@type":"ListItem","position":1,"name":"Home","item":"https:\/\/shop.aquacity.sk\/"},{"@type":"ListItem","position":2,"name":"Sklep","item":"https:\/\/shop.aquacity.sk\/pl\/sklep\/"},{"@type":"ListItem","position":3,"name":"Wycieczka szkolna do Aquaparku Menu Obiadowe"}]},{"@type":"WebSite","@id":"https:\/\/shop.aquacity.sk\/#website","url":"https:\/\/shop.aquacity.sk\/","name":"ONLINE SHOP AquaCity Poprad","description":"Ten prav\u00fd oddych pod Tatrami","publisher":{"@id":"https:\/\/shop.aquacity.sk\/#organization"},"potentialAction":[{"@type":"SearchAction","target":{"@type":"EntryPoint","urlTemplate":"https:\/\/shop.aquacity.sk\/?s={search_term_string}"},"query-input":{"@type":"PropertyValueSpecification","valueRequired":true,"valueName":"search_term_string"}}],"inLanguage":"pl-PL"},{"@type":"Organization","@id":"https:\/\/shop.aquacity.sk\/#organization","name":"ONLINE SHOP AquaCity Poprad","url":"https:\/\/shop.aquacity.sk\/","logo":{"@type":"ImageObject","inLanguage":"pl-PL","@id":"https:\/\/shop.aquacity.sk\/#\/schema\/logo\/image\/","url":"https:\/\/shop.aquacity.sk\/wp-content\/uploads\/2020\/03\/logo-aquacity.svg","contentUrl":"https:\/\/shop.aquacity.sk\/wp-content\/uploads\/2020\/03\/logo-aquacity.svg","width":209,"height":99,"caption":"ONLINE SHOP AquaCity Poprad"},"image":{"@id":"https:\/\/shop.aquacity.sk\/#\/schema\/logo\/image\/"}}]}},"_links":{"self":[{"href":"https:\/\/shop.aquacity.sk\/pl\/wp-json\/wp\/v2\/product\/318918","targetHints":{"allow":["GET"]}}],"collection":[{"href":"https:\/\/shop.aquacity.sk\/pl\/wp-json\/wp\/v2\/product"}],"about":[{"href":"https:\/\/shop.aquacity.sk\/pl\/wp-json\/wp\/v2\/types\/product"}],"wp:featuredmedia":[{"embeddable":true,"href":"https:\/\/shop.aquacity.sk\/pl\/wp-json\/wp\/v2\/media\/234291"}],"wp:attachment":[{"href":"https:\/\/shop.aquacity.sk\/pl\/wp-json\/wp\/v2\/media?parent=318918"}],"wp:term":[{"taxonomy":"product_brand","embeddable":true,"href":"https:\/\/shop.aquacity.sk\/pl\/wp-json\/wp\/v2\/product_brand?post=318918"},{"taxonomy":"product_cat","embeddable":true,"href":"https:\/\/shop.aquacity.sk\/pl\/wp-json\/wp\/v2\/product_cat?post=318918"},{"taxonomy":"product_tag","embeddable":true,"href":"https:\/\/shop.aquacity.sk\/pl\/wp-json\/wp\/v2\/product_tag?post=318918"}],"curies":[{"name":"wp","href":"https:\/\/api.w.org\/{rel}","templated":true}]}}