{"id":308252,"date":"2025-06-03T14:50:13","date_gmt":"2025-06-03T12:50:20","guid":{"rendered":"https:\/\/shop.aquacity.sk\/?post_type=product&#038;p=308252"},"modified":"2025-07-26T07:05:34","modified_gmt":"2025-07-26T05:05:34","slug":"promocja-pakiet-aquapark","status":"publish","type":"product","link":"https:\/\/shop.aquacity.sk\/pl\/produkt\/promocja-pakiet-aquapark\/","title":{"rendered":"LETNIA PROMOCJA \u2013 PAKIET AQUAPARK 2+1 wej\u015bcie za 1 \u20ac"},"content":{"rendered":"<h2>Opis produktu<\/h2>\n<p><strong>Ca\u0142odniowe wej\u015bcie do basen\u00f3w Aquaparku \u2014 2+1 wej\u015bcie za 1 \u20ac<\/strong>Dost\u0119p do wszystkich wewn\u0119trznych i zewn\u0119trznych basen\u00f3w aquaparku:<br data-start=\"113\" data-end=\"116\" \/><strong data-start=\"116\" data-end=\"134\">Strefa relaksu<\/strong> \u2013 3 zewn\u0119trzne termalne baseny z atrakcjami wodnymi, 2 kryte termalne baseny Blue Diamond z barami,<br data-start=\"234\" data-end=\"237\" \/>50-metrowy basen p\u0142ywacki, sauna parowa.<br \/>\n<strong data-start=\"281\" data-end=\"298\">Strefa zabawy<\/strong> \u2013 kryte baseny relaksacyjne Blue Sapphire, wewn\u0119trzny dzieci\u0119cy \u015bwiat Treasure Island \u2013 Wyspa Skarb\u00f3w,<br data-start=\"401\" data-end=\"404\" \/>k\u0105ciki i place zabaw dla dzieci.<br \/>\n<strong data-start=\"291\" data-end=\"308\">Letnia oferta<\/strong> \u2013 Piramida Maj\u00f3w, zewn\u0119trzny basen dla dzieci, Strefa zabawy \u2013 dmuchany wodny park piracki<\/p>\n<h2>Wa\u017cno\u015b\u0107<\/h2>\n<p>Voucher jest wa\u017cny do dnia <strong data-start=\"572\" data-end=\"592\">30 wrze\u015bnia 2025<\/strong> r. i nie mo\u017cna go wykorzysta\u0107 w dniu zakupu. Voucher mo\u017ce by\u0107 wykorzystany przez jedn\u0105 osob\u0119 na <strong data-start=\"691\" data-end=\"704\">3 wej\u015bcia<\/strong> lub jednocze\u015bnie przez <strong data-start=\"728\" data-end=\"739\">3 osoby<\/strong>. Kupuj\u0105c przez e-sklep, masz gwarantowane wej\u015bcie. Zam\u00f3wienie mo\u017cna zrealizowa\u0107 w <strong data-start=\"826\" data-end=\"849\">kasie na 2. pi\u0119trze<\/strong> Aquaparku AquaCity Poprad.<\/p>\n","protected":false},"excerpt":{"rendered":"<p data-start=\"953\" data-end=\"1115\">\u2600\ufe0f <strong data-start=\"956\" data-end=\"1006\">LETNIA PROMOCJA DLA SUBSKRYBENT\u00d3W NEWSLETTERA!<\/strong><br data-start=\"1006\" data-end=\"1009\" \/>\ud83c\udf89 Ca\u0142odniowe wej\u015bcie do basen\u00f3w AquaCity Poprad w ekskluzywnej ofercie <strong data-start=\"1081\" data-end=\"1115\">2+1 \u2014 3. wej\u015bcie tylko za 1 \u20ac!<\/strong><\/p>\n<p data-start=\"1117\" data-end=\"1329\">Zaplanuj dzie\u0144 pe\u0142en relaksu, zabawy i wodnych atrakcji z rodzin\u0105 lub przyjaci\u00f3\u0142mi.<br data-start=\"1200\" data-end=\"1203\" \/>Ten specjalny <strong data-start=\"1217\" data-end=\"1228\">voucher<\/strong> mo\u017cna wykorzysta\u0107 <strong data-start=\"1247\" data-end=\"1262\">jednorazowo<\/strong> (np. dla 3 os\u00f3b) lub przez jedn\u0105 osob\u0119 <strong data-start=\"1302\" data-end=\"1328\">na 3 oddzielne wej\u015bcia<\/strong>.<\/p>\n<p data-start=\"1331\" data-end=\"1484\">\ud83d\udfe6 <strong data-start=\"1334\" data-end=\"1346\">Dotyczy:<\/strong> ca\u0142odniowe wej\u015bcie do basen\u00f3w latem<br data-start=\"1382\" data-end=\"1385\" \/>\ud83d\udfe8 <strong data-start=\"1388\" data-end=\"1398\">Bonus:<\/strong> 3. wej\u015bcie tylko za 1 \u20ac<br data-start=\"1422\" data-end=\"1425\" \/>\ud83d\udfe7 <strong data-start=\"1428\" data-end=\"1440\">Wa\u017cno\u015b\u0107:<\/strong> zgodnie z warunkami podanymi na voucherze<\/p>\n<p data-start=\"1486\" data-end=\"1600\">Nie zapomnij \u2014 ta oferta jest przeznaczona <strong data-start=\"1529\" data-end=\"1553\">wy\u0142\u0105cznie dla Ciebie<\/strong>, naszego lojalnego subskrybenta newslettera!<\/p>\n<p data-start=\"1602\" data-end=\"1647\">\ud83c\udfab <strong data-start=\"1605\" data-end=\"1645\">Tw\u00f3j letni relaks zaczyna si\u0119 TUTAJ!<\/strong><\/p>\n<p data-start=\"1649\" data-end=\"1790\"><strong><span style=\"color: #ff0000;\">Bilety do AquaParku i Centrum Wellness nale\u017cy zakupi\u0107 co najmniej 1 dzie\u0144 wcze\u015bniej przed planowan\u0105 wizyt\u0105. Nie obowi\u0105zuj\u0105 w dniu zakupu.<\/span><\/strong><\/p>\n","protected":false},"featured_media":291897,"template":"","meta":{"_acf_changed":false,"site-sidebar-layout":"default","site-content-layout":"default","ast-global-header-display":"","ast-main-header-display":"","ast-hfb-above-header-display":"","ast-hfb-below-header-display":"","ast-hfb-mobile-header-display":"","site-post-title":"","ast-breadcrumbs-content":"","ast-featured-img":"","footer-sml-layout":"","theme-transparent-header-meta":"default","adv-header-id-meta":"","stick-header-meta":"","header-above-stick-meta":"","header-main-stick-meta":"","header-below-stick-meta":""},"product_brand":[],"product_cat":[123],"product_tag":[],"class_list":{"0":"post-308252","1":"product","2":"type-product","3":"status-publish","4":"has-post-thumbnail","6":"product_cat-newsletter-pl","7":"desktop-align-left","8":"tablet-align-left","9":"mobile-align-left","11":"first","12":"instock","13":"sold-individually","14":"taxable","15":"shipping-taxable","16":"purchasable","17":"product-type-variable"},"acf":[],"yoast_head":"<!-- This site is optimized with the Yoast SEO plugin v26.2 - https:\/\/yoast.com\/wordpress\/plugins\/seo\/ -->\n<title>LETNIA PROMOCJA \u2013 PAKIET AQUAPARK 2+1 wej\u015bcie za 1 \u20ac - ONLINE SHOP AquaCity Poprad<\/title>\n<meta name=\"robots\" content=\"index, follow, max-snippet:-1, max-image-preview:large, max-video-preview:-1\" \/>\n<link rel=\"canonical\" href=\"https:\/\/shop.aquacity.sk\/?post_type=product&p=308248\" \/>\n<meta property=\"og:locale\" content=\"pl_PL\" \/>\n<meta property=\"og:type\" content=\"article\" \/>\n<meta property=\"og:title\" content=\"LETNIA PROMOCJA \u2013 PAKIET AQUAPARK 2+1 wej\u015bcie za 1 \u20ac - ONLINE SHOP AquaCity Poprad\" \/>\n<meta property=\"og:description\" content=\"\u2600\ufe0f LETNIA PROMOCJA DLA SUBSKRYBENT\u00d3W NEWSLETTERA!\ud83c\udf89 Ca\u0142odniowe wej\u015bcie do basen\u00f3w AquaCity Poprad w ekskluzywnej ofercie 2+1 \u2014 3. wej\u015bcie tylko za 1 \u20ac! Zaplanuj dzie\u0144 pe\u0142en relaksu, zabawy i wodnych atrakcji z rodzin\u0105 lub przyjaci\u00f3\u0142mi.Ten specjalny voucher mo\u017cna wykorzysta\u0107 jednorazowo (np. dla 3 os\u00f3b) lub przez jedn\u0105 osob\u0119 na 3 oddzielne wej\u015bcia. \ud83d\udfe6 Dotyczy: ca\u0142odniowe wej\u015bcie do basen\u00f3w latem\ud83d\udfe8 Bonus: 3. wej\u015bcie tylko za 1 \u20ac\ud83d\udfe7 Wa\u017cno\u015b\u0107: zgodnie z warunkami podanymi na voucherze Nie zapomnij \u2014 ta oferta jest przeznaczona wy\u0142\u0105cznie dla Ciebie, naszego lojalnego subskrybenta newslettera! \ud83c\udfab Tw\u00f3j letni relaks zaczyna si\u0119 TUTAJ! Bilety do AquaParku i Centrum Wellness nale\u017cy zakupi\u0107 co najmniej 1 dzie\u0144 wcze\u015bniej przed planowan\u0105 wizyt\u0105. Nie obowi\u0105zuj\u0105 w dniu zakupu.\" \/>\n<meta property=\"og:url\" content=\"https:\/\/shop.aquacity.sk\/?post_type=product&amp;p=308248\" \/>\n<meta property=\"og:site_name\" content=\"ONLINE SHOP AquaCity Poprad\" \/>\n<meta property=\"article:modified_time\" content=\"2025-07-26T05:05:34+00:00\" \/>\n<meta property=\"og:image\" content=\"https:\/\/shop.aquacity.sk\/wp-content\/uploads\/2025\/03\/Google_Aquapark_Wellness_Limitovana_Akcia_2025_JAR_1080x1080_WEB_WELLNESS.jpg\" \/>\n\t<meta property=\"og:image:width\" content=\"600\" \/>\n\t<meta property=\"og:image:height\" content=\"600\" \/>\n\t<meta property=\"og:image:type\" content=\"image\/jpeg\" \/>\n<meta name=\"twitter:card\" content=\"summary_large_image\" \/>\n<meta name=\"twitter:label1\" content=\"Szacowany czas czytania\" \/>\n\t<meta name=\"twitter:data1\" content=\"1 minuta\" \/>\n<script type=\"application\/ld+json\" class=\"yoast-schema-graph\">{\"@context\":\"https:\/\/schema.org\",\"@graph\":[{\"@type\":\"WebPage\",\"@id\":\"https:\/\/shop.aquacity.sk\/?post_type=product&p=308248\",\"url\":\"https:\/\/shop.aquacity.sk\/?post_type=product&p=308248\",\"name\":\"LETNIA PROMOCJA \u2013 PAKIET AQUAPARK 2+1 wej\u015bcie za 1 \u20ac - ONLINE SHOP AquaCity Poprad\",\"isPartOf\":{\"@id\":\"https:\/\/shop.aquacity.sk\/#website\"},\"primaryImageOfPage\":{\"@id\":\"https:\/\/shop.aquacity.sk\/?post_type=product&p=308248#primaryimage\"},\"image\":{\"@id\":\"https:\/\/shop.aquacity.sk\/?post_type=product&p=308248#primaryimage\"},\"thumbnailUrl\":\"https:\/\/shop.aquacity.sk\/wp-content\/uploads\/2025\/03\/Google_Aquapark_Wellness_Limitovana_Akcia_2025_JAR_1080x1080_WEB_WELLNESS.jpg\",\"datePublished\":\"2025-06-03T12:50:20+00:00\",\"dateModified\":\"2025-07-26T05:05:34+00:00\",\"breadcrumb\":{\"@id\":\"https:\/\/shop.aquacity.sk\/?post_type=product&p=308248#breadcrumb\"},\"inLanguage\":\"pl-PL\",\"potentialAction\":[{\"@type\":\"ReadAction\",\"target\":[\"https:\/\/shop.aquacity.sk\/?post_type=product&p=308248\"]}]},{\"@type\":\"ImageObject\",\"inLanguage\":\"pl-PL\",\"@id\":\"https:\/\/shop.aquacity.sk\/?post_type=product&p=308248#primaryimage\",\"url\":\"https:\/\/shop.aquacity.sk\/wp-content\/uploads\/2025\/03\/Google_Aquapark_Wellness_Limitovana_Akcia_2025_JAR_1080x1080_WEB_WELLNESS.jpg\",\"contentUrl\":\"https:\/\/shop.aquacity.sk\/wp-content\/uploads\/2025\/03\/Google_Aquapark_Wellness_Limitovana_Akcia_2025_JAR_1080x1080_WEB_WELLNESS.jpg\",\"width\":600,\"height\":600},{\"@type\":\"BreadcrumbList\",\"@id\":\"https:\/\/shop.aquacity.sk\/?post_type=product&p=308248#breadcrumb\",\"itemListElement\":[{\"@type\":\"ListItem\",\"position\":1,\"name\":\"Home\",\"item\":\"https:\/\/shop.aquacity.sk\/\"},{\"@type\":\"ListItem\",\"position\":2,\"name\":\"Sklep\",\"item\":\"https:\/\/shop.aquacity.sk\/pl\/sklep\/\"},{\"@type\":\"ListItem\",\"position\":3,\"name\":\"LETNIA PROMOCJA \u2013 PAKIET AQUAPARK 2+1 wej\u015bcie za 1 \u20ac\"}]},{\"@type\":\"WebSite\",\"@id\":\"https:\/\/shop.aquacity.sk\/#website\",\"url\":\"https:\/\/shop.aquacity.sk\/\",\"name\":\"ONLINE SHOP AquaCity Poprad\",\"description\":\"Ten prav\u00fd oddych pod Tatrami\",\"publisher\":{\"@id\":\"https:\/\/shop.aquacity.sk\/#organization\"},\"potentialAction\":[{\"@type\":\"SearchAction\",\"target\":{\"@type\":\"EntryPoint\",\"urlTemplate\":\"https:\/\/shop.aquacity.sk\/?s={search_term_string}\"},\"query-input\":{\"@type\":\"PropertyValueSpecification\",\"valueRequired\":true,\"valueName\":\"search_term_string\"}}],\"inLanguage\":\"pl-PL\"},{\"@type\":\"Organization\",\"@id\":\"https:\/\/shop.aquacity.sk\/#organization\",\"name\":\"ONLINE SHOP AquaCity Poprad\",\"url\":\"https:\/\/shop.aquacity.sk\/\",\"logo\":{\"@type\":\"ImageObject\",\"inLanguage\":\"pl-PL\",\"@id\":\"https:\/\/shop.aquacity.sk\/#\/schema\/logo\/image\/\",\"url\":\"https:\/\/shop.aquacity.sk\/wp-content\/uploads\/2020\/03\/logo-aquacity.svg\",\"contentUrl\":\"https:\/\/shop.aquacity.sk\/wp-content\/uploads\/2020\/03\/logo-aquacity.svg\",\"width\":209,\"height\":99,\"caption\":\"ONLINE SHOP AquaCity Poprad\"},\"image\":{\"@id\":\"https:\/\/shop.aquacity.sk\/#\/schema\/logo\/image\/\"}}]}<\/script>\n<!-- \/ Yoast SEO plugin. -->","yoast_head_json":{"title":"LETNIA PROMOCJA \u2013 PAKIET AQUAPARK 2+1 wej\u015bcie za 1 \u20ac - ONLINE SHOP AquaCity Poprad","robots":{"index":"index","follow":"follow","max-snippet":"max-snippet:-1","max-image-preview":"max-image-preview:large","max-video-preview":"max-video-preview:-1"},"canonical":"https:\/\/shop.aquacity.sk\/?post_type=product&p=308248","og_locale":"pl_PL","og_type":"article","og_title":"LETNIA PROMOCJA \u2013 PAKIET AQUAPARK 2+1 wej\u015bcie za 1 \u20ac - ONLINE SHOP AquaCity Poprad","og_description":"\u2600\ufe0f LETNIA PROMOCJA DLA SUBSKRYBENT\u00d3W NEWSLETTERA!\ud83c\udf89 Ca\u0142odniowe wej\u015bcie do basen\u00f3w AquaCity Poprad w ekskluzywnej ofercie 2+1 \u2014 3. wej\u015bcie tylko za 1 \u20ac! Zaplanuj dzie\u0144 pe\u0142en relaksu, zabawy i wodnych atrakcji z rodzin\u0105 lub przyjaci\u00f3\u0142mi.Ten specjalny voucher mo\u017cna wykorzysta\u0107 jednorazowo (np. dla 3 os\u00f3b) lub przez jedn\u0105 osob\u0119 na 3 oddzielne wej\u015bcia. \ud83d\udfe6 Dotyczy: ca\u0142odniowe wej\u015bcie do basen\u00f3w latem\ud83d\udfe8 Bonus: 3. wej\u015bcie tylko za 1 \u20ac\ud83d\udfe7 Wa\u017cno\u015b\u0107: zgodnie z warunkami podanymi na voucherze Nie zapomnij \u2014 ta oferta jest przeznaczona wy\u0142\u0105cznie dla Ciebie, naszego lojalnego subskrybenta newslettera! \ud83c\udfab Tw\u00f3j letni relaks zaczyna si\u0119 TUTAJ! Bilety do AquaParku i Centrum Wellness nale\u017cy zakupi\u0107 co najmniej 1 dzie\u0144 wcze\u015bniej przed planowan\u0105 wizyt\u0105. Nie obowi\u0105zuj\u0105 w dniu zakupu.","og_url":"https:\/\/shop.aquacity.sk\/?post_type=product&p=308248","og_site_name":"ONLINE SHOP AquaCity Poprad","article_modified_time":"2025-07-26T05:05:34+00:00","og_image":[{"width":600,"height":600,"url":"https:\/\/shop.aquacity.sk\/wp-content\/uploads\/2025\/03\/Google_Aquapark_Wellness_Limitovana_Akcia_2025_JAR_1080x1080_WEB_WELLNESS.jpg","type":"image\/jpeg"}],"twitter_card":"summary_large_image","twitter_misc":{"Szacowany czas czytania":"1 minuta"},"schema":{"@context":"https:\/\/schema.org","@graph":[{"@type":"WebPage","@id":"https:\/\/shop.aquacity.sk\/?post_type=product&p=308248","url":"https:\/\/shop.aquacity.sk\/?post_type=product&p=308248","name":"LETNIA PROMOCJA \u2013 PAKIET AQUAPARK 2+1 wej\u015bcie za 1 \u20ac - ONLINE SHOP AquaCity Poprad","isPartOf":{"@id":"https:\/\/shop.aquacity.sk\/#website"},"primaryImageOfPage":{"@id":"https:\/\/shop.aquacity.sk\/?post_type=product&p=308248#primaryimage"},"image":{"@id":"https:\/\/shop.aquacity.sk\/?post_type=product&p=308248#primaryimage"},"thumbnailUrl":"https:\/\/shop.aquacity.sk\/wp-content\/uploads\/2025\/03\/Google_Aquapark_Wellness_Limitovana_Akcia_2025_JAR_1080x1080_WEB_WELLNESS.jpg","datePublished":"2025-06-03T12:50:20+00:00","dateModified":"2025-07-26T05:05:34+00:00","breadcrumb":{"@id":"https:\/\/shop.aquacity.sk\/?post_type=product&p=308248#breadcrumb"},"inLanguage":"pl-PL","potentialAction":[{"@type":"ReadAction","target":["https:\/\/shop.aquacity.sk\/?post_type=product&p=308248"]}]},{"@type":"ImageObject","inLanguage":"pl-PL","@id":"https:\/\/shop.aquacity.sk\/?post_type=product&p=308248#primaryimage","url":"https:\/\/shop.aquacity.sk\/wp-content\/uploads\/2025\/03\/Google_Aquapark_Wellness_Limitovana_Akcia_2025_JAR_1080x1080_WEB_WELLNESS.jpg","contentUrl":"https:\/\/shop.aquacity.sk\/wp-content\/uploads\/2025\/03\/Google_Aquapark_Wellness_Limitovana_Akcia_2025_JAR_1080x1080_WEB_WELLNESS.jpg","width":600,"height":600},{"@type":"BreadcrumbList","@id":"https:\/\/shop.aquacity.sk\/?post_type=product&p=308248#breadcrumb","itemListElement":[{"@type":"ListItem","position":1,"name":"Home","item":"https:\/\/shop.aquacity.sk\/"},{"@type":"ListItem","position":2,"name":"Sklep","item":"https:\/\/shop.aquacity.sk\/pl\/sklep\/"},{"@type":"ListItem","position":3,"name":"LETNIA PROMOCJA \u2013 PAKIET AQUAPARK 2+1 wej\u015bcie za 1 \u20ac"}]},{"@type":"WebSite","@id":"https:\/\/shop.aquacity.sk\/#website","url":"https:\/\/shop.aquacity.sk\/","name":"ONLINE SHOP AquaCity Poprad","description":"Ten prav\u00fd oddych pod Tatrami","publisher":{"@id":"https:\/\/shop.aquacity.sk\/#organization"},"potentialAction":[{"@type":"SearchAction","target":{"@type":"EntryPoint","urlTemplate":"https:\/\/shop.aquacity.sk\/?s={search_term_string}"},"query-input":{"@type":"PropertyValueSpecification","valueRequired":true,"valueName":"search_term_string"}}],"inLanguage":"pl-PL"},{"@type":"Organization","@id":"https:\/\/shop.aquacity.sk\/#organization","name":"ONLINE SHOP AquaCity Poprad","url":"https:\/\/shop.aquacity.sk\/","logo":{"@type":"ImageObject","inLanguage":"pl-PL","@id":"https:\/\/shop.aquacity.sk\/#\/schema\/logo\/image\/","url":"https:\/\/shop.aquacity.sk\/wp-content\/uploads\/2020\/03\/logo-aquacity.svg","contentUrl":"https:\/\/shop.aquacity.sk\/wp-content\/uploads\/2020\/03\/logo-aquacity.svg","width":209,"height":99,"caption":"ONLINE SHOP AquaCity Poprad"},"image":{"@id":"https:\/\/shop.aquacity.sk\/#\/schema\/logo\/image\/"}}]}},"_links":{"self":[{"href":"https:\/\/shop.aquacity.sk\/pl\/wp-json\/wp\/v2\/product\/308252","targetHints":{"allow":["GET"]}}],"collection":[{"href":"https:\/\/shop.aquacity.sk\/pl\/wp-json\/wp\/v2\/product"}],"about":[{"href":"https:\/\/shop.aquacity.sk\/pl\/wp-json\/wp\/v2\/types\/product"}],"wp:featuredmedia":[{"embeddable":true,"href":"https:\/\/shop.aquacity.sk\/pl\/wp-json\/wp\/v2\/media\/291897"}],"wp:attachment":[{"href":"https:\/\/shop.aquacity.sk\/pl\/wp-json\/wp\/v2\/media?parent=308252"}],"wp:term":[{"taxonomy":"product_brand","embeddable":true,"href":"https:\/\/shop.aquacity.sk\/pl\/wp-json\/wp\/v2\/product_brand?post=308252"},{"taxonomy":"product_cat","embeddable":true,"href":"https:\/\/shop.aquacity.sk\/pl\/wp-json\/wp\/v2\/product_cat?post=308252"},{"taxonomy":"product_tag","embeddable":true,"href":"https:\/\/shop.aquacity.sk\/pl\/wp-json\/wp\/v2\/product_tag?post=308252"}],"curies":[{"name":"wp","href":"https:\/\/api.w.org\/{rel}","templated":true}]}}