{"id":215512,"date":"2026-01-31T08:53:49","date_gmt":"2026-01-31T07:53:49","guid":{"rendered":"https:\/\/shop.aquacity.sk\/product\/klubova-karta\/"},"modified":"2026-02-21T06:13:09","modified_gmt":"2026-02-21T05:13:09","slug":"karta-klubowa","status":"publish","type":"product","link":"https:\/\/shop.aquacity.sk\/pl\/produkt\/karta-klubowa\/","title":{"rendered":"AQUACITY CLUB &#8211; KARTA KLUBOWA"},"content":{"rendered":"<p><strong>KORZYSTANIE Z KARTY<br \/>\n<\/strong>Karta Klubowa mo\u017ce by\u0107 u\u017cywana przy zakupach bezpo\u015brednio w AquaCity Poprad oraz przy zakupach online w e-sklepie, w zale\u017cno\u015bci od rodzaju us\u0142ugi.<br \/>\n<strong>Bilety do Aquaparku<\/strong> mo\u017cna kupi\u0107 ze zni\u017ck\u0105 zar\u00f3wno online, jak i w kasie. <strong>Przy zakupie w kasie wystarczy okaza\u0107 kod QR w telefonie kom\u00f3rkowym<\/strong> \u2013 nie ma potrzeby drukowania karty. <strong>Przy zakupie bilet\u00f3w online nale\u017cy zarejestrowa\u0107 si\u0119 lub zalogowa\u0107 do e-sklepu przy u\u017cyciu adresu e-mail, na kt\u00f3ry zosta\u0142a wydana Karta Klubowa. Zni\u017cka zostanie naliczona wy\u0142\u0105cznie po zalogowaniu si\u0119 przy u\u017cyciu tego adresu e-mail.<br \/>\nW przypadku rezerwacji pakiet\u00f3w hotelowych zni\u017cka nie obowi\u0105zuje przy rezerwacjach online.<\/strong> Zni\u017ck\u0119 mo\u017cna wykorzysta\u0107 wy\u0142\u0105cznie przy rezerwacji dokonanej bezpo\u015brednio w recepcji hotelu. Karta Klubowa jest imienna i nie podlega przekazaniu, z wyj\u0105tkiem najbli\u017cszych cz\u0142onk\u00f3w rodziny. Ze zni\u017cki mo\u017ce korzysta\u0107 posiadacz karty oraz jego ma\u0142\u017conek\/ma\u0142\u017conka i dzieci do 18 roku \u017cycia.<\/p>\n<p><strong>PRZEGL\u0104D KORZY\u015aCI Z KARTY KLUBOWEJ &#8211; ZNI\u017bKI OD 8% DO 20%<br \/>\n<\/strong><strong data-start=\"2933\" data-end=\"2945\">AQUAPARK<\/strong> \u2013 2 \u20ac zni\u017cki na bilety: Aquapark Packet, Wellness Packet (ca\u0142odzienny \/ 3-godzinny) oraz Family Packet.<br data-start=\"3049\" data-end=\"3052\" \/>Zni\u017cka obowi\u0105zuje r\u00f3wnie\u017c dla kategorii: dziecko, student, senior oraz osoby z niepe\u0142nosprawno\u015bci\u0105.<br \/>\n<strong data-start=\"3153\" data-end=\"3183\">ZAKWATEROWANIE \u2013 8% zni\u017cki <\/strong>Hotel Seasons ****, Mountain View ****, Riverside *** (dotyczy wy\u0142\u0105cznie cen recepcyjnych)<br \/>\n<strong data-start=\"3280\" data-end=\"3308\">GASTRONOMIA \u2013 10% zni\u017cki <\/strong>Na dania i napoje z aktualnego menu (z wy\u0142\u0105czeniem wyrob\u00f3w tytoniowych, menu dnia i ofert specjalnych).Obowi\u0105zuje w AquaCity Poprad \u2013 Restauracja High Tatras, Lobby Bar oraz Caf\u00e9 Bar.<br \/>\n<strong data-start=\"3499\" data-end=\"3532\">US\u0141UGI DODATKOWE \u2013 10% zni\u017cki<\/strong><br data-start=\"3532\" data-end=\"3535\" \/>Masa\u017ce i zabiegi w Centrum Relaksacyjno-Masa\u017cowym (w kasach AquaCity lub w recepcji hotelu). Zni\u017cki na us\u0142ugi Kriocentrum \u2013 krioterapia ca\u0142ego cia\u0142a oraz miejscowa, zgodnie z aktualnym cennikiem.<\/p>\n","protected":false},"excerpt":{"rendered":"<p data-start=\"813\" data-end=\"1207\">Z kart\u0105 klubow\u0105 AquaCity Club mo\u017cesz od razu korzysta\u0107 ze wszystkich jej korzy\u015bci \u2013 z<strong>ar\u00f3wno podczas zakup\u00f3w bezpo\u015brednio w AquaCity Poprad, jak i online w e-sklepie shop.aquacity.sk.<\/strong> Kupuj w specjalnych cenach klubowych, korzystaj z ekskluzywnych promocji i rabat\u00f3w oraz odkrywaj atrakcyjne oferty przez ca\u0142y rok. <strong>Program lojalno\u015bciowy zapewnia zni\u017cki, dzi\u0119ki kt\u00f3rym zaoszcz\u0119dzisz od 8% do 25%.<\/strong><br \/>\nPo zakupie produktu otrzymasz kod QR AquaCity Club. <strong>Przy zakupach na miejscu oka\u017c go w kasach lub w recepcji hotelu. <span style=\"color: #ff0000;\">W przypadku zakup\u00f3w online nale\u017cy zarejestrowa\u0107 si\u0119 lub zalogowa\u0107 przy u\u017cyciu adresu e-mail, na kt\u00f3ry zosta\u0142a wydana karta klubowa \u2013 tylko po zalogowaniu rabat mo\u017ce zosta\u0107 naliczony.<\/span><\/strong><\/p>\n<p><strong><a href=\"https:\/\/shop.aquacity.sk\/wp-content\/uploads\/2026\/02\/Vseobecne-pravidla-a-podmienky-AquaCity-CLUB_2026_PL.pdf\" target=\"_blank\" rel=\"noopener\">Warunki AquaCity Club do pobrania<\/a><\/strong><\/p>\n","protected":false},"featured_media":361669,"template":"","meta":{"_acf_changed":false,"site-sidebar-layout":"default","site-content-layout":"default","ast-global-header-display":"","ast-main-header-display":"","ast-hfb-above-header-display":"","ast-hfb-below-header-display":"","ast-hfb-mobile-header-display":"","site-post-title":"","ast-breadcrumbs-content":"","ast-featured-img":"","footer-sml-layout":"","theme-transparent-header-meta":"default","adv-header-id-meta":"","stick-header-meta":"","header-above-stick-meta":"","header-main-stick-meta":"","header-below-stick-meta":""},"product_brand":[],"product_cat":[72],"product_tag":[],"class_list":{"0":"post-215512","1":"product","2":"type-product","3":"status-publish","4":"has-post-thumbnail","6":"product_cat-sprzedaz","7":"desktop-align-left","8":"tablet-align-left","9":"mobile-align-left","11":"first","12":"instock","13":"downloadable","14":"virtual","15":"taxable","16":"purchasable","17":"product-type-simple"},"acf":[],"yoast_head":"<!-- This site is optimized with the Yoast SEO plugin v26.2 - https:\/\/yoast.com\/wordpress\/plugins\/seo\/ -->\n<title>AQUACITY CLUB - KARTA KLUBOWA - ONLINE SHOP AquaCity Poprad<\/title>\n<meta name=\"robots\" content=\"index, follow, max-snippet:-1, max-image-preview:large, max-video-preview:-1\" \/>\n<link rel=\"canonical\" href=\"https:\/\/shop.aquacity.sk\/pl\/produkt\/karta-klubowa\/\" \/>\n<meta property=\"og:locale\" content=\"pl_PL\" \/>\n<meta property=\"og:type\" content=\"article\" \/>\n<meta property=\"og:title\" content=\"AQUACITY CLUB - KARTA KLUBOWA - ONLINE SHOP AquaCity Poprad\" \/>\n<meta property=\"og:description\" content=\"Z kart\u0105 klubow\u0105 AquaCity Club mo\u017cesz od razu korzysta\u0107 ze wszystkich jej korzy\u015bci \u2013 zar\u00f3wno podczas zakup\u00f3w bezpo\u015brednio w AquaCity Poprad, jak i online w e-sklepie shop.aquacity.sk. Kupuj w specjalnych cenach klubowych, korzystaj z ekskluzywnych promocji i rabat\u00f3w oraz odkrywaj atrakcyjne oferty przez ca\u0142y rok. Program lojalno\u015bciowy zapewnia zni\u017cki, dzi\u0119ki kt\u00f3rym zaoszcz\u0119dzisz od 8% do 25%. Po zakupie produktu otrzymasz kod QR AquaCity Club. Przy zakupach na miejscu oka\u017c go w kasach lub w recepcji hotelu. W przypadku zakup\u00f3w online nale\u017cy zarejestrowa\u0107 si\u0119 lub zalogowa\u0107 przy u\u017cyciu adresu e-mail, na kt\u00f3ry zosta\u0142a wydana karta klubowa \u2013 tylko po zalogowaniu rabat mo\u017ce zosta\u0107 naliczony. Warunki AquaCity Club do pobrania\" \/>\n<meta property=\"og:url\" content=\"https:\/\/shop.aquacity.sk\/pl\/produkt\/karta-klubowa\/\" \/>\n<meta property=\"og:site_name\" content=\"ONLINE SHOP AquaCity Poprad\" \/>\n<meta property=\"article:modified_time\" content=\"2026-02-21T05:13:09+00:00\" \/>\n<meta property=\"og:image\" content=\"https:\/\/shop.aquacity.sk\/wp-content\/uploads\/2026\/01\/Klubova_karta_KOCKA.jpg\" \/>\n\t<meta property=\"og:image:width\" content=\"600\" \/>\n\t<meta property=\"og:image:height\" content=\"600\" \/>\n\t<meta property=\"og:image:type\" content=\"image\/jpeg\" \/>\n<meta name=\"twitter:card\" content=\"summary_large_image\" \/>\n<meta name=\"twitter:label1\" content=\"Szacowany czas czytania\" \/>\n\t<meta name=\"twitter:data1\" content=\"2 minuty\" \/>\n<script type=\"application\/ld+json\" class=\"yoast-schema-graph\">{\"@context\":\"https:\/\/schema.org\",\"@graph\":[{\"@type\":\"WebPage\",\"@id\":\"https:\/\/shop.aquacity.sk\/pl\/produkt\/karta-klubowa\/\",\"url\":\"https:\/\/shop.aquacity.sk\/pl\/produkt\/karta-klubowa\/\",\"name\":\"AQUACITY CLUB - KARTA KLUBOWA - ONLINE SHOP AquaCity Poprad\",\"isPartOf\":{\"@id\":\"https:\/\/shop.aquacity.sk\/#website\"},\"primaryImageOfPage\":{\"@id\":\"https:\/\/shop.aquacity.sk\/pl\/produkt\/karta-klubowa\/#primaryimage\"},\"image\":{\"@id\":\"https:\/\/shop.aquacity.sk\/pl\/produkt\/karta-klubowa\/#primaryimage\"},\"thumbnailUrl\":\"https:\/\/shop.aquacity.sk\/wp-content\/uploads\/2026\/01\/Klubova_karta_KOCKA.jpg\",\"datePublished\":\"2026-01-31T07:53:49+00:00\",\"dateModified\":\"2026-02-21T05:13:09+00:00\",\"breadcrumb\":{\"@id\":\"https:\/\/shop.aquacity.sk\/pl\/produkt\/karta-klubowa\/#breadcrumb\"},\"inLanguage\":\"pl-PL\",\"potentialAction\":[{\"@type\":\"ReadAction\",\"target\":[\"https:\/\/shop.aquacity.sk\/pl\/produkt\/karta-klubowa\/\"]}]},{\"@type\":\"ImageObject\",\"inLanguage\":\"pl-PL\",\"@id\":\"https:\/\/shop.aquacity.sk\/pl\/produkt\/karta-klubowa\/#primaryimage\",\"url\":\"https:\/\/shop.aquacity.sk\/wp-content\/uploads\/2026\/01\/Klubova_karta_KOCKA.jpg\",\"contentUrl\":\"https:\/\/shop.aquacity.sk\/wp-content\/uploads\/2026\/01\/Klubova_karta_KOCKA.jpg\",\"width\":600,\"height\":600},{\"@type\":\"BreadcrumbList\",\"@id\":\"https:\/\/shop.aquacity.sk\/pl\/produkt\/karta-klubowa\/#breadcrumb\",\"itemListElement\":[{\"@type\":\"ListItem\",\"position\":1,\"name\":\"Home\",\"item\":\"https:\/\/shop.aquacity.sk\/\"},{\"@type\":\"ListItem\",\"position\":2,\"name\":\"Sklep\",\"item\":\"https:\/\/shop.aquacity.sk\/pl\/sklep\/\"},{\"@type\":\"ListItem\",\"position\":3,\"name\":\"AQUACITY CLUB &#8211; KARTA KLUBOWA\"}]},{\"@type\":\"WebSite\",\"@id\":\"https:\/\/shop.aquacity.sk\/#website\",\"url\":\"https:\/\/shop.aquacity.sk\/\",\"name\":\"ONLINE SHOP AquaCity Poprad\",\"description\":\"Ten prav\u00fd oddych pod Tatrami\",\"publisher\":{\"@id\":\"https:\/\/shop.aquacity.sk\/#organization\"},\"potentialAction\":[{\"@type\":\"SearchAction\",\"target\":{\"@type\":\"EntryPoint\",\"urlTemplate\":\"https:\/\/shop.aquacity.sk\/?s={search_term_string}\"},\"query-input\":{\"@type\":\"PropertyValueSpecification\",\"valueRequired\":true,\"valueName\":\"search_term_string\"}}],\"inLanguage\":\"pl-PL\"},{\"@type\":\"Organization\",\"@id\":\"https:\/\/shop.aquacity.sk\/#organization\",\"name\":\"ONLINE SHOP AquaCity Poprad\",\"url\":\"https:\/\/shop.aquacity.sk\/\",\"logo\":{\"@type\":\"ImageObject\",\"inLanguage\":\"pl-PL\",\"@id\":\"https:\/\/shop.aquacity.sk\/#\/schema\/logo\/image\/\",\"url\":\"https:\/\/shop.aquacity.sk\/wp-content\/uploads\/2020\/03\/logo-aquacity.svg\",\"contentUrl\":\"https:\/\/shop.aquacity.sk\/wp-content\/uploads\/2020\/03\/logo-aquacity.svg\",\"width\":209,\"height\":99,\"caption\":\"ONLINE SHOP AquaCity Poprad\"},\"image\":{\"@id\":\"https:\/\/shop.aquacity.sk\/#\/schema\/logo\/image\/\"}}]}<\/script>\n<!-- \/ Yoast SEO plugin. -->","yoast_head_json":{"title":"AQUACITY CLUB - KARTA KLUBOWA - ONLINE SHOP AquaCity Poprad","robots":{"index":"index","follow":"follow","max-snippet":"max-snippet:-1","max-image-preview":"max-image-preview:large","max-video-preview":"max-video-preview:-1"},"canonical":"https:\/\/shop.aquacity.sk\/pl\/produkt\/karta-klubowa\/","og_locale":"pl_PL","og_type":"article","og_title":"AQUACITY CLUB - KARTA KLUBOWA - ONLINE SHOP AquaCity Poprad","og_description":"Z kart\u0105 klubow\u0105 AquaCity Club mo\u017cesz od razu korzysta\u0107 ze wszystkich jej korzy\u015bci \u2013 zar\u00f3wno podczas zakup\u00f3w bezpo\u015brednio w AquaCity Poprad, jak i online w e-sklepie shop.aquacity.sk. Kupuj w specjalnych cenach klubowych, korzystaj z ekskluzywnych promocji i rabat\u00f3w oraz odkrywaj atrakcyjne oferty przez ca\u0142y rok. Program lojalno\u015bciowy zapewnia zni\u017cki, dzi\u0119ki kt\u00f3rym zaoszcz\u0119dzisz od 8% do 25%. Po zakupie produktu otrzymasz kod QR AquaCity Club. Przy zakupach na miejscu oka\u017c go w kasach lub w recepcji hotelu. W przypadku zakup\u00f3w online nale\u017cy zarejestrowa\u0107 si\u0119 lub zalogowa\u0107 przy u\u017cyciu adresu e-mail, na kt\u00f3ry zosta\u0142a wydana karta klubowa \u2013 tylko po zalogowaniu rabat mo\u017ce zosta\u0107 naliczony. Warunki AquaCity Club do pobrania","og_url":"https:\/\/shop.aquacity.sk\/pl\/produkt\/karta-klubowa\/","og_site_name":"ONLINE SHOP AquaCity Poprad","article_modified_time":"2026-02-21T05:13:09+00:00","og_image":[{"width":600,"height":600,"url":"https:\/\/shop.aquacity.sk\/wp-content\/uploads\/2026\/01\/Klubova_karta_KOCKA.jpg","type":"image\/jpeg"}],"twitter_card":"summary_large_image","twitter_misc":{"Szacowany czas czytania":"2 minuty"},"schema":{"@context":"https:\/\/schema.org","@graph":[{"@type":"WebPage","@id":"https:\/\/shop.aquacity.sk\/pl\/produkt\/karta-klubowa\/","url":"https:\/\/shop.aquacity.sk\/pl\/produkt\/karta-klubowa\/","name":"AQUACITY CLUB - KARTA KLUBOWA - ONLINE SHOP AquaCity Poprad","isPartOf":{"@id":"https:\/\/shop.aquacity.sk\/#website"},"primaryImageOfPage":{"@id":"https:\/\/shop.aquacity.sk\/pl\/produkt\/karta-klubowa\/#primaryimage"},"image":{"@id":"https:\/\/shop.aquacity.sk\/pl\/produkt\/karta-klubowa\/#primaryimage"},"thumbnailUrl":"https:\/\/shop.aquacity.sk\/wp-content\/uploads\/2026\/01\/Klubova_karta_KOCKA.jpg","datePublished":"2026-01-31T07:53:49+00:00","dateModified":"2026-02-21T05:13:09+00:00","breadcrumb":{"@id":"https:\/\/shop.aquacity.sk\/pl\/produkt\/karta-klubowa\/#breadcrumb"},"inLanguage":"pl-PL","potentialAction":[{"@type":"ReadAction","target":["https:\/\/shop.aquacity.sk\/pl\/produkt\/karta-klubowa\/"]}]},{"@type":"ImageObject","inLanguage":"pl-PL","@id":"https:\/\/shop.aquacity.sk\/pl\/produkt\/karta-klubowa\/#primaryimage","url":"https:\/\/shop.aquacity.sk\/wp-content\/uploads\/2026\/01\/Klubova_karta_KOCKA.jpg","contentUrl":"https:\/\/shop.aquacity.sk\/wp-content\/uploads\/2026\/01\/Klubova_karta_KOCKA.jpg","width":600,"height":600},{"@type":"BreadcrumbList","@id":"https:\/\/shop.aquacity.sk\/pl\/produkt\/karta-klubowa\/#breadcrumb","itemListElement":[{"@type":"ListItem","position":1,"name":"Home","item":"https:\/\/shop.aquacity.sk\/"},{"@type":"ListItem","position":2,"name":"Sklep","item":"https:\/\/shop.aquacity.sk\/pl\/sklep\/"},{"@type":"ListItem","position":3,"name":"AQUACITY CLUB &#8211; KARTA KLUBOWA"}]},{"@type":"WebSite","@id":"https:\/\/shop.aquacity.sk\/#website","url":"https:\/\/shop.aquacity.sk\/","name":"ONLINE SHOP AquaCity Poprad","description":"Ten prav\u00fd oddych pod Tatrami","publisher":{"@id":"https:\/\/shop.aquacity.sk\/#organization"},"potentialAction":[{"@type":"SearchAction","target":{"@type":"EntryPoint","urlTemplate":"https:\/\/shop.aquacity.sk\/?s={search_term_string}"},"query-input":{"@type":"PropertyValueSpecification","valueRequired":true,"valueName":"search_term_string"}}],"inLanguage":"pl-PL"},{"@type":"Organization","@id":"https:\/\/shop.aquacity.sk\/#organization","name":"ONLINE SHOP AquaCity Poprad","url":"https:\/\/shop.aquacity.sk\/","logo":{"@type":"ImageObject","inLanguage":"pl-PL","@id":"https:\/\/shop.aquacity.sk\/#\/schema\/logo\/image\/","url":"https:\/\/shop.aquacity.sk\/wp-content\/uploads\/2020\/03\/logo-aquacity.svg","contentUrl":"https:\/\/shop.aquacity.sk\/wp-content\/uploads\/2020\/03\/logo-aquacity.svg","width":209,"height":99,"caption":"ONLINE SHOP AquaCity Poprad"},"image":{"@id":"https:\/\/shop.aquacity.sk\/#\/schema\/logo\/image\/"}}]}},"_links":{"self":[{"href":"https:\/\/shop.aquacity.sk\/pl\/wp-json\/wp\/v2\/product\/215512","targetHints":{"allow":["GET"]}}],"collection":[{"href":"https:\/\/shop.aquacity.sk\/pl\/wp-json\/wp\/v2\/product"}],"about":[{"href":"https:\/\/shop.aquacity.sk\/pl\/wp-json\/wp\/v2\/types\/product"}],"wp:featuredmedia":[{"embeddable":true,"href":"https:\/\/shop.aquacity.sk\/pl\/wp-json\/wp\/v2\/media\/361669"}],"wp:attachment":[{"href":"https:\/\/shop.aquacity.sk\/pl\/wp-json\/wp\/v2\/media?parent=215512"}],"wp:term":[{"taxonomy":"product_brand","embeddable":true,"href":"https:\/\/shop.aquacity.sk\/pl\/wp-json\/wp\/v2\/product_brand?post=215512"},{"taxonomy":"product_cat","embeddable":true,"href":"https:\/\/shop.aquacity.sk\/pl\/wp-json\/wp\/v2\/product_cat?post=215512"},{"taxonomy":"product_tag","embeddable":true,"href":"https:\/\/shop.aquacity.sk\/pl\/wp-json\/wp\/v2\/product_tag?post=215512"}],"curies":[{"name":"wp","href":"https:\/\/api.w.org\/{rel}","templated":true}]}}