{"id":99024,"date":"2020-05-20T08:36:33","date_gmt":"2020-05-20T06:36:33","guid":{"rendered":"https:\/\/newshop.aquacity.sk\/ochrona-danych-osobowych\/"},"modified":"2020-05-24T13:29:33","modified_gmt":"2020-05-24T11:29:33","slug":"ochrona-danych-osobowych","status":"publish","type":"page","link":"https:\/\/shop.aquacity.sk\/pl\/ochrona-danych-osobowych\/","title":{"rendered":"Ochrona danych osobowych"},"content":{"rendered":"\n<h3 class=\"wp-block-heading\">Ochrona danych osobowych<\/h3>\n\n<p>Niniejszym jako osoba zainteresowana swobodnie i dobrowolnie udzielam sp\u00f3\u0142ceAQUAPARK Poprad, s.r.o., z siedzib\u0105 \u0160portov\u00e1 1397\/1, 058 01 Poprad, REGON: 36 482 609, wpisanej do rejestru sp\u00f3\u0142ek S\u0105du Rejonowego w Preszowie, wydzia\u0142: Sro, wpis nr 13805\/P (dalej \u201esp\u00f3\u0142ka\u201c)jako administratorowi zgodnie z ustaw\u0105 o ochronie danych osobowych i w\u0142a\u015bciwymi przepisami prawa UE wyra\u017anej zgody na przetwarzanie przekazanego adresu e-mail na potrzeby wysy\u0142ania informacji o nowo\u015bciach i ofertach specjalnych sp\u00f3\u0142ki (oferty marketingowe) za po\u015brednictwem poczty elektronicznej \u2013 e-maili (newsletter). Niniejsz\u0105 zgod\u0119 na przetwarzanie danych osobowych udzielam sp\u00f3\u0142ce na okres 5 lat.<\/p>\n\n<p>Jako osoba zainteresowana jest Pan\/i odpowiedzialny\/a za kompletno\u015b\u0107, prawdziwo\u015b\u0107 i poprawno\u015b\u0107 przekazanych danych osobowych. W razie zmiany przekazanych danych osobowych jest Pan\/i zobowi\u0105zany\/a natychmiast powiadomi\u0107 o tym sp\u00f3\u0142k\u0119.<\/p>\n\n<p>Podczas przetwarzania Pana\/i danych osobowych na cele marketingowe dane te s\u0105 w tym celu i w niezb\u0119dnym zakresie przekazywane zakontraktowanym us\u0142ugodawcom sp\u00f3\u0142ki, a przede wszystkim \u015bwiadczeniodawcy us\u0142ug marketingowych. Pana\/i dane osobowe mog\u0105 by\u0107 u\u017cyte przez tych us\u0142ugodawc\u00f3w wy\u0142\u0105cznie do cel\u00f3w, na kt\u00f3re otrzymali\u015bmy od Pana\/i zgod\u0119. Niniejsza zgoda na przetwarzanie danych osobowych do cel\u00f3w marketingowych mo\u017ce zosta\u0107 odwo\u0142ana w dowolnym momencie poprzez klikni\u0119cie we w\u0142a\u015bciwy linkumieszczonybezpo\u015brednio w ka\u017cdej wiadomo\u015bci elektronicznej od sp\u00f3\u0142ki lub osobi\u015bcie w siedzibie sp\u00f3\u0142ki.<\/p>\n\n<p>W przypadku utraty aktualno\u015bci przekazanych danych osobowych, odwo\u0142ania zgody na przetwarzanie danych osobowych, po spe\u0142nieniu celu lub zako\u0144czeniu okresu, na kt\u00f3ry zosta\u0142a udzielona zgoda na przetwarzanie danych osobowych lub je\u015bli przechowywanie danych jest niedopuszczalne z dowolnych powod\u00f3w prawnych, przechowywane dane osobowe zostan\u0105 usuni\u0119te.<\/p>\n\n<p>Ochrona danych osobowych podlega postanowieniom ustawy o ochronie danych osobowych oraz w\u0142a\u015bciwym przepisom EU, w kt\u00f3rych tak\u017ce s\u0105 uregulowane prawa osoby zainteresowanej. Osoba zainteresowana ma prawo do bezp\u0142atnego uzyskania informacji dotycz\u0105cych przetwarzania przechowywanych jej danych osobowych. Pod warunkiem przestrzegania wymaga\u0144 okre\u015blonych w og\u00f3lnie obowi\u0105zuj\u0105cych przepisach prawa osoba zainteresowana ma jednocze\u015bnie (i) prawo do dost\u0119pu do w\u0142asnych danych osobowych, (ii) prawo do poprawienia nieprawid\u0142owych danych osobowych, (iii) prawo do ograniczenia (zablokowania) przetwarzania danych osobowych, (iv) prawo do sprzeciwienia si\u0119 przetwarzaniu w\u0142asnych danych osobowych na potrzeby marketingu bezpo\u015bredniego, (v) prawo do usuni\u0119cia danych osobowych, przede wszystkim w przypadku, gdy nie s\u0105 ju\u017c potrzebne do cel\u00f3w, do kt\u00f3rych zosta\u0142y pozyskane lub by\u0142y przetwarzane w inny spos\u00f3b lub je\u015bli odwo\u0142a\u0142a swoj\u0105 zgod\u0119 na ich przetwarzanie i je\u015bli nie istnieje inna podstawa prawna do przetwarzania, lub je\u015bli dane osobowe by\u0142y przetwarzane w spos\u00f3b bezprawny. Tak samo osoba zainteresowana w przypadku spe\u0142nienia ustalonych warunk\u00f3w ma prawo do przeniesienia danych, czyli ma prawo do uzyskania w\u0142asnych danych osobowych, kt\u00f3re dobrowolnie przekaza\u0142a sp\u00f3\u0142ce, w formie elektronicznej, w ustrukturyzowanym, zwykle u\u017cywanym i maszynowo czytelnym formacie, a w zwi\u0105zku z tym mo\u017ce skorzysta\u0107 ze swojego prawa do przeniesienia tych danych do innego administratora, je\u015bli takie przeniesienie b\u0119dzie technicznie mo\u017cliwe (prawo d przeniesienia danych).Je\u015bli osoba zainteresowana domaga si\u0119 od sp\u00f3\u0142ki realizacji dowolnego prawa osoby zainteresowanej zgodnie z przepisami prawa reguluj\u0105cymi ochron\u0119 danych osobowych, a na podstawie wniosku osoby zainteresowanej nie mo\u017cna potwierdzi\u0107 to\u017csamo\u015bci wnioskodawcy lub je\u015bli sp\u00f3\u0142ka ma uzasadnione w\u0105tpliwo\u015bci w zwi\u0105zku z to\u017csamo\u015bci\u0105 osoby, kt\u00f3ra z\u0142o\u017cy\u0142a wniosek, sp\u00f3\u0142ka zastrzega sobie prawo zwr\u00f3ci\u0107 si\u0119 do tej osoby o przekazanie dodatkowych informacji potrzebnych do potwierdzenia to\u017csamo\u015bci osoby sk\u0142adaj\u0105cej wniosek.&#13;\nJako osoba zainteresowana ma Pan\/i prawo do z\u0142o\u017cenia skargi do organu nadzoruj\u0105cego, kt\u00f3rym jest Urz\u0105d ds. ochrony danych osobowych Republiki S\u0142owackiej, z siedzib\u0105 Hrani\u010dn\u00e1 12, 820 07 Bratislava, w przypadku podejrzenia, \u017ce Pana\/i dane osobowe s\u0105 przetwarzane niezgodnie z obowi\u0105zuj\u0105cym prawem.&#13;\nSp\u00f3\u0142ka o\u015bwiadcza, \u017ce przetwarza dane osobowe wy\u0142\u0105cznie na powy\u017csze cele i zgodnie z prawem o ochronie danych osobowych oraz w\u0142a\u015bciwymi przepisami UE, za pomoc\u0105 odpowiednich \u015brodk\u00f3w technicznych, organizacyjnych i bezpiecze\u0144stwa.<\/p>\n","protected":false},"excerpt":{"rendered":"<p>Ochrona danych osobowych Niniejszym jako osoba zainteresowana swobodnie i dobrowolnie udzielam sp\u00f3\u0142ceAQUAPARK Poprad, s.r.o., z siedzib\u0105 \u0160portov\u00e1 1397\/1, 058 01 Poprad, REGON: 36 482 609, wpisanej do rejestru sp\u00f3\u0142ek S\u0105du Rejonowego w Preszowie, wydzia\u0142: Sro, wpis nr 13805\/P (dalej \u201esp\u00f3\u0142ka\u201c)jako administratorowi zgodnie z ustaw\u0105 o ochronie danych osobowych i w\u0142a\u015bciwymi przepisami prawa UE wyra\u017anej zgody &hellip;<\/p>\n<p class=\"read-more\"> <a class=\"\" href=\"https:\/\/shop.aquacity.sk\/pl\/ochrona-danych-osobowych\/\"> <span class=\"screen-reader-text\">Ochrona danych osobowych<\/span> Read More &raquo;<\/a><\/p>\n","protected":false},"author":2,"featured_media":0,"parent":0,"menu_order":0,"comment_status":"closed","ping_status":"closed","template":"","meta":{"_acf_changed":false,"site-sidebar-layout":"default","site-content-layout":"default","ast-global-header-display":"","ast-main-header-display":"","ast-hfb-above-header-display":"","ast-hfb-below-header-display":"","ast-hfb-mobile-header-display":"","site-post-title":"","ast-breadcrumbs-content":"","ast-featured-img":"","footer-sml-layout":"","theme-transparent-header-meta":"","adv-header-id-meta":"","stick-header-meta":"","header-above-stick-meta":"","header-main-stick-meta":"","header-below-stick-meta":"","footnotes":""},"class_list":["post-99024","page","type-page","status-publish","hentry"],"acf":[],"yoast_head":"<!-- This site is optimized with the Yoast SEO plugin v26.2 - https:\/\/yoast.com\/wordpress\/plugins\/seo\/ -->\n<title>Ochrona danych osobowych - ONLINE SHOP AquaCity Poprad<\/title>\n<meta name=\"robots\" content=\"index, follow, max-snippet:-1, max-image-preview:large, max-video-preview:-1\" \/>\n<link rel=\"canonical\" href=\"https:\/\/shop.aquacity.sk\/ochrana-osobnych-udajov\/\" \/>\n<meta property=\"og:locale\" content=\"pl_PL\" \/>\n<meta property=\"og:type\" content=\"article\" \/>\n<meta property=\"og:title\" content=\"Ochrona danych osobowych - ONLINE SHOP AquaCity Poprad\" \/>\n<meta property=\"og:description\" content=\"Ochrona danych osobowych Niniejszym jako osoba zainteresowana swobodnie i dobrowolnie udzielam sp\u00f3\u0142ceAQUAPARK Poprad, s.r.o., z siedzib\u0105 \u0160portov\u00e1 1397\/1, 058 01 Poprad, REGON: 36 482 609, wpisanej do rejestru sp\u00f3\u0142ek S\u0105du Rejonowego w Preszowie, wydzia\u0142: Sro, wpis nr 13805\/P (dalej \u201esp\u00f3\u0142ka\u201c)jako administratorowi zgodnie z ustaw\u0105 o ochronie danych osobowych i w\u0142a\u015bciwymi przepisami prawa UE wyra\u017anej zgody &hellip; Ochrona danych osobowych Read More &raquo;\" \/>\n<meta property=\"og:url\" content=\"https:\/\/shop.aquacity.sk\/ochrana-osobnych-udajov\/\" \/>\n<meta property=\"og:site_name\" content=\"ONLINE SHOP AquaCity Poprad\" \/>\n<meta property=\"article:modified_time\" content=\"2020-05-24T11:29:33+00:00\" \/>\n<meta name=\"twitter:card\" content=\"summary_large_image\" \/>\n<meta name=\"twitter:label1\" content=\"Szacowany czas czytania\" \/>\n\t<meta name=\"twitter:data1\" content=\"4 minuty\" \/>\n<script type=\"application\/ld+json\" class=\"yoast-schema-graph\">{\"@context\":\"https:\/\/schema.org\",\"@graph\":[{\"@type\":\"WebPage\",\"@id\":\"https:\/\/shop.aquacity.sk\/ochrana-osobnych-udajov\/\",\"url\":\"https:\/\/shop.aquacity.sk\/ochrana-osobnych-udajov\/\",\"name\":\"Ochrona danych osobowych - ONLINE SHOP AquaCity Poprad\",\"isPartOf\":{\"@id\":\"https:\/\/shop.aquacity.sk\/#website\"},\"datePublished\":\"2020-05-20T06:36:33+00:00\",\"dateModified\":\"2020-05-24T11:29:33+00:00\",\"breadcrumb\":{\"@id\":\"https:\/\/shop.aquacity.sk\/ochrana-osobnych-udajov\/#breadcrumb\"},\"inLanguage\":\"pl-PL\",\"potentialAction\":[{\"@type\":\"ReadAction\",\"target\":[\"https:\/\/shop.aquacity.sk\/ochrana-osobnych-udajov\/\"]}]},{\"@type\":\"BreadcrumbList\",\"@id\":\"https:\/\/shop.aquacity.sk\/ochrana-osobnych-udajov\/#breadcrumb\",\"itemListElement\":[{\"@type\":\"ListItem\",\"position\":1,\"name\":\"Home\",\"item\":\"https:\/\/shop.aquacity.sk\/\"},{\"@type\":\"ListItem\",\"position\":2,\"name\":\"Ochrona danych osobowych\"}]},{\"@type\":\"WebSite\",\"@id\":\"https:\/\/shop.aquacity.sk\/#website\",\"url\":\"https:\/\/shop.aquacity.sk\/\",\"name\":\"ONLINE SHOP AquaCity Poprad\",\"description\":\"Ten prav\u00fd oddych pod Tatrami\",\"publisher\":{\"@id\":\"https:\/\/shop.aquacity.sk\/#organization\"},\"potentialAction\":[{\"@type\":\"SearchAction\",\"target\":{\"@type\":\"EntryPoint\",\"urlTemplate\":\"https:\/\/shop.aquacity.sk\/?s={search_term_string}\"},\"query-input\":{\"@type\":\"PropertyValueSpecification\",\"valueRequired\":true,\"valueName\":\"search_term_string\"}}],\"inLanguage\":\"pl-PL\"},{\"@type\":\"Organization\",\"@id\":\"https:\/\/shop.aquacity.sk\/#organization\",\"name\":\"ONLINE SHOP AquaCity Poprad\",\"url\":\"https:\/\/shop.aquacity.sk\/\",\"logo\":{\"@type\":\"ImageObject\",\"inLanguage\":\"pl-PL\",\"@id\":\"https:\/\/shop.aquacity.sk\/#\/schema\/logo\/image\/\",\"url\":\"https:\/\/shop.aquacity.sk\/wp-content\/uploads\/2020\/03\/logo-aquacity.svg\",\"contentUrl\":\"https:\/\/shop.aquacity.sk\/wp-content\/uploads\/2020\/03\/logo-aquacity.svg\",\"width\":209,\"height\":99,\"caption\":\"ONLINE SHOP AquaCity Poprad\"},\"image\":{\"@id\":\"https:\/\/shop.aquacity.sk\/#\/schema\/logo\/image\/\"}}]}<\/script>\n<!-- \/ Yoast SEO plugin. -->","yoast_head_json":{"title":"Ochrona danych osobowych - ONLINE SHOP AquaCity Poprad","robots":{"index":"index","follow":"follow","max-snippet":"max-snippet:-1","max-image-preview":"max-image-preview:large","max-video-preview":"max-video-preview:-1"},"canonical":"https:\/\/shop.aquacity.sk\/ochrana-osobnych-udajov\/","og_locale":"pl_PL","og_type":"article","og_title":"Ochrona danych osobowych - ONLINE SHOP AquaCity Poprad","og_description":"Ochrona danych osobowych Niniejszym jako osoba zainteresowana swobodnie i dobrowolnie udzielam sp\u00f3\u0142ceAQUAPARK Poprad, s.r.o., z siedzib\u0105 \u0160portov\u00e1 1397\/1, 058 01 Poprad, REGON: 36 482 609, wpisanej do rejestru sp\u00f3\u0142ek S\u0105du Rejonowego w Preszowie, wydzia\u0142: Sro, wpis nr 13805\/P (dalej \u201esp\u00f3\u0142ka\u201c)jako administratorowi zgodnie z ustaw\u0105 o ochronie danych osobowych i w\u0142a\u015bciwymi przepisami prawa UE wyra\u017anej zgody &hellip; Ochrona danych osobowych Read More &raquo;","og_url":"https:\/\/shop.aquacity.sk\/ochrana-osobnych-udajov\/","og_site_name":"ONLINE SHOP AquaCity Poprad","article_modified_time":"2020-05-24T11:29:33+00:00","twitter_card":"summary_large_image","twitter_misc":{"Szacowany czas czytania":"4 minuty"},"schema":{"@context":"https:\/\/schema.org","@graph":[{"@type":"WebPage","@id":"https:\/\/shop.aquacity.sk\/ochrana-osobnych-udajov\/","url":"https:\/\/shop.aquacity.sk\/ochrana-osobnych-udajov\/","name":"Ochrona danych osobowych - ONLINE SHOP AquaCity Poprad","isPartOf":{"@id":"https:\/\/shop.aquacity.sk\/#website"},"datePublished":"2020-05-20T06:36:33+00:00","dateModified":"2020-05-24T11:29:33+00:00","breadcrumb":{"@id":"https:\/\/shop.aquacity.sk\/ochrana-osobnych-udajov\/#breadcrumb"},"inLanguage":"pl-PL","potentialAction":[{"@type":"ReadAction","target":["https:\/\/shop.aquacity.sk\/ochrana-osobnych-udajov\/"]}]},{"@type":"BreadcrumbList","@id":"https:\/\/shop.aquacity.sk\/ochrana-osobnych-udajov\/#breadcrumb","itemListElement":[{"@type":"ListItem","position":1,"name":"Home","item":"https:\/\/shop.aquacity.sk\/"},{"@type":"ListItem","position":2,"name":"Ochrona danych osobowych"}]},{"@type":"WebSite","@id":"https:\/\/shop.aquacity.sk\/#website","url":"https:\/\/shop.aquacity.sk\/","name":"ONLINE SHOP AquaCity Poprad","description":"Ten prav\u00fd oddych pod Tatrami","publisher":{"@id":"https:\/\/shop.aquacity.sk\/#organization"},"potentialAction":[{"@type":"SearchAction","target":{"@type":"EntryPoint","urlTemplate":"https:\/\/shop.aquacity.sk\/?s={search_term_string}"},"query-input":{"@type":"PropertyValueSpecification","valueRequired":true,"valueName":"search_term_string"}}],"inLanguage":"pl-PL"},{"@type":"Organization","@id":"https:\/\/shop.aquacity.sk\/#organization","name":"ONLINE SHOP AquaCity Poprad","url":"https:\/\/shop.aquacity.sk\/","logo":{"@type":"ImageObject","inLanguage":"pl-PL","@id":"https:\/\/shop.aquacity.sk\/#\/schema\/logo\/image\/","url":"https:\/\/shop.aquacity.sk\/wp-content\/uploads\/2020\/03\/logo-aquacity.svg","contentUrl":"https:\/\/shop.aquacity.sk\/wp-content\/uploads\/2020\/03\/logo-aquacity.svg","width":209,"height":99,"caption":"ONLINE SHOP AquaCity Poprad"},"image":{"@id":"https:\/\/shop.aquacity.sk\/#\/schema\/logo\/image\/"}}]}},"_links":{"self":[{"href":"https:\/\/shop.aquacity.sk\/pl\/wp-json\/wp\/v2\/pages\/99024","targetHints":{"allow":["GET"]}}],"collection":[{"href":"https:\/\/shop.aquacity.sk\/pl\/wp-json\/wp\/v2\/pages"}],"about":[{"href":"https:\/\/shop.aquacity.sk\/pl\/wp-json\/wp\/v2\/types\/page"}],"author":[{"embeddable":true,"href":"https:\/\/shop.aquacity.sk\/pl\/wp-json\/wp\/v2\/users\/2"}],"replies":[{"embeddable":true,"href":"https:\/\/shop.aquacity.sk\/pl\/wp-json\/wp\/v2\/comments?post=99024"}],"version-history":[{"count":2,"href":"https:\/\/shop.aquacity.sk\/pl\/wp-json\/wp\/v2\/pages\/99024\/revisions"}],"predecessor-version":[{"id":99082,"href":"https:\/\/shop.aquacity.sk\/pl\/wp-json\/wp\/v2\/pages\/99024\/revisions\/99082"}],"wp:attachment":[{"href":"https:\/\/shop.aquacity.sk\/pl\/wp-json\/wp\/v2\/media?parent=99024"}],"curies":[{"name":"wp","href":"https:\/\/api.w.org\/{rel}","templated":true}]}}