{"id":99016,"date":"2020-05-20T08:24:04","date_gmt":"2020-05-20T06:24:04","guid":{"rendered":"https:\/\/newshop.aquacity.sk\/informacje-o-platnosciach\/"},"modified":"2020-05-24T13:17:35","modified_gmt":"2020-05-24T11:17:35","slug":"informacje-o-platnosciach","status":"publish","type":"page","link":"https:\/\/shop.aquacity.sk\/pl\/informacje-o-platnosciach\/","title":{"rendered":"Informacje o p\u0142atno\u015bciach"},"content":{"rendered":"\n<p><strong>Aquapark Poprad s.r.o.<\/strong> \u0160portov\u00e1 1397\/1, 058 01 Poprad <br><strong>E-mail:<\/strong>\u00a0eshop@aquacity.sk <br><strong>Nr.tel:<\/strong>\u00a0+421527851111 <br><strong>REGON:: <\/strong>36482609 <br><strong>NIP EU:<\/strong>\u00a0SK2020020486 <br><strong>Dane bankowe: <\/strong>V\u00daB, a.s. Mlynsk\u00e9 Nivy 1, 829 90 Bratislava: <br><strong>Numer konta: <\/strong>2416154651\/0200 <br><strong>Numer rozliczeniowy (Sort Code):<\/strong> AquaCity Poprad <br><strong>IBAN:\u00a0<\/strong>SK68 0200 0000 0024 1615 4651 <br><strong>BIC:<\/strong>\u00a0SUBASKBX <br>Sp\u00f3\u0142ka wpisana do Rejestru handlowego S\u0105du Okr\u0119gowego w Preszowie, oddzia\u0142: Sro, nr: 13805\/P<\/p>\n","protected":false},"excerpt":{"rendered":"<p>Aquapark Poprad s.r.o. \u0160portov\u00e1 1397\/1, 058 01 Poprad E-mail:\u00a0eshop@aquacity.sk Nr.tel:\u00a0+421527851111 REGON:: 36482609 NIP EU:\u00a0SK2020020486 Dane bankowe: V\u00daB, a.s. Mlynsk\u00e9 Nivy 1, 829 90 Bratislava: Numer konta: 2416154651\/0200 Numer rozliczeniowy (Sort Code): AquaCity Poprad IBAN:\u00a0SK68 0200 0000 0024 1615 4651 BIC:\u00a0SUBASKBX Sp\u00f3\u0142ka wpisana do Rejestru handlowego S\u0105du Okr\u0119gowego w Preszowie, oddzia\u0142: Sro, nr: 13805\/P<\/p>\n","protected":false},"author":2,"featured_media":0,"parent":0,"menu_order":0,"comment_status":"closed","ping_status":"closed","template":"","meta":{"_acf_changed":false,"site-sidebar-layout":"default","site-content-layout":"default","ast-global-header-display":"","ast-main-header-display":"","ast-hfb-above-header-display":"","ast-hfb-below-header-display":"","ast-hfb-mobile-header-display":"","site-post-title":"","ast-breadcrumbs-content":"","ast-featured-img":"","footer-sml-layout":"","theme-transparent-header-meta":"default","adv-header-id-meta":"","stick-header-meta":"","header-above-stick-meta":"","header-main-stick-meta":"","header-below-stick-meta":"","footnotes":""},"class_list":["post-99016","page","type-page","status-publish","hentry"],"acf":[],"yoast_head":"<!-- This site is optimized with the Yoast SEO plugin v26.2 - https:\/\/yoast.com\/wordpress\/plugins\/seo\/ -->\n<title>Informacje o p\u0142atno\u015bciach - ONLINE SHOP AquaCity Poprad<\/title>\n<meta name=\"robots\" content=\"index, follow, max-snippet:-1, max-image-preview:large, max-video-preview:-1\" \/>\n<link rel=\"canonical\" href=\"https:\/\/shop.aquacity.sk\/fakturacne-udaje\/\" \/>\n<meta property=\"og:locale\" content=\"pl_PL\" \/>\n<meta property=\"og:type\" content=\"article\" \/>\n<meta property=\"og:title\" content=\"Informacje o p\u0142atno\u015bciach - ONLINE SHOP AquaCity Poprad\" \/>\n<meta property=\"og:description\" content=\"Aquapark Poprad s.r.o. \u0160portov\u00e1 1397\/1, 058 01 Poprad E-mail:\u00a0eshop@aquacity.sk Nr.tel:\u00a0+421527851111 REGON:: 36482609 NIP EU:\u00a0SK2020020486 Dane bankowe: V\u00daB, a.s. Mlynsk\u00e9 Nivy 1, 829 90 Bratislava: Numer konta: 2416154651\/0200 Numer rozliczeniowy (Sort Code): AquaCity Poprad IBAN:\u00a0SK68 0200 0000 0024 1615 4651 BIC:\u00a0SUBASKBX Sp\u00f3\u0142ka wpisana do Rejestru handlowego S\u0105du Okr\u0119gowego w Preszowie, oddzia\u0142: Sro, nr: 13805\/P\" \/>\n<meta property=\"og:url\" content=\"https:\/\/shop.aquacity.sk\/fakturacne-udaje\/\" \/>\n<meta property=\"og:site_name\" content=\"ONLINE SHOP AquaCity Poprad\" \/>\n<meta property=\"article:modified_time\" content=\"2020-05-24T11:17:35+00:00\" \/>\n<meta name=\"twitter:card\" content=\"summary_large_image\" \/>\n<script type=\"application\/ld+json\" class=\"yoast-schema-graph\">{\"@context\":\"https:\/\/schema.org\",\"@graph\":[{\"@type\":\"WebPage\",\"@id\":\"https:\/\/shop.aquacity.sk\/fakturacne-udaje\/\",\"url\":\"https:\/\/shop.aquacity.sk\/fakturacne-udaje\/\",\"name\":\"Informacje o p\u0142atno\u015bciach - ONLINE SHOP AquaCity Poprad\",\"isPartOf\":{\"@id\":\"https:\/\/shop.aquacity.sk\/#website\"},\"datePublished\":\"2020-05-20T06:24:04+00:00\",\"dateModified\":\"2020-05-24T11:17:35+00:00\",\"breadcrumb\":{\"@id\":\"https:\/\/shop.aquacity.sk\/fakturacne-udaje\/#breadcrumb\"},\"inLanguage\":\"pl-PL\",\"potentialAction\":[{\"@type\":\"ReadAction\",\"target\":[\"https:\/\/shop.aquacity.sk\/fakturacne-udaje\/\"]}]},{\"@type\":\"BreadcrumbList\",\"@id\":\"https:\/\/shop.aquacity.sk\/fakturacne-udaje\/#breadcrumb\",\"itemListElement\":[{\"@type\":\"ListItem\",\"position\":1,\"name\":\"Home\",\"item\":\"https:\/\/shop.aquacity.sk\/\"},{\"@type\":\"ListItem\",\"position\":2,\"name\":\"Informacje o p\u0142atno\u015bciach\"}]},{\"@type\":\"WebSite\",\"@id\":\"https:\/\/shop.aquacity.sk\/#website\",\"url\":\"https:\/\/shop.aquacity.sk\/\",\"name\":\"ONLINE SHOP AquaCity Poprad\",\"description\":\"Ten prav\u00fd oddych pod Tatrami\",\"publisher\":{\"@id\":\"https:\/\/shop.aquacity.sk\/#organization\"},\"potentialAction\":[{\"@type\":\"SearchAction\",\"target\":{\"@type\":\"EntryPoint\",\"urlTemplate\":\"https:\/\/shop.aquacity.sk\/?s={search_term_string}\"},\"query-input\":{\"@type\":\"PropertyValueSpecification\",\"valueRequired\":true,\"valueName\":\"search_term_string\"}}],\"inLanguage\":\"pl-PL\"},{\"@type\":\"Organization\",\"@id\":\"https:\/\/shop.aquacity.sk\/#organization\",\"name\":\"ONLINE SHOP AquaCity Poprad\",\"url\":\"https:\/\/shop.aquacity.sk\/\",\"logo\":{\"@type\":\"ImageObject\",\"inLanguage\":\"pl-PL\",\"@id\":\"https:\/\/shop.aquacity.sk\/#\/schema\/logo\/image\/\",\"url\":\"https:\/\/shop.aquacity.sk\/wp-content\/uploads\/2020\/03\/logo-aquacity.svg\",\"contentUrl\":\"https:\/\/shop.aquacity.sk\/wp-content\/uploads\/2020\/03\/logo-aquacity.svg\",\"width\":209,\"height\":99,\"caption\":\"ONLINE SHOP AquaCity Poprad\"},\"image\":{\"@id\":\"https:\/\/shop.aquacity.sk\/#\/schema\/logo\/image\/\"}}]}<\/script>\n<!-- \/ Yoast SEO plugin. -->","yoast_head_json":{"title":"Informacje o p\u0142atno\u015bciach - ONLINE SHOP AquaCity Poprad","robots":{"index":"index","follow":"follow","max-snippet":"max-snippet:-1","max-image-preview":"max-image-preview:large","max-video-preview":"max-video-preview:-1"},"canonical":"https:\/\/shop.aquacity.sk\/fakturacne-udaje\/","og_locale":"pl_PL","og_type":"article","og_title":"Informacje o p\u0142atno\u015bciach - ONLINE SHOP AquaCity Poprad","og_description":"Aquapark Poprad s.r.o. \u0160portov\u00e1 1397\/1, 058 01 Poprad E-mail:\u00a0eshop@aquacity.sk Nr.tel:\u00a0+421527851111 REGON:: 36482609 NIP EU:\u00a0SK2020020486 Dane bankowe: V\u00daB, a.s. Mlynsk\u00e9 Nivy 1, 829 90 Bratislava: Numer konta: 2416154651\/0200 Numer rozliczeniowy (Sort Code): AquaCity Poprad IBAN:\u00a0SK68 0200 0000 0024 1615 4651 BIC:\u00a0SUBASKBX Sp\u00f3\u0142ka wpisana do Rejestru handlowego S\u0105du Okr\u0119gowego w Preszowie, oddzia\u0142: Sro, nr: 13805\/P","og_url":"https:\/\/shop.aquacity.sk\/fakturacne-udaje\/","og_site_name":"ONLINE SHOP AquaCity Poprad","article_modified_time":"2020-05-24T11:17:35+00:00","twitter_card":"summary_large_image","schema":{"@context":"https:\/\/schema.org","@graph":[{"@type":"WebPage","@id":"https:\/\/shop.aquacity.sk\/fakturacne-udaje\/","url":"https:\/\/shop.aquacity.sk\/fakturacne-udaje\/","name":"Informacje o p\u0142atno\u015bciach - ONLINE SHOP AquaCity Poprad","isPartOf":{"@id":"https:\/\/shop.aquacity.sk\/#website"},"datePublished":"2020-05-20T06:24:04+00:00","dateModified":"2020-05-24T11:17:35+00:00","breadcrumb":{"@id":"https:\/\/shop.aquacity.sk\/fakturacne-udaje\/#breadcrumb"},"inLanguage":"pl-PL","potentialAction":[{"@type":"ReadAction","target":["https:\/\/shop.aquacity.sk\/fakturacne-udaje\/"]}]},{"@type":"BreadcrumbList","@id":"https:\/\/shop.aquacity.sk\/fakturacne-udaje\/#breadcrumb","itemListElement":[{"@type":"ListItem","position":1,"name":"Home","item":"https:\/\/shop.aquacity.sk\/"},{"@type":"ListItem","position":2,"name":"Informacje o p\u0142atno\u015bciach"}]},{"@type":"WebSite","@id":"https:\/\/shop.aquacity.sk\/#website","url":"https:\/\/shop.aquacity.sk\/","name":"ONLINE SHOP AquaCity Poprad","description":"Ten prav\u00fd oddych pod Tatrami","publisher":{"@id":"https:\/\/shop.aquacity.sk\/#organization"},"potentialAction":[{"@type":"SearchAction","target":{"@type":"EntryPoint","urlTemplate":"https:\/\/shop.aquacity.sk\/?s={search_term_string}"},"query-input":{"@type":"PropertyValueSpecification","valueRequired":true,"valueName":"search_term_string"}}],"inLanguage":"pl-PL"},{"@type":"Organization","@id":"https:\/\/shop.aquacity.sk\/#organization","name":"ONLINE SHOP AquaCity Poprad","url":"https:\/\/shop.aquacity.sk\/","logo":{"@type":"ImageObject","inLanguage":"pl-PL","@id":"https:\/\/shop.aquacity.sk\/#\/schema\/logo\/image\/","url":"https:\/\/shop.aquacity.sk\/wp-content\/uploads\/2020\/03\/logo-aquacity.svg","contentUrl":"https:\/\/shop.aquacity.sk\/wp-content\/uploads\/2020\/03\/logo-aquacity.svg","width":209,"height":99,"caption":"ONLINE SHOP AquaCity Poprad"},"image":{"@id":"https:\/\/shop.aquacity.sk\/#\/schema\/logo\/image\/"}}]}},"_links":{"self":[{"href":"https:\/\/shop.aquacity.sk\/pl\/wp-json\/wp\/v2\/pages\/99016","targetHints":{"allow":["GET"]}}],"collection":[{"href":"https:\/\/shop.aquacity.sk\/pl\/wp-json\/wp\/v2\/pages"}],"about":[{"href":"https:\/\/shop.aquacity.sk\/pl\/wp-json\/wp\/v2\/types\/page"}],"author":[{"embeddable":true,"href":"https:\/\/shop.aquacity.sk\/pl\/wp-json\/wp\/v2\/users\/2"}],"replies":[{"embeddable":true,"href":"https:\/\/shop.aquacity.sk\/pl\/wp-json\/wp\/v2\/comments?post=99016"}],"version-history":[{"count":3,"href":"https:\/\/shop.aquacity.sk\/pl\/wp-json\/wp\/v2\/pages\/99016\/revisions"}],"predecessor-version":[{"id":99071,"href":"https:\/\/shop.aquacity.sk\/pl\/wp-json\/wp\/v2\/pages\/99016\/revisions\/99071"}],"wp:attachment":[{"href":"https:\/\/shop.aquacity.sk\/pl\/wp-json\/wp\/v2\/media?parent=99016"}],"curies":[{"name":"wp","href":"https:\/\/api.w.org\/{rel}","templated":true}]}}