{"id":99007,"date":"2020-05-20T08:07:46","date_gmt":"2020-05-20T06:07:46","guid":{"rendered":"https:\/\/newshop.aquacity.sk\/reklamacje\/"},"modified":"2020-05-24T13:42:24","modified_gmt":"2020-05-24T11:42:24","slug":"reklamacje","status":"publish","type":"page","link":"https:\/\/shop.aquacity.sk\/pl\/reklamacje\/","title":{"rendered":"Reklamacje"},"content":{"rendered":"\t\t<div data-elementor-type=\"wp-page\" data-elementor-id=\"99007\" class=\"elementor elementor-99007 elementor-99005\">\n\t\t\t\t\t\t<section class=\"elementor-section elementor-top-section elementor-element elementor-element-675fa23f elementor-section-boxed elementor-section-height-default elementor-section-height-default\" data-id=\"675fa23f\" data-element_type=\"section\">\n\t\t\t\t\t\t<div class=\"elementor-container elementor-column-gap-default\">\n\t\t\t\t\t<div class=\"elementor-column elementor-col-100 elementor-top-column elementor-element elementor-element-7ca8cf2c\" data-id=\"7ca8cf2c\" data-element_type=\"column\">\n\t\t\t<div class=\"elementor-widget-wrap elementor-element-populated\">\n\t\t\t\t\t\t<div class=\"elementor-element elementor-element-3845bfdf elementor-widget elementor-widget-text-editor\" data-id=\"3845bfdf\" data-element_type=\"widget\" data-widget_type=\"text-editor.default\">\n\t\t\t\t<div class=\"elementor-widget-container\">\n\t\t\t\t\t\t\t\t\t<p><\/p>\n<p>Sprzedaj\u0105cy odpowiada za wady us\u0142ug, a kupuj\u0105cy zobowi\u0105zany jest niezw\u0142ocznie zg\u0142osi\u0107 sprzedaj\u0105cemu reklamacj\u0119 zgodnie z niniejszym og\u00f3lnym regulaminem handlowym.<\/p>\n<p>Je\u017celi us\u0142ugi nie by\u0142y \u015bwiadczone nale\u017cycie lub wykazuj\u0105 wady, kupuj\u0105cy ma prawo zg\u0142osi\u0107 reklamacj\u0119 w oddziale sprzedaj\u0105cego poprzez wype\u0142nienie protoko\u0142u reklamacyjnego i przekazanie go sprzedaj\u0105cemu. Kupuj\u0105cy ma obowi\u0105zek dok\u0142adnie okre\u015bli\u0107 w protokole reklamacyjnym rodzaj i zakres wad towaru.<\/p>\n<p>Kupuj\u0105cy zobowi\u0105zany jest reklamowa\u0107 wady us\u0142ug u sprzedaj\u0105cego niezw\u0142ocznie po ich \u015bwiadczeniu, a w sytuacji, gdy nie by\u0142y \u015bwiadczone, od dnia, w kt\u00f3rym mia\u0142y by\u0107 \u015bwiadczone.<\/p>\n<p>Dzie\u0144 zg\u0142oszenia reklamacji jest jednocze\u015bnie dniem rozpocz\u0119cia post\u0119powania reklamacyjnego.<\/p>\n<p>W dniu przyj\u0119cia reklamacji sprzedaj\u0105cy wyda kupuj\u0105cemu potwierdzenie otrzymania reklamacji w stosownej formie wedle uznania sprzedaj\u0105cego.<\/p>\n<p>Ze wzgl\u0119du na charakter us\u0142ug \u015bwiadczonych przez sprzedaj\u0105cego, sprzedaj\u0105cy usunie reklamowane wady us\u0142ug poprzez \u015bwiadczenie us\u0142ug zast\u0119pczych lub w formie rabatu od ceny kupna. Je\u017celi usuni\u0119cie wady us\u0142ugi nie jest mo\u017cliwe w drodze \u015bwiadczenia us\u0142ugi zast\u0119pczej ani w formie rabatu od ceny kupna, kupuj\u0105cemu przys\u0142uguje zwrot ceny kupna.<\/p>\n<p>Sprzedaj\u0105cy zobowi\u0105zany jest powiadomi\u0107 kupuj\u0105cego na pi\u015bmie o rozpatrzeniu reklamacji w terminie 30 dni od daty jej zg\u0142oszenia.<br \/><br \/>Reklamacji podlegaj\u0105 wy\u0142\u0105cznie wady wymienione w protokole reklamacyjnym.<\/p>\n<p>\u00a0<\/p>\n<p><\/p>\n<p><\/p>\n<p><\/p>\t\t\t\t\t\t\t\t<\/div>\n\t\t\t\t<\/div>\n\t\t\t\t\t<\/div>\n\t\t<\/div>\n\t\t\t\t\t<\/div>\n\t\t<\/section>\n\t\t\t\t<\/div>\n\t\t","protected":false},"excerpt":{"rendered":"<p>Sprzedaj\u0105cy odpowiada za wady us\u0142ug, a kupuj\u0105cy zobowi\u0105zany jest niezw\u0142ocznie zg\u0142osi\u0107 sprzedaj\u0105cemu reklamacj\u0119 zgodnie z niniejszym og\u00f3lnym regulaminem handlowym. Je\u017celi us\u0142ugi nie by\u0142y \u015bwiadczone nale\u017cycie lub wykazuj\u0105 wady, kupuj\u0105cy ma prawo zg\u0142osi\u0107 reklamacj\u0119 w oddziale sprzedaj\u0105cego poprzez wype\u0142nienie protoko\u0142u reklamacyjnego i przekazanie go sprzedaj\u0105cemu. Kupuj\u0105cy ma obowi\u0105zek dok\u0142adnie okre\u015bli\u0107 w protokole reklamacyjnym rodzaj i zakres &hellip;<\/p>\n<p class=\"read-more\"> <a class=\"\" href=\"https:\/\/shop.aquacity.sk\/pl\/reklamacje\/\"> <span class=\"screen-reader-text\">Reklamacje<\/span> Read More &raquo;<\/a><\/p>\n","protected":false},"author":2,"featured_media":0,"parent":0,"menu_order":0,"comment_status":"closed","ping_status":"closed","template":"","meta":{"_acf_changed":false,"site-sidebar-layout":"default","site-content-layout":"default","ast-global-header-display":"","ast-main-header-display":"","ast-hfb-above-header-display":"","ast-hfb-below-header-display":"","ast-hfb-mobile-header-display":"","site-post-title":"","ast-breadcrumbs-content":"","ast-featured-img":"","footer-sml-layout":"","theme-transparent-header-meta":"default","adv-header-id-meta":"","stick-header-meta":"","header-above-stick-meta":"","header-main-stick-meta":"","header-below-stick-meta":"","footnotes":""},"class_list":["post-99007","page","type-page","status-publish","hentry"],"acf":[],"yoast_head":"<!-- This site is optimized with the Yoast SEO plugin v26.2 - https:\/\/yoast.com\/wordpress\/plugins\/seo\/ -->\n<title>Reklamacje - ONLINE SHOP AquaCity Poprad<\/title>\n<meta name=\"robots\" content=\"index, follow, max-snippet:-1, max-image-preview:large, max-video-preview:-1\" \/>\n<link rel=\"canonical\" href=\"https:\/\/shop.aquacity.sk\/reklamacny-poriadok\/\" \/>\n<meta property=\"og:locale\" content=\"pl_PL\" \/>\n<meta property=\"og:type\" content=\"article\" \/>\n<meta property=\"og:title\" content=\"Reklamacje - ONLINE SHOP AquaCity Poprad\" \/>\n<meta property=\"og:description\" content=\"Sprzedaj\u0105cy odpowiada za wady us\u0142ug, a kupuj\u0105cy zobowi\u0105zany jest niezw\u0142ocznie zg\u0142osi\u0107 sprzedaj\u0105cemu reklamacj\u0119 zgodnie z niniejszym og\u00f3lnym regulaminem handlowym. Je\u017celi us\u0142ugi nie by\u0142y \u015bwiadczone nale\u017cycie lub wykazuj\u0105 wady, kupuj\u0105cy ma prawo zg\u0142osi\u0107 reklamacj\u0119 w oddziale sprzedaj\u0105cego poprzez wype\u0142nienie protoko\u0142u reklamacyjnego i przekazanie go sprzedaj\u0105cemu. Kupuj\u0105cy ma obowi\u0105zek dok\u0142adnie okre\u015bli\u0107 w protokole reklamacyjnym rodzaj i zakres &hellip; Reklamacje Read More &raquo;\" \/>\n<meta property=\"og:url\" content=\"https:\/\/shop.aquacity.sk\/reklamacny-poriadok\/\" \/>\n<meta property=\"og:site_name\" content=\"ONLINE SHOP AquaCity Poprad\" \/>\n<meta property=\"article:modified_time\" content=\"2020-05-24T11:42:24+00:00\" \/>\n<meta name=\"twitter:card\" content=\"summary_large_image\" \/>\n<meta name=\"twitter:label1\" content=\"Szacowany czas czytania\" \/>\n\t<meta name=\"twitter:data1\" content=\"1 minuta\" \/>\n<script type=\"application\/ld+json\" class=\"yoast-schema-graph\">{\"@context\":\"https:\/\/schema.org\",\"@graph\":[{\"@type\":\"WebPage\",\"@id\":\"https:\/\/shop.aquacity.sk\/reklamacny-poriadok\/\",\"url\":\"https:\/\/shop.aquacity.sk\/reklamacny-poriadok\/\",\"name\":\"Reklamacje - ONLINE SHOP AquaCity Poprad\",\"isPartOf\":{\"@id\":\"https:\/\/shop.aquacity.sk\/#website\"},\"datePublished\":\"2020-05-20T06:07:46+00:00\",\"dateModified\":\"2020-05-24T11:42:24+00:00\",\"breadcrumb\":{\"@id\":\"https:\/\/shop.aquacity.sk\/reklamacny-poriadok\/#breadcrumb\"},\"inLanguage\":\"pl-PL\",\"potentialAction\":[{\"@type\":\"ReadAction\",\"target\":[\"https:\/\/shop.aquacity.sk\/reklamacny-poriadok\/\"]}]},{\"@type\":\"BreadcrumbList\",\"@id\":\"https:\/\/shop.aquacity.sk\/reklamacny-poriadok\/#breadcrumb\",\"itemListElement\":[{\"@type\":\"ListItem\",\"position\":1,\"name\":\"Home\",\"item\":\"https:\/\/shop.aquacity.sk\/\"},{\"@type\":\"ListItem\",\"position\":2,\"name\":\"Reklamacje\"}]},{\"@type\":\"WebSite\",\"@id\":\"https:\/\/shop.aquacity.sk\/#website\",\"url\":\"https:\/\/shop.aquacity.sk\/\",\"name\":\"ONLINE SHOP AquaCity Poprad\",\"description\":\"Ten prav\u00fd oddych pod Tatrami\",\"publisher\":{\"@id\":\"https:\/\/shop.aquacity.sk\/#organization\"},\"potentialAction\":[{\"@type\":\"SearchAction\",\"target\":{\"@type\":\"EntryPoint\",\"urlTemplate\":\"https:\/\/shop.aquacity.sk\/?s={search_term_string}\"},\"query-input\":{\"@type\":\"PropertyValueSpecification\",\"valueRequired\":true,\"valueName\":\"search_term_string\"}}],\"inLanguage\":\"pl-PL\"},{\"@type\":\"Organization\",\"@id\":\"https:\/\/shop.aquacity.sk\/#organization\",\"name\":\"ONLINE SHOP AquaCity Poprad\",\"url\":\"https:\/\/shop.aquacity.sk\/\",\"logo\":{\"@type\":\"ImageObject\",\"inLanguage\":\"pl-PL\",\"@id\":\"https:\/\/shop.aquacity.sk\/#\/schema\/logo\/image\/\",\"url\":\"https:\/\/shop.aquacity.sk\/wp-content\/uploads\/2020\/03\/logo-aquacity.svg\",\"contentUrl\":\"https:\/\/shop.aquacity.sk\/wp-content\/uploads\/2020\/03\/logo-aquacity.svg\",\"width\":209,\"height\":99,\"caption\":\"ONLINE SHOP AquaCity Poprad\"},\"image\":{\"@id\":\"https:\/\/shop.aquacity.sk\/#\/schema\/logo\/image\/\"}}]}<\/script>\n<!-- \/ Yoast SEO plugin. -->","yoast_head_json":{"title":"Reklamacje - ONLINE SHOP AquaCity Poprad","robots":{"index":"index","follow":"follow","max-snippet":"max-snippet:-1","max-image-preview":"max-image-preview:large","max-video-preview":"max-video-preview:-1"},"canonical":"https:\/\/shop.aquacity.sk\/reklamacny-poriadok\/","og_locale":"pl_PL","og_type":"article","og_title":"Reklamacje - ONLINE SHOP AquaCity Poprad","og_description":"Sprzedaj\u0105cy odpowiada za wady us\u0142ug, a kupuj\u0105cy zobowi\u0105zany jest niezw\u0142ocznie zg\u0142osi\u0107 sprzedaj\u0105cemu reklamacj\u0119 zgodnie z niniejszym og\u00f3lnym regulaminem handlowym. Je\u017celi us\u0142ugi nie by\u0142y \u015bwiadczone nale\u017cycie lub wykazuj\u0105 wady, kupuj\u0105cy ma prawo zg\u0142osi\u0107 reklamacj\u0119 w oddziale sprzedaj\u0105cego poprzez wype\u0142nienie protoko\u0142u reklamacyjnego i przekazanie go sprzedaj\u0105cemu. Kupuj\u0105cy ma obowi\u0105zek dok\u0142adnie okre\u015bli\u0107 w protokole reklamacyjnym rodzaj i zakres &hellip; Reklamacje Read More &raquo;","og_url":"https:\/\/shop.aquacity.sk\/reklamacny-poriadok\/","og_site_name":"ONLINE SHOP AquaCity Poprad","article_modified_time":"2020-05-24T11:42:24+00:00","twitter_card":"summary_large_image","twitter_misc":{"Szacowany czas czytania":"1 minuta"},"schema":{"@context":"https:\/\/schema.org","@graph":[{"@type":"WebPage","@id":"https:\/\/shop.aquacity.sk\/reklamacny-poriadok\/","url":"https:\/\/shop.aquacity.sk\/reklamacny-poriadok\/","name":"Reklamacje - ONLINE SHOP AquaCity Poprad","isPartOf":{"@id":"https:\/\/shop.aquacity.sk\/#website"},"datePublished":"2020-05-20T06:07:46+00:00","dateModified":"2020-05-24T11:42:24+00:00","breadcrumb":{"@id":"https:\/\/shop.aquacity.sk\/reklamacny-poriadok\/#breadcrumb"},"inLanguage":"pl-PL","potentialAction":[{"@type":"ReadAction","target":["https:\/\/shop.aquacity.sk\/reklamacny-poriadok\/"]}]},{"@type":"BreadcrumbList","@id":"https:\/\/shop.aquacity.sk\/reklamacny-poriadok\/#breadcrumb","itemListElement":[{"@type":"ListItem","position":1,"name":"Home","item":"https:\/\/shop.aquacity.sk\/"},{"@type":"ListItem","position":2,"name":"Reklamacje"}]},{"@type":"WebSite","@id":"https:\/\/shop.aquacity.sk\/#website","url":"https:\/\/shop.aquacity.sk\/","name":"ONLINE SHOP AquaCity Poprad","description":"Ten prav\u00fd oddych pod Tatrami","publisher":{"@id":"https:\/\/shop.aquacity.sk\/#organization"},"potentialAction":[{"@type":"SearchAction","target":{"@type":"EntryPoint","urlTemplate":"https:\/\/shop.aquacity.sk\/?s={search_term_string}"},"query-input":{"@type":"PropertyValueSpecification","valueRequired":true,"valueName":"search_term_string"}}],"inLanguage":"pl-PL"},{"@type":"Organization","@id":"https:\/\/shop.aquacity.sk\/#organization","name":"ONLINE SHOP AquaCity Poprad","url":"https:\/\/shop.aquacity.sk\/","logo":{"@type":"ImageObject","inLanguage":"pl-PL","@id":"https:\/\/shop.aquacity.sk\/#\/schema\/logo\/image\/","url":"https:\/\/shop.aquacity.sk\/wp-content\/uploads\/2020\/03\/logo-aquacity.svg","contentUrl":"https:\/\/shop.aquacity.sk\/wp-content\/uploads\/2020\/03\/logo-aquacity.svg","width":209,"height":99,"caption":"ONLINE SHOP AquaCity Poprad"},"image":{"@id":"https:\/\/shop.aquacity.sk\/#\/schema\/logo\/image\/"}}]}},"_links":{"self":[{"href":"https:\/\/shop.aquacity.sk\/pl\/wp-json\/wp\/v2\/pages\/99007","targetHints":{"allow":["GET"]}}],"collection":[{"href":"https:\/\/shop.aquacity.sk\/pl\/wp-json\/wp\/v2\/pages"}],"about":[{"href":"https:\/\/shop.aquacity.sk\/pl\/wp-json\/wp\/v2\/types\/page"}],"author":[{"embeddable":true,"href":"https:\/\/shop.aquacity.sk\/pl\/wp-json\/wp\/v2\/users\/2"}],"replies":[{"embeddable":true,"href":"https:\/\/shop.aquacity.sk\/pl\/wp-json\/wp\/v2\/comments?post=99007"}],"version-history":[{"count":6,"href":"https:\/\/shop.aquacity.sk\/pl\/wp-json\/wp\/v2\/pages\/99007\/revisions"}],"predecessor-version":[{"id":99103,"href":"https:\/\/shop.aquacity.sk\/pl\/wp-json\/wp\/v2\/pages\/99007\/revisions\/99103"}],"wp:attachment":[{"href":"https:\/\/shop.aquacity.sk\/pl\/wp-json\/wp\/v2\/media?parent=99007"}],"curies":[{"name":"wp","href":"https:\/\/api.w.org\/{rel}","templated":true}]}}