{"id":361692,"date":"2026-02-19T13:02:18","date_gmt":"2026-02-19T12:02:18","guid":{"rendered":"https:\/\/shop.aquacity.sk\/aquacity-club-program-lojalnosciowy\/"},"modified":"2026-02-21T06:19:02","modified_gmt":"2026-02-21T05:19:02","slug":"aquacity-club-program-lojalnosciowy","status":"publish","type":"page","link":"https:\/\/shop.aquacity.sk\/pl\/aquacity-club-program-lojalnosciowy\/","title":{"rendered":"AQUACITY CLUB \u2013 program lojalno\u015bciowy"},"content":{"rendered":"\t\t<div data-elementor-type=\"wp-page\" data-elementor-id=\"361692\" class=\"elementor elementor-361692 elementor-361683\">\n\t\t\t\t\t\t<section class=\"elementor-section elementor-top-section elementor-element elementor-element-1298b961 elementor-section-boxed elementor-section-height-default elementor-section-height-default\" data-id=\"1298b961\" data-element_type=\"section\">\n\t\t\t\t\t\t<div class=\"elementor-container elementor-column-gap-default\">\n\t\t\t\t\t<div class=\"elementor-column elementor-col-100 elementor-top-column elementor-element elementor-element-3e390eac\" data-id=\"3e390eac\" data-element_type=\"column\">\n\t\t\t<div class=\"elementor-widget-wrap elementor-element-populated\">\n\t\t\t\t\t\t<div class=\"elementor-element elementor-element-3f80d84c elementor-widget elementor-widget-text-editor\" data-id=\"3f80d84c\" data-element_type=\"widget\" data-widget_type=\"text-editor.default\">\n\t\t\t\t<div class=\"elementor-widget-container\">\n\t\t\t\t\t\t\t\t\t<p>Kupuj w korzystniejszych cenach klubowych, korzystaj z ekskluzywnych promocji i rabat\u00f3w oraz odkrywaj atrakcyjne oferty przez ca\u0142y rok. <strong>Program lojalno\u015bciowy AquaCity Club zapewnia oszcz\u0119dno\u015bci od 8% do 25% oraz dodatkowe korzy\u015bci, takie jak wybrane promocje w Aquaparku, korzystne oferty hotelowe czy rabaty urodzinowe.<\/strong><\/p><p>Kart\u0119 klubow\u0105 otrzymasz od r\u0119ki w kasie AquaCity lub \u0142atwo za\u0142atwisz j\u0105 <a href=\"https:\/\/shop.aquacity.sk\/pl\/produkt\/karta-klubowa\/\" target=\"_blank\" rel=\"noopener\">online tutaj.<\/a> <strong>Jednorazowa op\u0142ata za wydanie karty wynosi 5 \u20ac.<\/strong><\/p><ul class=\"wp-block-list\"><li><strong data-start=\"294\" data-end=\"317\">AK OTRZYMA\u0106 KART\u0118?<\/strong><br data-start=\"317\" data-end=\"320\" \/>Zarejestruj si\u0119 w AquaCity Club:<br data-start=\"352\" data-end=\"355\" \/>\u2013 osobi\u015bcie w kasach AquaCity Poprad lub <a href=\"https:\/\/shop.aquacity.sk\/pl\/produkt\/karta-klubowa\/\" target=\"_blank\" rel=\"noopener\">online na shop.aquacity.sk.<\/a><br data-start=\"423\" data-end=\"426\" data-is-only-node=\"\" \/>Po op\u0142aceniu op\u0142aty rejestracyjnej 5 \u20ac otrzymasz elektroniczn\u0105 kart\u0119 klubow\u0105 (kod QR) i mo\u017cesz od razu korzysta\u0107 z korzy\u015bci programu.<\/li><li><strong data-start=\"872\" data-end=\"895\">KORZYSTANIE Z KARTY<\/strong><br data-start=\"895\" data-end=\"898\" \/>Kart\u0119 klubow\u0105 mo\u017cesz wykorzystywa\u0107 przy zakupach bezpo\u015brednio w AquaCity Poprad oraz przy zakupach online w e-sklepie shop.aquacity.sk, w zale\u017cno\u015bci od rodzaju us\u0142ugi.<br data-start=\"1065\" data-end=\"1068\" \/>\u2013 Zakupy na miejscu \u2013 przy p\u0142atno\u015bci oka\u017c kod QR w telefonie w kasach lub w recepcji hotelu (przy rezerwacji przez recepcj\u0119). Nie ma potrzeby drukowania karty.<br data-start=\"1227\" data-end=\"1230\" data-is-only-node=\"\" \/>\u2013 Zakupy online \u2013 nale\u017cy zarejestrowa\u0107 si\u0119 lub zalogowa\u0107 w e-sklepie u\u017cywaj\u0105c adresu e-mail, na kt\u00f3ry zosta\u0142a wydana karta klubowa. Rabat mo\u017cna naliczy\u0107 wy\u0142\u0105cznie po zalogowaniu si\u0119 tym adresem e-mail.<br data-start=\"1431\" data-end=\"1434\" \/>\u2013 Bilety do Aquaparku mo\u017cna kupi\u0107 ze zni\u017ck\u0105 zar\u00f3wno online, jak i w kasach.<br data-start=\"1509\" data-end=\"1512\" \/>\u2013 Pobyt hotelowy \u2013 zni\u017cka nie obowi\u0105zuje online, dotyczy wy\u0142\u0105cznie rezerwacji przez recepcj\u0119.<br data-start=\"1605\" data-end=\"1608\" \/>\u2013 Karta klubowa jest nieprzenoszalna, z wyj\u0105tkiem najbli\u017cszej rodziny. Ze zni\u017cki mo\u017ce korzysta\u0107 posiadacz karty oraz jego ma\u0142\u017conek\/ma\u0142\u017conka lub dzieci do 18 roku \u017cycia.<\/li><li><strong data-start=\"181\" data-end=\"207\">WA\u017bNO\u015a\u0106 KARTY KLUBOWEJ<\/strong><br data-start=\"207\" data-end=\"210\" \/>Karta klubowa jest wa\u017cna bezterminowo. Wa\u017cno\u015b\u0107 ko\u0144czy si\u0119 wy\u0142\u0105cznie w przypadku zako\u0144czenia funkcjonowania programu klubowego.<\/li><\/ul><h3><span style=\"color: #003366;\"><strong>PRZEGL\u0104D KORZY\u015aCI TWOJEJ KARTY<\/strong><\/span> <strong><span style=\"color: #003366;\">KLUBOWEJ<\/span><\/strong><\/h3><ul class=\"wp-block-list\"><li><strong data-start=\"173\" data-end=\"185\">AQUAPARK<\/strong><br data-start=\"185\" data-end=\"188\" \/>Rabat 2 \u20ac na bilety: Aquapark Packet, Wellness Packet (ca\u0142odzienny \/ 3-godzinny) oraz Family Packet. Obowi\u0105zuje r\u00f3wnie\u017c dla kategorii: dziecko, student, senior oraz osoba z niepe\u0142nosprawno\u015bci\u0105 (ZTP).<\/li><li><strong data-start=\"305\" data-end=\"336\">ACCOMMODATION \u2013 8% discount<\/strong><br data-start=\"336\" data-end=\"339\" \/>Hotel Seasons ****, Mountain View ****, Riverside *** (valid only on standard accommodation prices)<\/li><li><strong data-start=\"228\" data-end=\"250\">GASTRO \u2013 rabat 10%<\/strong><br data-start=\"250\" data-end=\"253\" \/>Dania i napoje z aktualnego menu (rabat nie obejmuje wyrob\u00f3w tytoniowych, menu dnia ani ofert specjalnych). Obowi\u0105zuje w lokalach: Restauracja High Tatras, Lobby Bar, Caf\u00e9 Bar.<\/li><li><strong data-start=\"162\" data-end=\"194\">US\u0141UGI DODATKOWE \u2013 rabat 10%<\/strong><br data-start=\"194\" data-end=\"197\" \/>Masa\u017ce i zabiegi w Centrum Relaksacyjno-Masa\u017cowym (rabat do wykorzystania w kasach AquaCity Poprad lub w recepcji hotelu).<\/li><li><strong data-start=\"119\" data-end=\"134\">KRYOCENTRUM<\/strong><br data-start=\"134\" data-end=\"137\" \/>Rabaty na wej\u015bcia na krioterapi\u0119 ca\u0142ego cia\u0142a oraz miejscow\u0105 zgodnie z aktualnym cennikiem us\u0142ug.<\/li><\/ul><h5><a href=\"https:\/\/shop.aquacity.sk\/wp-content\/uploads\/2026\/02\/Vseobecne-pravidla-a-podmienky-AquaCity-CLUB_2026_PL.pdf\" target=\"_blank\" rel=\"noopener\"><span style=\"color: #0000ff;\"><strong>Og\u00f3lne warunki handlowe do pobrania<\/strong><\/span><\/a><\/h5><figure class=\"wp-block-image size-full\"><img fetchpriority=\"high\" decoding=\"async\" width=\"1920\" height=\"1080\" class=\"wp-image-361685\" src=\"https:\/\/shop.aquacity.sk\/wp-content\/uploads\/2026\/02\/Klubova_karta_1920x1080.jpg\" alt=\"\" srcset=\"https:\/\/shop.aquacity.sk\/wp-content\/uploads\/2026\/02\/Klubova_karta_1920x1080.jpg 1920w, https:\/\/shop.aquacity.sk\/wp-content\/uploads\/2026\/02\/Klubova_karta_1920x1080-768x432.jpg 768w, https:\/\/shop.aquacity.sk\/wp-content\/uploads\/2026\/02\/Klubova_karta_1920x1080-1536x864.jpg 1536w, https:\/\/shop.aquacity.sk\/wp-content\/uploads\/2026\/02\/Klubova_karta_1920x1080-600x338.jpg 600w\" sizes=\"(max-width: 1920px) 100vw, 1920px\" \/><\/figure>\t\t\t\t\t\t\t\t<\/div>\n\t\t\t\t<\/div>\n\t\t\t\t\t<\/div>\n\t\t<\/div>\n\t\t\t\t\t<\/div>\n\t\t<\/section>\n\t\t\t\t<\/div>\n\t\t","protected":false},"excerpt":{"rendered":"<p>Kupuj w korzystniejszych cenach klubowych, korzystaj z ekskluzywnych promocji i rabat\u00f3w oraz odkrywaj atrakcyjne oferty przez ca\u0142y rok. Program lojalno\u015bciowy AquaCity Club zapewnia oszcz\u0119dno\u015bci od 8% do 25% oraz dodatkowe korzy\u015bci, takie jak wybrane promocje w Aquaparku, korzystne oferty hotelowe czy rabaty urodzinowe. Kart\u0119 klubow\u0105 otrzymasz od r\u0119ki w kasie AquaCity lub \u0142atwo za\u0142atwisz j\u0105 &hellip;<\/p>\n<p class=\"read-more\"> <a class=\"\" href=\"https:\/\/shop.aquacity.sk\/pl\/aquacity-club-program-lojalnosciowy\/\"> <span class=\"screen-reader-text\">AQUACITY CLUB \u2013 program lojalno\u015bciowy<\/span> Read More &raquo;<\/a><\/p>\n","protected":false},"author":2,"featured_media":0,"parent":0,"menu_order":0,"comment_status":"closed","ping_status":"closed","template":"","meta":{"_acf_changed":false,"site-sidebar-layout":"default","site-content-layout":"default","ast-global-header-display":"","ast-main-header-display":"","ast-hfb-above-header-display":"","ast-hfb-below-header-display":"","ast-hfb-mobile-header-display":"","site-post-title":"","ast-breadcrumbs-content":"","ast-featured-img":"","footer-sml-layout":"","theme-transparent-header-meta":"default","adv-header-id-meta":"","stick-header-meta":"","header-above-stick-meta":"","header-main-stick-meta":"","header-below-stick-meta":"","footnotes":""},"class_list":["post-361692","page","type-page","status-publish","hentry"],"acf":[],"yoast_head":"<!-- This site is optimized with the Yoast SEO plugin v26.2 - https:\/\/yoast.com\/wordpress\/plugins\/seo\/ -->\n<title>AQUACITY CLUB \u2013 program lojalno\u015bciowy - ONLINE SHOP AquaCity Poprad<\/title>\n<meta name=\"robots\" content=\"index, follow, max-snippet:-1, max-image-preview:large, max-video-preview:-1\" \/>\n<link rel=\"canonical\" href=\"https:\/\/shop.aquacity.sk\/pl\/aquacity-club-program-lojalnosciowy\/\" \/>\n<meta property=\"og:locale\" content=\"pl_PL\" \/>\n<meta property=\"og:type\" content=\"article\" \/>\n<meta property=\"og:title\" content=\"AQUACITY CLUB \u2013 program lojalno\u015bciowy - ONLINE SHOP AquaCity Poprad\" \/>\n<meta property=\"og:description\" content=\"Kupuj w korzystniejszych cenach klubowych, korzystaj z ekskluzywnych promocji i rabat\u00f3w oraz odkrywaj atrakcyjne oferty przez ca\u0142y rok. Program lojalno\u015bciowy AquaCity Club zapewnia oszcz\u0119dno\u015bci od 8% do 25% oraz dodatkowe korzy\u015bci, takie jak wybrane promocje w Aquaparku, korzystne oferty hotelowe czy rabaty urodzinowe. Kart\u0119 klubow\u0105 otrzymasz od r\u0119ki w kasie AquaCity lub \u0142atwo za\u0142atwisz j\u0105 &hellip; AQUACITY CLUB \u2013 program lojalno\u015bciowy Read More &raquo;\" \/>\n<meta property=\"og:url\" content=\"https:\/\/shop.aquacity.sk\/pl\/aquacity-club-program-lojalnosciowy\/\" \/>\n<meta property=\"og:site_name\" content=\"ONLINE SHOP AquaCity Poprad\" \/>\n<meta property=\"article:modified_time\" content=\"2026-02-21T05:19:02+00:00\" \/>\n<meta property=\"og:image\" content=\"https:\/\/shop.aquacity.sk\/wp-content\/uploads\/2026\/02\/Klubova_karta_1920x1080.jpg\" \/>\n\t<meta property=\"og:image:width\" content=\"1920\" \/>\n\t<meta property=\"og:image:height\" content=\"1080\" \/>\n\t<meta property=\"og:image:type\" content=\"image\/jpeg\" \/>\n<meta name=\"twitter:card\" content=\"summary_large_image\" \/>\n<meta name=\"twitter:label1\" content=\"Szacowany czas czytania\" \/>\n\t<meta name=\"twitter:data1\" content=\"3 minuty\" \/>\n<script type=\"application\/ld+json\" class=\"yoast-schema-graph\">{\"@context\":\"https:\/\/schema.org\",\"@graph\":[{\"@type\":\"WebPage\",\"@id\":\"https:\/\/shop.aquacity.sk\/pl\/aquacity-club-program-lojalnosciowy\/\",\"url\":\"https:\/\/shop.aquacity.sk\/pl\/aquacity-club-program-lojalnosciowy\/\",\"name\":\"AQUACITY CLUB \u2013 program lojalno\u015bciowy - ONLINE SHOP AquaCity Poprad\",\"isPartOf\":{\"@id\":\"https:\/\/shop.aquacity.sk\/#website\"},\"primaryImageOfPage\":{\"@id\":\"https:\/\/shop.aquacity.sk\/pl\/aquacity-club-program-lojalnosciowy\/#primaryimage\"},\"image\":{\"@id\":\"https:\/\/shop.aquacity.sk\/pl\/aquacity-club-program-lojalnosciowy\/#primaryimage\"},\"thumbnailUrl\":\"https:\/\/shop.aquacity.sk\/wp-content\/uploads\/2026\/02\/Klubova_karta_1920x1080.jpg\",\"datePublished\":\"2026-02-19T12:02:18+00:00\",\"dateModified\":\"2026-02-21T05:19:02+00:00\",\"breadcrumb\":{\"@id\":\"https:\/\/shop.aquacity.sk\/pl\/aquacity-club-program-lojalnosciowy\/#breadcrumb\"},\"inLanguage\":\"pl-PL\",\"potentialAction\":[{\"@type\":\"ReadAction\",\"target\":[\"https:\/\/shop.aquacity.sk\/pl\/aquacity-club-program-lojalnosciowy\/\"]}]},{\"@type\":\"ImageObject\",\"inLanguage\":\"pl-PL\",\"@id\":\"https:\/\/shop.aquacity.sk\/pl\/aquacity-club-program-lojalnosciowy\/#primaryimage\",\"url\":\"https:\/\/shop.aquacity.sk\/wp-content\/uploads\/2026\/02\/Klubova_karta_1920x1080.jpg\",\"contentUrl\":\"https:\/\/shop.aquacity.sk\/wp-content\/uploads\/2026\/02\/Klubova_karta_1920x1080.jpg\"},{\"@type\":\"BreadcrumbList\",\"@id\":\"https:\/\/shop.aquacity.sk\/pl\/aquacity-club-program-lojalnosciowy\/#breadcrumb\",\"itemListElement\":[{\"@type\":\"ListItem\",\"position\":1,\"name\":\"Home\",\"item\":\"https:\/\/shop.aquacity.sk\/\"},{\"@type\":\"ListItem\",\"position\":2,\"name\":\"AQUACITY CLUB \u2013 program lojalno\u015bciowy\"}]},{\"@type\":\"WebSite\",\"@id\":\"https:\/\/shop.aquacity.sk\/#website\",\"url\":\"https:\/\/shop.aquacity.sk\/\",\"name\":\"ONLINE SHOP AquaCity Poprad\",\"description\":\"Ten prav\u00fd oddych pod Tatrami\",\"publisher\":{\"@id\":\"https:\/\/shop.aquacity.sk\/#organization\"},\"potentialAction\":[{\"@type\":\"SearchAction\",\"target\":{\"@type\":\"EntryPoint\",\"urlTemplate\":\"https:\/\/shop.aquacity.sk\/?s={search_term_string}\"},\"query-input\":{\"@type\":\"PropertyValueSpecification\",\"valueRequired\":true,\"valueName\":\"search_term_string\"}}],\"inLanguage\":\"pl-PL\"},{\"@type\":\"Organization\",\"@id\":\"https:\/\/shop.aquacity.sk\/#organization\",\"name\":\"ONLINE SHOP AquaCity Poprad\",\"url\":\"https:\/\/shop.aquacity.sk\/\",\"logo\":{\"@type\":\"ImageObject\",\"inLanguage\":\"pl-PL\",\"@id\":\"https:\/\/shop.aquacity.sk\/#\/schema\/logo\/image\/\",\"url\":\"https:\/\/shop.aquacity.sk\/wp-content\/uploads\/2020\/03\/logo-aquacity.svg\",\"contentUrl\":\"https:\/\/shop.aquacity.sk\/wp-content\/uploads\/2020\/03\/logo-aquacity.svg\",\"width\":209,\"height\":99,\"caption\":\"ONLINE SHOP AquaCity Poprad\"},\"image\":{\"@id\":\"https:\/\/shop.aquacity.sk\/#\/schema\/logo\/image\/\"}}]}<\/script>\n<!-- \/ Yoast SEO plugin. -->","yoast_head_json":{"title":"AQUACITY CLUB \u2013 program lojalno\u015bciowy - ONLINE SHOP AquaCity Poprad","robots":{"index":"index","follow":"follow","max-snippet":"max-snippet:-1","max-image-preview":"max-image-preview:large","max-video-preview":"max-video-preview:-1"},"canonical":"https:\/\/shop.aquacity.sk\/pl\/aquacity-club-program-lojalnosciowy\/","og_locale":"pl_PL","og_type":"article","og_title":"AQUACITY CLUB \u2013 program lojalno\u015bciowy - ONLINE SHOP AquaCity Poprad","og_description":"Kupuj w korzystniejszych cenach klubowych, korzystaj z ekskluzywnych promocji i rabat\u00f3w oraz odkrywaj atrakcyjne oferty przez ca\u0142y rok. Program lojalno\u015bciowy AquaCity Club zapewnia oszcz\u0119dno\u015bci od 8% do 25% oraz dodatkowe korzy\u015bci, takie jak wybrane promocje w Aquaparku, korzystne oferty hotelowe czy rabaty urodzinowe. Kart\u0119 klubow\u0105 otrzymasz od r\u0119ki w kasie AquaCity lub \u0142atwo za\u0142atwisz j\u0105 &hellip; AQUACITY CLUB \u2013 program lojalno\u015bciowy Read More &raquo;","og_url":"https:\/\/shop.aquacity.sk\/pl\/aquacity-club-program-lojalnosciowy\/","og_site_name":"ONLINE SHOP AquaCity Poprad","article_modified_time":"2026-02-21T05:19:02+00:00","og_image":[{"width":1920,"height":1080,"url":"https:\/\/shop.aquacity.sk\/wp-content\/uploads\/2026\/02\/Klubova_karta_1920x1080.jpg","type":"image\/jpeg"}],"twitter_card":"summary_large_image","twitter_misc":{"Szacowany czas czytania":"3 minuty"},"schema":{"@context":"https:\/\/schema.org","@graph":[{"@type":"WebPage","@id":"https:\/\/shop.aquacity.sk\/pl\/aquacity-club-program-lojalnosciowy\/","url":"https:\/\/shop.aquacity.sk\/pl\/aquacity-club-program-lojalnosciowy\/","name":"AQUACITY CLUB \u2013 program lojalno\u015bciowy - ONLINE SHOP AquaCity Poprad","isPartOf":{"@id":"https:\/\/shop.aquacity.sk\/#website"},"primaryImageOfPage":{"@id":"https:\/\/shop.aquacity.sk\/pl\/aquacity-club-program-lojalnosciowy\/#primaryimage"},"image":{"@id":"https:\/\/shop.aquacity.sk\/pl\/aquacity-club-program-lojalnosciowy\/#primaryimage"},"thumbnailUrl":"https:\/\/shop.aquacity.sk\/wp-content\/uploads\/2026\/02\/Klubova_karta_1920x1080.jpg","datePublished":"2026-02-19T12:02:18+00:00","dateModified":"2026-02-21T05:19:02+00:00","breadcrumb":{"@id":"https:\/\/shop.aquacity.sk\/pl\/aquacity-club-program-lojalnosciowy\/#breadcrumb"},"inLanguage":"pl-PL","potentialAction":[{"@type":"ReadAction","target":["https:\/\/shop.aquacity.sk\/pl\/aquacity-club-program-lojalnosciowy\/"]}]},{"@type":"ImageObject","inLanguage":"pl-PL","@id":"https:\/\/shop.aquacity.sk\/pl\/aquacity-club-program-lojalnosciowy\/#primaryimage","url":"https:\/\/shop.aquacity.sk\/wp-content\/uploads\/2026\/02\/Klubova_karta_1920x1080.jpg","contentUrl":"https:\/\/shop.aquacity.sk\/wp-content\/uploads\/2026\/02\/Klubova_karta_1920x1080.jpg"},{"@type":"BreadcrumbList","@id":"https:\/\/shop.aquacity.sk\/pl\/aquacity-club-program-lojalnosciowy\/#breadcrumb","itemListElement":[{"@type":"ListItem","position":1,"name":"Home","item":"https:\/\/shop.aquacity.sk\/"},{"@type":"ListItem","position":2,"name":"AQUACITY CLUB \u2013 program lojalno\u015bciowy"}]},{"@type":"WebSite","@id":"https:\/\/shop.aquacity.sk\/#website","url":"https:\/\/shop.aquacity.sk\/","name":"ONLINE SHOP AquaCity Poprad","description":"Ten prav\u00fd oddych pod Tatrami","publisher":{"@id":"https:\/\/shop.aquacity.sk\/#organization"},"potentialAction":[{"@type":"SearchAction","target":{"@type":"EntryPoint","urlTemplate":"https:\/\/shop.aquacity.sk\/?s={search_term_string}"},"query-input":{"@type":"PropertyValueSpecification","valueRequired":true,"valueName":"search_term_string"}}],"inLanguage":"pl-PL"},{"@type":"Organization","@id":"https:\/\/shop.aquacity.sk\/#organization","name":"ONLINE SHOP AquaCity Poprad","url":"https:\/\/shop.aquacity.sk\/","logo":{"@type":"ImageObject","inLanguage":"pl-PL","@id":"https:\/\/shop.aquacity.sk\/#\/schema\/logo\/image\/","url":"https:\/\/shop.aquacity.sk\/wp-content\/uploads\/2020\/03\/logo-aquacity.svg","contentUrl":"https:\/\/shop.aquacity.sk\/wp-content\/uploads\/2020\/03\/logo-aquacity.svg","width":209,"height":99,"caption":"ONLINE SHOP AquaCity Poprad"},"image":{"@id":"https:\/\/shop.aquacity.sk\/#\/schema\/logo\/image\/"}}]}},"_links":{"self":[{"href":"https:\/\/shop.aquacity.sk\/pl\/wp-json\/wp\/v2\/pages\/361692","targetHints":{"allow":["GET"]}}],"collection":[{"href":"https:\/\/shop.aquacity.sk\/pl\/wp-json\/wp\/v2\/pages"}],"about":[{"href":"https:\/\/shop.aquacity.sk\/pl\/wp-json\/wp\/v2\/types\/page"}],"author":[{"embeddable":true,"href":"https:\/\/shop.aquacity.sk\/pl\/wp-json\/wp\/v2\/users\/2"}],"replies":[{"embeddable":true,"href":"https:\/\/shop.aquacity.sk\/pl\/wp-json\/wp\/v2\/comments?post=361692"}],"version-history":[{"count":6,"href":"https:\/\/shop.aquacity.sk\/pl\/wp-json\/wp\/v2\/pages\/361692\/revisions"}],"predecessor-version":[{"id":362189,"href":"https:\/\/shop.aquacity.sk\/pl\/wp-json\/wp\/v2\/pages\/361692\/revisions\/362189"}],"wp:attachment":[{"href":"https:\/\/shop.aquacity.sk\/pl\/wp-json\/wp\/v2\/media?parent=361692"}],"curies":[{"name":"wp","href":"https:\/\/api.w.org\/{rel}","templated":true}]}}