{"id":99018,"date":"2020-05-20T08:28:22","date_gmt":"2020-05-20T06:28:22","guid":{"rendered":"https:\/\/newshop.aquacity.sk\/billing-information\/"},"modified":"2020-05-24T13:19:05","modified_gmt":"2020-05-24T11:19:05","slug":"billing-information","status":"publish","type":"page","link":"https:\/\/shop.aquacity.sk\/en\/billing-information\/","title":{"rendered":"Billing information"},"content":{"rendered":"<p><\/p>\n<p><strong>Aquapark Poprad s.r.o.<\/strong><br>\n\u0160portov\u00e1 1397\/1, 058 01<br>\nPoprad<br><strong>E-mail:<\/strong>&nbsp;eshop@aquacity.sk<br><strong>Tel.nr:<\/strong>&nbsp;+421527851111<br><strong>I\u010cO:&nbsp;<\/strong>36482609<br>\n<strong>I\u010c DPH:<\/strong>&nbsp;SK2020020486<br>\n<strong>Bank details: <\/strong>V\u00daB, a.s. Mlynsk\u00e9 Nivy 1, 829 90 Bratislava:<br>\n<strong>Account number: <\/strong>2416154651\/0200<br>\n<strong>Sort code:<\/strong> AquaCity Poprad<br>\n<strong>IBAN:&nbsp;<\/strong>SK68 0200 0000 0024 1615 4651<br>\n<strong>BIC:<\/strong>&nbsp;SUBASKBX<br>\nRegistered in the Commercial Register of the Pre\u0161ov District Court, section: Sro, file no .: 13805 \/ P<\/p>\n<p><\/p>","protected":false},"excerpt":{"rendered":"<p>Aquapark Poprad s.r.o. \u0160portov\u00e1 1397\/1, 058 01 PopradE-mail:&nbsp;eshop@aquacity.skTel.nr:&nbsp;+421527851111I\u010cO:&nbsp;36482609 I\u010c DPH:&nbsp;SK2020020486 Bank details: V\u00daB, a.s. Mlynsk\u00e9 Nivy 1, 829 90 Bratislava: Account number: 2416154651\/0200 Sort code: AquaCity Poprad IBAN:&nbsp;SK68 0200 0000 0024 1615 4651 BIC:&nbsp;SUBASKBX Registered in the Commercial Register of the Pre\u0161ov District Court, section: Sro, file no .: 13805 \/ P<\/p>\n","protected":false},"author":2,"featured_media":0,"parent":0,"menu_order":0,"comment_status":"closed","ping_status":"closed","template":"","meta":{"_acf_changed":false,"site-sidebar-layout":"default","site-content-layout":"default","ast-global-header-display":"","ast-main-header-display":"","ast-hfb-above-header-display":"","ast-hfb-below-header-display":"","ast-hfb-mobile-header-display":"","site-post-title":"","ast-breadcrumbs-content":"","ast-featured-img":"","footer-sml-layout":"","theme-transparent-header-meta":"default","adv-header-id-meta":"","stick-header-meta":"","header-above-stick-meta":"","header-main-stick-meta":"","header-below-stick-meta":"","footnotes":""},"class_list":["post-99018","page","type-page","status-publish","hentry"],"acf":[],"yoast_head":"<!-- This site is optimized with the Yoast SEO plugin v26.2 - https:\/\/yoast.com\/wordpress\/plugins\/seo\/ -->\n<title>Billing information - ONLINE SHOP AquaCity Poprad<\/title>\n<meta name=\"robots\" content=\"index, follow, max-snippet:-1, max-image-preview:large, max-video-preview:-1\" \/>\n<link rel=\"canonical\" href=\"https:\/\/shop.aquacity.sk\/fakturacne-udaje\/\" \/>\n<meta property=\"og:locale\" content=\"en_US\" \/>\n<meta property=\"og:type\" content=\"article\" \/>\n<meta property=\"og:title\" content=\"Billing information - ONLINE SHOP AquaCity Poprad\" \/>\n<meta property=\"og:description\" content=\"Aquapark Poprad s.r.o. \u0160portov\u00e1 1397\/1, 058 01 PopradE-mail:&nbsp;eshop@aquacity.skTel.nr:&nbsp;+421527851111I\u010cO:&nbsp;36482609 I\u010c DPH:&nbsp;SK2020020486 Bank details: V\u00daB, a.s. Mlynsk\u00e9 Nivy 1, 829 90 Bratislava: Account number: 2416154651\/0200 Sort code: AquaCity Poprad IBAN:&nbsp;SK68 0200 0000 0024 1615 4651 BIC:&nbsp;SUBASKBX Registered in the Commercial Register of the Pre\u0161ov District Court, section: Sro, file no .: 13805 \/ P\" \/>\n<meta property=\"og:url\" content=\"https:\/\/shop.aquacity.sk\/fakturacne-udaje\/\" \/>\n<meta property=\"og:site_name\" content=\"ONLINE SHOP AquaCity Poprad\" \/>\n<meta property=\"article:modified_time\" content=\"2020-05-24T11:19:05+00:00\" \/>\n<meta name=\"twitter:card\" content=\"summary_large_image\" \/>\n<script type=\"application\/ld+json\" class=\"yoast-schema-graph\">{\"@context\":\"https:\/\/schema.org\",\"@graph\":[{\"@type\":\"WebPage\",\"@id\":\"https:\/\/shop.aquacity.sk\/fakturacne-udaje\/\",\"url\":\"https:\/\/shop.aquacity.sk\/fakturacne-udaje\/\",\"name\":\"Billing information - ONLINE SHOP AquaCity Poprad\",\"isPartOf\":{\"@id\":\"https:\/\/shop.aquacity.sk\/#website\"},\"datePublished\":\"2020-05-20T06:28:22+00:00\",\"dateModified\":\"2020-05-24T11:19:05+00:00\",\"breadcrumb\":{\"@id\":\"https:\/\/shop.aquacity.sk\/fakturacne-udaje\/#breadcrumb\"},\"inLanguage\":\"en-US\",\"potentialAction\":[{\"@type\":\"ReadAction\",\"target\":[\"https:\/\/shop.aquacity.sk\/fakturacne-udaje\/\"]}]},{\"@type\":\"BreadcrumbList\",\"@id\":\"https:\/\/shop.aquacity.sk\/fakturacne-udaje\/#breadcrumb\",\"itemListElement\":[{\"@type\":\"ListItem\",\"position\":1,\"name\":\"Home\",\"item\":\"https:\/\/shop.aquacity.sk\/\"},{\"@type\":\"ListItem\",\"position\":2,\"name\":\"Billing information\"}]},{\"@type\":\"WebSite\",\"@id\":\"https:\/\/shop.aquacity.sk\/#website\",\"url\":\"https:\/\/shop.aquacity.sk\/\",\"name\":\"ONLINE SHOP AquaCity Poprad\",\"description\":\"Ten prav\u00fd oddych pod Tatrami\",\"publisher\":{\"@id\":\"https:\/\/shop.aquacity.sk\/#organization\"},\"potentialAction\":[{\"@type\":\"SearchAction\",\"target\":{\"@type\":\"EntryPoint\",\"urlTemplate\":\"https:\/\/shop.aquacity.sk\/?s={search_term_string}\"},\"query-input\":{\"@type\":\"PropertyValueSpecification\",\"valueRequired\":true,\"valueName\":\"search_term_string\"}}],\"inLanguage\":\"en-US\"},{\"@type\":\"Organization\",\"@id\":\"https:\/\/shop.aquacity.sk\/#organization\",\"name\":\"ONLINE SHOP AquaCity Poprad\",\"url\":\"https:\/\/shop.aquacity.sk\/\",\"logo\":{\"@type\":\"ImageObject\",\"inLanguage\":\"en-US\",\"@id\":\"https:\/\/shop.aquacity.sk\/#\/schema\/logo\/image\/\",\"url\":\"https:\/\/shop.aquacity.sk\/wp-content\/uploads\/2020\/03\/logo-aquacity.svg\",\"contentUrl\":\"https:\/\/shop.aquacity.sk\/wp-content\/uploads\/2020\/03\/logo-aquacity.svg\",\"width\":209,\"height\":99,\"caption\":\"ONLINE SHOP AquaCity Poprad\"},\"image\":{\"@id\":\"https:\/\/shop.aquacity.sk\/#\/schema\/logo\/image\/\"}}]}<\/script>\n<!-- \/ Yoast SEO plugin. -->","yoast_head_json":{"title":"Billing information - ONLINE SHOP AquaCity Poprad","robots":{"index":"index","follow":"follow","max-snippet":"max-snippet:-1","max-image-preview":"max-image-preview:large","max-video-preview":"max-video-preview:-1"},"canonical":"https:\/\/shop.aquacity.sk\/fakturacne-udaje\/","og_locale":"en_US","og_type":"article","og_title":"Billing information - ONLINE SHOP AquaCity Poprad","og_description":"Aquapark Poprad s.r.o. \u0160portov\u00e1 1397\/1, 058 01 PopradE-mail:&nbsp;eshop@aquacity.skTel.nr:&nbsp;+421527851111I\u010cO:&nbsp;36482609 I\u010c DPH:&nbsp;SK2020020486 Bank details: V\u00daB, a.s. Mlynsk\u00e9 Nivy 1, 829 90 Bratislava: Account number: 2416154651\/0200 Sort code: AquaCity Poprad IBAN:&nbsp;SK68 0200 0000 0024 1615 4651 BIC:&nbsp;SUBASKBX Registered in the Commercial Register of the Pre\u0161ov District Court, section: Sro, file no .: 13805 \/ P","og_url":"https:\/\/shop.aquacity.sk\/fakturacne-udaje\/","og_site_name":"ONLINE SHOP AquaCity Poprad","article_modified_time":"2020-05-24T11:19:05+00:00","twitter_card":"summary_large_image","schema":{"@context":"https:\/\/schema.org","@graph":[{"@type":"WebPage","@id":"https:\/\/shop.aquacity.sk\/fakturacne-udaje\/","url":"https:\/\/shop.aquacity.sk\/fakturacne-udaje\/","name":"Billing information - ONLINE SHOP AquaCity Poprad","isPartOf":{"@id":"https:\/\/shop.aquacity.sk\/#website"},"datePublished":"2020-05-20T06:28:22+00:00","dateModified":"2020-05-24T11:19:05+00:00","breadcrumb":{"@id":"https:\/\/shop.aquacity.sk\/fakturacne-udaje\/#breadcrumb"},"inLanguage":"en-US","potentialAction":[{"@type":"ReadAction","target":["https:\/\/shop.aquacity.sk\/fakturacne-udaje\/"]}]},{"@type":"BreadcrumbList","@id":"https:\/\/shop.aquacity.sk\/fakturacne-udaje\/#breadcrumb","itemListElement":[{"@type":"ListItem","position":1,"name":"Home","item":"https:\/\/shop.aquacity.sk\/"},{"@type":"ListItem","position":2,"name":"Billing information"}]},{"@type":"WebSite","@id":"https:\/\/shop.aquacity.sk\/#website","url":"https:\/\/shop.aquacity.sk\/","name":"ONLINE SHOP AquaCity Poprad","description":"Ten prav\u00fd oddych pod Tatrami","publisher":{"@id":"https:\/\/shop.aquacity.sk\/#organization"},"potentialAction":[{"@type":"SearchAction","target":{"@type":"EntryPoint","urlTemplate":"https:\/\/shop.aquacity.sk\/?s={search_term_string}"},"query-input":{"@type":"PropertyValueSpecification","valueRequired":true,"valueName":"search_term_string"}}],"inLanguage":"en-US"},{"@type":"Organization","@id":"https:\/\/shop.aquacity.sk\/#organization","name":"ONLINE SHOP AquaCity Poprad","url":"https:\/\/shop.aquacity.sk\/","logo":{"@type":"ImageObject","inLanguage":"en-US","@id":"https:\/\/shop.aquacity.sk\/#\/schema\/logo\/image\/","url":"https:\/\/shop.aquacity.sk\/wp-content\/uploads\/2020\/03\/logo-aquacity.svg","contentUrl":"https:\/\/shop.aquacity.sk\/wp-content\/uploads\/2020\/03\/logo-aquacity.svg","width":209,"height":99,"caption":"ONLINE SHOP AquaCity Poprad"},"image":{"@id":"https:\/\/shop.aquacity.sk\/#\/schema\/logo\/image\/"}}]}},"_links":{"self":[{"href":"https:\/\/shop.aquacity.sk\/en\/wp-json\/wp\/v2\/pages\/99018","targetHints":{"allow":["GET"]}}],"collection":[{"href":"https:\/\/shop.aquacity.sk\/en\/wp-json\/wp\/v2\/pages"}],"about":[{"href":"https:\/\/shop.aquacity.sk\/en\/wp-json\/wp\/v2\/types\/page"}],"author":[{"embeddable":true,"href":"https:\/\/shop.aquacity.sk\/en\/wp-json\/wp\/v2\/users\/2"}],"replies":[{"embeddable":true,"href":"https:\/\/shop.aquacity.sk\/en\/wp-json\/wp\/v2\/comments?post=99018"}],"version-history":[{"count":6,"href":"https:\/\/shop.aquacity.sk\/en\/wp-json\/wp\/v2\/pages\/99018\/revisions"}],"predecessor-version":[{"id":99075,"href":"https:\/\/shop.aquacity.sk\/en\/wp-json\/wp\/v2\/pages\/99018\/revisions\/99075"}],"wp:attachment":[{"href":"https:\/\/shop.aquacity.sk\/en\/wp-json\/wp\/v2\/media?parent=99018"}],"curies":[{"name":"wp","href":"https:\/\/api.w.org\/{rel}","templated":true}]}}